{"id":7417,"date":"2025-05-12T21:59:18","date_gmt":"2025-05-13T03:59:18","guid":{"rendered":"https:\/\/climbingstore.mx\/?post_type=product&#038;p=7417"},"modified":"2025-05-22T13:53:00","modified_gmt":"2025-05-22T19:53:00","slug":"venta-arnes-petzl-avao-fast-c071bb01-version-europea-talla-1-climbing-store","status":"publish","type":"product","link":"https:\/\/climbingstore.mx\/en\/product\/venta-arnes-petzl-avao-fast-c071bb01-version-europea-talla-1-climbing-store\/","title":{"rendered":"AVAO\u00ae FAST arnes versi\u00f3n europea Talla 1"},"content":{"rendered":"<h5>Descripci\u00f3n del arnes AVAO FAST versi\u00f3n europea Talla 1<\/h5>\n<div class=\"list\">\n<ul>\n<li>\n<h6>Construcci\u00f3n confortable:<\/h6>\n<p>&#8211; Los tirantes separados limitan el rozamiento en el cuello.<br \/>\n&#8211; Sus cintas finas y deslizantes permiten libertad y facilidad en los movimientos.<br \/>\n&#8211; Los tirantes, cintur\u00f3n y perneras, tienen espuma preformada, acolchada y transpirable, lo que hace al Avao Fast confortable.<br \/>\n&#8211; El cintur\u00f3n y a las perneras semirr\u00edgidas facilitan la correcta colocaci\u00f3n y la sujeci\u00f3n del arn\u00e9s en el usuario.<br \/>\n<span class=\"gmail_default\">\u200b-\u00a0<\/span>Los puntos de enganche laterales met\u00e1licos son abatibles para evitar que se enganchen involuntarios.<br \/>\n&#8211; La parte posterior de las perneras est\u00e1 equipada con cintas el\u00e1sticas\u00a0que permiten el ajuste correcto al andar y en suspensi\u00f3n.<br \/>\n&#8211; Las cintas el\u00e1sticas son reemplazables y est\u00e1n disponibles como accesorio.<\/li>\n<li>\n<h6>Regulaci\u00f3n pr\u00e1ctica:<\/h6>\n<p>&#8211; La regulaci\u00f3n es pr\u00e1ctica y simple gracias a las hebillas autobloqueantes DOUBLEBACK de los tirantes, del cintur\u00f3n y a las hebillas con cierre FAST de las perneras.<br \/>\n&#8211; Las piezas antideslizantes, instaladas en las hebillas DOUBLEBACK, permiten mantener la regulaci\u00f3n correcta durante todas las fases de trabajo.<\/li>\n<li>\n<h6>Dise\u00f1o que facilita el transporte y la organizaci\u00f3n del material:<\/h6>\n<p>&#8211; La D ventral met\u00e1lica est\u00e1 equipada con puntos de conexi\u00f3n para la instalaci\u00f3n de un asiento PODIUM o LITEPOD.<br \/>\n&#8211; El punto de conexi\u00f3n ventral est\u00e1 equipo con una trabilla textil espec\u00edfica, que permite la colocaci\u00f3n de un elemento de amarre mediante un anillo de conexi\u00f3n RING OPEN.<br \/>\n&#8211; Dos puntos de enganche laterales met\u00e1licos para la conexi\u00f3n de un elemento de amarre de sujeci\u00f3n en doble.<br \/>\n&#8211; Cinco anillos portamaterial preformados con funda de protecci\u00f3n.<br \/>\n&#8211; Dos trabillas para los portaherramientas CARITOOL o elemento de conexi\u00f3n INTERFAST.<\/li>\n<\/ul>\n<\/div>\n<h6 class=\"special-h3\">Caracter\u00edsticas del arnes<\/h6>\n<h5>AVAO FAST<\/h5>\n<h6 class=\"special-h3\">versi\u00f3n europea<\/h6>\n<div class=\"list\">\n<ul>\n<li>Puntos de enganche:<br \/>\n<span class=\"gmail_default\">\u200b- V<\/span>entral: Conexi\u00f3n de un descensor, de un elemento de amarre de sujeci\u00f3n utilizado en simple, de un asiento en la D ventral y de un elemento de amarre mediante un RING OPEN conectado al punto de conexi\u00f3n textil.<br \/>\n<span class=\"gmail_default\">\u200b- L<\/span>aterales: Conexi\u00f3n de un elemento de amarre de sujeci\u00f3n utilizado en doble.<br \/>\n<span class=\"gmail_default\">\u200b<\/span>&#8211;<span class=\"gmail_default\">\u200b E<\/span>sternal y dorsal: Conexi\u00f3n de un sistema antica\u00eddas.<br \/>\n<span class=\"gmail_default\">\u200b<\/span>&#8211;<span class=\"gmail_default\">\u200b P<\/span>osterior en el cintur\u00f3n: Conexi\u00f3n de un elemento de amarre de retenci\u00f3n.<\/li>\n<li>Certificaciones: CE EN 361, EN 813, EN 358<\/li>\n<li>Materiales: poliamida, poli\u00e9ster, aluminio y acero<\/li>\n<\/ul>\n<\/div>\n<div class=\"list\">\n<h6>Informaci\u00f3n t\u00e9cnica del arnes AVAO FAST versi\u00f3n europea<\/h6>\n<ul>\n<li>Ficha t\u00e9cnica:\u00a0<a href=\"https:\/\/www.petzl.com\/sfc\/servlet.shepherd\/version\/download\/068Tx000008sHXBIA2\"><span class=\"weightIndication inlineblock\">Descargar el pdf : technical-notice-AVAO EUR-AVAO FAST EUR-1 &#8211; 4.84 MB<\/span><\/a><\/li>\n<li>Declaraci\u00f3n de conformidad:\u00a0<a href=\"https:\/\/www.petzl.com\/sfc\/servlet.shepherd\/version\/download\/068Tx000006hPvlIAE\"><span class=\"weightIndication inlineblock\">Descargar el pdf : UE-Declaration-AVAO FAST EUR-C071BB0X &#8211; 0.64 MB<\/span><\/a><\/li>\n<li class=\"inlineblock\">Consejos para el mantenimiento de tus equipos: <a href=\"https:\/\/www.petzl.com\/sfc\/servlet.shepherd\/version\/download\/068Tx00000ClWvFIAV\"><span class=\"weightIndication inlineblock\">Descargar el pdf &#8211; 3.05 MB<\/span><\/a><\/li>\n<li><a href=\"https:\/\/www.petzl.com\/INT\/es\/Profesional\/FAQ?q=AVAO%20FAST%20versi%C3%B3n%20europea&amp;f=Harnesses\">FAQ<\/a><\/li>\n<\/ul>\n<h6>Otras tallas de venta en Climbing Store<\/h6>\n<figure id=\"attachment_7414\" aria-describedby=\"caption-attachment-7414\" style=\"width: 300px\" class=\"wp-caption alignnone\"><img fetchpriority=\"high\" decoding=\"async\" class=\"wp-image-7414 size-medium\" src=\"https:\/\/climbingstore.mx\/wp-content\/uploads\/2025\/05\/petzl-c0071bb00-arnes-avao-fast-eur-climbing-store-300x300.webp\" alt=\"Venta de arnes Petzl c0071bb00 Avao Fast versi\u00f3n europea Talla 0 en Climbing Store\" width=\"300\" height=\"300\" srcset=\"https:\/\/climbingstore.mx\/wp-content\/uploads\/2025\/05\/petzl-c0071bb00-arnes-avao-fast-eur-climbing-store-300x300.webp 300w, https:\/\/climbingstore.mx\/wp-content\/uploads\/2025\/05\/petzl-c0071bb00-arnes-avao-fast-eur-climbing-store-150x150.webp 150w, https:\/\/climbingstore.mx\/wp-content\/uploads\/2025\/05\/petzl-c0071bb00-arnes-avao-fast-eur-climbing-store-768x768.webp 768w, https:\/\/climbingstore.mx\/wp-content\/uploads\/2025\/05\/petzl-c0071bb00-arnes-avao-fast-eur-climbing-store-12x12.webp 12w, https:\/\/climbingstore.mx\/wp-content\/uploads\/2025\/05\/petzl-c0071bb00-arnes-avao-fast-eur-climbing-store-600x600.webp 600w, https:\/\/climbingstore.mx\/wp-content\/uploads\/2025\/05\/petzl-c0071bb00-arnes-avao-fast-eur-climbing-store-100x100.webp 100w, https:\/\/climbingstore.mx\/wp-content\/uploads\/2025\/05\/petzl-c0071bb00-arnes-avao-fast-eur-climbing-store.webp 1000w\" sizes=\"(max-width: 300px) 100vw, 300px\" \/><figcaption id=\"caption-attachment-7414\" class=\"wp-caption-text\"><a href=\"https:\/\/climbingstore.mx\/en\/product\/venta-arnes-petzl-avao-fast-c071bb00-version-europea-talla-0-climbing-store\/\">Arnes Avao Fast versi\u00f3n europea Talla 0<\/a><\/figcaption><\/figure>\n<div class=\"titleLink\">\n<figure id=\"attachment_7416\" aria-describedby=\"caption-attachment-7416\" style=\"width: 300px\" class=\"wp-caption alignnone\"><img decoding=\"async\" class=\"wp-image-7416 size-medium\" src=\"https:\/\/climbingstore.mx\/wp-content\/uploads\/2025\/05\/petzl-c0071bb02-arnes-avao-fast-eur-climbing-store-300x300.webp\" alt=\"Venta de arnes Petzl c0071bb02 Avao Fast versi\u00f3n europea Talla 2 en Climbing Store\" width=\"300\" height=\"300\" srcset=\"https:\/\/climbingstore.mx\/wp-content\/uploads\/2025\/05\/petzl-c0071bb02-arnes-avao-fast-eur-climbing-store-300x300.webp 300w, https:\/\/climbingstore.mx\/wp-content\/uploads\/2025\/05\/petzl-c0071bb02-arnes-avao-fast-eur-climbing-store-150x150.webp 150w, https:\/\/climbingstore.mx\/wp-content\/uploads\/2025\/05\/petzl-c0071bb02-arnes-avao-fast-eur-climbing-store-768x768.webp 768w, https:\/\/climbingstore.mx\/wp-content\/uploads\/2025\/05\/petzl-c0071bb02-arnes-avao-fast-eur-climbing-store-12x12.webp 12w, https:\/\/climbingstore.mx\/wp-content\/uploads\/2025\/05\/petzl-c0071bb02-arnes-avao-fast-eur-climbing-store-600x600.webp 600w, https:\/\/climbingstore.mx\/wp-content\/uploads\/2025\/05\/petzl-c0071bb02-arnes-avao-fast-eur-climbing-store-100x100.webp 100w, https:\/\/climbingstore.mx\/wp-content\/uploads\/2025\/05\/petzl-c0071bb02-arnes-avao-fast-eur-climbing-store.webp 1000w\" sizes=\"(max-width: 300px) 100vw, 300px\" \/><figcaption id=\"caption-attachment-7416\" class=\"wp-caption-text\"><a href=\"https:\/\/climbingstore.mx\/en\/product\/venta-arnes-petzl-avao-fast-c071bb02-version-europea-talla-2-climbing-store\/\">Arnes Avao Fast versi\u00f3n europea Talla 2<\/a><\/figcaption><\/figure>\n<\/div>\n<\/div>","protected":false},"excerpt":{"rendered":"<p class=\"productSubtitle\">Arn\u00e9s confortable y polivalente para los trabajos en altura<\/p>\n<div class=\"productCaracteristiquesPosition inlineblock\">\n<p class=\"productCaracteristiques inlineblock\">El arn\u00e9s AVAO FAST versi\u00f3n europea est\u00e1 especialmente dise\u00f1ado para los trabajadores en altura. Su dise\u00f1o se adapta a las caracter\u00edsticas del posicionamiento en el trabajo y del descenso por cuerda. Su regulaci\u00f3n es simple, pr\u00e1ctica y r\u00e1pida gracias a las hebillas autobloqueantes DOUBLEBACK y a las hebillas con cierre FAST.<\/p>\n<\/div>","protected":false},"featured_media":7415,"comment_status":"open","ping_status":"closed","template":"","meta":{"_acf_changed":false,"_uag_custom_page_level_css":"","site-sidebar-layout":"default","site-content-layout":"default","ast-site-content-layout":"default","site-content-style":"default","site-sidebar-style":"default","ast-global-header-display":"","ast-banner-title-visibility":"","ast-main-header-display":"","ast-hfb-above-header-display":"","ast-hfb-below-header-display":"","ast-hfb-mobile-header-display":"","site-post-title":"","ast-breadcrumbs-content":"","ast-featured-img":"","footer-sml-layout":"","theme-transparent-header-meta":"default","adv-header-id-meta":"","stick-header-meta":"","header-above-stick-meta":"","header-main-stick-meta":"","header-below-stick-meta":"","astra-migrate-meta-layouts":"set","ast-page-background-enabled":"default","ast-page-background-meta":{"desktop":{"background-color":"var(--ast-global-color-4)","background-image":"","background-repeat":"repeat","background-position":"center center","background-size":"auto","background-attachment":"scroll","background-type":"","background-media":"","overlay-type":"","overlay-color":"","overlay-opacity":"","overlay-gradient":""},"tablet":{"background-color":"","background-image":"","background-repeat":"repeat","background-position":"center center","background-size":"auto","background-attachment":"scroll","background-type":"","background-media":"","overlay-type":"","overlay-color":"","overlay-opacity":"","overlay-gradient":""},"mobile":{"background-color":"","background-image":"","background-repeat":"repeat","background-position":"center center","background-size":"auto","background-attachment":"scroll","background-type":"","background-media":"","overlay-type":"","overlay-color":"","overlay-opacity":"","overlay-gradient":""}},"ast-content-background-meta":{"desktop":{"background-color":"var(--ast-global-color-5)","background-image":"","background-repeat":"repeat","background-position":"center center","background-size":"auto","background-attachment":"scroll","background-type":"","background-media":"","overlay-type":"","overlay-color":"","overlay-opacity":"","overlay-gradient":""},"tablet":{"background-color":"var(--ast-global-color-5)","background-image":"","background-repeat":"repeat","background-position":"center center","background-size":"auto","background-attachment":"scroll","background-type":"","background-media":"","overlay-type":"","overlay-color":"","overlay-opacity":"","overlay-gradient":""},"mobile":{"background-color":"var(--ast-global-color-5)","background-image":"","background-repeat":"repeat","background-position":"center center","background-size":"auto","background-attachment":"scroll","background-type":"","background-media":"","overlay-type":"","overlay-color":"","overlay-opacity":"","overlay-gradient":""}}},"product_brand":[],"product_cat":[118,53,54],"product_tag":[],"class_list":{"0":"post-7417","1":"product","2":"type-product","3":"status-publish","4":"has-post-thumbnail","6":"product_cat-petzl-pro","7":"product_cat-trabajo","8":"product_cat-arneses-trabajo","9":"desktop-align-center","10":"tablet-align-left","11":"mobile-align-center","13":"first","14":"instock","15":"shipping-taxable","16":"purchasable","17":"product-type-simple"},"aioseo_notices":[],"acf":[],"uagb_featured_image_src":{"full":["https:\/\/climbingstore.mx\/wp-content\/uploads\/2025\/05\/petzl-c0071bb01-arnes-avao-fast-eur-climbing-store.webp",1000,1000,false],"thumbnail":["https:\/\/climbingstore.mx\/wp-content\/uploads\/2025\/05\/petzl-c0071bb01-arnes-avao-fast-eur-climbing-store-150x150.webp",150,150,true],"medium":["https:\/\/climbingstore.mx\/wp-content\/uploads\/2025\/05\/petzl-c0071bb01-arnes-avao-fast-eur-climbing-store-300x300.webp",300,300,true],"medium_large":["https:\/\/climbingstore.mx\/wp-content\/uploads\/2025\/05\/petzl-c0071bb01-arnes-avao-fast-eur-climbing-store-768x768.webp",768,768,true],"large":["https:\/\/climbingstore.mx\/wp-content\/uploads\/2025\/05\/petzl-c0071bb01-arnes-avao-fast-eur-climbing-store.webp",1000,1000,false],"1536x1536":["https:\/\/climbingstore.mx\/wp-content\/uploads\/2025\/05\/petzl-c0071bb01-arnes-avao-fast-eur-climbing-store.webp",1000,1000,false],"2048x2048":["https:\/\/climbingstore.mx\/wp-content\/uploads\/2025\/05\/petzl-c0071bb01-arnes-avao-fast-eur-climbing-store.webp",1000,1000,false],"trp-custom-language-flag":["https:\/\/climbingstore.mx\/wp-content\/uploads\/2025\/05\/petzl-c0071bb01-arnes-avao-fast-eur-climbing-store-12x12.webp",12,12,true],"woocommerce_thumbnail":["https:\/\/climbingstore.mx\/wp-content\/uploads\/2025\/05\/petzl-c0071bb01-arnes-avao-fast-eur-climbing-store-600x600.webp",600,600,true],"woocommerce_single":["https:\/\/climbingstore.mx\/wp-content\/uploads\/2025\/05\/petzl-c0071bb01-arnes-avao-fast-eur-climbing-store.webp",1000,1000,false],"woocommerce_gallery_thumbnail":["https:\/\/climbingstore.mx\/wp-content\/uploads\/2025\/05\/petzl-c0071bb01-arnes-avao-fast-eur-climbing-store-100x100.webp",100,100,true]},"uagb_author_info":{"display_name":"Juanita Castillo","author_link":"https:\/\/climbingstore.mx\/en\/author\/"},"uagb_comment_info":0,"uagb_excerpt":"Arn\u00e9s confortable y polivalente para los trabajos en altura El arn\u00e9s AVAO FAST versi\u00f3n europea est\u00e1 especialmente dise\u00f1ado para los trabajadores en altura. Su dise\u00f1o se adapta a las caracter\u00edsticas del posicionamiento en el trabajo y del descenso por cuerda. Su regulaci\u00f3n es simple, pr\u00e1ctica y r\u00e1pida gracias a las hebillas autobloqueantes DOUBLEBACK y a&hellip;","_links":{"self":[{"href":"https:\/\/climbingstore.mx\/en\/wp-json\/wp\/v2\/product\/7417","targetHints":{"allow":["GET"]}}],"collection":[{"href":"https:\/\/climbingstore.mx\/en\/wp-json\/wp\/v2\/product"}],"about":[{"href":"https:\/\/climbingstore.mx\/en\/wp-json\/wp\/v2\/types\/product"}],"replies":[{"embeddable":true,"href":"https:\/\/climbingstore.mx\/en\/wp-json\/wp\/v2\/comments?post=7417"}],"wp:featuredmedia":[{"embeddable":true,"href":"https:\/\/climbingstore.mx\/en\/wp-json\/wp\/v2\/media\/7415"}],"wp:attachment":[{"href":"https:\/\/climbingstore.mx\/en\/wp-json\/wp\/v2\/media?parent=7417"}],"wp:term":[{"taxonomy":"product_brand","embeddable":true,"href":"https:\/\/climbingstore.mx\/en\/wp-json\/wp\/v2\/product_brand?post=7417"},{"taxonomy":"product_cat","embeddable":true,"href":"https:\/\/climbingstore.mx\/en\/wp-json\/wp\/v2\/product_cat?post=7417"},{"taxonomy":"product_tag","embeddable":true,"href":"https:\/\/climbingstore.mx\/en\/wp-json\/wp\/v2\/product_tag?post=7417"}],"curies":[{"name":"wp","href":"https:\/\/api.w.org\/{rel}","templated":true}]}}