{"id":7387,"date":"2025-05-08T17:49:23","date_gmt":"2025-05-08T23:49:23","guid":{"rendered":"https:\/\/climbingstore.mx\/?post_type=product&#038;p=7387"},"modified":"2025-05-12T17:35:48","modified_gmt":"2025-05-12T23:35:48","slug":"venta-arnes-petzl-astro-c083ab02-version-europea-talla-2-climbing-store","status":"publish","type":"product","link":"https:\/\/climbingstore.mx\/en\/product\/venta-arnes-petzl-astro-c083ab02-version-europea-talla-2-climbing-store\/","title":{"rendered":"ASTRO\u00ae arnes versi\u00f3n europea Talla 2"},"content":{"rendered":"<h5>Descripci\u00f3n del arnes ASTRO versi\u00f3n europea Talla 2<\/h5>\n<div class=\"list\">\n<ul>\n<li>\n<h6>Construcci\u00f3n ultraconfortable:<\/h6>\n<p>&#8211; Los tirantes separados limitan el rozamiento en el cuello.<br \/>\n&#8211; La espuma 3D acolchada\u00a0<span class=\"gmail_default\">\u200b,<\/span>en tirantes, cintur\u00f3n y perneras<span class=\"gmail_default\">\u200b,<\/span>\u00a0ofrece<span class=\"gmail_default\">\u200b<\/span>\u00a0confort en suspensi\u00f3n y durante todas las fases de trabajo.<br \/>\n&#8211; El cintur\u00f3n y las perneras semirr\u00edgidas favorecen la correcta colocaci\u00f3n y sujeci\u00f3n del arn\u00e9s en el usuario.<br \/>\n<span class=\"gmail_default\">\u200b-\u00a0<\/span>Los puntos de enganche laterales met\u00e1licos son abatibles para evitar que se enganchen involuntariamente cuando no se utilizan.<br \/>\n&#8211; La parte posterior de las perneras est\u00e1 equipada con cintas el\u00e1sticas\u00a0que permiten el ajuste correcto al andar y en suspensi\u00f3n.<br \/>\n&#8211; Las cintas el\u00e1sticas son reemplazables y est\u00e1n disponibles como accesorio.<br \/>\n&#8211; El anillo dorsal de uni\u00f3n tirantes-cintur\u00f3n es de aluminio.<\/li>\n<li>\n<h6>Integraci\u00f3n \u00f3ptima de los equipos gracias al punto ventral con cierre:<\/h6>\n<p>&#8211; El elemento de amarre de progresi\u00f3n, PROGRESS ADJUST o JANE, se conecta directamente en el eje sin conector.<br \/>\n&#8211; El CROLL L est\u00e1 conectado directamente al punto ventral logrando eficacia y libertad de movimientos al ascender por cuerda.<br \/>\n&#8211; La conexi\u00f3n de un asiento, PODIUM o LITEPOD, directamente en el eje permite que sea soportado de forma directa por el descensor, garantizando al mismo tiempo la movilidad del punto de enganche ventral.<\/li>\n<li>\n<h6>Regulaci\u00f3n pr\u00e1ctica:<\/h6>\n<div>&#8211; <span class=\"gmail_default\">\u200b<\/span>A la izquierda<span class=\"gmail_default\">\u200b los tirantes cuentan<\/span>, con una hebilla FAST para facilitar el ponerse y quitarse el arn\u00e9s<span class=\"gmail_default\">\u200b.<\/span><\/div>\n<div><span class=\"gmail_default\">\u200b- A la<\/span>\u00a0derecha<span class=\"gmail_default\">\u200b\u00a0<\/span>tirantes est\u00e1n equipados<span class=\"gmail_default\">\u200b\u00a0<\/span>con una hebilla DOUBLEBACK con sistema antideslizamiento para una regulaci\u00f3n simple y duradera.<\/div>\n<div>&#8211; El cintur\u00f3n est\u00e1 equipado con hebillas autobloqueantes DOUBLEBACK PLUS que pueden completarse con las barras antideslizamiento (incluidos &#8211; no instalados).<br \/>\n&#8211; Las hebillas autobloqueantes DOUBLEBACK PLUS, de aluminio anodizado, garantizan una regulaci\u00f3n f\u00e1cil a lo largo de toda la vida \u00fatil del arn\u00e9s.<br \/>\n&#8211; Las perneras est\u00e1n equipadas con hebillas con cierre FAST para una apertura y cierre r\u00e1pidos, incluso con guantes y sin perder la regulaci\u00f3n.<\/div>\n<\/li>\n<li>\n<h6>Dise\u00f1o que facilita el transporte y la organizaci\u00f3n del material:<\/h6>\n<p>&#8211; Los tirantes est\u00e1n equipados con una cinta de Velcro ajustable en altura y posicionable a derecha o a izquierda para sujetar al absorbedor de energ\u00eda ASAP\u2019SORBER.<br \/>\n&#8211; Posibilidad de a\u00f1adir portaconectores para elementos de amarre antica\u00eddas en los hombros (disponibles como accesorio).<br \/>\n&#8211; El cintur\u00f3n est\u00e1 equipado con dos puntos de enganche met\u00e1licos abatibles para la conexi\u00f3n de un elemento de amarre de sujeci\u00f3n en doble.<br \/>\n&#8211; Tambi\u00e9n est\u00e1 equipado con siete anillos portamaterial preformados con funda de protecci\u00f3n, con dos trabillas para portaherramientas CARITOOL y elemento de conexi\u00f3n INTERFAST y dos trabillas para las bolsas portaherramientas TOOLBAG.<\/li>\n<\/ul>\n<h5><span style=\"font-size: 1.1em; font-weight: bold;\">Caracter\u00edsticas <\/span>del arnes ASTRO versi\u00f3n europea<\/h5>\n<\/div>\n<div class=\"list\">\n<ul>\n<li>\n<div>Puntos de enganche:<\/div>\n<div>\n<div class=\"gmail_default\">\u200b- Laterales: Conexi\u00f3n de un elemento de amarre de sujeci\u00f3n utilizado en doble.<\/div>\n<\/div>\n<div><span class=\"gmail_default\">\u200b- E<\/span>sternal: Conexi\u00f3n de un sistema antica\u00eddas.<br \/>\n<span class=\"gmail_default\">\u200b<\/span>&#8211;<span class=\"gmail_default\">\u200b D<\/span>orsal: Conexi\u00f3n de un sistema antica\u00eddas.<br \/>\n<span class=\"gmail_default\">\u200b<\/span>&#8211;<span class=\"gmail_default\">\u200b P<\/span>osterior en el cintur\u00f3n: Conexi\u00f3n de un elemento de amarre de retenci\u00f3n.<\/div>\n<\/li>\n<li>Certificaciones: CE EN 361, EN 813, EN 358, EN 12841 type B<\/li>\n<li>Materiales: poliamida, poli\u00e9ster, aluminio y acero<\/li>\n<\/ul>\n<\/div>\n<h5 class=\"list\">Informaci\u00f3n t\u00e9cnica del arnes ASTRO versi\u00f3n europea<\/h5>\n<ul>\n<li>Ficha t\u00e9cnica: <a href=\"https:\/\/www.petzl.com\/sfc\/servlet.shepherd\/version\/download\/068Tx00000E6hGkIAJ\"><span class=\"weightIndication inlineblock\">Descargar el pdf : technical-notice-ASTRO-EUR-1 &#8211; 3.97 MB<\/span><\/a><\/li>\n<li>Declaraci\u00f3n de conformidad: <a style=\"font-size: 16px; background-color: #ffffff;\" href=\"https:\/\/www.petzl.com\/sfc\/servlet.shepherd\/version\/download\/068Tx000008rbrFIAQ\"><span class=\"weightIndication inlineblock\">Descargar el pdf : UE-Declaration-ASTRO EUR-C083AB0X &#8211; 0.65 MB<\/span><\/a><\/li>\n<li class=\"inlineblock\">Consejos para el mantenimiento de tus equipos: <a href=\"https:\/\/www.petzl.com\/sfc\/servlet.shepherd\/version\/download\/068Tx00000ClWvFIAV\"><span class=\"weightIndication inlineblock\">Descargar el pdf &#8211; 3.05 MB<\/span><\/a><\/li>\n<li><a href=\"https:\/\/www.petzl.com\/sfc\/servlet.shepherd\/version\/download\/068Tx00000ClWvFIAV\">FAQ<\/a><\/li>\n<\/ul>\n<h6>Otras tallas de venta en Climbing Store<\/h6>\n<div class=\"list\"><\/div>\n<div>\n<figure id=\"attachment_7389\" aria-describedby=\"caption-attachment-7389\" style=\"width: 300px\" class=\"wp-caption alignnone\"><img fetchpriority=\"high\" decoding=\"async\" class=\"size-medium wp-image-7389\" src=\"https:\/\/climbingstore.mx\/wp-content\/uploads\/2025\/05\/petzl-c083ab01-arnes-astro-eur-climbing-store-300x300.webp\" alt=\"Venta de arnes Petzl c083ab01 Astro versi\u00f3n europea Talla 1 en Climbing Store\" width=\"300\" height=\"300\" srcset=\"https:\/\/climbingstore.mx\/wp-content\/uploads\/2025\/05\/petzl-c083ab01-arnes-astro-eur-climbing-store-300x300.webp 300w, https:\/\/climbingstore.mx\/wp-content\/uploads\/2025\/05\/petzl-c083ab01-arnes-astro-eur-climbing-store-150x150.webp 150w, https:\/\/climbingstore.mx\/wp-content\/uploads\/2025\/05\/petzl-c083ab01-arnes-astro-eur-climbing-store-768x768.webp 768w, https:\/\/climbingstore.mx\/wp-content\/uploads\/2025\/05\/petzl-c083ab01-arnes-astro-eur-climbing-store-12x12.webp 12w, https:\/\/climbingstore.mx\/wp-content\/uploads\/2025\/05\/petzl-c083ab01-arnes-astro-eur-climbing-store-600x600.webp 600w, https:\/\/climbingstore.mx\/wp-content\/uploads\/2025\/05\/petzl-c083ab01-arnes-astro-eur-climbing-store-100x100.webp 100w, https:\/\/climbingstore.mx\/wp-content\/uploads\/2025\/05\/petzl-c083ab01-arnes-astro-eur-climbing-store.webp 1000w\" sizes=\"(max-width: 300px) 100vw, 300px\" \/><figcaption id=\"caption-attachment-7389\" class=\"wp-caption-text\"><a href=\"https:\/\/climbingstore.mx\/en\/product\/astro-version-europea-talla-0\/\">Arnes Astro versi\u00f3n europea Talla 0<\/a><\/figcaption><\/figure>\n<figure id=\"attachment_7389\" aria-describedby=\"caption-attachment-7389\" style=\"width: 300px\" class=\"wp-caption alignnone\"><img decoding=\"async\" class=\"wp-image-7389 size-medium\" src=\"https:\/\/climbingstore.mx\/wp-content\/uploads\/2025\/05\/petzl-c083ab01-arnes-astro-eur-climbing-store-300x300.webp\" alt=\"Venta de arnes Petzl c083ab01 Astro versi\u00f3n europea Talla 1 en Climbing Store\" width=\"300\" height=\"300\" srcset=\"https:\/\/climbingstore.mx\/wp-content\/uploads\/2025\/05\/petzl-c083ab01-arnes-astro-eur-climbing-store-300x300.webp 300w, https:\/\/climbingstore.mx\/wp-content\/uploads\/2025\/05\/petzl-c083ab01-arnes-astro-eur-climbing-store-150x150.webp 150w, https:\/\/climbingstore.mx\/wp-content\/uploads\/2025\/05\/petzl-c083ab01-arnes-astro-eur-climbing-store-768x768.webp 768w, https:\/\/climbingstore.mx\/wp-content\/uploads\/2025\/05\/petzl-c083ab01-arnes-astro-eur-climbing-store-12x12.webp 12w, https:\/\/climbingstore.mx\/wp-content\/uploads\/2025\/05\/petzl-c083ab01-arnes-astro-eur-climbing-store-600x600.webp 600w, https:\/\/climbingstore.mx\/wp-content\/uploads\/2025\/05\/petzl-c083ab01-arnes-astro-eur-climbing-store-100x100.webp 100w, https:\/\/climbingstore.mx\/wp-content\/uploads\/2025\/05\/petzl-c083ab01-arnes-astro-eur-climbing-store.webp 1000w\" sizes=\"(max-width: 300px) 100vw, 300px\" \/><figcaption id=\"caption-attachment-7389\" class=\"wp-caption-text\"><a href=\"https:\/\/climbingstore.mx\/en\/product\/astro-version-europea-talla-0\/\">Arnes Astro versi\u00f3n europea Talla 1<\/a><\/figcaption><\/figure>\n<\/div>","protected":false},"excerpt":{"rendered":"<p class=\"productSubtitle\">Arn\u00e9s ultraconfortable para los trabajos con cuerda en accesos dif\u00edciles<\/p>\n<div class=\"productCaracteristiquesPosition inlineblock\">\n<p class=\"productCaracteristiques inlineblock\">El arn\u00e9s ASTRO versi\u00f3n europea est\u00e1 dise\u00f1ado para los trabajadores con cuerda en accesos dif\u00edciles. Su dise\u00f1o se adapta a las caracter\u00edsticas del desplazamiento y del ascenso por cuerda.<\/p>\n<\/div>","protected":false},"featured_media":7390,"comment_status":"open","ping_status":"closed","template":"","meta":{"_acf_changed":false,"_uag_custom_page_level_css":"","site-sidebar-layout":"default","site-content-layout":"default","ast-site-content-layout":"default","site-content-style":"default","site-sidebar-style":"default","ast-global-header-display":"","ast-banner-title-visibility":"","ast-main-header-display":"","ast-hfb-above-header-display":"","ast-hfb-below-header-display":"","ast-hfb-mobile-header-display":"","site-post-title":"","ast-breadcrumbs-content":"","ast-featured-img":"","footer-sml-layout":"","theme-transparent-header-meta":"default","adv-header-id-meta":"","stick-header-meta":"","header-above-stick-meta":"","header-main-stick-meta":"","header-below-stick-meta":"","astra-migrate-meta-layouts":"set","ast-page-background-enabled":"default","ast-page-background-meta":{"desktop":{"background-color":"var(--ast-global-color-4)","background-image":"","background-repeat":"repeat","background-position":"center center","background-size":"auto","background-attachment":"scroll","background-type":"","background-media":"","overlay-type":"","overlay-color":"","overlay-opacity":"","overlay-gradient":""},"tablet":{"background-color":"","background-image":"","background-repeat":"repeat","background-position":"center center","background-size":"auto","background-attachment":"scroll","background-type":"","background-media":"","overlay-type":"","overlay-color":"","overlay-opacity":"","overlay-gradient":""},"mobile":{"background-color":"","background-image":"","background-repeat":"repeat","background-position":"center center","background-size":"auto","background-attachment":"scroll","background-type":"","background-media":"","overlay-type":"","overlay-color":"","overlay-opacity":"","overlay-gradient":""}},"ast-content-background-meta":{"desktop":{"background-color":"var(--ast-global-color-5)","background-image":"","background-repeat":"repeat","background-position":"center center","background-size":"auto","background-attachment":"scroll","background-type":"","background-media":"","overlay-type":"","overlay-color":"","overlay-opacity":"","overlay-gradient":""},"tablet":{"background-color":"var(--ast-global-color-5)","background-image":"","background-repeat":"repeat","background-position":"center center","background-size":"auto","background-attachment":"scroll","background-type":"","background-media":"","overlay-type":"","overlay-color":"","overlay-opacity":"","overlay-gradient":""},"mobile":{"background-color":"var(--ast-global-color-5)","background-image":"","background-repeat":"repeat","background-position":"center center","background-size":"auto","background-attachment":"scroll","background-type":"","background-media":"","overlay-type":"","overlay-color":"","overlay-opacity":"","overlay-gradient":""}}},"product_brand":[],"product_cat":[118,53,54],"product_tag":[],"class_list":{"0":"post-7387","1":"product","2":"type-product","3":"status-publish","4":"has-post-thumbnail","6":"product_cat-petzl-pro","7":"product_cat-trabajo","8":"product_cat-arneses-trabajo","9":"desktop-align-center","10":"tablet-align-left","11":"mobile-align-center","13":"first","14":"instock","15":"shipping-taxable","16":"purchasable","17":"product-type-simple"},"aioseo_notices":[],"acf":[],"uagb_featured_image_src":{"full":["https:\/\/climbingstore.mx\/wp-content\/uploads\/2025\/05\/petzl-c083ab02-arnes-astro-eur-climbing-store.webp",1000,1000,false],"thumbnail":["https:\/\/climbingstore.mx\/wp-content\/uploads\/2025\/05\/petzl-c083ab02-arnes-astro-eur-climbing-store-150x150.webp",150,150,true],"medium":["https:\/\/climbingstore.mx\/wp-content\/uploads\/2025\/05\/petzl-c083ab02-arnes-astro-eur-climbing-store-300x300.webp",300,300,true],"medium_large":["https:\/\/climbingstore.mx\/wp-content\/uploads\/2025\/05\/petzl-c083ab02-arnes-astro-eur-climbing-store-768x768.webp",768,768,true],"large":["https:\/\/climbingstore.mx\/wp-content\/uploads\/2025\/05\/petzl-c083ab02-arnes-astro-eur-climbing-store.webp",1000,1000,false],"1536x1536":["https:\/\/climbingstore.mx\/wp-content\/uploads\/2025\/05\/petzl-c083ab02-arnes-astro-eur-climbing-store.webp",1000,1000,false],"2048x2048":["https:\/\/climbingstore.mx\/wp-content\/uploads\/2025\/05\/petzl-c083ab02-arnes-astro-eur-climbing-store.webp",1000,1000,false],"trp-custom-language-flag":["https:\/\/climbingstore.mx\/wp-content\/uploads\/2025\/05\/petzl-c083ab02-arnes-astro-eur-climbing-store-12x12.webp",12,12,true],"woocommerce_thumbnail":["https:\/\/climbingstore.mx\/wp-content\/uploads\/2025\/05\/petzl-c083ab02-arnes-astro-eur-climbing-store-600x600.webp",600,600,true],"woocommerce_single":["https:\/\/climbingstore.mx\/wp-content\/uploads\/2025\/05\/petzl-c083ab02-arnes-astro-eur-climbing-store.webp",1000,1000,false],"woocommerce_gallery_thumbnail":["https:\/\/climbingstore.mx\/wp-content\/uploads\/2025\/05\/petzl-c083ab02-arnes-astro-eur-climbing-store-100x100.webp",100,100,true]},"uagb_author_info":{"display_name":"Juanita Castillo","author_link":"https:\/\/climbingstore.mx\/en\/author\/"},"uagb_comment_info":0,"uagb_excerpt":"Arn\u00e9s ultraconfortable para los trabajos con cuerda en accesos dif\u00edciles El arn\u00e9s ASTRO versi\u00f3n europea est\u00e1 dise\u00f1ado para los trabajadores con cuerda en accesos dif\u00edciles. Su dise\u00f1o se adapta a las caracter\u00edsticas del desplazamiento y del ascenso por cuerda.","_links":{"self":[{"href":"https:\/\/climbingstore.mx\/en\/wp-json\/wp\/v2\/product\/7387","targetHints":{"allow":["GET"]}}],"collection":[{"href":"https:\/\/climbingstore.mx\/en\/wp-json\/wp\/v2\/product"}],"about":[{"href":"https:\/\/climbingstore.mx\/en\/wp-json\/wp\/v2\/types\/product"}],"replies":[{"embeddable":true,"href":"https:\/\/climbingstore.mx\/en\/wp-json\/wp\/v2\/comments?post=7387"}],"wp:featuredmedia":[{"embeddable":true,"href":"https:\/\/climbingstore.mx\/en\/wp-json\/wp\/v2\/media\/7390"}],"wp:attachment":[{"href":"https:\/\/climbingstore.mx\/en\/wp-json\/wp\/v2\/media?parent=7387"}],"wp:term":[{"taxonomy":"product_brand","embeddable":true,"href":"https:\/\/climbingstore.mx\/en\/wp-json\/wp\/v2\/product_brand?post=7387"},{"taxonomy":"product_cat","embeddable":true,"href":"https:\/\/climbingstore.mx\/en\/wp-json\/wp\/v2\/product_cat?post=7387"},{"taxonomy":"product_tag","embeddable":true,"href":"https:\/\/climbingstore.mx\/en\/wp-json\/wp\/v2\/product_tag?post=7387"}],"curies":[{"name":"wp","href":"https:\/\/api.w.org\/{rel}","templated":true}]}}