{"id":7380,"date":"2025-05-08T14:35:12","date_gmt":"2025-05-08T20:35:12","guid":{"rendered":"https:\/\/climbingstore.mx\/?post_type=product&#038;p=7380"},"modified":"2025-05-08T14:47:01","modified_gmt":"2025-05-08T20:47:01","slug":"mino","status":"publish","type":"product","link":"https:\/\/climbingstore.mx\/en\/product\/mino\/","title":{"rendered":"MINO"},"content":{"rendered":"<div class=\"productDescription\">\n<div class=\"productCaracteristiquesPosition inlineblock\">\n<p class=\"productCaracteristiques inlineblock\">El MINO es un mosquet\u00f3n auxiliar peque\u00f1o y ligero, ideal para conectar todo tipo de accesorios al arn\u00e9s. Ergon\u00f3mico, es f\u00e1cil de manipular, incluso con guantes. El MINO se vende solo o con dos accesorios (barra antivolteo tipo CAPTIV y barra de bloqueo tipo LOCK).<\/p>\n<h6 class=\"special-h3\">Descripci\u00f3n<\/h6>\n<div class=\"list\">\n<ul>\n<li>Varias utilizaciones posibles:<br \/>\n&#8211; Ideal para conectar todo tipo de accesorios al arn\u00e9s (guantes, bolsa TOOLBAG, peque\u00f1o material&#8230;).<br \/>\n&#8211; Tambi\u00e9n es adecuado como uni\u00f3n torso-Prusik mec\u00e1nico en t\u00e9cnica SRT\/SRS en poda.<\/li>\n<li>Ergon\u00f3mico y f\u00e1cil de manipular.<br \/>\n&#8211; Forma oval que permite un mejor posicionamiento y una mejor prensi\u00f3n.<br \/>\n&#8211; Dise\u00f1o interior fluido que facilita la rotaci\u00f3n del mosquet\u00f3n auxiliar.<br \/>\n&#8211; Sistema Keylock para evitar cualquier enganche involuntario.<br \/>\n&#8211; Se puede utilizar con guantes.<\/li>\n<li>Dos accesorios disponibles:<br \/>\n&#8211; Barra tipo CAPTIV que limita el riesgo de volteo.<br \/>\n&#8211; Barra tipo LOCK que permite el bloqueo del gatillo y previene as\u00ed el riesgo de apertura accidental.<br \/>\n&#8211; Posibilidad de combinar los dos accesorios si es necesario.<br \/>\n&#8211; Se vende solo o con los dos accesorios.Este producto no es un EPI (Equipo de Protecci\u00f3n Individual).<\/li>\n<\/ul>\n<\/div>\n<h6 class=\"special-h3\">Caracter\u00edsticas<\/h6>\n<div class=\"list\">\n<ul>\n<li>Resistencia: 400 kg<\/li>\n<li>Abertura: 13 mm<\/li>\n<li>Peso: 11 g<\/li>\n<\/ul>\n<h6>Informaci\u00f3n t\u00e9cnica<\/h6>\n<ul>\n<li class=\"titleLink\"><a href=\"https:\/\/www.petzl.com\/INT\/es\/Profesional\/FAQ?q=MINO&amp;f=Harnesses\">FAQ<\/a><\/li>\n<\/ul>\n<h6>Productos complementarios<\/h6>\n<p><img decoding=\"async\" class=\"wp-image-7379\" src=\"https:\/\/climbingstore.mx\/wp-content\/uploads\/2025\/05\/petzl-s071ab00-podium-asiento-de-suspension-climbing-store-300x300.webp\" alt=\"Venta de Podium Petzl S071AB00 Asiento de suspension en Climbing store\" width=\"200\" height=\"200\" srcset=\"https:\/\/climbingstore.mx\/wp-content\/uploads\/2025\/05\/petzl-s071ab00-podium-asiento-de-suspension-climbing-store-300x300.webp 300w, https:\/\/climbingstore.mx\/wp-content\/uploads\/2025\/05\/petzl-s071ab00-podium-asiento-de-suspension-climbing-store-150x150.webp 150w, https:\/\/climbingstore.mx\/wp-content\/uploads\/2025\/05\/petzl-s071ab00-podium-asiento-de-suspension-climbing-store-768x768.webp 768w, https:\/\/climbingstore.mx\/wp-content\/uploads\/2025\/05\/petzl-s071ab00-podium-asiento-de-suspension-climbing-store-12x12.webp 12w, https:\/\/climbingstore.mx\/wp-content\/uploads\/2025\/05\/petzl-s071ab00-podium-asiento-de-suspension-climbing-store-600x600.webp 600w, https:\/\/climbingstore.mx\/wp-content\/uploads\/2025\/05\/petzl-s071ab00-podium-asiento-de-suspension-climbing-store-100x100.webp 100w, https:\/\/climbingstore.mx\/wp-content\/uploads\/2025\/05\/petzl-s071ab00-podium-asiento-de-suspension-climbing-store.webp 1000w\" sizes=\"(max-width: 200px) 100vw, 200px\" \/><\/p>\n<p><a href=\"https:\/\/climbingstore.mx\/en\/product\/podium-confortable\/\">Mino<\/a><\/p>\n<\/div>\n<\/div>\n<\/div>","protected":false},"excerpt":{"rendered":"<p>Mosquet\u00f3n auxiliar (no Equipo de Protecci\u00f3n Individual)<\/p>","protected":false},"featured_media":7377,"comment_status":"open","ping_status":"closed","template":"","meta":{"_acf_changed":false,"_uag_custom_page_level_css":"","site-sidebar-layout":"default","site-content-layout":"","ast-site-content-layout":"default","site-content-style":"default","site-sidebar-style":"default","ast-global-header-display":"","ast-banner-title-visibility":"","ast-main-header-display":"","ast-hfb-above-header-display":"","ast-hfb-below-header-display":"","ast-hfb-mobile-header-display":"","site-post-title":"","ast-breadcrumbs-content":"","ast-featured-img":"","footer-sml-layout":"","theme-transparent-header-meta":"default","adv-header-id-meta":"","stick-header-meta":"","header-above-stick-meta":"","header-main-stick-meta":"","header-below-stick-meta":"","astra-migrate-meta-layouts":"set","ast-page-background-enabled":"default","ast-page-background-meta":{"desktop":{"background-color":"var(--ast-global-color-4)","background-image":"","background-repeat":"repeat","background-position":"center center","background-size":"auto","background-attachment":"scroll","background-type":"","background-media":"","overlay-type":"","overlay-color":"","overlay-opacity":"","overlay-gradient":""},"tablet":{"background-color":"","background-image":"","background-repeat":"repeat","background-position":"center center","background-size":"auto","background-attachment":"scroll","background-type":"","background-media":"","overlay-type":"","overlay-color":"","overlay-opacity":"","overlay-gradient":""},"mobile":{"background-color":"","background-image":"","background-repeat":"repeat","background-position":"center center","background-size":"auto","background-attachment":"scroll","background-type":"","background-media":"","overlay-type":"","overlay-color":"","overlay-opacity":"","overlay-gradient":""}},"ast-content-background-meta":{"desktop":{"background-color":"var(--ast-global-color-5)","background-image":"","background-repeat":"repeat","background-position":"center center","background-size":"auto","background-attachment":"scroll","background-type":"","background-media":"","overlay-type":"","overlay-color":"","overlay-opacity":"","overlay-gradient":""},"tablet":{"background-color":"var(--ast-global-color-5)","background-image":"","background-repeat":"repeat","background-position":"center center","background-size":"auto","background-attachment":"scroll","background-type":"","background-media":"","overlay-type":"","overlay-color":"","overlay-opacity":"","overlay-gradient":""},"mobile":{"background-color":"var(--ast-global-color-5)","background-image":"","background-repeat":"repeat","background-position":"center center","background-size":"auto","background-attachment":"scroll","background-type":"","background-media":"","overlay-type":"","overlay-color":"","overlay-opacity":"","overlay-gradient":""}}},"product_brand":[],"product_cat":[118,53,54],"product_tag":[],"class_list":{"0":"post-7380","1":"product","2":"type-product","3":"status-publish","4":"has-post-thumbnail","6":"product_cat-petzl-pro","7":"product_cat-trabajo","8":"product_cat-arneses-trabajo","9":"desktop-align-center","10":"tablet-align-left","11":"mobile-align-center","13":"first","14":"instock","15":"shipping-taxable","16":"purchasable","17":"product-type-simple"},"aioseo_notices":[],"acf":[],"uagb_featured_image_src":{"full":["https:\/\/climbingstore.mx\/wp-content\/uploads\/2025\/05\/petzl-m007aa00-mino-climbing-store.webp",1000,1000,false],"thumbnail":["https:\/\/climbingstore.mx\/wp-content\/uploads\/2025\/05\/petzl-m007aa00-mino-climbing-store-150x150.webp",150,150,true],"medium":["https:\/\/climbingstore.mx\/wp-content\/uploads\/2025\/05\/petzl-m007aa00-mino-climbing-store-300x300.webp",300,300,true],"medium_large":["https:\/\/climbingstore.mx\/wp-content\/uploads\/2025\/05\/petzl-m007aa00-mino-climbing-store-768x768.webp",768,768,true],"large":["https:\/\/climbingstore.mx\/wp-content\/uploads\/2025\/05\/petzl-m007aa00-mino-climbing-store.webp",1000,1000,false],"1536x1536":["https:\/\/climbingstore.mx\/wp-content\/uploads\/2025\/05\/petzl-m007aa00-mino-climbing-store.webp",1000,1000,false],"2048x2048":["https:\/\/climbingstore.mx\/wp-content\/uploads\/2025\/05\/petzl-m007aa00-mino-climbing-store.webp",1000,1000,false],"trp-custom-language-flag":["https:\/\/climbingstore.mx\/wp-content\/uploads\/2025\/05\/petzl-m007aa00-mino-climbing-store-12x12.webp",12,12,true],"woocommerce_thumbnail":["https:\/\/climbingstore.mx\/wp-content\/uploads\/2025\/05\/petzl-m007aa00-mino-climbing-store-600x600.webp",600,600,true],"woocommerce_single":["https:\/\/climbingstore.mx\/wp-content\/uploads\/2025\/05\/petzl-m007aa00-mino-climbing-store.webp",1000,1000,false],"woocommerce_gallery_thumbnail":["https:\/\/climbingstore.mx\/wp-content\/uploads\/2025\/05\/petzl-m007aa00-mino-climbing-store-100x100.webp",100,100,true]},"uagb_author_info":{"display_name":"Juanita Castillo","author_link":"https:\/\/climbingstore.mx\/en\/author\/"},"uagb_comment_info":0,"uagb_excerpt":"Mosquet\u00f3n auxiliar (no Equipo de Protecci\u00f3n Individual)","_links":{"self":[{"href":"https:\/\/climbingstore.mx\/en\/wp-json\/wp\/v2\/product\/7380","targetHints":{"allow":["GET"]}}],"collection":[{"href":"https:\/\/climbingstore.mx\/en\/wp-json\/wp\/v2\/product"}],"about":[{"href":"https:\/\/climbingstore.mx\/en\/wp-json\/wp\/v2\/types\/product"}],"replies":[{"embeddable":true,"href":"https:\/\/climbingstore.mx\/en\/wp-json\/wp\/v2\/comments?post=7380"}],"wp:featuredmedia":[{"embeddable":true,"href":"https:\/\/climbingstore.mx\/en\/wp-json\/wp\/v2\/media\/7377"}],"wp:attachment":[{"href":"https:\/\/climbingstore.mx\/en\/wp-json\/wp\/v2\/media?parent=7380"}],"wp:term":[{"taxonomy":"product_brand","embeddable":true,"href":"https:\/\/climbingstore.mx\/en\/wp-json\/wp\/v2\/product_brand?post=7380"},{"taxonomy":"product_cat","embeddable":true,"href":"https:\/\/climbingstore.mx\/en\/wp-json\/wp\/v2\/product_cat?post=7380"},{"taxonomy":"product_tag","embeddable":true,"href":"https:\/\/climbingstore.mx\/en\/wp-json\/wp\/v2\/product_tag?post=7380"}],"curies":[{"name":"wp","href":"https:\/\/api.w.org\/{rel}","templated":true}]}}