{"id":7376,"date":"2025-05-08T13:28:24","date_gmt":"2025-05-08T19:28:24","guid":{"rendered":"https:\/\/climbingstore.mx\/?post_type=product&#038;p=7376"},"modified":"2025-05-08T14:36:55","modified_gmt":"2025-05-08T20:36:55","slug":"podium-confortable","status":"publish","type":"product","link":"https:\/\/climbingstore.mx\/en\/product\/podium-confortable\/","title":{"rendered":"PODIUM"},"content":{"rendered":"<p>El asiento PODIUM permite a los trabajadores en altura y con cuerdas, en accesos dif\u00edciles, sentarse cuando las fases de trabajo en suspensi\u00f3n son largas, proporcion\u00e1ndoles as\u00ed m\u00e1s confort. Se regula f\u00e1cilmente gracias a sus hebillas DOUBLEBACK y est\u00e1 provisto de tres anillos portamaterial. La conexi\u00f3n al arn\u00e9s es posible mediante las T-BAR, que se conectan directamente a los grilletes o a trav\u00e9s de los conectores o mosquetones auxiliares tipo MINO.<\/p>\n<h6>Descripci\u00f3n<\/h6>\n<ul>\n<li>Confort en las suspensiones prolongadas:<br \/>\n&#8211; El asiento ancho permite una estabilidad excelente.<br \/>\n&#8211; Los rebordes r\u00edgidos impiden que las cintas de suspensi\u00f3n compriman los muslos.<\/li>\n<li>Tres posibilidades de conexi\u00f3n al arn\u00e9s:<br \/>\n&#8211; Directamente a los grilletes gracias a las T-BAR.<br \/>\n&#8211; Mediante mosquetones auxiliares (MINO).<br \/>\n&#8211; Mediante conectores gracias a la gaza en la punta de la cinta de suspensi\u00f3n.<\/li>\n<li>Pr\u00e1ctico y duradero:<br \/>\n&#8211; Las cintas de suspensi\u00f3n se regulan f\u00e1cilmente gracias a las hebillas autobloqueantes DOUBLEBACK.<br \/>\n&#8211; Dispone de tres anillos portamaterial, preformados con funda de protecci\u00f3n, que permiten equilibrar la carga.<br \/>\n&#8211; Cada anillo portamaterial puede soportar hasta 25 kg de carga.<br \/>\n&#8211; Posibilidad de reemplazar la funda, conservando as\u00ed la placa met\u00e1lica (funda disponible como accesorio).<\/li>\n<\/ul>\n<div class=\"list\">\n<div class=\"titleLink\">\n<div class=\"list\">\n<h6 class=\"special-h3\">Caracter\u00edsticas<\/h6>\n<div class=\"list\">\n<ul>\n<li>Peso: 1150 g<\/li>\n<li>Carga m\u00e1xima autorizada: 50 kg<\/li>\n<li>Materiales: poli\u00e9ster y aluminio<\/li>\n<li>Medidas: 55x16x16 cm<\/li>\n<\/ul>\n<\/div>\n<\/div>\n<div class=\"list\">\n<div class=\"titleLink\">\n<h6><\/h6>\n<\/div>\n<\/div>\n<h6>Informaci\u00f3n t\u00e9cnica<\/h6>\n<ul>\n<li><a href=\"https:\/\/www.petzl.com\/sfc\/servlet.shepherd\/version\/download\/0686800000aLG2mAAG\"><span class=\"weightIndication inlineblock\">Descargar el pdf : technical-notice-PODIUM_LITEPOD-2 &#8211; 1.86 MB<\/span><\/a><\/li>\n<\/ul>\n<\/div>\n<h6>Productos complementarios<\/h6>\n<div class=\"associatedProductsContainer\">\n<div class=\"associatedProduct inlineblock\"><a class=\"inlineblock verticalProduct\" href=\"https:\/\/www.petzl.com\/ES\/es\/Profesional\/Arneses\/Grilletes\"><span class=\"productImage\"><img decoding=\"async\" class=\"\" title=\"Grilletes\" src=\"https:\/\/www.petzl.com\/sfc\/servlet.shepherd\/version\/download\/068w0000004mgogAAA\" alt=\"Grilletes\" width=\"200\" height=\"121\" \/><\/span><\/a><\/div>\n<p class=\"associatedProduct inlineblock\"><a class=\"inlineblock verticalProduct\" href=\"https:\/\/www.petzl.com\/ES\/es\/Profesional\/Arneses\/Grilletes\"><span class=\"productTitle\">Grilletes<\/span><span class=\"productDescription\">Grilletes que permiten conectar un asiento (pack de 2)<\/span><\/a><\/p>\n<figure id=\"attachment_7377\" aria-describedby=\"caption-attachment-7377\" style=\"width: 200px\" class=\"wp-caption alignnone\"><img decoding=\"async\" class=\"wp-image-7377\" src=\"https:\/\/climbingstore.mx\/wp-content\/uploads\/2025\/05\/petzl-m007aa00-mino-climbing-store-300x300.webp\" alt=\"Venta de Mino Petzl m007aa00 en Climbing Store\" width=\"200\" height=\"200\" srcset=\"https:\/\/climbingstore.mx\/wp-content\/uploads\/2025\/05\/petzl-m007aa00-mino-climbing-store-300x300.webp 300w, https:\/\/climbingstore.mx\/wp-content\/uploads\/2025\/05\/petzl-m007aa00-mino-climbing-store-150x150.webp 150w, https:\/\/climbingstore.mx\/wp-content\/uploads\/2025\/05\/petzl-m007aa00-mino-climbing-store-768x768.webp 768w, https:\/\/climbingstore.mx\/wp-content\/uploads\/2025\/05\/petzl-m007aa00-mino-climbing-store-12x12.webp 12w, https:\/\/climbingstore.mx\/wp-content\/uploads\/2025\/05\/petzl-m007aa00-mino-climbing-store-600x600.webp 600w, https:\/\/climbingstore.mx\/wp-content\/uploads\/2025\/05\/petzl-m007aa00-mino-climbing-store-100x100.webp 100w, https:\/\/climbingstore.mx\/wp-content\/uploads\/2025\/05\/petzl-m007aa00-mino-climbing-store.webp 1000w\" sizes=\"(max-width: 200px) 100vw, 200px\" \/><figcaption id=\"caption-attachment-7377\" class=\"wp-caption-text\"><a href=\"https:\/\/climbingstore.mx\/en\/product\/mino\/\">Mino<\/a><\/figcaption><\/figure>\n<\/div>\n<\/div>","protected":false},"excerpt":{"rendered":"<p>Asiento confortable para las suspensiones prolongadas<\/p>","protected":false},"featured_media":7379,"comment_status":"open","ping_status":"closed","template":"","meta":{"_acf_changed":false,"_uag_custom_page_level_css":"","site-sidebar-layout":"default","site-content-layout":"default","ast-site-content-layout":"default","site-content-style":"default","site-sidebar-style":"default","ast-global-header-display":"","ast-banner-title-visibility":"","ast-main-header-display":"","ast-hfb-above-header-display":"","ast-hfb-below-header-display":"","ast-hfb-mobile-header-display":"","site-post-title":"","ast-breadcrumbs-content":"","ast-featured-img":"","footer-sml-layout":"","theme-transparent-header-meta":"default","adv-header-id-meta":"","stick-header-meta":"","header-above-stick-meta":"","header-main-stick-meta":"","header-below-stick-meta":"","astra-migrate-meta-layouts":"set","ast-page-background-enabled":"default","ast-page-background-meta":{"desktop":{"background-color":"var(--ast-global-color-4)","background-image":"","background-repeat":"repeat","background-position":"center center","background-size":"auto","background-attachment":"scroll","background-type":"","background-media":"","overlay-type":"","overlay-color":"","overlay-opacity":"","overlay-gradient":""},"tablet":{"background-color":"","background-image":"","background-repeat":"repeat","background-position":"center center","background-size":"auto","background-attachment":"scroll","background-type":"","background-media":"","overlay-type":"","overlay-color":"","overlay-opacity":"","overlay-gradient":""},"mobile":{"background-color":"","background-image":"","background-repeat":"repeat","background-position":"center center","background-size":"auto","background-attachment":"scroll","background-type":"","background-media":"","overlay-type":"","overlay-color":"","overlay-opacity":"","overlay-gradient":""}},"ast-content-background-meta":{"desktop":{"background-color":"var(--ast-global-color-5)","background-image":"","background-repeat":"repeat","background-position":"center center","background-size":"auto","background-attachment":"scroll","background-type":"","background-media":"","overlay-type":"","overlay-color":"","overlay-opacity":"","overlay-gradient":""},"tablet":{"background-color":"var(--ast-global-color-5)","background-image":"","background-repeat":"repeat","background-position":"center center","background-size":"auto","background-attachment":"scroll","background-type":"","background-media":"","overlay-type":"","overlay-color":"","overlay-opacity":"","overlay-gradient":""},"mobile":{"background-color":"var(--ast-global-color-5)","background-image":"","background-repeat":"repeat","background-position":"center center","background-size":"auto","background-attachment":"scroll","background-type":"","background-media":"","overlay-type":"","overlay-color":"","overlay-opacity":"","overlay-gradient":""}}},"product_brand":[],"product_cat":[118,53,54],"product_tag":[],"class_list":{"0":"post-7376","1":"product","2":"type-product","3":"status-publish","4":"has-post-thumbnail","6":"product_cat-petzl-pro","7":"product_cat-trabajo","8":"product_cat-arneses-trabajo","9":"desktop-align-center","10":"tablet-align-left","11":"mobile-align-center","13":"first","14":"instock","15":"shipping-taxable","16":"purchasable","17":"product-type-simple"},"aioseo_notices":[],"acf":[],"uagb_featured_image_src":{"full":["https:\/\/climbingstore.mx\/wp-content\/uploads\/2025\/05\/petzl-s071ab00-podium-asiento-de-suspension-climbing-store.webp",1000,1000,false],"thumbnail":["https:\/\/climbingstore.mx\/wp-content\/uploads\/2025\/05\/petzl-s071ab00-podium-asiento-de-suspension-climbing-store-150x150.webp",150,150,true],"medium":["https:\/\/climbingstore.mx\/wp-content\/uploads\/2025\/05\/petzl-s071ab00-podium-asiento-de-suspension-climbing-store-300x300.webp",300,300,true],"medium_large":["https:\/\/climbingstore.mx\/wp-content\/uploads\/2025\/05\/petzl-s071ab00-podium-asiento-de-suspension-climbing-store-768x768.webp",768,768,true],"large":["https:\/\/climbingstore.mx\/wp-content\/uploads\/2025\/05\/petzl-s071ab00-podium-asiento-de-suspension-climbing-store.webp",1000,1000,false],"1536x1536":["https:\/\/climbingstore.mx\/wp-content\/uploads\/2025\/05\/petzl-s071ab00-podium-asiento-de-suspension-climbing-store.webp",1000,1000,false],"2048x2048":["https:\/\/climbingstore.mx\/wp-content\/uploads\/2025\/05\/petzl-s071ab00-podium-asiento-de-suspension-climbing-store.webp",1000,1000,false],"trp-custom-language-flag":["https:\/\/climbingstore.mx\/wp-content\/uploads\/2025\/05\/petzl-s071ab00-podium-asiento-de-suspension-climbing-store-12x12.webp",12,12,true],"woocommerce_thumbnail":["https:\/\/climbingstore.mx\/wp-content\/uploads\/2025\/05\/petzl-s071ab00-podium-asiento-de-suspension-climbing-store-600x600.webp",600,600,true],"woocommerce_single":["https:\/\/climbingstore.mx\/wp-content\/uploads\/2025\/05\/petzl-s071ab00-podium-asiento-de-suspension-climbing-store.webp",1000,1000,false],"woocommerce_gallery_thumbnail":["https:\/\/climbingstore.mx\/wp-content\/uploads\/2025\/05\/petzl-s071ab00-podium-asiento-de-suspension-climbing-store-100x100.webp",100,100,true]},"uagb_author_info":{"display_name":"Juanita Castillo","author_link":"https:\/\/climbingstore.mx\/en\/author\/"},"uagb_comment_info":0,"uagb_excerpt":"Asiento confortable para las suspensiones prolongadas","_links":{"self":[{"href":"https:\/\/climbingstore.mx\/en\/wp-json\/wp\/v2\/product\/7376","targetHints":{"allow":["GET"]}}],"collection":[{"href":"https:\/\/climbingstore.mx\/en\/wp-json\/wp\/v2\/product"}],"about":[{"href":"https:\/\/climbingstore.mx\/en\/wp-json\/wp\/v2\/types\/product"}],"replies":[{"embeddable":true,"href":"https:\/\/climbingstore.mx\/en\/wp-json\/wp\/v2\/comments?post=7376"}],"wp:featuredmedia":[{"embeddable":true,"href":"https:\/\/climbingstore.mx\/en\/wp-json\/wp\/v2\/media\/7379"}],"wp:attachment":[{"href":"https:\/\/climbingstore.mx\/en\/wp-json\/wp\/v2\/media?parent=7376"}],"wp:term":[{"taxonomy":"product_brand","embeddable":true,"href":"https:\/\/climbingstore.mx\/en\/wp-json\/wp\/v2\/product_brand?post=7376"},{"taxonomy":"product_cat","embeddable":true,"href":"https:\/\/climbingstore.mx\/en\/wp-json\/wp\/v2\/product_cat?post=7376"},{"taxonomy":"product_tag","embeddable":true,"href":"https:\/\/climbingstore.mx\/en\/wp-json\/wp\/v2\/product_tag?post=7376"}],"curies":[{"name":"wp","href":"https:\/\/api.w.org\/{rel}","templated":true}]}}