{"id":7324,"date":"2024-10-25T15:39:25","date_gmt":"2024-10-25T21:39:25","guid":{"rendered":"https:\/\/climbingstore.mx\/?post_type=product&#038;p=7324"},"modified":"2024-11-05T14:27:21","modified_gmt":"2024-11-05T20:27:21","slug":"multi-herramienta-super-tool%ef%b8%8f-300-stainless","status":"publish","type":"product","link":"https:\/\/climbingstore.mx\/en\/product\/multi-herramienta-super-tool%ef%b8%8f-300-stainless\/","title":{"rendered":"Multi-herramienta SUPER TOOL\u00ae\ufe0f 300 Stainless"},"content":{"rendered":"<p><span style=\"font-size: 16px;\">La Leatherman Super Tool\u00ae 300 es la herramienta para profesionales con un dise\u00f1o optimizado y una construcci\u00f3n robusta, esta herramienta se ha consolidado como un referente en el mundo de las herramientas multifuncionales. <\/span><\/p>\n<p><span style=\"font-size: 16px;\">Sus alicates, los m\u00e1s grandes y fuertes que Leatherman ha fabricado hasta la fecha, cuentan con un dise\u00f1o innovador de mango inclinado que permite un manejo m\u00e1s preciso, incluso en espacios estrechos o de dif\u00edcil acceso. Esto significa que, sin importar lo complicado del entorno, la Super Tool\u00ae 300 te ofrece la capacidad de realizar trabajos con total comodidad y eficiencia.<\/span><\/p>\n<p><span style=\"font-size: 16px;\">Cuenta con una garant\u00eda de 25 a\u00f1os, lo que brinda tranquilidad y confianza al usuario en t\u00e9rminos de calidad y rendimiento.<\/span><\/p>\n<p>Su construcci\u00f3n de acero inoxidable de alta calidad, su dise\u00f1o vers\u00e1til y su excepcional resistencia aseguran que siempre tendr\u00e1s a tu alcance una herramienta confiable y potente. No importa cu\u00e1n desafiante sea el trabajo, con la <span style=\"font-size: 16px;\">Super Tool\u00ae 300<\/span>, siempre estar\u00e1s listo para dar el siguiente paso.<\/p>\n<p>&nbsp;<\/p>\n<h6>\u00a1La <strong>Leatherman Super Tool\u00ae 300<\/strong>\u00a0ha regresado de sus vacaciones y est\u00e1 m\u00e1s preparada que nunca para afrontar los trabajos m\u00e1s dif\u00edciles!<\/h6>\n<p>&nbsp;<\/p>\n<p>La herramienta <span style=\"font-size: 16px;\">Leatherman Super Tool\u00ae 300<\/span> incluye pinzas puntas de aguja, pinzas puntas regulares, corta cables reemplazable, corta cables uso rudo reemplazable, corta alambres, ponchadora de terminales el\u00e9ctricas, pela cables, cuchillo, cuchillo aserrado, sierra, punz\u00f3n\/jala cables, regla, abre latas, destapador de botellas, lima para metal y madera, desarmador de cruz, desarmador plano grande, desarmador plano mediano, desarmador plano chico.<\/p>\n<p>&nbsp;<\/p>\n<p><img fetchpriority=\"high\" decoding=\"async\" class=\"alignright\" src=\"https:\/\/cdn.shopify.com\/s\/files\/1\/0267\/0369\/1831\/files\/SUPERTOOLBK_diagrama_480x480.png?v=1625006539\" alt=\"LEA-005-029 MULTI-HERRAMIENTA PLATA #SUPER TOOL 300-S LEATHERMAN\" width=\"480\" height=\"480\" \/><\/p>\n<p><strong><span class=\"header-wrapper\">HERRAMIENTAS<\/span><\/strong><\/p>\n<ol>\n<li>Pinzas puntas de aguja<\/li>\n<li>Pinzas puntas regulares<\/li>\n<li>Corta cables reemplazable<\/li>\n<li>Corta cables uso rudo reemplazable<\/li>\n<li>Corta alambres<\/li>\n<li>Ponchadora de terminales el\u00e9ctricas<\/li>\n<li>Pela cables<\/li>\n<li>Cuchillo<\/li>\n<li>Cuchillo aserrado<\/li>\n<li>Sierra<\/li>\n<li>Punz\u00f3n\/Jala cables<\/li>\n<li>Regla<\/li>\n<li>Abre latas<\/li>\n<li>Destapador de botellas<\/li>\n<li>Lima para metal y madera<\/li>\n<li>Desarmador de cruz<\/li>\n<li>Desarmador plano grande<\/li>\n<li>Desarmador plano mediano<\/li>\n<li>Desarmador plano chico<\/li>\n<\/ol>\n<p>&nbsp;<\/p>\n<p><strong><span class=\"header-wrapper\">ESPECIFICACIONES<\/span><\/strong><\/p>\n<p>Tipo de producto:\u00a0multiherramienta<br \/>\nLargo de navaja principal: 7.37 cm<br \/>\nLargo (cerrada): 10 cm<br \/>\nPeso: 241 g<br \/>\nMateriales: acero inoxidable 420 HC<\/p>\n<p><a class=\"download-link\" href=\"https:\/\/youtu.be\/WhaIQdvVgFo\" target=\"_blank\" rel=\"noopener\"><span style=\"vertical-align: inherit;\"><span style=\"vertical-align: inherit;\"><span style=\"vertical-align: inherit;\"><span style=\"vertical-align: inherit;\">Descubre el video de la WAVE\u00ae\ufe0f+<\/span><\/span><\/span><\/span><\/a><\/p>\n<p>&nbsp;<\/p>\n<h3>\u00a1Encuentra t\u00fa <a class=\"category-link\" href=\"https:\/\/climbingstore.mx\/en\/product-category\/leatherman\/\">Leatherman<\/a> en Climbing Store!<\/h3>","protected":false},"excerpt":{"rendered":"<p>La Leatherman Super Tool\u00ae 300 es la herramienta ideal para profesionales que buscan fiabilidad, resistencia y versatilidad en un solo dispositivo.<\/p>","protected":false},"featured_media":7327,"comment_status":"open","ping_status":"closed","template":"","meta":{"_acf_changed":false,"_uag_custom_page_level_css":"","site-sidebar-layout":"default","site-content-layout":"","ast-site-content-layout":"default","site-content-style":"default","site-sidebar-style":"default","ast-global-header-display":"","ast-banner-title-visibility":"","ast-main-header-display":"","ast-hfb-above-header-display":"","ast-hfb-below-header-display":"","ast-hfb-mobile-header-display":"","site-post-title":"","ast-breadcrumbs-content":"","ast-featured-img":"","footer-sml-layout":"","theme-transparent-header-meta":"default","adv-header-id-meta":"","stick-header-meta":"","header-above-stick-meta":"","header-main-stick-meta":"","header-below-stick-meta":"","astra-migrate-meta-layouts":"set","ast-page-background-enabled":"default","ast-page-background-meta":{"desktop":{"background-color":"var(--ast-global-color-4)","background-image":"","background-repeat":"repeat","background-position":"center center","background-size":"auto","background-attachment":"scroll","background-type":"","background-media":"","overlay-type":"","overlay-color":"","overlay-opacity":"","overlay-gradient":""},"tablet":{"background-color":"","background-image":"","background-repeat":"repeat","background-position":"center center","background-size":"auto","background-attachment":"scroll","background-type":"","background-media":"","overlay-type":"","overlay-color":"","overlay-opacity":"","overlay-gradient":""},"mobile":{"background-color":"","background-image":"","background-repeat":"repeat","background-position":"center center","background-size":"auto","background-attachment":"scroll","background-type":"","background-media":"","overlay-type":"","overlay-color":"","overlay-opacity":"","overlay-gradient":""}},"ast-content-background-meta":{"desktop":{"background-color":"var(--ast-global-color-5)","background-image":"","background-repeat":"repeat","background-position":"center center","background-size":"auto","background-attachment":"scroll","background-type":"","background-media":"","overlay-type":"","overlay-color":"","overlay-opacity":"","overlay-gradient":""},"tablet":{"background-color":"var(--ast-global-color-5)","background-image":"","background-repeat":"repeat","background-position":"center center","background-size":"auto","background-attachment":"scroll","background-type":"","background-media":"","overlay-type":"","overlay-color":"","overlay-opacity":"","overlay-gradient":""},"mobile":{"background-color":"var(--ast-global-color-5)","background-image":"","background-repeat":"repeat","background-position":"center center","background-size":"auto","background-attachment":"scroll","background-type":"","background-media":"","overlay-type":"","overlay-color":"","overlay-opacity":"","overlay-gradient":""}}},"product_brand":[],"product_cat":[159],"product_tag":[],"class_list":{"0":"post-7324","1":"product","2":"type-product","3":"status-publish","4":"has-post-thumbnail","6":"product_cat-leatherman","7":"desktop-align-center","8":"tablet-align-left","9":"mobile-align-center","11":"first","12":"instock","13":"shipping-taxable","14":"purchasable","15":"product-type-simple"},"aioseo_notices":[],"acf":[],"uagb_featured_image_src":{"full":["https:\/\/climbingstore.mx\/wp-content\/uploads\/2024\/10\/super-tool-st300-silver-leatherman-climbing-store-01.webp",1000,1000,false],"thumbnail":["https:\/\/climbingstore.mx\/wp-content\/uploads\/2024\/10\/super-tool-st300-silver-leatherman-climbing-store-01-150x150.webp",150,150,true],"medium":["https:\/\/climbingstore.mx\/wp-content\/uploads\/2024\/10\/super-tool-st300-silver-leatherman-climbing-store-01-300x300.webp",300,300,true],"medium_large":["https:\/\/climbingstore.mx\/wp-content\/uploads\/2024\/10\/super-tool-st300-silver-leatherman-climbing-store-01-768x768.webp",768,768,true],"large":["https:\/\/climbingstore.mx\/wp-content\/uploads\/2024\/10\/super-tool-st300-silver-leatherman-climbing-store-01.webp",1000,1000,false],"1536x1536":["https:\/\/climbingstore.mx\/wp-content\/uploads\/2024\/10\/super-tool-st300-silver-leatherman-climbing-store-01.webp",1000,1000,false],"2048x2048":["https:\/\/climbingstore.mx\/wp-content\/uploads\/2024\/10\/super-tool-st300-silver-leatherman-climbing-store-01.webp",1000,1000,false],"trp-custom-language-flag":["https:\/\/climbingstore.mx\/wp-content\/uploads\/2024\/10\/super-tool-st300-silver-leatherman-climbing-store-01-12x12.webp",12,12,true],"woocommerce_thumbnail":["https:\/\/climbingstore.mx\/wp-content\/uploads\/2024\/10\/super-tool-st300-silver-leatherman-climbing-store-01-600x600.webp",600,600,true],"woocommerce_single":["https:\/\/climbingstore.mx\/wp-content\/uploads\/2024\/10\/super-tool-st300-silver-leatherman-climbing-store-01.webp",1000,1000,false],"woocommerce_gallery_thumbnail":["https:\/\/climbingstore.mx\/wp-content\/uploads\/2024\/10\/super-tool-st300-silver-leatherman-climbing-store-01-100x100.webp",100,100,true]},"uagb_author_info":{"display_name":"Juanita Castillo","author_link":"https:\/\/climbingstore.mx\/en\/author\/"},"uagb_comment_info":0,"uagb_excerpt":"La Leatherman Super Tool\u00ae 300 es la herramienta ideal para profesionales que buscan fiabilidad, resistencia y versatilidad en un solo dispositivo.","_links":{"self":[{"href":"https:\/\/climbingstore.mx\/en\/wp-json\/wp\/v2\/product\/7324","targetHints":{"allow":["GET"]}}],"collection":[{"href":"https:\/\/climbingstore.mx\/en\/wp-json\/wp\/v2\/product"}],"about":[{"href":"https:\/\/climbingstore.mx\/en\/wp-json\/wp\/v2\/types\/product"}],"replies":[{"embeddable":true,"href":"https:\/\/climbingstore.mx\/en\/wp-json\/wp\/v2\/comments?post=7324"}],"wp:featuredmedia":[{"embeddable":true,"href":"https:\/\/climbingstore.mx\/en\/wp-json\/wp\/v2\/media\/7327"}],"wp:attachment":[{"href":"https:\/\/climbingstore.mx\/en\/wp-json\/wp\/v2\/media?parent=7324"}],"wp:term":[{"taxonomy":"product_brand","embeddable":true,"href":"https:\/\/climbingstore.mx\/en\/wp-json\/wp\/v2\/product_brand?post=7324"},{"taxonomy":"product_cat","embeddable":true,"href":"https:\/\/climbingstore.mx\/en\/wp-json\/wp\/v2\/product_cat?post=7324"},{"taxonomy":"product_tag","embeddable":true,"href":"https:\/\/climbingstore.mx\/en\/wp-json\/wp\/v2\/product_tag?post=7324"}],"curies":[{"name":"wp","href":"https:\/\/api.w.org\/{rel}","templated":true}]}}