{"id":7318,"date":"2024-10-25T10:21:10","date_gmt":"2024-10-25T16:21:10","guid":{"rendered":"https:\/\/climbingstore.mx\/?post_type=product&#038;p=7318"},"modified":"2024-10-25T15:13:35","modified_gmt":"2024-10-25T21:13:35","slug":"multi-herramienta-wave%ef%b8%8f-stainless","status":"publish","type":"product","link":"https:\/\/climbingstore.mx\/en\/product\/multi-herramienta-wave%ef%b8%8f-stainless\/","title":{"rendered":"Multi-herramienta WAVE\u00ae\ufe0f+ Stainless"},"content":{"rendered":"<p>Las 18 herramientas de la Wave\u00ae\ufe0f+ se pueden abrir y bloquear de manera r\u00e1pida y f\u00e1cil, lo que te permite abordar cualquier tarea con total confianza y eficiencia. Ya sea que necesites realizar reparaciones, proyectos de bricolaje o tareas cotidianas, el dise\u00f1o intuitivo te asegura que cada herramienta est\u00e9 al alcance de tu mano en el momento preciso. Esto facilita el trabajo y optimiza el tiempo, permiti\u00e9ndote concentrarte en lo que realmente importa.<\/p>\n<p>Muchas de estas herramientas son accesibles desde el exterior, lo que significa que puedes utilizarlas incluso cuando la multiherramienta est\u00e1 cerrada. Esta caracter\u00edstica innovadora te permite realizar tareas r\u00e1pidas y sencillas sin necesidad de abrir la herramienta por completo, ahorrando tiempo y aumentando la conveniencia.<\/p>\n<p>La multi-herramienta Wave\u00ae\ufe0f+ est\u00e1 hecha de acero inoxidable, es por ello que Leatherman garantiza su resistencia y durabilidad.<\/p>\n<p>Cuenta con una garant\u00eda de 25 a\u00f1os, lo que brinda tranquilidad y confianza al usuario en t\u00e9rminos de calidad y rendimiento.<\/p>\n<p>&nbsp;<\/p>\n<h6>\u00a1La multiherramienta Wave\u00ae\ufe0f+ ser\u00e1 un aliado vers\u00e1til y eficiente en tus proyectos diarios!<\/h6>\n<p>&nbsp;<\/p>\n<p>La herramienta Wave\u00ae\ufe0f+ incluye pinzas de puntas de aguja, pinzas de puntas regulares, corta cables de uso rudo, corta cables, ponchadora de terminales el\u00e9ctricas, pela cables, navaja lisa de acero 420HC, navaja aserrada de acero 420HC, sierra, tijeras, regla, abre latas, destapador de botellas, lima para metal y madera, lima diamantada, punta de desarmador cruz\/plano grande, punta de desarmador mini para lentes y desarmador plano mediano.<\/p>\n<p><img fetchpriority=\"high\" decoding=\"async\" class=\"alignright\" src=\"https:\/\/cdn.shopify.com\/s\/files\/1\/0267\/0369\/1831\/files\/09_WAVE_480x480.png?v=1619123174\" alt=\"LEA-005-027 MULTI-HERRAMIENTA PLATA #WAVE-S LEATHERMAN\" width=\"480\" height=\"480\" \/><\/p>\n<p>&nbsp;<\/p>\n<p><strong><span class=\"header-wrapper\">HERRAMIENTAS<\/span><\/strong><\/p>\n<ol>\n<li>Pinzas puntas de aguja<\/li>\n<li>Pinzas puntas regulares<\/li>\n<li>Corta cables uso rudo<\/li>\n<li>Corta cables<\/li>\n<li>Ponchadora de terminales el\u00e9ctricas<\/li>\n<li>Pela cables<\/li>\n<li>Navaja lisa de Acero 420HC<\/li>\n<li>Navaja aserrada de Acero 420HC<\/li>\n<li>Sierra<\/li>\n<li>Tijeras<\/li>\n<li>Regla<\/li>\n<li>Abre latas<\/li>\n<li>Destapador de botellas<\/li>\n<li>Lima para metal y madera<\/li>\n<li>Lima diamantada<\/li>\n<li>Punta de desarmador cruz\/plano grande<\/li>\n<li>Punta de desarmador mini para lentes<\/li>\n<li>Desarmador plano mediano<\/li>\n<\/ol>\n<p>&nbsp;<\/p>\n<p><strong><span class=\"header-wrapper\">ESPECIFICACIONES<\/span><\/strong><\/p>\n<p>Tipo de producto:\u00a0multiherramienta<br \/>\nLargo de navaja principal: 7.37 cm<br \/>\nLargo (cerrada): 10 cm<br \/>\nPeso: 241 g<br \/>\nMateriales: acero inoxidable 420 HC<\/p>\n<p><a class=\"download-link\" href=\"https:\/\/youtu.be\/WhaIQdvVgFo\" target=\"_blank\" rel=\"noopener\"><span style=\"vertical-align: inherit;\"><span style=\"vertical-align: inherit;\"><span style=\"vertical-align: inherit;\"><span style=\"vertical-align: inherit;\">Descubre el video de la WAVE\u00ae\ufe0f+<\/span><\/span><\/span><\/span><\/a><\/p>\n<p>&nbsp;<\/p>\n<h3>\u00a1Encuentra t\u00fa <a class=\"category-link\" href=\"https:\/\/climbingstore.mx\/en\/product-category\/leatherman\/\">Leatherman<\/a> en Climbing Store!<\/h3>","protected":false},"excerpt":{"rendered":"<p>Un \u00e9xito de ventas internacional, la Wave\u00ae + cuenta con todas las herramientas esenciales, incluyendo cortadores de alambre reemplazables y duraderos.<\/p>","protected":false},"featured_media":7321,"comment_status":"open","ping_status":"closed","template":"","meta":{"_acf_changed":false,"_uag_custom_page_level_css":"","site-sidebar-layout":"default","site-content-layout":"","ast-site-content-layout":"default","site-content-style":"default","site-sidebar-style":"default","ast-global-header-display":"","ast-banner-title-visibility":"","ast-main-header-display":"","ast-hfb-above-header-display":"","ast-hfb-below-header-display":"","ast-hfb-mobile-header-display":"","site-post-title":"","ast-breadcrumbs-content":"","ast-featured-img":"","footer-sml-layout":"","theme-transparent-header-meta":"default","adv-header-id-meta":"","stick-header-meta":"","header-above-stick-meta":"","header-main-stick-meta":"","header-below-stick-meta":"","astra-migrate-meta-layouts":"set","ast-page-background-enabled":"default","ast-page-background-meta":{"desktop":{"background-color":"var(--ast-global-color-4)","background-image":"","background-repeat":"repeat","background-position":"center center","background-size":"auto","background-attachment":"scroll","background-type":"","background-media":"","overlay-type":"","overlay-color":"","overlay-opacity":"","overlay-gradient":""},"tablet":{"background-color":"","background-image":"","background-repeat":"repeat","background-position":"center center","background-size":"auto","background-attachment":"scroll","background-type":"","background-media":"","overlay-type":"","overlay-color":"","overlay-opacity":"","overlay-gradient":""},"mobile":{"background-color":"","background-image":"","background-repeat":"repeat","background-position":"center center","background-size":"auto","background-attachment":"scroll","background-type":"","background-media":"","overlay-type":"","overlay-color":"","overlay-opacity":"","overlay-gradient":""}},"ast-content-background-meta":{"desktop":{"background-color":"var(--ast-global-color-5)","background-image":"","background-repeat":"repeat","background-position":"center center","background-size":"auto","background-attachment":"scroll","background-type":"","background-media":"","overlay-type":"","overlay-color":"","overlay-opacity":"","overlay-gradient":""},"tablet":{"background-color":"var(--ast-global-color-5)","background-image":"","background-repeat":"repeat","background-position":"center center","background-size":"auto","background-attachment":"scroll","background-type":"","background-media":"","overlay-type":"","overlay-color":"","overlay-opacity":"","overlay-gradient":""},"mobile":{"background-color":"var(--ast-global-color-5)","background-image":"","background-repeat":"repeat","background-position":"center center","background-size":"auto","background-attachment":"scroll","background-type":"","background-media":"","overlay-type":"","overlay-color":"","overlay-opacity":"","overlay-gradient":""}}},"product_brand":[],"product_cat":[159],"product_tag":[],"class_list":{"0":"post-7318","1":"product","2":"type-product","3":"status-publish","4":"has-post-thumbnail","6":"product_cat-leatherman","7":"desktop-align-center","8":"tablet-align-left","9":"mobile-align-center","11":"first","12":"instock","13":"shipping-taxable","14":"purchasable","15":"product-type-simple"},"aioseo_notices":[],"acf":[],"uagb_featured_image_src":{"full":["https:\/\/climbingstore.mx\/wp-content\/uploads\/2024\/10\/wave-plus-leatherman-climbing-store.webp",1000,1000,false],"thumbnail":["https:\/\/climbingstore.mx\/wp-content\/uploads\/2024\/10\/wave-plus-leatherman-climbing-store-150x150.webp",150,150,true],"medium":["https:\/\/climbingstore.mx\/wp-content\/uploads\/2024\/10\/wave-plus-leatherman-climbing-store-300x300.webp",300,300,true],"medium_large":["https:\/\/climbingstore.mx\/wp-content\/uploads\/2024\/10\/wave-plus-leatherman-climbing-store-768x768.webp",768,768,true],"large":["https:\/\/climbingstore.mx\/wp-content\/uploads\/2024\/10\/wave-plus-leatherman-climbing-store.webp",1000,1000,false],"1536x1536":["https:\/\/climbingstore.mx\/wp-content\/uploads\/2024\/10\/wave-plus-leatherman-climbing-store.webp",1000,1000,false],"2048x2048":["https:\/\/climbingstore.mx\/wp-content\/uploads\/2024\/10\/wave-plus-leatherman-climbing-store.webp",1000,1000,false],"trp-custom-language-flag":["https:\/\/climbingstore.mx\/wp-content\/uploads\/2024\/10\/wave-plus-leatherman-climbing-store-12x12.webp",12,12,true],"woocommerce_thumbnail":["https:\/\/climbingstore.mx\/wp-content\/uploads\/2024\/10\/wave-plus-leatherman-climbing-store-600x600.webp",600,600,true],"woocommerce_single":["https:\/\/climbingstore.mx\/wp-content\/uploads\/2024\/10\/wave-plus-leatherman-climbing-store.webp",1000,1000,false],"woocommerce_gallery_thumbnail":["https:\/\/climbingstore.mx\/wp-content\/uploads\/2024\/10\/wave-plus-leatherman-climbing-store-100x100.webp",100,100,true]},"uagb_author_info":{"display_name":"Juanita Castillo","author_link":"https:\/\/climbingstore.mx\/en\/author\/"},"uagb_comment_info":0,"uagb_excerpt":"Un \u00e9xito de ventas internacional, la Wave\u00ae + cuenta con todas las herramientas esenciales, incluyendo cortadores de alambre reemplazables y duraderos.","_links":{"self":[{"href":"https:\/\/climbingstore.mx\/en\/wp-json\/wp\/v2\/product\/7318","targetHints":{"allow":["GET"]}}],"collection":[{"href":"https:\/\/climbingstore.mx\/en\/wp-json\/wp\/v2\/product"}],"about":[{"href":"https:\/\/climbingstore.mx\/en\/wp-json\/wp\/v2\/types\/product"}],"replies":[{"embeddable":true,"href":"https:\/\/climbingstore.mx\/en\/wp-json\/wp\/v2\/comments?post=7318"}],"wp:featuredmedia":[{"embeddable":true,"href":"https:\/\/climbingstore.mx\/en\/wp-json\/wp\/v2\/media\/7321"}],"wp:attachment":[{"href":"https:\/\/climbingstore.mx\/en\/wp-json\/wp\/v2\/media?parent=7318"}],"wp:term":[{"taxonomy":"product_brand","embeddable":true,"href":"https:\/\/climbingstore.mx\/en\/wp-json\/wp\/v2\/product_brand?post=7318"},{"taxonomy":"product_cat","embeddable":true,"href":"https:\/\/climbingstore.mx\/en\/wp-json\/wp\/v2\/product_cat?post=7318"},{"taxonomy":"product_tag","embeddable":true,"href":"https:\/\/climbingstore.mx\/en\/wp-json\/wp\/v2\/product_tag?post=7318"}],"curies":[{"name":"wp","href":"https:\/\/api.w.org\/{rel}","templated":true}]}}