{"id":7313,"date":"2024-10-24T17:47:04","date_gmt":"2024-10-24T23:47:04","guid":{"rendered":"https:\/\/climbingstore.mx\/?post_type=product&#038;p=7313"},"modified":"2024-10-25T15:34:30","modified_gmt":"2024-10-25T21:34:30","slug":"multi-herramienta-rebar-black","status":"publish","type":"product","link":"https:\/\/climbingstore.mx\/en\/product\/multi-herramienta-rebar-black\/","title":{"rendered":"Multi-herramienta REBAR\u00ae Black"},"content":{"rendered":"<p>Con todas las caracter\u00edsticas necesarias para enfrentar incluso los trabajos m\u00e1s desafiantes, la Rebar\u00ae destaca por su tama\u00f1o compacto y delgado, convirti\u00e9ndose en un \u00e9xito instant\u00e1neo en sitios de trabajo y proyectos dom\u00e9sticos alrededor del mundo.<\/p>\n<p>Sus alicates de refuerzo han sido optimizados para ofrecer una resistencia excepcional y cuentan con cortadores de alambre duro reemplazables, una innovaci\u00f3n en herramientas de cuatro pulgadas de Leatherman\u00ae.<\/p>\n<p>Fabricada en acero inoxidable, la multi-herramienta Rebar\u00ae refleja el compromiso de Leatherman\u00ae con la resistencia y durabilidad. Adem\u00e1s, viene respaldada por una garant\u00eda de 25 a\u00f1os, brindando tranquilidad y confianza al usuario en t\u00e9rminos de calidad y rendimiento. Es una opci\u00f3n perfecta tanto como herramienta principal como respaldo en cualquier situaci\u00f3n.<\/p>\n<p>&nbsp;<\/p>\n<h6>\u00a1No dejes pasar la oportunidad de tener tu propia Rebar\u00ae Leatherman\u00ae! Este es el momento ideal para conseguir una herramienta que une funcionalidad y calidad en un solo producto. \u00a1Aprovecha esta ocasi\u00f3n \u00fanica y mejora tu equipo hoy mismo!<\/h6>\n<p>&nbsp;<\/p>\n<p>Con 18 herramientas integradas, la multi-herramienta Rebar\u00ae se convertir\u00e1 en tu mejor aliado en cualquier proyecto que emprendas.<\/p>\n<p>Entre sus \u00fatiles caracter\u00edsticas, encontrar\u00e1s pinzas de puntas de aguja y regulares, un corta cables reemplazable y otro de uso rudo, una ponchadora de terminales el\u00e9ctricas, y dos tipos de navajas de acero 420HC: una lisa y otra aserrada. Adem\u00e1s, cuenta con pela cables, sierra, punz\u00f3n, una regla de 19 cm, un abrelatas, un destapador de botellas, una lima para metal y madera, as\u00ed como desarmadores de cruz, plano grande y plano chico.<\/p>\n<p>Con esta impresionante variedad de herramientas, la Rebar\u00ae te permitir\u00e1 afrontar cualquier desaf\u00edo con confianza y eficacia.<\/p>\n<p>&nbsp;<\/p>\n<p><img fetchpriority=\"high\" decoding=\"async\" class=\"alignright\" src=\"https:\/\/cdn.shopify.com\/s\/files\/1\/0267\/0369\/1831\/files\/02_REBAR_480x480.png?v=1619132202\" alt=\"LEA-005-086 MULTIHERRAMIENTA REBAR NEGRA #REBAR LEATHERMAN\" width=\"480\" height=\"480\" \/><\/p>\n<p><strong><span class=\"header-wrapper\">HERRAMIENTAS<\/span><\/strong><\/p>\n<ol>\n<li>Pinzas puntas de aguja<\/li>\n<li>Pinzas puntas regulares<\/li>\n<li>Corta cables reemplazable<\/li>\n<li>Corta cables uso rudo reemplazable<\/li>\n<li>Ponchadora de terminales el\u00e9ctricas<\/li>\n<li>Navaja lisa de Acero 420HC<\/li>\n<li>Navaja aserrada de Acero 420HC<\/li>\n<li>Pela cables<\/li>\n<li>Sierra<\/li>\n<li>Punz\u00f3n<\/li>\n<li>Regla de 19 cm<\/li>\n<li>Abrelatas<\/li>\n<li>Destapador de botellas<\/li>\n<li>Lima de Metal \/ Madera<\/li>\n<li>Desarmador de Cruz<\/li>\n<li>Desarmador plano grande<\/li>\n<li>Desarmador plano chico<\/li>\n<\/ol>\n<p>&nbsp;<\/p>\n<p><strong><span class=\"header-wrapper\">ESPECIFICACIONES<\/span><\/strong><\/p>\n<p>Tipo de producto:\u00a0multiherramienta<br \/>\nLargo de navaja principal: 7.3 cm<br \/>\nLargo (cerrada): 10 cm<br \/>\nPeso: 189 g<br \/>\nMateriales: acero inoxidable 420 HC<\/p>\n<p><a class=\"download-link\" href=\"https:\/\/cdn.shopify.com\/s\/files\/1\/0267\/0369\/1831\/files\/Sidekick_Wingman_Charge_Wave_Rebar_Rev.pdf?v=1592585860\" target=\"_blank\" rel=\"noopener\"><span style=\"vertical-align: inherit;\"><span style=\"vertical-align: inherit;\"><span style=\"vertical-align: inherit;\"><span style=\"vertical-align: inherit;\">Descarga el manual de usuario<\/span><\/span><\/span><\/span><\/a><\/p>\n<p><a href=\"https:\/\/youtu.be\/R0F8oae3eds\">Descubre el video de la Rebar\u00ae<\/a><\/p>\n<h3>\u00a1Encuentra t\u00fa <a class=\"category-link\" href=\"https:\/\/climbingstore.mx\/en\/product-category\/leatherman\/\">Leatherman\u00ae<\/a>\u00a0en Climbing Store!<\/h3>","protected":false},"excerpt":{"rendered":"<p>Con la Rebar, los fan\u00e1ticos de Leatherman reconocer\u00e1n de inmediato la ic\u00f3nica forma del dise\u00f1o PST original de Tim Leatherman.<\/p>","protected":false},"featured_media":7314,"comment_status":"open","ping_status":"closed","template":"","meta":{"_acf_changed":false,"_uag_custom_page_level_css":"","site-sidebar-layout":"default","site-content-layout":"","ast-site-content-layout":"default","site-content-style":"default","site-sidebar-style":"default","ast-global-header-display":"","ast-banner-title-visibility":"","ast-main-header-display":"","ast-hfb-above-header-display":"","ast-hfb-below-header-display":"","ast-hfb-mobile-header-display":"","site-post-title":"","ast-breadcrumbs-content":"","ast-featured-img":"","footer-sml-layout":"","theme-transparent-header-meta":"default","adv-header-id-meta":"","stick-header-meta":"","header-above-stick-meta":"","header-main-stick-meta":"","header-below-stick-meta":"","astra-migrate-meta-layouts":"set","ast-page-background-enabled":"default","ast-page-background-meta":{"desktop":{"background-color":"var(--ast-global-color-4)","background-image":"","background-repeat":"repeat","background-position":"center center","background-size":"auto","background-attachment":"scroll","background-type":"","background-media":"","overlay-type":"","overlay-color":"","overlay-opacity":"","overlay-gradient":""},"tablet":{"background-color":"","background-image":"","background-repeat":"repeat","background-position":"center center","background-size":"auto","background-attachment":"scroll","background-type":"","background-media":"","overlay-type":"","overlay-color":"","overlay-opacity":"","overlay-gradient":""},"mobile":{"background-color":"","background-image":"","background-repeat":"repeat","background-position":"center center","background-size":"auto","background-attachment":"scroll","background-type":"","background-media":"","overlay-type":"","overlay-color":"","overlay-opacity":"","overlay-gradient":""}},"ast-content-background-meta":{"desktop":{"background-color":"var(--ast-global-color-5)","background-image":"","background-repeat":"repeat","background-position":"center center","background-size":"auto","background-attachment":"scroll","background-type":"","background-media":"","overlay-type":"","overlay-color":"","overlay-opacity":"","overlay-gradient":""},"tablet":{"background-color":"var(--ast-global-color-5)","background-image":"","background-repeat":"repeat","background-position":"center center","background-size":"auto","background-attachment":"scroll","background-type":"","background-media":"","overlay-type":"","overlay-color":"","overlay-opacity":"","overlay-gradient":""},"mobile":{"background-color":"var(--ast-global-color-5)","background-image":"","background-repeat":"repeat","background-position":"center center","background-size":"auto","background-attachment":"scroll","background-type":"","background-media":"","overlay-type":"","overlay-color":"","overlay-opacity":"","overlay-gradient":""}}},"product_brand":[],"product_cat":[159],"product_tag":[],"class_list":{"0":"post-7313","1":"product","2":"type-product","3":"status-publish","4":"has-post-thumbnail","6":"product_cat-leatherman","7":"desktop-align-center","8":"tablet-align-left","9":"mobile-align-center","11":"first","12":"instock","13":"shipping-taxable","14":"purchasable","15":"product-type-simple"},"aioseo_notices":[],"acf":[],"uagb_featured_image_src":{"full":["https:\/\/climbingstore.mx\/wp-content\/uploads\/2024\/10\/rebar-black-leatherman-climbing-store.webp",1000,1000,false],"thumbnail":["https:\/\/climbingstore.mx\/wp-content\/uploads\/2024\/10\/rebar-black-leatherman-climbing-store-150x150.webp",150,150,true],"medium":["https:\/\/climbingstore.mx\/wp-content\/uploads\/2024\/10\/rebar-black-leatherman-climbing-store-300x300.webp",300,300,true],"medium_large":["https:\/\/climbingstore.mx\/wp-content\/uploads\/2024\/10\/rebar-black-leatherman-climbing-store-768x768.webp",768,768,true],"large":["https:\/\/climbingstore.mx\/wp-content\/uploads\/2024\/10\/rebar-black-leatherman-climbing-store.webp",1000,1000,false],"1536x1536":["https:\/\/climbingstore.mx\/wp-content\/uploads\/2024\/10\/rebar-black-leatherman-climbing-store.webp",1000,1000,false],"2048x2048":["https:\/\/climbingstore.mx\/wp-content\/uploads\/2024\/10\/rebar-black-leatherman-climbing-store.webp",1000,1000,false],"trp-custom-language-flag":["https:\/\/climbingstore.mx\/wp-content\/uploads\/2024\/10\/rebar-black-leatherman-climbing-store-12x12.webp",12,12,true],"woocommerce_thumbnail":["https:\/\/climbingstore.mx\/wp-content\/uploads\/2024\/10\/rebar-black-leatherman-climbing-store-600x600.webp",600,600,true],"woocommerce_single":["https:\/\/climbingstore.mx\/wp-content\/uploads\/2024\/10\/rebar-black-leatherman-climbing-store.webp",1000,1000,false],"woocommerce_gallery_thumbnail":["https:\/\/climbingstore.mx\/wp-content\/uploads\/2024\/10\/rebar-black-leatherman-climbing-store-100x100.webp",100,100,true]},"uagb_author_info":{"display_name":"Juanita Castillo","author_link":"https:\/\/climbingstore.mx\/en\/author\/"},"uagb_comment_info":0,"uagb_excerpt":"Con la Rebar, los fan\u00e1ticos de Leatherman reconocer\u00e1n de inmediato la ic\u00f3nica forma del dise\u00f1o PST original de Tim Leatherman.","_links":{"self":[{"href":"https:\/\/climbingstore.mx\/en\/wp-json\/wp\/v2\/product\/7313","targetHints":{"allow":["GET"]}}],"collection":[{"href":"https:\/\/climbingstore.mx\/en\/wp-json\/wp\/v2\/product"}],"about":[{"href":"https:\/\/climbingstore.mx\/en\/wp-json\/wp\/v2\/types\/product"}],"replies":[{"embeddable":true,"href":"https:\/\/climbingstore.mx\/en\/wp-json\/wp\/v2\/comments?post=7313"}],"wp:featuredmedia":[{"embeddable":true,"href":"https:\/\/climbingstore.mx\/en\/wp-json\/wp\/v2\/media\/7314"}],"wp:attachment":[{"href":"https:\/\/climbingstore.mx\/en\/wp-json\/wp\/v2\/media?parent=7313"}],"wp:term":[{"taxonomy":"product_brand","embeddable":true,"href":"https:\/\/climbingstore.mx\/en\/wp-json\/wp\/v2\/product_brand?post=7313"},{"taxonomy":"product_cat","embeddable":true,"href":"https:\/\/climbingstore.mx\/en\/wp-json\/wp\/v2\/product_cat?post=7313"},{"taxonomy":"product_tag","embeddable":true,"href":"https:\/\/climbingstore.mx\/en\/wp-json\/wp\/v2\/product_tag?post=7313"}],"curies":[{"name":"wp","href":"https:\/\/api.w.org\/{rel}","templated":true}]}}