{"id":7308,"date":"2024-10-23T17:03:39","date_gmt":"2024-10-23T23:03:39","guid":{"rendered":"https:\/\/climbingstore.mx\/?post_type=product&#038;p=7308"},"modified":"2024-10-25T15:26:53","modified_gmt":"2024-10-25T21:26:53","slug":"multi-herramienta-wingman","status":"publish","type":"product","link":"https:\/\/climbingstore.mx\/en\/product\/multi-herramienta-wingman\/","title":{"rendered":"Multi-herramienta WINGMAN\u00ae Stainless"},"content":{"rendered":"<p>La Wingman\u00ae presenta una navaja de apertura con una sola mano accesible al exterior y mordazas de acci\u00f3n de resorte redise\u00f1adas.<\/p>\n<p>Cuenta con muchas herramientas \u00fatiles y respaldado por un equipo de dise\u00f1adores, ensambladores y personal de fabricaci\u00f3n de Portland, Oregon, este es un valor incre\u00edble.<\/p>\n<p>Adem\u00e1s, viene equipado con una pr\u00e1ctica funda de nylon que te permite llevarla de manera segura y tambi\u00e9n un mosquet\u00f3n que te permite colgarla f\u00e1cilmente en tu equipo o en tu llavero.<\/p>\n<p>La multi-herramienta Wingman\u00ae est\u00e1 hecha de acero inoxidable ligera y de bolsillo, es por ello que Leatherman\u00ae garantiza su resistencia y durabilidad.<\/p>\n<p>Adem\u00e1s, cuenta con una garant\u00eda de 25 a\u00f1os, lo que brinda tranquilidad y confianza al usuario en t\u00e9rminos de calidad y rendimiento. Ya sea como tu primera opci\u00f3n o como una copia de seguridad.<\/p>\n<p>&nbsp;<\/p>\n<h6>\u00a1Este es el momento ideal para conseguir una herramienta que une funcionalidad y calidad! No dejes pasar esta oportunidad \u00fanica.<\/h6>\n<p>&nbsp;<\/p>\n<p>Con 14 herramientas integradas, la multi-herramienta Wingman\u00ae ser\u00e1 tu mejor aliado en cualquier proyecto que te propongas. Ya sea para proyectos en la casa, en el trabajo o en el campamento, todo lo que necesitas al alcance de tu mano.<\/p>\n<p>Entre las herramientas incluidas en la Wingman\u00ae se encuentran pinzas de puntas de aguja, pinzas de puntas regulares, corta cables, pela cables, navaja combinada, tijeras, abre cajas, regla, abre latas, destapador de botellas, lima para metal y madera, desarmador de cruz, desarmador plano mediano y mini desarmador. Por lo tanto, con esta variedad de herramientas, estar\u00e1s preparado para enfrentar cualquier trabajo que se presente en tu d\u00eda a d\u00eda.<\/p>\n<p>&nbsp;<\/p>\n<p><img fetchpriority=\"high\" decoding=\"async\" class=\"alignright\" src=\"https:\/\/cdn.shopify.com\/s\/files\/1\/0267\/0369\/1831\/files\/10_WIGMAN_480x480.png?v=1619122984\" alt=\"LEA-005-033 MULTI-HERRAMIENTA #WINGMAN LEATHERMAN\" width=\"480\" height=\"480\" \/><\/p>\n<p><strong><span class=\"header-wrapper\">HERRAMIENTAS<\/span><\/strong><\/p>\n<ol>\n<li>Pinzas puntas de aguja<\/li>\n<li>Pinzas puntas regulares<\/li>\n<li>Corta cables<\/li>\n<li>Pela cables<\/li>\n<li>Navaja combinada<\/li>\n<li>Tijeras<\/li>\n<li>Abre cajas<\/li>\n<li>Regla<\/li>\n<li>Abre latas<\/li>\n<li>Destapador de botellas<\/li>\n<li>Lima para metal y madera<\/li>\n<li>Desarmador de cruz<\/li>\n<li>Desarmador plano mediano<\/li>\n<li>Mini desarmador<\/li>\n<\/ol>\n<p>&nbsp;<\/p>\n<p><strong><span class=\"header-wrapper\">ESPECIFICACIONES<\/span><\/strong><\/p>\n<p>Tipo de producto:\u00a0multiherramienta<br \/>\nLargo de navaja: 6.6 cm<br \/>\nLargo (cerrada): 9.7 cm<br \/>\nPeso: 198 g<br \/>\nMateriales: acero inoxidable 420 HC<\/p>\n<p><a class=\"download-link\" href=\"https:\/\/cdn.shopify.com\/s\/files\/1\/0267\/0369\/1831\/files\/Sidekick_Wingman_Charge_Wave_Rebar_Rev.pdf?v=1592585860\" target=\"_blank\" rel=\"noopener\"><span style=\"vertical-align: inherit;\"><span style=\"vertical-align: inherit;\"><span style=\"vertical-align: inherit;\"><span style=\"vertical-align: inherit;\">Descarga el manual de usuario<\/span><\/span><\/span><\/span><\/a><\/p>\n<p><a href=\"https:\/\/youtu.be\/VKkWXwGt7zQ\">Descubre el video de la Wingman\u00ae<\/a><\/p>\n<h3>\u00a1Encuentra t\u00fa <a class=\"category-link\" href=\"https:\/\/climbingstore.mx\/en\/product-category\/leatherman\/\">Leatherman\u00ae<\/a> en Climbing Store!<\/h3>","protected":false},"excerpt":{"rendered":"<p>La Leatherman Wingman ser\u00e1 tu herramienta de referencia para proyectos en la casa, en el trabajo o en el campamento.<\/p>","protected":false},"featured_media":7310,"comment_status":"open","ping_status":"closed","template":"","meta":{"_acf_changed":false,"_uag_custom_page_level_css":"","site-sidebar-layout":"default","site-content-layout":"","ast-site-content-layout":"default","site-content-style":"default","site-sidebar-style":"default","ast-global-header-display":"","ast-banner-title-visibility":"","ast-main-header-display":"","ast-hfb-above-header-display":"","ast-hfb-below-header-display":"","ast-hfb-mobile-header-display":"","site-post-title":"","ast-breadcrumbs-content":"","ast-featured-img":"","footer-sml-layout":"","theme-transparent-header-meta":"default","adv-header-id-meta":"","stick-header-meta":"","header-above-stick-meta":"","header-main-stick-meta":"","header-below-stick-meta":"","astra-migrate-meta-layouts":"set","ast-page-background-enabled":"default","ast-page-background-meta":{"desktop":{"background-color":"var(--ast-global-color-4)","background-image":"","background-repeat":"repeat","background-position":"center center","background-size":"auto","background-attachment":"scroll","background-type":"","background-media":"","overlay-type":"","overlay-color":"","overlay-opacity":"","overlay-gradient":""},"tablet":{"background-color":"","background-image":"","background-repeat":"repeat","background-position":"center center","background-size":"auto","background-attachment":"scroll","background-type":"","background-media":"","overlay-type":"","overlay-color":"","overlay-opacity":"","overlay-gradient":""},"mobile":{"background-color":"","background-image":"","background-repeat":"repeat","background-position":"center center","background-size":"auto","background-attachment":"scroll","background-type":"","background-media":"","overlay-type":"","overlay-color":"","overlay-opacity":"","overlay-gradient":""}},"ast-content-background-meta":{"desktop":{"background-color":"var(--ast-global-color-5)","background-image":"","background-repeat":"repeat","background-position":"center center","background-size":"auto","background-attachment":"scroll","background-type":"","background-media":"","overlay-type":"","overlay-color":"","overlay-opacity":"","overlay-gradient":""},"tablet":{"background-color":"var(--ast-global-color-5)","background-image":"","background-repeat":"repeat","background-position":"center center","background-size":"auto","background-attachment":"scroll","background-type":"","background-media":"","overlay-type":"","overlay-color":"","overlay-opacity":"","overlay-gradient":""},"mobile":{"background-color":"var(--ast-global-color-5)","background-image":"","background-repeat":"repeat","background-position":"center center","background-size":"auto","background-attachment":"scroll","background-type":"","background-media":"","overlay-type":"","overlay-color":"","overlay-opacity":"","overlay-gradient":""}}},"product_brand":[],"product_cat":[159],"product_tag":[],"class_list":{"0":"post-7308","1":"product","2":"type-product","3":"status-publish","4":"has-post-thumbnail","6":"product_cat-leatherman","7":"desktop-align-center","8":"tablet-align-left","9":"mobile-align-center","11":"first","12":"instock","13":"shipping-taxable","14":"purchasable","15":"product-type-simple"},"aioseo_notices":[],"acf":[],"uagb_featured_image_src":{"full":["https:\/\/climbingstore.mx\/wp-content\/uploads\/2024\/10\/wingman-leatherman-climbing-store.webp",1000,1000,false],"thumbnail":["https:\/\/climbingstore.mx\/wp-content\/uploads\/2024\/10\/wingman-leatherman-climbing-store-150x150.webp",150,150,true],"medium":["https:\/\/climbingstore.mx\/wp-content\/uploads\/2024\/10\/wingman-leatherman-climbing-store-300x300.webp",300,300,true],"medium_large":["https:\/\/climbingstore.mx\/wp-content\/uploads\/2024\/10\/wingman-leatherman-climbing-store-768x768.webp",768,768,true],"large":["https:\/\/climbingstore.mx\/wp-content\/uploads\/2024\/10\/wingman-leatherman-climbing-store.webp",1000,1000,false],"1536x1536":["https:\/\/climbingstore.mx\/wp-content\/uploads\/2024\/10\/wingman-leatherman-climbing-store.webp",1000,1000,false],"2048x2048":["https:\/\/climbingstore.mx\/wp-content\/uploads\/2024\/10\/wingman-leatherman-climbing-store.webp",1000,1000,false],"trp-custom-language-flag":["https:\/\/climbingstore.mx\/wp-content\/uploads\/2024\/10\/wingman-leatherman-climbing-store-12x12.webp",12,12,true],"woocommerce_thumbnail":["https:\/\/climbingstore.mx\/wp-content\/uploads\/2024\/10\/wingman-leatherman-climbing-store-600x600.webp",600,600,true],"woocommerce_single":["https:\/\/climbingstore.mx\/wp-content\/uploads\/2024\/10\/wingman-leatherman-climbing-store.webp",1000,1000,false],"woocommerce_gallery_thumbnail":["https:\/\/climbingstore.mx\/wp-content\/uploads\/2024\/10\/wingman-leatherman-climbing-store-100x100.webp",100,100,true]},"uagb_author_info":{"display_name":"Juanita Castillo","author_link":"https:\/\/climbingstore.mx\/en\/author\/"},"uagb_comment_info":0,"uagb_excerpt":"La Leatherman Wingman ser\u00e1 tu herramienta de referencia para proyectos en la casa, en el trabajo o en el campamento.","_links":{"self":[{"href":"https:\/\/climbingstore.mx\/en\/wp-json\/wp\/v2\/product\/7308","targetHints":{"allow":["GET"]}}],"collection":[{"href":"https:\/\/climbingstore.mx\/en\/wp-json\/wp\/v2\/product"}],"about":[{"href":"https:\/\/climbingstore.mx\/en\/wp-json\/wp\/v2\/types\/product"}],"replies":[{"embeddable":true,"href":"https:\/\/climbingstore.mx\/en\/wp-json\/wp\/v2\/comments?post=7308"}],"wp:featuredmedia":[{"embeddable":true,"href":"https:\/\/climbingstore.mx\/en\/wp-json\/wp\/v2\/media\/7310"}],"wp:attachment":[{"href":"https:\/\/climbingstore.mx\/en\/wp-json\/wp\/v2\/media?parent=7308"}],"wp:term":[{"taxonomy":"product_brand","embeddable":true,"href":"https:\/\/climbingstore.mx\/en\/wp-json\/wp\/v2\/product_brand?post=7308"},{"taxonomy":"product_cat","embeddable":true,"href":"https:\/\/climbingstore.mx\/en\/wp-json\/wp\/v2\/product_cat?post=7308"},{"taxonomy":"product_tag","embeddable":true,"href":"https:\/\/climbingstore.mx\/en\/wp-json\/wp\/v2\/product_tag?post=7308"}],"curies":[{"name":"wp","href":"https:\/\/api.w.org\/{rel}","templated":true}]}}