{"id":7164,"date":"2024-03-07T17:29:46","date_gmt":"2024-03-07T23:29:46","guid":{"rendered":"https:\/\/climbingstore.mx\/?post_type=product&#038;p=7164"},"modified":"2024-10-25T15:34:51","modified_gmt":"2024-10-25T21:34:51","slug":"sidekick%ef%b8%8f","status":"publish","type":"product","link":"https:\/\/climbingstore.mx\/en\/product\/sidekick%ef%b8%8f\/","title":{"rendered":"Multi-herramienta SIDEKICK\u00ae\ufe0f Stainless"},"content":{"rendered":"<p>La multi-herramienta Sidekick\u00ae\u00a0Leatherman\u00ae\ufe0f es una excelente opci\u00f3n para aquellos usuarios que est\u00e1n buscando una herramienta pr\u00e1ctica.<\/p>\n<p>Adem\u00e1s debes saber es que cuenta con un dise\u00f1o ergon\u00f3mico y caracter\u00edsticas innovadoras que hacen que sea una opci\u00f3n conveniente para proyectos de todo tipo.<\/p>\n<p>Ya que con su f\u00e1cil apertura brinda una gran comodidad y facilidad de uso gracias a su sistema de apertura con una sola mano y mangos redondeados que proporcionan un agarre c\u00f3modo.<\/p>\n<p>Adem\u00e1s, viene equipado con una pr\u00e1ctica funda de nylon que te permite llevarla de manera segura y tambi\u00e9n un mosquet\u00f3n que te permite colgarla f\u00e1cilmente en tu equipo o en tu llavero.<\/p>\n<p>La multi-herramienta Sidekick\u00ae est\u00e1 hecha de acero inoxidable, es por ello que Leatherman\u00ae garantiza su resistencia y durabilidad.<\/p>\n<p>Adem\u00e1s, cuenta con una garant\u00eda de 25 a\u00f1os, lo que brinda tranquilidad y confianza al usuario en t\u00e9rminos de calidad y rendimiento. Ya sea como tu primera opci\u00f3n o como una copia de seguridad.<\/p>\n<p>&nbsp;<\/p>\n<h6>\u00a1Es por ello que debes aprovechar esta oportunidad para obtener tu propia Sidekick\u00ae Leatherman\u00ae!<\/h6>\n<p>&nbsp;<\/p>\n<p>Con 14 herramientas integradas, la multi-herramienta Sidekick\u00ae ser\u00e1 tu mejor aliado en cualquier proyecto que te propongas. Ya sea que est\u00e9s acampando, realizando trabajos de bricolaje en casa o enfrent\u00e1ndote a situaciones de emergencia, todo lo que necesitas al alcance de tu mano.<\/p>\n<p>Entre las herramientas incluidas en la Sidekick\u00ae se encuentran alicates de punta fina, alicates comunes, cortadores de alambre, navajas, abrelatas, destornillador Phillips, destornillador de cabeza plana peque\u00f1o y mediano, regla, lima, abrebotellas y un abridor de paquetes. Por lo tanto, con esta variedad de herramientas, estar\u00e1s preparado para enfrentar cualquier trabajo que se presente en tu d\u00eda a d\u00eda.<\/p>\n<p>&nbsp;<\/p>\n<p><img fetchpriority=\"high\" decoding=\"async\" class=\"alignright\" src=\"https:\/\/cdn.shopify.com\/s\/files\/1\/0267\/0369\/1831\/files\/07_SODEKICK_480x480.png?v=1619132434\" alt=\"LEA-005-035 MULTI-HERRAMIENTA #SIDEKICK LEATHERMAN\" width=\"480\" height=\"480\" \/><\/p>\n<p><strong><span class=\"header-wrapper\">HERRAMIENTAS<\/span><\/strong><\/p>\n<ol>\n<li>Pinzas puntas de aguja<\/li>\n<li>Pinzas puntas regulares<\/li>\n<li>Corta cables<\/li>\n<li>Pela cables<\/li>\n<li>Navaja lisa<\/li>\n<li>Navaja aserrada<\/li>\n<li>Sierra<\/li>\n<li>Regla<\/li>\n<li>Abre latas<\/li>\n<li>Destapador de botellas<\/li>\n<li>Lima para metal y madera<\/li>\n<li>Desarmador de cruz<\/li>\n<li>Desarmador plano mediano<\/li>\n<li>Mini desarmador<\/li>\n<\/ol>\n<p>&nbsp;<\/p>\n<p><strong><span class=\"header-wrapper\">ESPECIFICACIONES<\/span><\/strong><\/p>\n<p>Tipo de producto:\u00a0multiherramienta<br \/>\nLargo de navaja: 6.6 cm<br \/>\nLargo (cerrada): 9.7 cm<br \/>\nPeso: 198 g<br \/>\nMateriales: acero inoxidable 420 HC<\/p>\n<p><a class=\"download-link\" href=\"https:\/\/cdn.shopify.com\/s\/files\/1\/0267\/0369\/1831\/files\/Sidekick_Wingman_Charge_Wave_Rebar_Rev.pdf?v=1592585860\" target=\"_blank\" rel=\"noopener\"><span style=\"vertical-align: inherit;\"><span style=\"vertical-align: inherit;\"><span style=\"vertical-align: inherit;\"><span style=\"vertical-align: inherit;\">Descarga el manual de usuario<\/span><\/span><\/span><\/span><\/a><\/p>\n<p><a href=\"https:\/\/youtu.be\/R0F8oae3eds\">Descubre el video de la\u00a0Sidekick\u00ae<\/a><\/p>\n<h3>\u00a1Encuentra t\u00fa <a class=\"category-link\" href=\"https:\/\/climbingstore.mx\/en\/product-category\/leatherman\/\">Leatherman\u00ae<\/a> en Climbing Store!<\/h3>","protected":false},"excerpt":{"rendered":"<p>Sidekick Leatherman, pr\u00e1ctica multi-herramienta de bolsillo de acero inoxidable y respaldada por una garant\u00eda de 25 a\u00f1os.<\/p>","protected":false},"featured_media":7166,"comment_status":"open","ping_status":"closed","template":"","meta":{"_acf_changed":false,"_uag_custom_page_level_css":"","site-sidebar-layout":"default","site-content-layout":"","ast-site-content-layout":"default","site-content-style":"default","site-sidebar-style":"default","ast-global-header-display":"","ast-banner-title-visibility":"","ast-main-header-display":"","ast-hfb-above-header-display":"","ast-hfb-below-header-display":"","ast-hfb-mobile-header-display":"","site-post-title":"","ast-breadcrumbs-content":"","ast-featured-img":"","footer-sml-layout":"","theme-transparent-header-meta":"default","adv-header-id-meta":"","stick-header-meta":"","header-above-stick-meta":"","header-main-stick-meta":"","header-below-stick-meta":"","astra-migrate-meta-layouts":"set","ast-page-background-enabled":"default","ast-page-background-meta":{"desktop":{"background-color":"var(--ast-global-color-4)","background-image":"","background-repeat":"repeat","background-position":"center center","background-size":"auto","background-attachment":"scroll","background-type":"","background-media":"","overlay-type":"","overlay-color":"","overlay-opacity":"","overlay-gradient":""},"tablet":{"background-color":"","background-image":"","background-repeat":"repeat","background-position":"center center","background-size":"auto","background-attachment":"scroll","background-type":"","background-media":"","overlay-type":"","overlay-color":"","overlay-opacity":"","overlay-gradient":""},"mobile":{"background-color":"","background-image":"","background-repeat":"repeat","background-position":"center center","background-size":"auto","background-attachment":"scroll","background-type":"","background-media":"","overlay-type":"","overlay-color":"","overlay-opacity":"","overlay-gradient":""}},"ast-content-background-meta":{"desktop":{"background-color":"var(--ast-global-color-5)","background-image":"","background-repeat":"repeat","background-position":"center center","background-size":"auto","background-attachment":"scroll","background-type":"","background-media":"","overlay-type":"","overlay-color":"","overlay-opacity":"","overlay-gradient":""},"tablet":{"background-color":"var(--ast-global-color-5)","background-image":"","background-repeat":"repeat","background-position":"center center","background-size":"auto","background-attachment":"scroll","background-type":"","background-media":"","overlay-type":"","overlay-color":"","overlay-opacity":"","overlay-gradient":""},"mobile":{"background-color":"var(--ast-global-color-5)","background-image":"","background-repeat":"repeat","background-position":"center center","background-size":"auto","background-attachment":"scroll","background-type":"","background-media":"","overlay-type":"","overlay-color":"","overlay-opacity":"","overlay-gradient":""}}},"product_brand":[],"product_cat":[159],"product_tag":[],"class_list":{"0":"post-7164","1":"product","2":"type-product","3":"status-publish","4":"has-post-thumbnail","6":"product_cat-leatherman","7":"desktop-align-center","8":"tablet-align-left","9":"mobile-align-center","11":"first","12":"instock","13":"shipping-taxable","14":"purchasable","15":"product-type-simple"},"aioseo_notices":[],"acf":[],"uagb_featured_image_src":{"full":["https:\/\/climbingstore.mx\/wp-content\/uploads\/2024\/03\/sidekick-leatherman-climbing-store.webp",1000,1000,false],"thumbnail":["https:\/\/climbingstore.mx\/wp-content\/uploads\/2024\/03\/sidekick-leatherman-climbing-store-150x150.webp",150,150,true],"medium":["https:\/\/climbingstore.mx\/wp-content\/uploads\/2024\/03\/sidekick-leatherman-climbing-store-300x300.webp",300,300,true],"medium_large":["https:\/\/climbingstore.mx\/wp-content\/uploads\/2024\/03\/sidekick-leatherman-climbing-store-768x768.webp",768,768,true],"large":["https:\/\/climbingstore.mx\/wp-content\/uploads\/2024\/03\/sidekick-leatherman-climbing-store.webp",1000,1000,false],"1536x1536":["https:\/\/climbingstore.mx\/wp-content\/uploads\/2024\/03\/sidekick-leatherman-climbing-store.webp",1000,1000,false],"2048x2048":["https:\/\/climbingstore.mx\/wp-content\/uploads\/2024\/03\/sidekick-leatherman-climbing-store.webp",1000,1000,false],"trp-custom-language-flag":["https:\/\/climbingstore.mx\/wp-content\/uploads\/2024\/03\/sidekick-leatherman-climbing-store-12x12.webp",12,12,true],"woocommerce_thumbnail":["https:\/\/climbingstore.mx\/wp-content\/uploads\/2024\/03\/sidekick-leatherman-climbing-store-600x600.webp",600,600,true],"woocommerce_single":["https:\/\/climbingstore.mx\/wp-content\/uploads\/2024\/03\/sidekick-leatherman-climbing-store.webp",1000,1000,false],"woocommerce_gallery_thumbnail":["https:\/\/climbingstore.mx\/wp-content\/uploads\/2024\/03\/sidekick-leatherman-climbing-store-100x100.webp",100,100,true]},"uagb_author_info":{"display_name":"Juanita Castillo","author_link":"https:\/\/climbingstore.mx\/en\/author\/"},"uagb_comment_info":0,"uagb_excerpt":"Sidekick Leatherman, pr\u00e1ctica multi-herramienta de bolsillo de acero inoxidable y respaldada por una garant\u00eda de 25 a\u00f1os.","_links":{"self":[{"href":"https:\/\/climbingstore.mx\/en\/wp-json\/wp\/v2\/product\/7164","targetHints":{"allow":["GET"]}}],"collection":[{"href":"https:\/\/climbingstore.mx\/en\/wp-json\/wp\/v2\/product"}],"about":[{"href":"https:\/\/climbingstore.mx\/en\/wp-json\/wp\/v2\/types\/product"}],"replies":[{"embeddable":true,"href":"https:\/\/climbingstore.mx\/en\/wp-json\/wp\/v2\/comments?post=7164"}],"wp:featuredmedia":[{"embeddable":true,"href":"https:\/\/climbingstore.mx\/en\/wp-json\/wp\/v2\/media\/7166"}],"wp:attachment":[{"href":"https:\/\/climbingstore.mx\/en\/wp-json\/wp\/v2\/media?parent=7164"}],"wp:term":[{"taxonomy":"product_brand","embeddable":true,"href":"https:\/\/climbingstore.mx\/en\/wp-json\/wp\/v2\/product_brand?post=7164"},{"taxonomy":"product_cat","embeddable":true,"href":"https:\/\/climbingstore.mx\/en\/wp-json\/wp\/v2\/product_cat?post=7164"},{"taxonomy":"product_tag","embeddable":true,"href":"https:\/\/climbingstore.mx\/en\/wp-json\/wp\/v2\/product_tag?post=7164"}],"curies":[{"name":"wp","href":"https:\/\/api.w.org\/{rel}","templated":true}]}}