{"id":6956,"date":"2023-06-12T16:48:58","date_gmt":"2023-06-12T22:48:58","guid":{"rendered":"https:\/\/climbingstore.mx\/?post_type=product&#038;p=6956"},"modified":"2025-05-07T12:01:05","modified_gmt":"2025-05-07T18:01:05","slug":"dual-canyon-guide","status":"publish","type":"product","link":"https:\/\/climbingstore.mx\/en\/product\/dual-canyon-guide\/","title":{"rendered":"DUAL CANYON GUIDE"},"content":{"rendered":"<p>Dise\u00f1ado para el descenso de barrancos, el DUAL CANYON GUIDE es un elemento de amarre f\u00e1cil de utilizar destinado a los practicantes independientes y a los gu\u00edas. Permite la progresi\u00f3n por un pasamanos con fraccionamientos y la sujeci\u00f3n \u00f3ptima en la reuni\u00f3n. Se instala directamente en el eje del punto de enganche con cierre del arn\u00e9s CANYON GUIDE. El bloqueador ADJUST ofrece una regulaci\u00f3n f\u00e1cil y r\u00e1pida, gracias a su forma ergon\u00f3mica. Las fundas pl\u00e1sticas mantienen los mosquetones en posici\u00f3n y protegen las costuras de la abrasi\u00f3n.<\/p>\n<h3>Descripci\u00f3n<\/h3>\n<div class=\"list\">\n<ul>\n<li>Elemento de amarre f\u00e1cil de utilizar destinado a los practicantes independientes y a los gu\u00edas de descenso de barrancos:<br \/>\n&#8211; Se instala directamente en el eje del punto de enganche con cierre del arn\u00e9s CANYON GUIDE para reducir el volumen.<br \/>\n&#8211; Regulaci\u00f3n f\u00e1cil y r\u00e1pida del cabo regulable, con una sola mano, gracias al bloqueador ADJUST.<br \/>\n&#8211; Facilidad de mosquetoneo por la sujeci\u00f3n de los conectores en posici\u00f3n, gracias al casquillo TANGA en el cabo regulable y a la funda pl\u00e1stica en el cabo fijo.<\/li>\n<li>Polivalencia de utilizaci\u00f3n:<br \/>\n&#8211; En la reuni\u00f3n: cabo regulable que permite ajustar la longitud del elemento de amarre para una sujeci\u00f3n \u00f3ptima.<br \/>\n&#8211; Durante la progresi\u00f3n por un pasamanos: el cabo fijo y el cabo regulable de la misma longitud permiten un aseguramiento m\u00e1s f\u00e1cil durante el paso de fraccionamientos.<\/li>\n<li>Durabilidad:<br \/>\n&#8211; Fundas pl\u00e1sticas en la punta de los cabos que permiten proteger las costuras de la abrasi\u00f3n.<br \/>\n&#8211; Marcado de identificaci\u00f3n individual en la funda pl\u00e1stica para controlar el equipo a lo largo de su vida \u00fatil.<\/li>\n<li>Elemento de amarre de cuerda din\u00e1mica para limitar la fuerza transmitida al usuario en caso de ca\u00edda de poca altura (1).(1) Utilizaci\u00f3n por debajo del punto de anclaje: los elementos de amarre de sujeci\u00f3n no disponen de absorbedor de energ\u00eda. Estos elementos de amarre deben ser utilizados solamente cuando el riesgo de ca\u00edda comporte un factor de ca\u00edda inferior a 1.<\/li>\n<\/ul>\n<\/div>\n<h3>Caracter\u00edsticas<\/h3>\n<div class=\"list\">\n<ul>\n<li>Materiales: cuerda de poliamida, fundas de poliuretano termopl\u00e1stico (TPU), bloqueador ADJUST de aluminio y casquillo TANGA de elast\u00f3mero termopl\u00e1stico (TPE)<\/li>\n<li>Longitud del cabo fijo: 65 cm<\/li>\n<li>Longitud del cabo regulable: 15 a 80 cm<\/li>\n<li>Peso: 175 g<\/li>\n<li>Certificaciones: CE, UKCA, UIAA 109<\/li>\n<\/ul>\n<\/div>","protected":false},"excerpt":{"rendered":"<p>Elemento de amarre doble regulable para descenso de barrancos<\/p>","protected":false},"featured_media":7263,"comment_status":"open","ping_status":"closed","template":"","meta":{"_acf_changed":false,"_uag_custom_page_level_css":"","site-sidebar-layout":"default","site-content-layout":"default","ast-site-content-layout":"default","site-content-style":"default","site-sidebar-style":"default","ast-global-header-display":"","ast-banner-title-visibility":"","ast-main-header-display":"","ast-hfb-above-header-display":"","ast-hfb-below-header-display":"","ast-hfb-mobile-header-display":"","site-post-title":"","ast-breadcrumbs-content":"","ast-featured-img":"","footer-sml-layout":"","theme-transparent-header-meta":"default","adv-header-id-meta":"","stick-header-meta":"","header-above-stick-meta":"","header-main-stick-meta":"","header-below-stick-meta":"","astra-migrate-meta-layouts":"set","ast-page-background-enabled":"default","ast-page-background-meta":{"desktop":{"background-color":"var(--ast-global-color-4)","background-image":"","background-repeat":"repeat","background-position":"center center","background-size":"auto","background-attachment":"scroll","background-type":"","background-media":"","overlay-type":"","overlay-color":"","overlay-opacity":"","overlay-gradient":""},"tablet":{"background-color":"","background-image":"","background-repeat":"repeat","background-position":"center center","background-size":"auto","background-attachment":"scroll","background-type":"","background-media":"","overlay-type":"","overlay-color":"","overlay-opacity":"","overlay-gradient":""},"mobile":{"background-color":"","background-image":"","background-repeat":"repeat","background-position":"center center","background-size":"auto","background-attachment":"scroll","background-type":"","background-media":"","overlay-type":"","overlay-color":"","overlay-opacity":"","overlay-gradient":""}},"ast-content-background-meta":{"desktop":{"background-color":"var(--ast-global-color-5)","background-image":"","background-repeat":"repeat","background-position":"center center","background-size":"auto","background-attachment":"scroll","background-type":"","background-media":"","overlay-type":"","overlay-color":"","overlay-opacity":"","overlay-gradient":""},"tablet":{"background-color":"var(--ast-global-color-5)","background-image":"","background-repeat":"repeat","background-position":"center center","background-size":"auto","background-attachment":"scroll","background-type":"","background-media":"","overlay-type":"","overlay-color":"","overlay-opacity":"","overlay-gradient":""},"mobile":{"background-color":"var(--ast-global-color-5)","background-image":"","background-repeat":"repeat","background-position":"center center","background-size":"auto","background-attachment":"scroll","background-type":"","background-media":"","overlay-type":"","overlay-color":"","overlay-opacity":"","overlay-gradient":""}}},"product_brand":[],"product_cat":[132,115,139],"product_tag":[],"class_list":{"0":"post-6956","1":"product","2":"type-product","3":"status-publish","4":"has-post-thumbnail","6":"product_cat-petzl-sport","7":"product_cat-sport","8":"product_cat-elementos-amarre-sport","9":"desktop-align-center","10":"tablet-align-left","11":"mobile-align-center","13":"first","14":"instock","15":"shipping-taxable","16":"purchasable","17":"product-type-simple"},"aioseo_notices":[],"acf":[],"uagb_featured_image_src":{"full":["https:\/\/climbingstore.mx\/wp-content\/uploads\/2023\/06\/ASEGURADORES-Y-DESCENSORES.jpg",1000,1000,false],"thumbnail":["https:\/\/climbingstore.mx\/wp-content\/uploads\/2023\/06\/ASEGURADORES-Y-DESCENSORES-150x150.jpg",150,150,true],"medium":["https:\/\/climbingstore.mx\/wp-content\/uploads\/2023\/06\/ASEGURADORES-Y-DESCENSORES-300x300.jpg",300,300,true],"medium_large":["https:\/\/climbingstore.mx\/wp-content\/uploads\/2023\/06\/ASEGURADORES-Y-DESCENSORES-768x768.jpg",768,768,true],"large":["https:\/\/climbingstore.mx\/wp-content\/uploads\/2023\/06\/ASEGURADORES-Y-DESCENSORES.jpg",1000,1000,false],"1536x1536":["https:\/\/climbingstore.mx\/wp-content\/uploads\/2023\/06\/ASEGURADORES-Y-DESCENSORES.jpg",1000,1000,false],"2048x2048":["https:\/\/climbingstore.mx\/wp-content\/uploads\/2023\/06\/ASEGURADORES-Y-DESCENSORES.jpg",1000,1000,false],"trp-custom-language-flag":["https:\/\/climbingstore.mx\/wp-content\/uploads\/2023\/06\/ASEGURADORES-Y-DESCENSORES-12x12.jpg",12,12,true],"woocommerce_thumbnail":["https:\/\/climbingstore.mx\/wp-content\/uploads\/2023\/06\/ASEGURADORES-Y-DESCENSORES-600x600.jpg",600,600,true],"woocommerce_single":["https:\/\/climbingstore.mx\/wp-content\/uploads\/2023\/06\/ASEGURADORES-Y-DESCENSORES.jpg",1000,1000,false],"woocommerce_gallery_thumbnail":["https:\/\/climbingstore.mx\/wp-content\/uploads\/2023\/06\/ASEGURADORES-Y-DESCENSORES-100x100.jpg",100,100,true]},"uagb_author_info":{"display_name":"Juanita Castillo","author_link":"https:\/\/climbingstore.mx\/en\/author\/"},"uagb_comment_info":0,"uagb_excerpt":"Elemento de amarre doble regulable para descenso de barrancos","_links":{"self":[{"href":"https:\/\/climbingstore.mx\/en\/wp-json\/wp\/v2\/product\/6956","targetHints":{"allow":["GET"]}}],"collection":[{"href":"https:\/\/climbingstore.mx\/en\/wp-json\/wp\/v2\/product"}],"about":[{"href":"https:\/\/climbingstore.mx\/en\/wp-json\/wp\/v2\/types\/product"}],"replies":[{"embeddable":true,"href":"https:\/\/climbingstore.mx\/en\/wp-json\/wp\/v2\/comments?post=6956"}],"wp:featuredmedia":[{"embeddable":true,"href":"https:\/\/climbingstore.mx\/en\/wp-json\/wp\/v2\/media\/7263"}],"wp:attachment":[{"href":"https:\/\/climbingstore.mx\/en\/wp-json\/wp\/v2\/media?parent=6956"}],"wp:term":[{"taxonomy":"product_brand","embeddable":true,"href":"https:\/\/climbingstore.mx\/en\/wp-json\/wp\/v2\/product_brand?post=6956"},{"taxonomy":"product_cat","embeddable":true,"href":"https:\/\/climbingstore.mx\/en\/wp-json\/wp\/v2\/product_cat?post=6956"},{"taxonomy":"product_tag","embeddable":true,"href":"https:\/\/climbingstore.mx\/en\/wp-json\/wp\/v2\/product_tag?post=6956"}],"curies":[{"name":"wp","href":"https:\/\/api.w.org\/{rel}","templated":true}]}}