{"id":6950,"date":"2023-06-12T16:37:15","date_gmt":"2023-06-12T22:37:15","guid":{"rendered":"https:\/\/climbingstore.mx\/?post_type=product&#038;p=6950"},"modified":"2025-05-07T12:04:00","modified_gmt":"2025-05-07T18:04:00","slug":"dual-connect-vario","status":"publish","type":"product","link":"https:\/\/climbingstore.mx\/en\/product\/dual-connect-vario\/","title":{"rendered":"DUAL CONNECT VARIO"},"content":{"rendered":"<div class=\"productDescription\">\n<div class=\"productCaracteristiquesPosition inlineblock\">\n<p class=\"productCaracteristiques inlineblock\">El DUAL CONNECT VARIO es un elemento de amarre regulable dise\u00f1ado para la escalada en grandes itinerarios, el alpinismo y el descenso de barrancos. Polivalente, se puede utilizar para autoasegurarse, instalar un sistema de r\u00e1pel o una reuni\u00f3n triangulada. El cabo regulable permite ajustar la longitud m\u00e1s adecuada para las manipulaciones de r\u00e1pel o la triangulaci\u00f3n de la reuni\u00f3n. Gracias a su forma ergon\u00f3mica, el bloqueador ADJUST ofrece una regulaci\u00f3n f\u00e1cil y r\u00e1pida con una sola mano.<\/p>\n<h3>Descripci\u00f3n<\/h3>\n<div class=\"list\">\n<ul>\n<li>Polivalencia de utilizaci\u00f3n: en escalada, alpinismo y descenso de barrancos:<br \/>\n&#8211; Se puede utilizar como elemento de amarre doble para autoasegurarse, instalar un sistema de r\u00e1pel o desplazarse por un pasamanos.<br \/>\n&#8211; Permite montar una reuni\u00f3n triangulada, ofreciendo la posibilidad de ajustar la triangulaci\u00f3n una vez instalada.<\/li>\n<li>Elemento de amarre doble completamente ajustable:<br \/>\n&#8211; Permite un posicionamiento \u00f3ptimo en la reuni\u00f3n para facilitar las maniobras.<br \/>\n&#8211; Longitud del cabo fijo que se puede configurar seg\u00fan las necesidades del escalador.<br \/>\n&#8211; Regulaci\u00f3n muy r\u00e1pida y precisa del cabo regulable, mediante el bloqueador ADJUST que se manipula f\u00e1cilmente, gracias a su forma ergon\u00f3mica.<br \/>\n&#8211; Elemento de amarre de cuerda din\u00e1mica para limitar la fuerza transmitida al usuario en caso de ca\u00edda de poca altura (1).<\/li>\n<li>Facilidad de utilizaci\u00f3n:<br \/>\n&#8211; Mosquetoneo facilitado gracias a un casquillo de caucho y una funda pl\u00e1stica para mantener los conectores en la correcta posici\u00f3n.<br \/>\n&#8211; Ajustable con una sola mano.<br \/>\n&#8211; Se utiliza con dos mosquetones con bloqueo de seguridad tipo Sm&#8217;D (por ejemplo, SCREW-LOCK en el cabo fijo y el TWIST-LOCK en el cabo regulable).(1) Utilizaci\u00f3n por debajo del punto de anclaje: los elementos de amarre de sujeci\u00f3n no disponen de absorbedor de energ\u00eda. Estos elementos de amarre deben ser utilizados solamente cuando el riesgo de ca\u00edda comporte un factor de ca\u00edda inferior a 1.<\/li>\n<\/ul>\n<\/div>\n<h3>Caracter\u00edsticas<\/h3>\n<div class=\"list\">\n<ul>\n<li>Longitud: 180 cm<\/li>\n<li>Peso: 180 g<\/li>\n<li>Certificaciones: CE, UKCA, UIAA 109<\/li>\n<li>Materiales: Poliamida, aluminio y elast\u00f3mero termopl\u00e1stico (TPE)Elemento de amarre doble regulable y dispositivo de reuni\u00f3n para escalada y alpinismo<\/li>\n<\/ul>\n<\/div>\n<\/div>\n<\/div>","protected":false},"excerpt":{"rendered":"<p>Elemento de amarre doble regulable y dispositivo de reuni\u00f3n para escalada y alpinismo.<\/p>","protected":false},"featured_media":6951,"comment_status":"open","ping_status":"closed","template":"","meta":{"_acf_changed":false,"_uag_custom_page_level_css":"","site-sidebar-layout":"default","site-content-layout":"default","ast-site-content-layout":"default","site-content-style":"default","site-sidebar-style":"default","ast-global-header-display":"","ast-banner-title-visibility":"","ast-main-header-display":"","ast-hfb-above-header-display":"","ast-hfb-below-header-display":"","ast-hfb-mobile-header-display":"","site-post-title":"","ast-breadcrumbs-content":"","ast-featured-img":"","footer-sml-layout":"","theme-transparent-header-meta":"default","adv-header-id-meta":"","stick-header-meta":"","header-above-stick-meta":"","header-main-stick-meta":"","header-below-stick-meta":"","astra-migrate-meta-layouts":"set","ast-page-background-enabled":"default","ast-page-background-meta":{"desktop":{"background-color":"var(--ast-global-color-4)","background-image":"","background-repeat":"repeat","background-position":"center center","background-size":"auto","background-attachment":"scroll","background-type":"","background-media":"","overlay-type":"","overlay-color":"","overlay-opacity":"","overlay-gradient":""},"tablet":{"background-color":"","background-image":"","background-repeat":"repeat","background-position":"center center","background-size":"auto","background-attachment":"scroll","background-type":"","background-media":"","overlay-type":"","overlay-color":"","overlay-opacity":"","overlay-gradient":""},"mobile":{"background-color":"","background-image":"","background-repeat":"repeat","background-position":"center center","background-size":"auto","background-attachment":"scroll","background-type":"","background-media":"","overlay-type":"","overlay-color":"","overlay-opacity":"","overlay-gradient":""}},"ast-content-background-meta":{"desktop":{"background-color":"var(--ast-global-color-5)","background-image":"","background-repeat":"repeat","background-position":"center center","background-size":"auto","background-attachment":"scroll","background-type":"","background-media":"","overlay-type":"","overlay-color":"","overlay-opacity":"","overlay-gradient":""},"tablet":{"background-color":"var(--ast-global-color-5)","background-image":"","background-repeat":"repeat","background-position":"center center","background-size":"auto","background-attachment":"scroll","background-type":"","background-media":"","overlay-type":"","overlay-color":"","overlay-opacity":"","overlay-gradient":""},"mobile":{"background-color":"var(--ast-global-color-5)","background-image":"","background-repeat":"repeat","background-position":"center center","background-size":"auto","background-attachment":"scroll","background-type":"","background-media":"","overlay-type":"","overlay-color":"","overlay-opacity":"","overlay-gradient":""}}},"product_brand":[],"product_cat":[132,115,139],"product_tag":[],"class_list":{"0":"post-6950","1":"product","2":"type-product","3":"status-publish","4":"has-post-thumbnail","6":"product_cat-petzl-sport","7":"product_cat-sport","8":"product_cat-elementos-amarre-sport","9":"desktop-align-center","10":"tablet-align-left","11":"mobile-align-center","13":"first","14":"instock","15":"shipping-taxable","16":"purchasable","17":"product-type-simple"},"aioseo_notices":[],"acf":[],"uagb_featured_image_src":{"full":["https:\/\/climbingstore.mx\/wp-content\/uploads\/2023\/06\/3505-ABDPZ-L087AA00-DUAL-CONNECT-VARIO.jpg",1000,1000,false],"thumbnail":["https:\/\/climbingstore.mx\/wp-content\/uploads\/2023\/06\/3505-ABDPZ-L087AA00-DUAL-CONNECT-VARIO-150x150.jpg",150,150,true],"medium":["https:\/\/climbingstore.mx\/wp-content\/uploads\/2023\/06\/3505-ABDPZ-L087AA00-DUAL-CONNECT-VARIO-300x300.jpg",300,300,true],"medium_large":["https:\/\/climbingstore.mx\/wp-content\/uploads\/2023\/06\/3505-ABDPZ-L087AA00-DUAL-CONNECT-VARIO-768x768.jpg",768,768,true],"large":["https:\/\/climbingstore.mx\/wp-content\/uploads\/2023\/06\/3505-ABDPZ-L087AA00-DUAL-CONNECT-VARIO.jpg",1000,1000,false],"1536x1536":["https:\/\/climbingstore.mx\/wp-content\/uploads\/2023\/06\/3505-ABDPZ-L087AA00-DUAL-CONNECT-VARIO.jpg",1000,1000,false],"2048x2048":["https:\/\/climbingstore.mx\/wp-content\/uploads\/2023\/06\/3505-ABDPZ-L087AA00-DUAL-CONNECT-VARIO.jpg",1000,1000,false],"trp-custom-language-flag":["https:\/\/climbingstore.mx\/wp-content\/uploads\/2023\/06\/3505-ABDPZ-L087AA00-DUAL-CONNECT-VARIO-12x12.jpg",12,12,true],"woocommerce_thumbnail":["https:\/\/climbingstore.mx\/wp-content\/uploads\/2023\/06\/3505-ABDPZ-L087AA00-DUAL-CONNECT-VARIO-600x600.jpg",600,600,true],"woocommerce_single":["https:\/\/climbingstore.mx\/wp-content\/uploads\/2023\/06\/3505-ABDPZ-L087AA00-DUAL-CONNECT-VARIO.jpg",1000,1000,false],"woocommerce_gallery_thumbnail":["https:\/\/climbingstore.mx\/wp-content\/uploads\/2023\/06\/3505-ABDPZ-L087AA00-DUAL-CONNECT-VARIO-100x100.jpg",100,100,true]},"uagb_author_info":{"display_name":"Juanita Castillo","author_link":"https:\/\/climbingstore.mx\/en\/author\/"},"uagb_comment_info":0,"uagb_excerpt":"Elemento de amarre doble regulable y dispositivo de reuni\u00f3n para escalada y alpinismo.","_links":{"self":[{"href":"https:\/\/climbingstore.mx\/en\/wp-json\/wp\/v2\/product\/6950","targetHints":{"allow":["GET"]}}],"collection":[{"href":"https:\/\/climbingstore.mx\/en\/wp-json\/wp\/v2\/product"}],"about":[{"href":"https:\/\/climbingstore.mx\/en\/wp-json\/wp\/v2\/types\/product"}],"replies":[{"embeddable":true,"href":"https:\/\/climbingstore.mx\/en\/wp-json\/wp\/v2\/comments?post=6950"}],"wp:featuredmedia":[{"embeddable":true,"href":"https:\/\/climbingstore.mx\/en\/wp-json\/wp\/v2\/media\/6951"}],"wp:attachment":[{"href":"https:\/\/climbingstore.mx\/en\/wp-json\/wp\/v2\/media?parent=6950"}],"wp:term":[{"taxonomy":"product_brand","embeddable":true,"href":"https:\/\/climbingstore.mx\/en\/wp-json\/wp\/v2\/product_brand?post=6950"},{"taxonomy":"product_cat","embeddable":true,"href":"https:\/\/climbingstore.mx\/en\/wp-json\/wp\/v2\/product_cat?post=6950"},{"taxonomy":"product_tag","embeddable":true,"href":"https:\/\/climbingstore.mx\/en\/wp-json\/wp\/v2\/product_tag?post=6950"}],"curies":[{"name":"wp","href":"https:\/\/api.w.org\/{rel}","templated":true}]}}