{"id":6945,"date":"2023-06-12T16:24:07","date_gmt":"2023-06-12T22:24:07","guid":{"rendered":"https:\/\/climbingstore.mx\/?post_type=product&#038;p=6945"},"modified":"2025-05-07T12:06:27","modified_gmt":"2025-05-07T18:06:27","slug":"connect-adjust","status":"publish","type":"product","link":"https:\/\/climbingstore.mx\/en\/product\/connect-adjust\/","title":{"rendered":"CONNECT ADJUST"},"content":{"rendered":"<p>Destinado a escalada y alpinismo, el CONNECT ADJUST es un elemento de amarre de sujeci\u00f3n simple con cabo regulable, que permite asegurarse a la reuni\u00f3n. El cabo regulable permite ajustar la longitud m\u00e1s adecuada para las manipulaciones. Gracias a su forma ergon\u00f3mica, el bloqueador ADJUST ofrece una regulaci\u00f3n f\u00e1cil y r\u00e1pida con una sola mano.<\/p>\n<h3>Descripci\u00f3n<\/h3>\n<div class=\"list\">\n<ul>\n<li>Elemento de amarre de sujeci\u00f3n simple que permite asegurarse a la reuni\u00f3n en escalada y alpinismo.<\/li>\n<li>Elemento de amarre simple ajustable:<br \/>\n&#8211; Cabo regulable de 15 a 95 cm.<br \/>\n&#8211; Regulaci\u00f3n muy r\u00e1pida y precisa del cabo regulable, mediante el bloqueador ADJUST que se manipula f\u00e1cilmente, gracias a su forma ergon\u00f3mica.<br \/>\n&#8211; Elemento de amarre de cuerda din\u00e1mica para limitar la fuerza transmitida al usuario en caso de ca\u00edda de poca altura (1).<\/li>\n<li>Facilidad de utilizaci\u00f3n:<br \/>\n&#8211; Mosquetoneo facilitado gracias a un casquillo de caucho que mantiene el conector en la correcta posici\u00f3n.<br \/>\n&#8211; Ajustable con una sola mano.<br \/>\n&#8211; Se utiliza con un mosquet\u00f3n con bloqueo de seguridad del tipo SPIRIT SCREW-LOCK.<br \/>\n&#8211; Se engancha al anillo de aseguramiento con un simple nudo de alondra.(1) Utilizaci\u00f3n por debajo del punto de anclaje: los elementos de amarre de sujeci\u00f3n no disponen de absorbedor de energ\u00eda. Estos elementos de amarre deben ser utilizados solamente cuando el riesgo de ca\u00edda comporte un factor de ca\u00edda inferior a 1.<\/li>\n<\/ul>\n<\/div>\n<h3>Caracter\u00edsticas<\/h3>\n<div class=\"list\">\n<ul>\n<li>Longitud: 15 &#8211; 95 cm<\/li>\n<li>Peso: 125 g<\/li>\n<li>Certificaciones: CE, UKCA, UIAA 109<\/li>\n<li>Materiales: poliamida, aluminio y elast\u00f3mero termopl\u00e1stico (TPE)<\/li>\n<\/ul>\n<\/div>","protected":false},"excerpt":{"rendered":"<p>Elemento de amarre simple regulable para escalada y alpinismo<\/p>","protected":false},"featured_media":6947,"comment_status":"open","ping_status":"closed","template":"","meta":{"_acf_changed":false,"_uag_custom_page_level_css":"","site-sidebar-layout":"default","site-content-layout":"default","ast-site-content-layout":"default","site-content-style":"default","site-sidebar-style":"default","ast-global-header-display":"","ast-banner-title-visibility":"","ast-main-header-display":"","ast-hfb-above-header-display":"","ast-hfb-below-header-display":"","ast-hfb-mobile-header-display":"","site-post-title":"","ast-breadcrumbs-content":"","ast-featured-img":"","footer-sml-layout":"","theme-transparent-header-meta":"default","adv-header-id-meta":"","stick-header-meta":"","header-above-stick-meta":"","header-main-stick-meta":"","header-below-stick-meta":"","astra-migrate-meta-layouts":"set","ast-page-background-enabled":"default","ast-page-background-meta":{"desktop":{"background-color":"var(--ast-global-color-4)","background-image":"","background-repeat":"repeat","background-position":"center center","background-size":"auto","background-attachment":"scroll","background-type":"","background-media":"","overlay-type":"","overlay-color":"","overlay-opacity":"","overlay-gradient":""},"tablet":{"background-color":"","background-image":"","background-repeat":"repeat","background-position":"center center","background-size":"auto","background-attachment":"scroll","background-type":"","background-media":"","overlay-type":"","overlay-color":"","overlay-opacity":"","overlay-gradient":""},"mobile":{"background-color":"","background-image":"","background-repeat":"repeat","background-position":"center center","background-size":"auto","background-attachment":"scroll","background-type":"","background-media":"","overlay-type":"","overlay-color":"","overlay-opacity":"","overlay-gradient":""}},"ast-content-background-meta":{"desktop":{"background-color":"var(--ast-global-color-5)","background-image":"","background-repeat":"repeat","background-position":"center center","background-size":"auto","background-attachment":"scroll","background-type":"","background-media":"","overlay-type":"","overlay-color":"","overlay-opacity":"","overlay-gradient":""},"tablet":{"background-color":"var(--ast-global-color-5)","background-image":"","background-repeat":"repeat","background-position":"center center","background-size":"auto","background-attachment":"scroll","background-type":"","background-media":"","overlay-type":"","overlay-color":"","overlay-opacity":"","overlay-gradient":""},"mobile":{"background-color":"var(--ast-global-color-5)","background-image":"","background-repeat":"repeat","background-position":"center center","background-size":"auto","background-attachment":"scroll","background-type":"","background-media":"","overlay-type":"","overlay-color":"","overlay-opacity":"","overlay-gradient":""}}},"product_brand":[],"product_cat":[132,115,139],"product_tag":[],"class_list":{"0":"post-6945","1":"product","2":"type-product","3":"status-publish","4":"has-post-thumbnail","6":"product_cat-petzl-sport","7":"product_cat-sport","8":"product_cat-elementos-amarre-sport","9":"desktop-align-center","10":"tablet-align-left","11":"mobile-align-center","13":"first","14":"instock","15":"shipping-taxable","16":"purchasable","17":"product-type-simple"},"aioseo_notices":[],"acf":[],"uagb_featured_image_src":{"full":["https:\/\/climbingstore.mx\/wp-content\/uploads\/2023\/06\/3503-ABDPZ-L034AA00-CONNECT-ADJUST.jpg",1000,1000,false],"thumbnail":["https:\/\/climbingstore.mx\/wp-content\/uploads\/2023\/06\/3503-ABDPZ-L034AA00-CONNECT-ADJUST-150x150.jpg",150,150,true],"medium":["https:\/\/climbingstore.mx\/wp-content\/uploads\/2023\/06\/3503-ABDPZ-L034AA00-CONNECT-ADJUST-300x300.jpg",300,300,true],"medium_large":["https:\/\/climbingstore.mx\/wp-content\/uploads\/2023\/06\/3503-ABDPZ-L034AA00-CONNECT-ADJUST-768x768.jpg",768,768,true],"large":["https:\/\/climbingstore.mx\/wp-content\/uploads\/2023\/06\/3503-ABDPZ-L034AA00-CONNECT-ADJUST.jpg",1000,1000,false],"1536x1536":["https:\/\/climbingstore.mx\/wp-content\/uploads\/2023\/06\/3503-ABDPZ-L034AA00-CONNECT-ADJUST.jpg",1000,1000,false],"2048x2048":["https:\/\/climbingstore.mx\/wp-content\/uploads\/2023\/06\/3503-ABDPZ-L034AA00-CONNECT-ADJUST.jpg",1000,1000,false],"trp-custom-language-flag":["https:\/\/climbingstore.mx\/wp-content\/uploads\/2023\/06\/3503-ABDPZ-L034AA00-CONNECT-ADJUST-12x12.jpg",12,12,true],"woocommerce_thumbnail":["https:\/\/climbingstore.mx\/wp-content\/uploads\/2023\/06\/3503-ABDPZ-L034AA00-CONNECT-ADJUST-600x600.jpg",600,600,true],"woocommerce_single":["https:\/\/climbingstore.mx\/wp-content\/uploads\/2023\/06\/3503-ABDPZ-L034AA00-CONNECT-ADJUST.jpg",1000,1000,false],"woocommerce_gallery_thumbnail":["https:\/\/climbingstore.mx\/wp-content\/uploads\/2023\/06\/3503-ABDPZ-L034AA00-CONNECT-ADJUST-100x100.jpg",100,100,true]},"uagb_author_info":{"display_name":"Juanita Castillo","author_link":"https:\/\/climbingstore.mx\/en\/author\/"},"uagb_comment_info":0,"uagb_excerpt":"Elemento de amarre simple regulable para escalada y alpinismo","_links":{"self":[{"href":"https:\/\/climbingstore.mx\/en\/wp-json\/wp\/v2\/product\/6945","targetHints":{"allow":["GET"]}}],"collection":[{"href":"https:\/\/climbingstore.mx\/en\/wp-json\/wp\/v2\/product"}],"about":[{"href":"https:\/\/climbingstore.mx\/en\/wp-json\/wp\/v2\/types\/product"}],"replies":[{"embeddable":true,"href":"https:\/\/climbingstore.mx\/en\/wp-json\/wp\/v2\/comments?post=6945"}],"wp:featuredmedia":[{"embeddable":true,"href":"https:\/\/climbingstore.mx\/en\/wp-json\/wp\/v2\/media\/6947"}],"wp:attachment":[{"href":"https:\/\/climbingstore.mx\/en\/wp-json\/wp\/v2\/media?parent=6945"}],"wp:term":[{"taxonomy":"product_brand","embeddable":true,"href":"https:\/\/climbingstore.mx\/en\/wp-json\/wp\/v2\/product_brand?post=6945"},{"taxonomy":"product_cat","embeddable":true,"href":"https:\/\/climbingstore.mx\/en\/wp-json\/wp\/v2\/product_cat?post=6945"},{"taxonomy":"product_tag","embeddable":true,"href":"https:\/\/climbingstore.mx\/en\/wp-json\/wp\/v2\/product_tag?post=6945"}],"curies":[{"name":"wp","href":"https:\/\/api.w.org\/{rel}","templated":true}]}}