{"id":6943,"date":"2023-06-12T16:15:04","date_gmt":"2023-06-12T22:15:04","guid":{"rendered":"https:\/\/climbingstore.mx\/?post_type=product&#038;p=6943"},"modified":"2025-05-07T12:07:47","modified_gmt":"2025-05-07T18:07:47","slug":"scorpio-vertigo","status":"publish","type":"product","link":"https:\/\/climbingstore.mx\/en\/product\/scorpio-vertigo\/","title":{"rendered":"SCORPIO VERTIGO"},"content":{"rendered":"<p>El elemento de amarre para v\u00eda ferrata SCORPIO VERTIGO est\u00e1 destinado a los usuarios de 40 a 120 kg seg\u00fan la norma EN 958:2017. Muy compacto y ligero, tambi\u00e9n es f\u00e1cil de utilizar, gracias a los mosquetones VERTIGO WIRE-LOCK dispuestos en dos cintas retr\u00e1ctiles. Su gran durabilidad es adecuada para los practicantes regulares as\u00ed como para los parques de alquiler.<\/p>\n<h3>Descripci\u00f3n<\/h3>\n<div class=\"list\">\n<ul>\n<li>Elemento de amarre adecuado para usuarios de 40 a 120 kg:<br \/>\n&#8211; Elemento de amarre que cumple con la norma EN 958:2017 adecuado para una amplia gama de pesos de los usuarios.<br \/>\n&#8211; Dos cintas con el\u00e1sticos con una gran capacidad de alargamiento para adaptarse a todas las tallas.<\/li>\n<li>Confort de utilizaci\u00f3n:<br \/>\n&#8211; Sistema de absorci\u00f3n por desgarro ultracompacto (patente Petzl).<br \/>\n&#8211; Conexi\u00f3n corta del elemento de amarre al arn\u00e9s para limitar el volumen al caminar.<br \/>\n&#8211; Dos cintas con el\u00e1sticos para facilitar las manipulaciones.<br \/>\n&#8211; Una cinta corta para descansar en los barrotes.<br \/>\n&#8211; Mosquetones ergon\u00f3micos VERTIGO WIRE-LOCK con sistema de bloqueo autom\u00e1tico, adecuados para todas las medidas de mano.<\/li>\n<li>Dise\u00f1o duradero para las utilizaciones intensivas:<br \/>\n&#8211; Funda de protecci\u00f3n con cremallera para guardar y proteger el absorbedor de energ\u00eda.<br \/>\n&#8211; Gran durabilidad de las cintas retr\u00e1ctiles de PEHD (polietileno de alta densidad) y mosquetones de aluminio.<br \/>\n&#8211; Adecuado para una utilizaci\u00f3n intensiva (grupos).<\/li>\n<\/ul>\n<\/div>\n<h3>Caracter\u00edsticas<\/h3>\n<div class=\"list\">\n<ul>\n<li>Longitud del elemento de amarre (sin los mosquetones): &#8211; Retra\u00eddo: 77 cm. &#8211; Extendido: 108 cm. &#8211; Cabo corto: 32 cm.<\/li>\n<li>Materiales: polietileno de alta densidad, poli\u00e9ster y aluminio<\/li>\n<li>Certificaciones: CE EN 958 : 2017, VG11 2013, UKCA, UIAA<\/li>\n<li>Mosquetones CE EN 12275 tipo K y UIAA<\/li>\n<\/ul>\n<\/div>","protected":false},"excerpt":{"rendered":"<p>Elemento de amarre para v\u00eda ferrata con mosquetones VERTIGO WIRE-LOCK<\/p>","protected":false},"featured_media":6944,"comment_status":"open","ping_status":"closed","template":"","meta":{"_acf_changed":false,"_uag_custom_page_level_css":"","site-sidebar-layout":"default","site-content-layout":"default","ast-site-content-layout":"default","site-content-style":"default","site-sidebar-style":"default","ast-global-header-display":"","ast-banner-title-visibility":"","ast-main-header-display":"","ast-hfb-above-header-display":"","ast-hfb-below-header-display":"","ast-hfb-mobile-header-display":"","site-post-title":"","ast-breadcrumbs-content":"","ast-featured-img":"","footer-sml-layout":"","theme-transparent-header-meta":"default","adv-header-id-meta":"","stick-header-meta":"","header-above-stick-meta":"","header-main-stick-meta":"","header-below-stick-meta":"","astra-migrate-meta-layouts":"set","ast-page-background-enabled":"default","ast-page-background-meta":{"desktop":{"background-color":"var(--ast-global-color-4)","background-image":"","background-repeat":"repeat","background-position":"center center","background-size":"auto","background-attachment":"scroll","background-type":"","background-media":"","overlay-type":"","overlay-color":"","overlay-opacity":"","overlay-gradient":""},"tablet":{"background-color":"","background-image":"","background-repeat":"repeat","background-position":"center center","background-size":"auto","background-attachment":"scroll","background-type":"","background-media":"","overlay-type":"","overlay-color":"","overlay-opacity":"","overlay-gradient":""},"mobile":{"background-color":"","background-image":"","background-repeat":"repeat","background-position":"center center","background-size":"auto","background-attachment":"scroll","background-type":"","background-media":"","overlay-type":"","overlay-color":"","overlay-opacity":"","overlay-gradient":""}},"ast-content-background-meta":{"desktop":{"background-color":"var(--ast-global-color-5)","background-image":"","background-repeat":"repeat","background-position":"center center","background-size":"auto","background-attachment":"scroll","background-type":"","background-media":"","overlay-type":"","overlay-color":"","overlay-opacity":"","overlay-gradient":""},"tablet":{"background-color":"var(--ast-global-color-5)","background-image":"","background-repeat":"repeat","background-position":"center center","background-size":"auto","background-attachment":"scroll","background-type":"","background-media":"","overlay-type":"","overlay-color":"","overlay-opacity":"","overlay-gradient":""},"mobile":{"background-color":"var(--ast-global-color-5)","background-image":"","background-repeat":"repeat","background-position":"center center","background-size":"auto","background-attachment":"scroll","background-type":"","background-media":"","overlay-type":"","overlay-color":"","overlay-opacity":"","overlay-gradient":""}}},"product_brand":[],"product_cat":[132,115,139],"product_tag":[],"class_list":{"0":"post-6943","1":"product","2":"type-product","3":"status-publish","4":"has-post-thumbnail","6":"product_cat-petzl-sport","7":"product_cat-sport","8":"product_cat-elementos-amarre-sport","9":"desktop-align-center","10":"tablet-align-left","11":"mobile-align-center","13":"first","14":"instock","15":"shipping-taxable","16":"purchasable","17":"product-type-simple"},"aioseo_notices":[],"acf":[],"uagb_featured_image_src":{"full":["https:\/\/climbingstore.mx\/wp-content\/uploads\/2023\/06\/3501-ABDPZ-L060AA00-SCORPIO-VERTIGO.jpg",1000,1000,false],"thumbnail":["https:\/\/climbingstore.mx\/wp-content\/uploads\/2023\/06\/3501-ABDPZ-L060AA00-SCORPIO-VERTIGO-150x150.jpg",150,150,true],"medium":["https:\/\/climbingstore.mx\/wp-content\/uploads\/2023\/06\/3501-ABDPZ-L060AA00-SCORPIO-VERTIGO-300x300.jpg",300,300,true],"medium_large":["https:\/\/climbingstore.mx\/wp-content\/uploads\/2023\/06\/3501-ABDPZ-L060AA00-SCORPIO-VERTIGO-768x768.jpg",768,768,true],"large":["https:\/\/climbingstore.mx\/wp-content\/uploads\/2023\/06\/3501-ABDPZ-L060AA00-SCORPIO-VERTIGO.jpg",1000,1000,false],"1536x1536":["https:\/\/climbingstore.mx\/wp-content\/uploads\/2023\/06\/3501-ABDPZ-L060AA00-SCORPIO-VERTIGO.jpg",1000,1000,false],"2048x2048":["https:\/\/climbingstore.mx\/wp-content\/uploads\/2023\/06\/3501-ABDPZ-L060AA00-SCORPIO-VERTIGO.jpg",1000,1000,false],"trp-custom-language-flag":["https:\/\/climbingstore.mx\/wp-content\/uploads\/2023\/06\/3501-ABDPZ-L060AA00-SCORPIO-VERTIGO-12x12.jpg",12,12,true],"woocommerce_thumbnail":["https:\/\/climbingstore.mx\/wp-content\/uploads\/2023\/06\/3501-ABDPZ-L060AA00-SCORPIO-VERTIGO-600x600.jpg",600,600,true],"woocommerce_single":["https:\/\/climbingstore.mx\/wp-content\/uploads\/2023\/06\/3501-ABDPZ-L060AA00-SCORPIO-VERTIGO.jpg",1000,1000,false],"woocommerce_gallery_thumbnail":["https:\/\/climbingstore.mx\/wp-content\/uploads\/2023\/06\/3501-ABDPZ-L060AA00-SCORPIO-VERTIGO-100x100.jpg",100,100,true]},"uagb_author_info":{"display_name":"Juanita Castillo","author_link":"https:\/\/climbingstore.mx\/en\/author\/"},"uagb_comment_info":0,"uagb_excerpt":"Elemento de amarre para v\u00eda ferrata con mosquetones VERTIGO WIRE-LOCK","_links":{"self":[{"href":"https:\/\/climbingstore.mx\/en\/wp-json\/wp\/v2\/product\/6943","targetHints":{"allow":["GET"]}}],"collection":[{"href":"https:\/\/climbingstore.mx\/en\/wp-json\/wp\/v2\/product"}],"about":[{"href":"https:\/\/climbingstore.mx\/en\/wp-json\/wp\/v2\/types\/product"}],"replies":[{"embeddable":true,"href":"https:\/\/climbingstore.mx\/en\/wp-json\/wp\/v2\/comments?post=6943"}],"wp:featuredmedia":[{"embeddable":true,"href":"https:\/\/climbingstore.mx\/en\/wp-json\/wp\/v2\/media\/6944"}],"wp:attachment":[{"href":"https:\/\/climbingstore.mx\/en\/wp-json\/wp\/v2\/media?parent=6943"}],"wp:term":[{"taxonomy":"product_brand","embeddable":true,"href":"https:\/\/climbingstore.mx\/en\/wp-json\/wp\/v2\/product_brand?post=6943"},{"taxonomy":"product_cat","embeddable":true,"href":"https:\/\/climbingstore.mx\/en\/wp-json\/wp\/v2\/product_cat?post=6943"},{"taxonomy":"product_tag","embeddable":true,"href":"https:\/\/climbingstore.mx\/en\/wp-json\/wp\/v2\/product_tag?post=6943"}],"curies":[{"name":"wp","href":"https:\/\/api.w.org\/{rel}","templated":true}]}}