{"id":6923,"date":"2023-06-08T13:41:07","date_gmt":"2023-06-08T19:41:07","guid":{"rendered":"https:\/\/climbingstore.mx\/?post_type=product&#038;p=6923"},"modified":"2025-06-18T21:13:15","modified_gmt":"2025-06-19T03:13:15","slug":"sport-cordex-plus-xs","status":"publish","type":"product","link":"https:\/\/climbingstore.mx\/en\/product\/sport-cordex-plus-xs\/","title":{"rendered":"CORDEX PLUS XS"},"content":{"rendered":"<p>Estos guantes para asegurar y rapelar proporcionan una protecci\u00f3n m\u00e1xima sin sacrificar la precisi\u00f3n. La doble capa de piel y los refuerzos protegen la palma de los recalentamientos generados por los descensos en polea y r\u00e1peles largos. Las puntas de los dedos y las zonas expuestas est\u00e1n reforzadas para una mayor resistencia. El dorso es de piel con nil\u00f3n el\u00e1stico antiabrasi\u00f3n en las articulaciones. El pu\u00f1o de neopreno con cierre de Velcro dispone de un orificio para enganchar los guantes al arn\u00e9s mediante un mosquet\u00f3n.<\/p>\n<h3>Descripci\u00f3n<\/h3>\n<div class=\"list\">\n<ul>\n<li>Fabricados con piel natural de alta calidad con palma reforzada.<\/li>\n<li>Doble capa de piel resistente en las zonas m\u00e1s expuestas de la mano (puntas de los dedos, palma, espacio entre el pulgar y el \u00edndice).<\/li>\n<li>Dorso de piel con nil\u00f3n el\u00e1stico antiabrasi\u00f3n en las articulaciones.<\/li>\n<li>Pu\u00f1o de neopreno con cierre de Velcro.<\/li>\n<li>Orificio de enganche de los guantes al arn\u00e9s.<\/li>\n<li>Disponibles en diferentes tallas: XS a XL, en color negro o beige.<\/li>\n<\/ul>\n<\/div>\n<h3>Caracter\u00edsticas<\/h3>\n<div class=\"list\">\n<ul>\n<li>Materiales: piel flor de cabra y nil\u00f3n el\u00e1stico<\/li>\n<li>Certificaciones: CE EN EN 21420, CE EN 388 (3133), UKCA, EAC.<\/li>\n<\/ul>\n<\/div>","protected":false},"excerpt":{"rendered":"<p>Guantes para asegurar y rapelar.<\/p>","protected":false},"featured_media":6924,"comment_status":"open","ping_status":"closed","template":"","meta":{"_acf_changed":false,"_uag_custom_page_level_css":"","site-sidebar-layout":"default","site-content-layout":"default","ast-site-content-layout":"default","site-content-style":"default","site-sidebar-style":"default","ast-global-header-display":"","ast-banner-title-visibility":"","ast-main-header-display":"","ast-hfb-above-header-display":"","ast-hfb-below-header-display":"","ast-hfb-mobile-header-display":"","site-post-title":"","ast-breadcrumbs-content":"","ast-featured-img":"","footer-sml-layout":"","theme-transparent-header-meta":"default","adv-header-id-meta":"","stick-header-meta":"","header-above-stick-meta":"","header-main-stick-meta":"","header-below-stick-meta":"","astra-migrate-meta-layouts":"set","ast-page-background-enabled":"default","ast-page-background-meta":{"desktop":{"background-color":"var(--ast-global-color-4)","background-image":"","background-repeat":"repeat","background-position":"center center","background-size":"auto","background-attachment":"scroll","background-type":"","background-media":"","overlay-type":"","overlay-color":"","overlay-opacity":"","overlay-gradient":""},"tablet":{"background-color":"","background-image":"","background-repeat":"repeat","background-position":"center center","background-size":"auto","background-attachment":"scroll","background-type":"","background-media":"","overlay-type":"","overlay-color":"","overlay-opacity":"","overlay-gradient":""},"mobile":{"background-color":"","background-image":"","background-repeat":"repeat","background-position":"center center","background-size":"auto","background-attachment":"scroll","background-type":"","background-media":"","overlay-type":"","overlay-color":"","overlay-opacity":"","overlay-gradient":""}},"ast-content-background-meta":{"desktop":{"background-color":"var(--ast-global-color-5)","background-image":"","background-repeat":"repeat","background-position":"center center","background-size":"auto","background-attachment":"scroll","background-type":"","background-media":"","overlay-type":"","overlay-color":"","overlay-opacity":"","overlay-gradient":""},"tablet":{"background-color":"var(--ast-global-color-5)","background-image":"","background-repeat":"repeat","background-position":"center center","background-size":"auto","background-attachment":"scroll","background-type":"","background-media":"","overlay-type":"","overlay-color":"","overlay-opacity":"","overlay-gradient":""},"mobile":{"background-color":"var(--ast-global-color-5)","background-image":"","background-repeat":"repeat","background-position":"center center","background-size":"auto","background-attachment":"scroll","background-type":"","background-media":"","overlay-type":"","overlay-color":"","overlay-opacity":"","overlay-gradient":""}}},"product_brand":[],"product_cat":[132,115,138],"product_tag":[],"class_list":{"0":"post-6923","1":"product","2":"type-product","3":"status-publish","4":"has-post-thumbnail","6":"product_cat-petzl-sport","7":"product_cat-sport","8":"product_cat-guantes-sport","9":"desktop-align-center","10":"tablet-align-left","11":"mobile-align-center","13":"first","14":"instock","15":"shipping-taxable","16":"purchasable","17":"product-type-simple"},"aioseo_notices":[],"acf":[],"uagb_featured_image_src":{"full":["https:\/\/climbingstore.mx\/wp-content\/uploads\/2023\/06\/3410-GTDPZ-K53-XST-CORDEX-PLUS-XS.jpg",1000,1000,false],"thumbnail":["https:\/\/climbingstore.mx\/wp-content\/uploads\/2023\/06\/3410-GTDPZ-K53-XST-CORDEX-PLUS-XS-150x150.jpg",150,150,true],"medium":["https:\/\/climbingstore.mx\/wp-content\/uploads\/2023\/06\/3410-GTDPZ-K53-XST-CORDEX-PLUS-XS-300x300.jpg",300,300,true],"medium_large":["https:\/\/climbingstore.mx\/wp-content\/uploads\/2023\/06\/3410-GTDPZ-K53-XST-CORDEX-PLUS-XS-768x768.jpg",768,768,true],"large":["https:\/\/climbingstore.mx\/wp-content\/uploads\/2023\/06\/3410-GTDPZ-K53-XST-CORDEX-PLUS-XS.jpg",1000,1000,false],"1536x1536":["https:\/\/climbingstore.mx\/wp-content\/uploads\/2023\/06\/3410-GTDPZ-K53-XST-CORDEX-PLUS-XS.jpg",1000,1000,false],"2048x2048":["https:\/\/climbingstore.mx\/wp-content\/uploads\/2023\/06\/3410-GTDPZ-K53-XST-CORDEX-PLUS-XS.jpg",1000,1000,false],"trp-custom-language-flag":["https:\/\/climbingstore.mx\/wp-content\/uploads\/2023\/06\/3410-GTDPZ-K53-XST-CORDEX-PLUS-XS-12x12.jpg",12,12,true],"woocommerce_thumbnail":["https:\/\/climbingstore.mx\/wp-content\/uploads\/2023\/06\/3410-GTDPZ-K53-XST-CORDEX-PLUS-XS-600x600.jpg",600,600,true],"woocommerce_single":["https:\/\/climbingstore.mx\/wp-content\/uploads\/2023\/06\/3410-GTDPZ-K53-XST-CORDEX-PLUS-XS.jpg",1000,1000,false],"woocommerce_gallery_thumbnail":["https:\/\/climbingstore.mx\/wp-content\/uploads\/2023\/06\/3410-GTDPZ-K53-XST-CORDEX-PLUS-XS-100x100.jpg",100,100,true]},"uagb_author_info":{"display_name":"Juanita Castillo","author_link":"https:\/\/climbingstore.mx\/en\/author\/"},"uagb_comment_info":0,"uagb_excerpt":"Guantes para asegurar y rapelar.","_links":{"self":[{"href":"https:\/\/climbingstore.mx\/en\/wp-json\/wp\/v2\/product\/6923","targetHints":{"allow":["GET"]}}],"collection":[{"href":"https:\/\/climbingstore.mx\/en\/wp-json\/wp\/v2\/product"}],"about":[{"href":"https:\/\/climbingstore.mx\/en\/wp-json\/wp\/v2\/types\/product"}],"replies":[{"embeddable":true,"href":"https:\/\/climbingstore.mx\/en\/wp-json\/wp\/v2\/comments?post=6923"}],"wp:featuredmedia":[{"embeddable":true,"href":"https:\/\/climbingstore.mx\/en\/wp-json\/wp\/v2\/media\/6924"}],"wp:attachment":[{"href":"https:\/\/climbingstore.mx\/en\/wp-json\/wp\/v2\/media?parent=6923"}],"wp:term":[{"taxonomy":"product_brand","embeddable":true,"href":"https:\/\/climbingstore.mx\/en\/wp-json\/wp\/v2\/product_brand?post=6923"},{"taxonomy":"product_cat","embeddable":true,"href":"https:\/\/climbingstore.mx\/en\/wp-json\/wp\/v2\/product_cat?post=6923"},{"taxonomy":"product_tag","embeddable":true,"href":"https:\/\/climbingstore.mx\/en\/wp-json\/wp\/v2\/product_tag?post=6923"}],"curies":[{"name":"wp","href":"https:\/\/api.w.org\/{rel}","templated":true}]}}