{"id":6912,"date":"2023-06-07T16:58:06","date_gmt":"2023-06-07T22:58:06","guid":{"rendered":"https:\/\/climbingstore.mx\/?post_type=product&#038;p=6912"},"modified":"2025-06-18T21:11:31","modified_gmt":"2025-06-19T03:11:31","slug":"sport-cordex-xl","status":"publish","type":"product","link":"https:\/\/climbingstore.mx\/en\/product\/sport-cordex-xl\/","title":{"rendered":"CORDEX XL"},"content":{"rendered":"<p>Estos guantes ligeros para asegurar y rapelar combinan la resistencia de un guante de trabajo con la precisi\u00f3n y el tacto en los dedos de un guante m\u00e1s fino. La doble capa de piel protege el interior y las partes expuestas de la mano. El dorso de nil\u00f3n el\u00e1stico transpirable es resistente a la abrasi\u00f3n y garantiza comodidad y sujeci\u00f3n. El pu\u00f1o de neopreno con cierre de Velcro dispone de un orificio para enganchar los guantes al arn\u00e9s mediante un mosquet\u00f3n.<\/p>\n<h3>Descripci\u00f3n<\/h3>\n<div class=\"list\">\n<ul>\n<li>Fabricados con piel natural de alta calidad.<\/li>\n<li>Doble capa de piel resistente en las zonas m\u00e1s expuestas de la mano (puntas de los dedos, palma, espacio entre el pulgar y el \u00edndice).<\/li>\n<li>Dorso de nil\u00f3n el\u00e1stico transpirable.<\/li>\n<li>Pu\u00f1o de neopreno con cierre de Velcro.<\/li>\n<li>Orificio de enganche de los guantes al arn\u00e9s.<\/li>\n<li>Disponibles en diferentes tallas: XS a XL, en color negro o beige.<\/li>\n<\/ul>\n<\/div>\n<h3>Caracter\u00edsticas<\/h3>\n<div class=\"list\">\n<ul>\n<li>Materiales: piel flor de cabra y nil\u00f3n el\u00e1stico<\/li>\n<li>Certificaciones: CE EN 21420, CE EN 388 (2133), UKCA, EAC<\/li>\n<\/ul>\n<\/div>","protected":false},"excerpt":{"rendered":"<p class=\"productSubtitle\">Guantes ligeros para asegurar y rapelar.<\/p>","protected":false},"featured_media":6913,"comment_status":"open","ping_status":"closed","template":"","meta":{"_acf_changed":false,"_uag_custom_page_level_css":"","site-sidebar-layout":"default","site-content-layout":"default","ast-site-content-layout":"default","site-content-style":"default","site-sidebar-style":"default","ast-global-header-display":"","ast-banner-title-visibility":"","ast-main-header-display":"","ast-hfb-above-header-display":"","ast-hfb-below-header-display":"","ast-hfb-mobile-header-display":"","site-post-title":"","ast-breadcrumbs-content":"","ast-featured-img":"","footer-sml-layout":"","theme-transparent-header-meta":"default","adv-header-id-meta":"","stick-header-meta":"","header-above-stick-meta":"","header-main-stick-meta":"","header-below-stick-meta":"","astra-migrate-meta-layouts":"set","ast-page-background-enabled":"default","ast-page-background-meta":{"desktop":{"background-color":"var(--ast-global-color-4)","background-image":"","background-repeat":"repeat","background-position":"center center","background-size":"auto","background-attachment":"scroll","background-type":"","background-media":"","overlay-type":"","overlay-color":"","overlay-opacity":"","overlay-gradient":""},"tablet":{"background-color":"","background-image":"","background-repeat":"repeat","background-position":"center center","background-size":"auto","background-attachment":"scroll","background-type":"","background-media":"","overlay-type":"","overlay-color":"","overlay-opacity":"","overlay-gradient":""},"mobile":{"background-color":"","background-image":"","background-repeat":"repeat","background-position":"center center","background-size":"auto","background-attachment":"scroll","background-type":"","background-media":"","overlay-type":"","overlay-color":"","overlay-opacity":"","overlay-gradient":""}},"ast-content-background-meta":{"desktop":{"background-color":"var(--ast-global-color-5)","background-image":"","background-repeat":"repeat","background-position":"center center","background-size":"auto","background-attachment":"scroll","background-type":"","background-media":"","overlay-type":"","overlay-color":"","overlay-opacity":"","overlay-gradient":""},"tablet":{"background-color":"var(--ast-global-color-5)","background-image":"","background-repeat":"repeat","background-position":"center center","background-size":"auto","background-attachment":"scroll","background-type":"","background-media":"","overlay-type":"","overlay-color":"","overlay-opacity":"","overlay-gradient":""},"mobile":{"background-color":"var(--ast-global-color-5)","background-image":"","background-repeat":"repeat","background-position":"center center","background-size":"auto","background-attachment":"scroll","background-type":"","background-media":"","overlay-type":"","overlay-color":"","overlay-opacity":"","overlay-gradient":""}}},"product_brand":[],"product_cat":[132,115,138],"product_tag":[],"class_list":{"0":"post-6912","1":"product","2":"type-product","3":"status-publish","4":"has-post-thumbnail","6":"product_cat-petzl-sport","7":"product_cat-sport","8":"product_cat-guantes-sport","9":"desktop-align-center","10":"tablet-align-left","11":"mobile-align-center","13":"first","14":"instock","15":"shipping-taxable","16":"purchasable","17":"product-type-simple"},"aioseo_notices":[],"acf":[],"uagb_featured_image_src":{"full":["https:\/\/climbingstore.mx\/wp-content\/uploads\/2023\/06\/3405-GTDPZ-K52-XLT-CORDEX-XL.jpg",1000,1000,false],"thumbnail":["https:\/\/climbingstore.mx\/wp-content\/uploads\/2023\/06\/3405-GTDPZ-K52-XLT-CORDEX-XL-150x150.jpg",150,150,true],"medium":["https:\/\/climbingstore.mx\/wp-content\/uploads\/2023\/06\/3405-GTDPZ-K52-XLT-CORDEX-XL-300x300.jpg",300,300,true],"medium_large":["https:\/\/climbingstore.mx\/wp-content\/uploads\/2023\/06\/3405-GTDPZ-K52-XLT-CORDEX-XL-768x768.jpg",768,768,true],"large":["https:\/\/climbingstore.mx\/wp-content\/uploads\/2023\/06\/3405-GTDPZ-K52-XLT-CORDEX-XL.jpg",1000,1000,false],"1536x1536":["https:\/\/climbingstore.mx\/wp-content\/uploads\/2023\/06\/3405-GTDPZ-K52-XLT-CORDEX-XL.jpg",1000,1000,false],"2048x2048":["https:\/\/climbingstore.mx\/wp-content\/uploads\/2023\/06\/3405-GTDPZ-K52-XLT-CORDEX-XL.jpg",1000,1000,false],"trp-custom-language-flag":["https:\/\/climbingstore.mx\/wp-content\/uploads\/2023\/06\/3405-GTDPZ-K52-XLT-CORDEX-XL-12x12.jpg",12,12,true],"woocommerce_thumbnail":["https:\/\/climbingstore.mx\/wp-content\/uploads\/2023\/06\/3405-GTDPZ-K52-XLT-CORDEX-XL-600x600.jpg",600,600,true],"woocommerce_single":["https:\/\/climbingstore.mx\/wp-content\/uploads\/2023\/06\/3405-GTDPZ-K52-XLT-CORDEX-XL.jpg",1000,1000,false],"woocommerce_gallery_thumbnail":["https:\/\/climbingstore.mx\/wp-content\/uploads\/2023\/06\/3405-GTDPZ-K52-XLT-CORDEX-XL-100x100.jpg",100,100,true]},"uagb_author_info":{"display_name":"Juanita Castillo","author_link":"https:\/\/climbingstore.mx\/en\/author\/"},"uagb_comment_info":0,"uagb_excerpt":"Guantes ligeros para asegurar y rapelar.","_links":{"self":[{"href":"https:\/\/climbingstore.mx\/en\/wp-json\/wp\/v2\/product\/6912","targetHints":{"allow":["GET"]}}],"collection":[{"href":"https:\/\/climbingstore.mx\/en\/wp-json\/wp\/v2\/product"}],"about":[{"href":"https:\/\/climbingstore.mx\/en\/wp-json\/wp\/v2\/types\/product"}],"replies":[{"embeddable":true,"href":"https:\/\/climbingstore.mx\/en\/wp-json\/wp\/v2\/comments?post=6912"}],"wp:featuredmedia":[{"embeddable":true,"href":"https:\/\/climbingstore.mx\/en\/wp-json\/wp\/v2\/media\/6913"}],"wp:attachment":[{"href":"https:\/\/climbingstore.mx\/en\/wp-json\/wp\/v2\/media?parent=6912"}],"wp:term":[{"taxonomy":"product_brand","embeddable":true,"href":"https:\/\/climbingstore.mx\/en\/wp-json\/wp\/v2\/product_brand?post=6912"},{"taxonomy":"product_cat","embeddable":true,"href":"https:\/\/climbingstore.mx\/en\/wp-json\/wp\/v2\/product_cat?post=6912"},{"taxonomy":"product_tag","embeddable":true,"href":"https:\/\/climbingstore.mx\/en\/wp-json\/wp\/v2\/product_tag?post=6912"}],"curies":[{"name":"wp","href":"https:\/\/api.w.org\/{rel}","templated":true}]}}