{"id":6900,"date":"2023-06-02T16:52:10","date_gmt":"2023-06-02T22:52:10","guid":{"rendered":"https:\/\/climbingstore.mx\/?post_type=product&#038;p=6900"},"modified":"2025-05-07T12:26:54","modified_gmt":"2025-05-07T18:26:54","slug":"pirana-club-verde","status":"publish","type":"product","link":"https:\/\/climbingstore.mx\/en\/product\/pirana-club-verde\/","title":{"rendered":"PIRANA CLUB Verde"},"content":{"rendered":"<p>\u00a1Para sus primeros descensos en barrancos! Dise\u00f1ado para los grupos o para iniciarse en la actividad, el PIRANA CLUB es un descensor para barrancos con frenado modulable f\u00e1cil de utilizar. Dispones de tres posibilidades de instalaci\u00f3n de cuerda que permitir\u00e1n adaptar el nivel de frenado deseado antes de descender. Tambi\u00e9n es adecuado tanto para diestros como para zurdos. El casquillo pl\u00e1stico facilita la instalaci\u00f3n de la cuerda, manteniendo a la vez el aparato conectado al arn\u00e9s para limitar el riesgo de p\u00e9rdida.<\/p>\n<h3>Descripci\u00f3n<\/h3>\n<div class=\"list\">\n<ul>\n<li>Descensor con frenado modulable dise\u00f1ado para los grupos y para iniciarse en descenso de barrancos:<br \/>\n&#8211; Tres instalaciones de cuerda posibles para escoger el nivel de frenado antes del descenso.<br \/>\n&#8211; Dise\u00f1o depurado para simplificar las instrucciones y los controles visuales.<\/li>\n<li>F\u00e1cil de utilizar:<br \/>\n&#8211; Casquillo pl\u00e1stico que permite sujetar el conector en la posici\u00f3n correcta para facilitar la instalaci\u00f3n de la cuerda, manteniendo a la vez el aparato conectado al arn\u00e9s para limitar el riesgo de p\u00e9rdida.<br \/>\n&#8211; Montaje posible tanto para diestros como para zurdos.<\/li>\n<li>Disponible en dos colores: negro y verde.<\/li>\n<\/ul>\n<\/div>\n<h3>Caracter\u00edsticas<\/h3>\n<div class=\"list\">\n<ul>\n<li>Materiales: cuerpo de aluminio y casquillo de sujeci\u00f3n de elast\u00f3mero termopl\u00e1stico (TPE)<\/li>\n<li>Peso: 90 g<\/li>\n<li>Compatibilidad de la cuerda: 8 a 13 mm<\/li>\n<li>Cumple con las exigencias de la norma EN 15151-2, excepto la exigencia sobre la dimensi\u00f3n m\u00ednima del punto de enganche.<\/li>\n<\/ul>\n<\/div>","protected":false},"excerpt":{"rendered":"<p>Descensor con frenado modulable para el descenso de barrancos.<\/p>","protected":false},"featured_media":7262,"comment_status":"open","ping_status":"closed","template":"","meta":{"_acf_changed":false,"_uag_custom_page_level_css":"","site-sidebar-layout":"default","site-content-layout":"default","ast-site-content-layout":"default","site-content-style":"default","site-sidebar-style":"default","ast-global-header-display":"","ast-banner-title-visibility":"","ast-main-header-display":"","ast-hfb-above-header-display":"","ast-hfb-below-header-display":"","ast-hfb-mobile-header-display":"","site-post-title":"","ast-breadcrumbs-content":"","ast-featured-img":"","footer-sml-layout":"","theme-transparent-header-meta":"default","adv-header-id-meta":"","stick-header-meta":"","header-above-stick-meta":"","header-main-stick-meta":"","header-below-stick-meta":"","astra-migrate-meta-layouts":"set","ast-page-background-enabled":"default","ast-page-background-meta":{"desktop":{"background-color":"var(--ast-global-color-4)","background-image":"","background-repeat":"repeat","background-position":"center center","background-size":"auto","background-attachment":"scroll","background-type":"","background-media":"","overlay-type":"","overlay-color":"","overlay-opacity":"","overlay-gradient":""},"tablet":{"background-color":"","background-image":"","background-repeat":"repeat","background-position":"center center","background-size":"auto","background-attachment":"scroll","background-type":"","background-media":"","overlay-type":"","overlay-color":"","overlay-opacity":"","overlay-gradient":""},"mobile":{"background-color":"","background-image":"","background-repeat":"repeat","background-position":"center center","background-size":"auto","background-attachment":"scroll","background-type":"","background-media":"","overlay-type":"","overlay-color":"","overlay-opacity":"","overlay-gradient":""}},"ast-content-background-meta":{"desktop":{"background-color":"var(--ast-global-color-5)","background-image":"","background-repeat":"repeat","background-position":"center center","background-size":"auto","background-attachment":"scroll","background-type":"","background-media":"","overlay-type":"","overlay-color":"","overlay-opacity":"","overlay-gradient":""},"tablet":{"background-color":"var(--ast-global-color-5)","background-image":"","background-repeat":"repeat","background-position":"center center","background-size":"auto","background-attachment":"scroll","background-type":"","background-media":"","overlay-type":"","overlay-color":"","overlay-opacity":"","overlay-gradient":""},"mobile":{"background-color":"var(--ast-global-color-5)","background-image":"","background-repeat":"repeat","background-position":"center center","background-size":"auto","background-attachment":"scroll","background-type":"","background-media":"","overlay-type":"","overlay-color":"","overlay-opacity":"","overlay-gradient":""}}},"product_brand":[],"product_cat":[132,115,137],"product_tag":[],"class_list":{"0":"post-6900","1":"product","2":"type-product","3":"status-publish","4":"has-post-thumbnail","6":"product_cat-petzl-sport","7":"product_cat-sport","8":"product_cat-aseguradores-descensores-sport","9":"desktop-align-center","10":"tablet-align-left","11":"mobile-align-center","13":"first","14":"instock","15":"shipping-taxable","16":"purchasable","17":"product-type-simple"},"aioseo_notices":[],"acf":[],"uagb_featured_image_src":{"full":["https:\/\/climbingstore.mx\/wp-content\/uploads\/2023\/06\/3917-DCDPZ-D005AA00-PIRANA-VERDE.jpg",1000,1000,false],"thumbnail":["https:\/\/climbingstore.mx\/wp-content\/uploads\/2023\/06\/3917-DCDPZ-D005AA00-PIRANA-VERDE-150x150.jpg",150,150,true],"medium":["https:\/\/climbingstore.mx\/wp-content\/uploads\/2023\/06\/3917-DCDPZ-D005AA00-PIRANA-VERDE-300x300.jpg",300,300,true],"medium_large":["https:\/\/climbingstore.mx\/wp-content\/uploads\/2023\/06\/3917-DCDPZ-D005AA00-PIRANA-VERDE-768x768.jpg",768,768,true],"large":["https:\/\/climbingstore.mx\/wp-content\/uploads\/2023\/06\/3917-DCDPZ-D005AA00-PIRANA-VERDE.jpg",1000,1000,false],"1536x1536":["https:\/\/climbingstore.mx\/wp-content\/uploads\/2023\/06\/3917-DCDPZ-D005AA00-PIRANA-VERDE.jpg",1000,1000,false],"2048x2048":["https:\/\/climbingstore.mx\/wp-content\/uploads\/2023\/06\/3917-DCDPZ-D005AA00-PIRANA-VERDE.jpg",1000,1000,false],"trp-custom-language-flag":["https:\/\/climbingstore.mx\/wp-content\/uploads\/2023\/06\/3917-DCDPZ-D005AA00-PIRANA-VERDE-12x12.jpg",12,12,true],"woocommerce_thumbnail":["https:\/\/climbingstore.mx\/wp-content\/uploads\/2023\/06\/3917-DCDPZ-D005AA00-PIRANA-VERDE-600x600.jpg",600,600,true],"woocommerce_single":["https:\/\/climbingstore.mx\/wp-content\/uploads\/2023\/06\/3917-DCDPZ-D005AA00-PIRANA-VERDE.jpg",1000,1000,false],"woocommerce_gallery_thumbnail":["https:\/\/climbingstore.mx\/wp-content\/uploads\/2023\/06\/3917-DCDPZ-D005AA00-PIRANA-VERDE-100x100.jpg",100,100,true]},"uagb_author_info":{"display_name":"Juanita Castillo","author_link":"https:\/\/climbingstore.mx\/en\/author\/"},"uagb_comment_info":0,"uagb_excerpt":"Descensor con frenado modulable para el descenso de barrancos.","_links":{"self":[{"href":"https:\/\/climbingstore.mx\/en\/wp-json\/wp\/v2\/product\/6900","targetHints":{"allow":["GET"]}}],"collection":[{"href":"https:\/\/climbingstore.mx\/en\/wp-json\/wp\/v2\/product"}],"about":[{"href":"https:\/\/climbingstore.mx\/en\/wp-json\/wp\/v2\/types\/product"}],"replies":[{"embeddable":true,"href":"https:\/\/climbingstore.mx\/en\/wp-json\/wp\/v2\/comments?post=6900"}],"wp:featuredmedia":[{"embeddable":true,"href":"https:\/\/climbingstore.mx\/en\/wp-json\/wp\/v2\/media\/7262"}],"wp:attachment":[{"href":"https:\/\/climbingstore.mx\/en\/wp-json\/wp\/v2\/media?parent=6900"}],"wp:term":[{"taxonomy":"product_brand","embeddable":true,"href":"https:\/\/climbingstore.mx\/en\/wp-json\/wp\/v2\/product_brand?post=6900"},{"taxonomy":"product_cat","embeddable":true,"href":"https:\/\/climbingstore.mx\/en\/wp-json\/wp\/v2\/product_cat?post=6900"},{"taxonomy":"product_tag","embeddable":true,"href":"https:\/\/climbingstore.mx\/en\/wp-json\/wp\/v2\/product_tag?post=6900"}],"curies":[{"name":"wp","href":"https:\/\/api.w.org\/{rel}","templated":true}]}}