{"id":6896,"date":"2023-06-02T16:42:29","date_gmt":"2023-06-02T22:42:29","guid":{"rendered":"https:\/\/climbingstore.mx\/?post_type=product&#038;p=6896"},"modified":"2025-05-07T12:28:57","modified_gmt":"2025-05-07T18:28:57","slug":"simple","status":"publish","type":"product","link":"https:\/\/climbingstore.mx\/en\/product\/simple\/","title":{"rendered":"SIMPLE"},"content":{"rendered":"<div class=\"productDescription\">\n<div class=\"productCaracteristiquesPosition inlineblock\">\n<p class=\"productCaracteristiques inlineblock\">El SIMPLE, como su nombre indica, es un descensor para espeleolog\u00eda f\u00e1cil de manipular. Se utiliza con cuerdas semiest\u00e1ticas de 8,5 a 11 mm de di\u00e1metro. Su peso y su volumen reducidos simplifican la progresi\u00f3n en los pasos estrechos. Las poleas se pueden voltear o reemplazar para prolongar su vida \u00fatil.<\/p>\n<h3>Descripci\u00f3n<\/h3>\n<div class=\"list\">\n<ul>\n<li>Facilidad de utilizaci\u00f3n:<br \/>\n&#8211; Muy f\u00e1cil de utilizar. La regulaci\u00f3n de la velocidad de descenso se realiza apretando m\u00e1s o menos fuerte el cabo libre de la cuerda.<br \/>\n&#8211; Esquema de instalaci\u00f3n de la cuerda grabado en el descensor.<br \/>\n&#8211; Gatillo de cierre en la placa lateral que se puede abrir para instalar la cuerda f\u00e1cilmente, manteniendo el aparato conectado al arn\u00e9s, lo que facilita el paso de fraccionamientos.<br \/>\n&#8211; Orificio largo de conexi\u00f3n que permite voltear el mosquet\u00f3n FREINO Z para que el descensor no se pierda durante las transferencias del anillo portamaterial al punto de enganche.<br \/>\n&#8211; Compatible con las cuerdas semiest\u00e1ticas de 8,5 a 11 mm de di\u00e1metro.<\/li>\n<li>Ligereza y poco volumen:<br \/>\n&#8211; S\u00f3lo 240 g.<br \/>\n&#8211; Compuesto por dos poleas de aluminio para priorizar la ligereza.<br \/>\n&#8211; Dise\u00f1o depurado, para limitar el riesgo de engancharse en los pasos estrechos.<\/li>\n<li>Vida \u00fatil del aparato optimizado volteando las poleas o reemplaz\u00e1ndolas (D004CA00).<\/li>\n<\/ul>\n<\/div>\n<h3>Caracter\u00edsticas<\/h3>\n<div class=\"list\">\n<ul>\n<li>Materiales: aluminio<\/li>\n<li>Peso: 240 g<\/li>\n<li>Compatibilidad de la cuerda: cuerda semiest\u00e1tica de 8,5 a 11 mm<\/li>\n<\/ul>\n<\/div>\n<\/div>\n<\/div>","protected":false},"excerpt":{"rendered":"<p>Descensor para espeleolog\u00eda simple y ligero.<\/p>","protected":false},"featured_media":7260,"comment_status":"open","ping_status":"closed","template":"","meta":{"_acf_changed":false,"_uag_custom_page_level_css":"","site-sidebar-layout":"default","site-content-layout":"default","ast-site-content-layout":"default","site-content-style":"default","site-sidebar-style":"default","ast-global-header-display":"","ast-banner-title-visibility":"","ast-main-header-display":"","ast-hfb-above-header-display":"","ast-hfb-below-header-display":"","ast-hfb-mobile-header-display":"","site-post-title":"","ast-breadcrumbs-content":"","ast-featured-img":"","footer-sml-layout":"","theme-transparent-header-meta":"default","adv-header-id-meta":"","stick-header-meta":"","header-above-stick-meta":"","header-main-stick-meta":"","header-below-stick-meta":"","astra-migrate-meta-layouts":"set","ast-page-background-enabled":"default","ast-page-background-meta":{"desktop":{"background-color":"var(--ast-global-color-4)","background-image":"","background-repeat":"repeat","background-position":"center center","background-size":"auto","background-attachment":"scroll","background-type":"","background-media":"","overlay-type":"","overlay-color":"","overlay-opacity":"","overlay-gradient":""},"tablet":{"background-color":"","background-image":"","background-repeat":"repeat","background-position":"center center","background-size":"auto","background-attachment":"scroll","background-type":"","background-media":"","overlay-type":"","overlay-color":"","overlay-opacity":"","overlay-gradient":""},"mobile":{"background-color":"","background-image":"","background-repeat":"repeat","background-position":"center center","background-size":"auto","background-attachment":"scroll","background-type":"","background-media":"","overlay-type":"","overlay-color":"","overlay-opacity":"","overlay-gradient":""}},"ast-content-background-meta":{"desktop":{"background-color":"var(--ast-global-color-5)","background-image":"","background-repeat":"repeat","background-position":"center center","background-size":"auto","background-attachment":"scroll","background-type":"","background-media":"","overlay-type":"","overlay-color":"","overlay-opacity":"","overlay-gradient":""},"tablet":{"background-color":"var(--ast-global-color-5)","background-image":"","background-repeat":"repeat","background-position":"center center","background-size":"auto","background-attachment":"scroll","background-type":"","background-media":"","overlay-type":"","overlay-color":"","overlay-opacity":"","overlay-gradient":""},"mobile":{"background-color":"var(--ast-global-color-5)","background-image":"","background-repeat":"repeat","background-position":"center center","background-size":"auto","background-attachment":"scroll","background-type":"","background-media":"","overlay-type":"","overlay-color":"","overlay-opacity":"","overlay-gradient":""}}},"product_brand":[],"product_cat":[132,115,137],"product_tag":[],"class_list":{"0":"post-6896","1":"product","2":"type-product","3":"status-publish","4":"has-post-thumbnail","6":"product_cat-petzl-sport","7":"product_cat-sport","8":"product_cat-aseguradores-descensores-sport","9":"desktop-align-center","10":"tablet-align-left","11":"mobile-align-center","13":"first","14":"instock","15":"shipping-taxable","16":"purchasable","17":"product-type-simple"},"aioseo_notices":[],"acf":[],"uagb_featured_image_src":{"full":["https:\/\/climbingstore.mx\/wp-content\/uploads\/2023\/06\/3915-DCDPZ-D004AA00-SIMPLE.jpg",1000,1000,false],"thumbnail":["https:\/\/climbingstore.mx\/wp-content\/uploads\/2023\/06\/3915-DCDPZ-D004AA00-SIMPLE-150x150.jpg",150,150,true],"medium":["https:\/\/climbingstore.mx\/wp-content\/uploads\/2023\/06\/3915-DCDPZ-D004AA00-SIMPLE-300x300.jpg",300,300,true],"medium_large":["https:\/\/climbingstore.mx\/wp-content\/uploads\/2023\/06\/3915-DCDPZ-D004AA00-SIMPLE-768x768.jpg",768,768,true],"large":["https:\/\/climbingstore.mx\/wp-content\/uploads\/2023\/06\/3915-DCDPZ-D004AA00-SIMPLE.jpg",1000,1000,false],"1536x1536":["https:\/\/climbingstore.mx\/wp-content\/uploads\/2023\/06\/3915-DCDPZ-D004AA00-SIMPLE.jpg",1000,1000,false],"2048x2048":["https:\/\/climbingstore.mx\/wp-content\/uploads\/2023\/06\/3915-DCDPZ-D004AA00-SIMPLE.jpg",1000,1000,false],"trp-custom-language-flag":["https:\/\/climbingstore.mx\/wp-content\/uploads\/2023\/06\/3915-DCDPZ-D004AA00-SIMPLE-12x12.jpg",12,12,true],"woocommerce_thumbnail":["https:\/\/climbingstore.mx\/wp-content\/uploads\/2023\/06\/3915-DCDPZ-D004AA00-SIMPLE-600x600.jpg",600,600,true],"woocommerce_single":["https:\/\/climbingstore.mx\/wp-content\/uploads\/2023\/06\/3915-DCDPZ-D004AA00-SIMPLE.jpg",1000,1000,false],"woocommerce_gallery_thumbnail":["https:\/\/climbingstore.mx\/wp-content\/uploads\/2023\/06\/3915-DCDPZ-D004AA00-SIMPLE-100x100.jpg",100,100,true]},"uagb_author_info":{"display_name":"Juanita Castillo","author_link":"https:\/\/climbingstore.mx\/en\/author\/"},"uagb_comment_info":0,"uagb_excerpt":"Descensor para espeleolog\u00eda simple y ligero.","_links":{"self":[{"href":"https:\/\/climbingstore.mx\/en\/wp-json\/wp\/v2\/product\/6896","targetHints":{"allow":["GET"]}}],"collection":[{"href":"https:\/\/climbingstore.mx\/en\/wp-json\/wp\/v2\/product"}],"about":[{"href":"https:\/\/climbingstore.mx\/en\/wp-json\/wp\/v2\/types\/product"}],"replies":[{"embeddable":true,"href":"https:\/\/climbingstore.mx\/en\/wp-json\/wp\/v2\/comments?post=6896"}],"wp:featuredmedia":[{"embeddable":true,"href":"https:\/\/climbingstore.mx\/en\/wp-json\/wp\/v2\/media\/7260"}],"wp:attachment":[{"href":"https:\/\/climbingstore.mx\/en\/wp-json\/wp\/v2\/media?parent=6896"}],"wp:term":[{"taxonomy":"product_brand","embeddable":true,"href":"https:\/\/climbingstore.mx\/en\/wp-json\/wp\/v2\/product_brand?post=6896"},{"taxonomy":"product_cat","embeddable":true,"href":"https:\/\/climbingstore.mx\/en\/wp-json\/wp\/v2\/product_cat?post=6896"},{"taxonomy":"product_tag","embeddable":true,"href":"https:\/\/climbingstore.mx\/en\/wp-json\/wp\/v2\/product_tag?post=6896"}],"curies":[{"name":"wp","href":"https:\/\/api.w.org\/{rel}","templated":true}]}}