{"id":6894,"date":"2023-06-02T16:38:28","date_gmt":"2023-06-02T22:38:28","guid":{"rendered":"https:\/\/climbingstore.mx\/?post_type=product&#038;p=6894"},"modified":"2025-05-07T12:29:51","modified_gmt":"2025-05-07T18:29:51","slug":"stop","status":"publish","type":"product","link":"https:\/\/climbingstore.mx\/en\/product\/stop\/","title":{"rendered":"STOP"},"content":{"rendered":"<p>\u00a1El descenso con frenado asistido para las exploraciones rocosas! El STOP es un descensor para espeleolog\u00eda con frenado asistido que se utiliza con cuerda semiest\u00e1tica de 8,5 a 11 mm de di\u00e1metro. Permite un mejor control del descenso y facilita las maniobras por cuerda. Su prensi\u00f3n y utilizaci\u00f3n son especialmente confortables gracias a su empu\u00f1adura ergon\u00f3mica. Dise\u00f1ado en acero inoxidable en las zonas de rozamiento, \u00a1estar\u00e1 contigo de forma duradera en todas tus salidas!<\/p>\n<h3>Descripci\u00f3n<\/h3>\n<div class=\"list\">\n<ul>\n<li>Control del descenso:<br \/>\n&#8211; Frenado asistido que permite un mejor control del descenso.<br \/>\n&#8211; Maniobras por cuerda m\u00e1s f\u00e1ciles para el paso de fraccionamientos.<br \/>\n&#8211; Compatible con las cuerdas semiest\u00e1ticas de 8,5 a 11 mm.<\/li>\n<li>Confort de utilizaci\u00f3n:<br \/>\n&#8211; Prensi\u00f3n confortable y simplicidad de desbloqueo de la cuerda gracias a la empu\u00f1adura ergon\u00f3mica.<br \/>\n&#8211; Empu\u00f1adura orientada hacia el usuario para un mejor control de la circulaci\u00f3n de la cuerda.<br \/>\n&#8211; Desmultiplicaci\u00f3n de la empu\u00f1adura para un descenso confortable.<br \/>\n&#8211; Esquema de instalaci\u00f3n de la cuerda grabado en el descensor.<br \/>\n&#8211; Gatillo de cierre en la placa lateral que se puede abrir para instalar la cuerda f\u00e1cilmente y mantener a la vez el aparato conectado al arn\u00e9s.<br \/>\n&#8211; Orificio largo de conexi\u00f3n que permite voltear el mosquet\u00f3n FREINO Z para que el descensor no se pierda durante las transferencias del anillo portamaterial al punto de enganche.<\/li>\n<li>Grand\u00edsima durabilidad gracias a la polea y a la leva de acero inoxidable.<\/li>\n<\/ul>\n<\/div>\n<h3>Caracter\u00edsticas<\/h3>\n<div class=\"list\">\n<ul>\n<li>Materiales: placa lateral de aluminio, y polea y leva de acero inoxidable<\/li>\n<li>Peso: 350 g<\/li>\n<li>Compatibilidad de la cuerda: cuerda semiest\u00e1tica de 8,5 a 11 mm<\/li>\n<li>Certificaciones: CE EN 15151-1, UKCA<\/li>\n<\/ul>\n<\/div>","protected":false},"excerpt":{"rendered":"<p>Descensor para espeleolog\u00eda con frenado asistido.<\/p>","protected":false},"featured_media":7259,"comment_status":"open","ping_status":"closed","template":"","meta":{"_acf_changed":false,"_uag_custom_page_level_css":"","site-sidebar-layout":"default","site-content-layout":"default","ast-site-content-layout":"default","site-content-style":"default","site-sidebar-style":"default","ast-global-header-display":"","ast-banner-title-visibility":"","ast-main-header-display":"","ast-hfb-above-header-display":"","ast-hfb-below-header-display":"","ast-hfb-mobile-header-display":"","site-post-title":"","ast-breadcrumbs-content":"","ast-featured-img":"","footer-sml-layout":"","theme-transparent-header-meta":"default","adv-header-id-meta":"","stick-header-meta":"","header-above-stick-meta":"","header-main-stick-meta":"","header-below-stick-meta":"","astra-migrate-meta-layouts":"set","ast-page-background-enabled":"default","ast-page-background-meta":{"desktop":{"background-color":"var(--ast-global-color-4)","background-image":"","background-repeat":"repeat","background-position":"center center","background-size":"auto","background-attachment":"scroll","background-type":"","background-media":"","overlay-type":"","overlay-color":"","overlay-opacity":"","overlay-gradient":""},"tablet":{"background-color":"","background-image":"","background-repeat":"repeat","background-position":"center center","background-size":"auto","background-attachment":"scroll","background-type":"","background-media":"","overlay-type":"","overlay-color":"","overlay-opacity":"","overlay-gradient":""},"mobile":{"background-color":"","background-image":"","background-repeat":"repeat","background-position":"center center","background-size":"auto","background-attachment":"scroll","background-type":"","background-media":"","overlay-type":"","overlay-color":"","overlay-opacity":"","overlay-gradient":""}},"ast-content-background-meta":{"desktop":{"background-color":"var(--ast-global-color-5)","background-image":"","background-repeat":"repeat","background-position":"center center","background-size":"auto","background-attachment":"scroll","background-type":"","background-media":"","overlay-type":"","overlay-color":"","overlay-opacity":"","overlay-gradient":""},"tablet":{"background-color":"var(--ast-global-color-5)","background-image":"","background-repeat":"repeat","background-position":"center center","background-size":"auto","background-attachment":"scroll","background-type":"","background-media":"","overlay-type":"","overlay-color":"","overlay-opacity":"","overlay-gradient":""},"mobile":{"background-color":"var(--ast-global-color-5)","background-image":"","background-repeat":"repeat","background-position":"center center","background-size":"auto","background-attachment":"scroll","background-type":"","background-media":"","overlay-type":"","overlay-color":"","overlay-opacity":"","overlay-gradient":""}}},"product_brand":[],"product_cat":[132,115,137],"product_tag":[],"class_list":{"0":"post-6894","1":"product","2":"type-product","3":"status-publish","4":"has-post-thumbnail","6":"product_cat-petzl-sport","7":"product_cat-sport","8":"product_cat-aseguradores-descensores-sport","9":"desktop-align-center","10":"tablet-align-left","11":"mobile-align-center","13":"first","14":"instock","15":"shipping-taxable","16":"purchasable","17":"product-type-simple"},"aioseo_notices":[],"acf":[],"uagb_featured_image_src":{"full":["https:\/\/climbingstore.mx\/wp-content\/uploads\/2023\/06\/3914-DCDPZ-D009AA00-STOP.jpg",1000,1000,false],"thumbnail":["https:\/\/climbingstore.mx\/wp-content\/uploads\/2023\/06\/3914-DCDPZ-D009AA00-STOP-150x150.jpg",150,150,true],"medium":["https:\/\/climbingstore.mx\/wp-content\/uploads\/2023\/06\/3914-DCDPZ-D009AA00-STOP-300x300.jpg",300,300,true],"medium_large":["https:\/\/climbingstore.mx\/wp-content\/uploads\/2023\/06\/3914-DCDPZ-D009AA00-STOP-768x768.jpg",768,768,true],"large":["https:\/\/climbingstore.mx\/wp-content\/uploads\/2023\/06\/3914-DCDPZ-D009AA00-STOP.jpg",1000,1000,false],"1536x1536":["https:\/\/climbingstore.mx\/wp-content\/uploads\/2023\/06\/3914-DCDPZ-D009AA00-STOP.jpg",1000,1000,false],"2048x2048":["https:\/\/climbingstore.mx\/wp-content\/uploads\/2023\/06\/3914-DCDPZ-D009AA00-STOP.jpg",1000,1000,false],"trp-custom-language-flag":["https:\/\/climbingstore.mx\/wp-content\/uploads\/2023\/06\/3914-DCDPZ-D009AA00-STOP-12x12.jpg",12,12,true],"woocommerce_thumbnail":["https:\/\/climbingstore.mx\/wp-content\/uploads\/2023\/06\/3914-DCDPZ-D009AA00-STOP-600x600.jpg",600,600,true],"woocommerce_single":["https:\/\/climbingstore.mx\/wp-content\/uploads\/2023\/06\/3914-DCDPZ-D009AA00-STOP.jpg",1000,1000,false],"woocommerce_gallery_thumbnail":["https:\/\/climbingstore.mx\/wp-content\/uploads\/2023\/06\/3914-DCDPZ-D009AA00-STOP-100x100.jpg",100,100,true]},"uagb_author_info":{"display_name":"Juanita Castillo","author_link":"https:\/\/climbingstore.mx\/en\/author\/"},"uagb_comment_info":0,"uagb_excerpt":"Descensor para espeleolog\u00eda con frenado asistido.","_links":{"self":[{"href":"https:\/\/climbingstore.mx\/en\/wp-json\/wp\/v2\/product\/6894","targetHints":{"allow":["GET"]}}],"collection":[{"href":"https:\/\/climbingstore.mx\/en\/wp-json\/wp\/v2\/product"}],"about":[{"href":"https:\/\/climbingstore.mx\/en\/wp-json\/wp\/v2\/types\/product"}],"replies":[{"embeddable":true,"href":"https:\/\/climbingstore.mx\/en\/wp-json\/wp\/v2\/comments?post=6894"}],"wp:featuredmedia":[{"embeddable":true,"href":"https:\/\/climbingstore.mx\/en\/wp-json\/wp\/v2\/media\/7259"}],"wp:attachment":[{"href":"https:\/\/climbingstore.mx\/en\/wp-json\/wp\/v2\/media?parent=6894"}],"wp:term":[{"taxonomy":"product_brand","embeddable":true,"href":"https:\/\/climbingstore.mx\/en\/wp-json\/wp\/v2\/product_brand?post=6894"},{"taxonomy":"product_cat","embeddable":true,"href":"https:\/\/climbingstore.mx\/en\/wp-json\/wp\/v2\/product_cat?post=6894"},{"taxonomy":"product_tag","embeddable":true,"href":"https:\/\/climbingstore.mx\/en\/wp-json\/wp\/v2\/product_tag?post=6894"}],"curies":[{"name":"wp","href":"https:\/\/api.w.org\/{rel}","templated":true}]}}