{"id":6885,"date":"2023-06-02T16:22:35","date_gmt":"2023-06-02T22:22:35","guid":{"rendered":"https:\/\/climbingstore.mx\/?post_type=product&#038;p=6885"},"modified":"2025-05-07T12:39:39","modified_gmt":"2025-05-07T18:39:39","slug":"verso-gris","status":"publish","type":"product","link":"https:\/\/climbingstore.mx\/en\/product\/verso-gris\/","title":{"rendered":"VERSO Gris"},"content":{"rendered":"<p>\u00a1El m\u00e1s ligero de la gama Petzl! El VERSO es un asegurador f\u00e1cil de utilizar. Puedes asegurar a un escalador o realizar descensos en r\u00e1pel. Su dise\u00f1o espec\u00edfico facilita la circulaci\u00f3n de la cuerda en el aparato, protegi\u00e9ndolo del desgaste. Es adecuado para la mayor\u00eda de di\u00e1metros de cuerda: simple de 8,5 a 10,5 mm, doble de 7,1 a 9,2 mm y gemela de 6,9 a 9,2 mm.<\/p>\n<h3>Descripci\u00f3n<\/h3>\n<div class=\"list\">\n<ul>\n<li>Se adapta a todos los di\u00e1metros de cuerda:<br \/>\n&#8211; Compatible con las cuerdas din\u00e1micas simples de 8,5 a 11 mm,<br \/>\n&#8211; Compatible con las cuerdas din\u00e1micas dobles de 7,1 a 9,2 mm.<br \/>\n&#8211; Compatible con las cuerdas gemelas de 6,9 a 9,2 mm.<\/li>\n<li>Facilidad de utilizaci\u00f3n:<br \/>\n&#8211; Gestualidad com\u00fan, basada en el acompa\u00f1amiento de la cuerda en el aparato y la sujeci\u00f3n permanente con una mano en la cuerda lado frenado.<br \/>\n&#8211; Control de frenado gracias a las zonas de frenado en V y acanaladuras.<br \/>\n&#8211; Fluidez de la circulaci\u00f3n de la cuerda en el aparato.<br \/>\n&#8211; Permite asegurar a un escalador y realizar descensos en r\u00e1pel.<br \/>\n&#8211; Esquemas de instalaci\u00f3n grabados en el asegurador (para el aseguramiento y el descenso en r\u00e1pel).<\/li>\n<li>Ligereza y durabilidad:<br \/>\n&#8211; Compacto y ultraligero: s\u00f3lo 55 g.<br \/>\n&#8211; Mayor durabilidad gracias al dise\u00f1o redondeado del paso de cuerda, que limita el desgaste del aparato.<\/li>\n<\/ul>\n<\/div>\n<h3>Caracter\u00edsticas<\/h3>\n<div class=\"list\">\n<ul>\n<li>Peso: 55 g<\/li>\n<li>Compatibilidad de la cuerda: cuerda simple de 8,5 a 11 mm, cuerda doble de 7,1 a 9,2 mm y cuerda gemela de 6,9 a 9,2 mm<\/li>\n<li>Materiales: cuerpo de aluminio<\/li>\n<li>Certificaciones: EN 15151-2, UIAA<\/li>\n<\/ul>\n<\/div>","protected":false},"excerpt":{"rendered":"<p>Asegurador-descensor compacto y ligero para una utilizaci\u00f3n con uno o dos cabos de cuerda y que permite el descenso en r\u00e1pel.<\/p>","protected":false},"featured_media":7255,"comment_status":"open","ping_status":"closed","template":"","meta":{"_acf_changed":false,"_uag_custom_page_level_css":"","site-sidebar-layout":"default","site-content-layout":"default","ast-site-content-layout":"default","site-content-style":"default","site-sidebar-style":"default","ast-global-header-display":"","ast-banner-title-visibility":"","ast-main-header-display":"","ast-hfb-above-header-display":"","ast-hfb-below-header-display":"","ast-hfb-mobile-header-display":"","site-post-title":"","ast-breadcrumbs-content":"","ast-featured-img":"","footer-sml-layout":"","theme-transparent-header-meta":"default","adv-header-id-meta":"","stick-header-meta":"","header-above-stick-meta":"","header-main-stick-meta":"","header-below-stick-meta":"","astra-migrate-meta-layouts":"set","ast-page-background-enabled":"default","ast-page-background-meta":{"desktop":{"background-color":"var(--ast-global-color-4)","background-image":"","background-repeat":"repeat","background-position":"center center","background-size":"auto","background-attachment":"scroll","background-type":"","background-media":"","overlay-type":"","overlay-color":"","overlay-opacity":"","overlay-gradient":""},"tablet":{"background-color":"","background-image":"","background-repeat":"repeat","background-position":"center center","background-size":"auto","background-attachment":"scroll","background-type":"","background-media":"","overlay-type":"","overlay-color":"","overlay-opacity":"","overlay-gradient":""},"mobile":{"background-color":"","background-image":"","background-repeat":"repeat","background-position":"center center","background-size":"auto","background-attachment":"scroll","background-type":"","background-media":"","overlay-type":"","overlay-color":"","overlay-opacity":"","overlay-gradient":""}},"ast-content-background-meta":{"desktop":{"background-color":"var(--ast-global-color-5)","background-image":"","background-repeat":"repeat","background-position":"center center","background-size":"auto","background-attachment":"scroll","background-type":"","background-media":"","overlay-type":"","overlay-color":"","overlay-opacity":"","overlay-gradient":""},"tablet":{"background-color":"var(--ast-global-color-5)","background-image":"","background-repeat":"repeat","background-position":"center center","background-size":"auto","background-attachment":"scroll","background-type":"","background-media":"","overlay-type":"","overlay-color":"","overlay-opacity":"","overlay-gradient":""},"mobile":{"background-color":"var(--ast-global-color-5)","background-image":"","background-repeat":"repeat","background-position":"center center","background-size":"auto","background-attachment":"scroll","background-type":"","background-media":"","overlay-type":"","overlay-color":"","overlay-opacity":"","overlay-gradient":""}}},"product_brand":[],"product_cat":[132,115,137],"product_tag":[],"class_list":{"0":"post-6885","1":"product","2":"type-product","3":"status-publish","4":"has-post-thumbnail","6":"product_cat-petzl-sport","7":"product_cat-sport","8":"product_cat-aseguradores-descensores-sport","9":"desktop-align-center","10":"tablet-align-left","11":"mobile-align-center","13":"first","14":"instock","15":"shipping-taxable","16":"purchasable","17":"product-type-simple"},"aioseo_notices":[],"acf":[],"uagb_featured_image_src":{"full":["https:\/\/climbingstore.mx\/wp-content\/uploads\/2023\/06\/3910-ASDPZ-D019AA00-VERSO-GRIS.jpg",1000,1000,false],"thumbnail":["https:\/\/climbingstore.mx\/wp-content\/uploads\/2023\/06\/3910-ASDPZ-D019AA00-VERSO-GRIS-150x150.jpg",150,150,true],"medium":["https:\/\/climbingstore.mx\/wp-content\/uploads\/2023\/06\/3910-ASDPZ-D019AA00-VERSO-GRIS-300x300.jpg",300,300,true],"medium_large":["https:\/\/climbingstore.mx\/wp-content\/uploads\/2023\/06\/3910-ASDPZ-D019AA00-VERSO-GRIS-768x768.jpg",768,768,true],"large":["https:\/\/climbingstore.mx\/wp-content\/uploads\/2023\/06\/3910-ASDPZ-D019AA00-VERSO-GRIS.jpg",1000,1000,false],"1536x1536":["https:\/\/climbingstore.mx\/wp-content\/uploads\/2023\/06\/3910-ASDPZ-D019AA00-VERSO-GRIS.jpg",1000,1000,false],"2048x2048":["https:\/\/climbingstore.mx\/wp-content\/uploads\/2023\/06\/3910-ASDPZ-D019AA00-VERSO-GRIS.jpg",1000,1000,false],"trp-custom-language-flag":["https:\/\/climbingstore.mx\/wp-content\/uploads\/2023\/06\/3910-ASDPZ-D019AA00-VERSO-GRIS-12x12.jpg",12,12,true],"woocommerce_thumbnail":["https:\/\/climbingstore.mx\/wp-content\/uploads\/2023\/06\/3910-ASDPZ-D019AA00-VERSO-GRIS-600x600.jpg",600,600,true],"woocommerce_single":["https:\/\/climbingstore.mx\/wp-content\/uploads\/2023\/06\/3910-ASDPZ-D019AA00-VERSO-GRIS.jpg",1000,1000,false],"woocommerce_gallery_thumbnail":["https:\/\/climbingstore.mx\/wp-content\/uploads\/2023\/06\/3910-ASDPZ-D019AA00-VERSO-GRIS-100x100.jpg",100,100,true]},"uagb_author_info":{"display_name":"Juanita Castillo","author_link":"https:\/\/climbingstore.mx\/en\/author\/"},"uagb_comment_info":0,"uagb_excerpt":"Asegurador-descensor compacto y ligero para una utilizaci\u00f3n con uno o dos cabos de cuerda y que permite el descenso en r\u00e1pel.","_links":{"self":[{"href":"https:\/\/climbingstore.mx\/en\/wp-json\/wp\/v2\/product\/6885","targetHints":{"allow":["GET"]}}],"collection":[{"href":"https:\/\/climbingstore.mx\/en\/wp-json\/wp\/v2\/product"}],"about":[{"href":"https:\/\/climbingstore.mx\/en\/wp-json\/wp\/v2\/types\/product"}],"replies":[{"embeddable":true,"href":"https:\/\/climbingstore.mx\/en\/wp-json\/wp\/v2\/comments?post=6885"}],"wp:featuredmedia":[{"embeddable":true,"href":"https:\/\/climbingstore.mx\/en\/wp-json\/wp\/v2\/media\/7255"}],"wp:attachment":[{"href":"https:\/\/climbingstore.mx\/en\/wp-json\/wp\/v2\/media?parent=6885"}],"wp:term":[{"taxonomy":"product_brand","embeddable":true,"href":"https:\/\/climbingstore.mx\/en\/wp-json\/wp\/v2\/product_brand?post=6885"},{"taxonomy":"product_cat","embeddable":true,"href":"https:\/\/climbingstore.mx\/en\/wp-json\/wp\/v2\/product_cat?post=6885"},{"taxonomy":"product_tag","embeddable":true,"href":"https:\/\/climbingstore.mx\/en\/wp-json\/wp\/v2\/product_tag?post=6885"}],"curies":[{"name":"wp","href":"https:\/\/api.w.org\/{rel}","templated":true}]}}