{"id":6881,"date":"2023-06-02T14:51:08","date_gmt":"2023-06-02T20:51:08","guid":{"rendered":"https:\/\/climbingstore.mx\/?post_type=product&#038;p=6881"},"modified":"2025-05-07T12:43:26","modified_gmt":"2025-05-07T18:43:26","slug":"reverso-verde","status":"publish","type":"product","link":"https:\/\/climbingstore.mx\/en\/product\/reverso-verde\/","title":{"rendered":"REVERSO\u00ae Verde"},"content":{"rendered":"<p>Muy apreciado por su polivalencia y su ligereza, el REVERSO es un sistema para asegurar en escalada deportiva en pared, escalada de varios largos y alpinismo. Permite asegurar al compa\u00f1ero de cordada, realizar descensos en r\u00e1pel y utilizar su modo Reverso para asegurar a uno o dos segundos. Gracias a su dise\u00f1o espec\u00edfico, la cuerda circula f\u00e1cilmente en el aparato, protegi\u00e9ndolo del desgaste. Es adecuado para la mayor\u00eda de di\u00e1metros de cuerda: simple de 8,5 a 10,5 mm, doble de 7,1 a 9,2 mm y gemela de 6,9 a 9,2 mm.<\/p>\n<h3>Descripci\u00f3n<\/h3>\n<div class=\"list\">\n<ul>\n<li>Facilidad de utilizaci\u00f3n:<br \/>\n&#8211; Gestualidad com\u00fan, basada en el acompa\u00f1amiento de la cuerda en el aparato y la sujeci\u00f3n permanente con una mano en la cuerda lado frenado.<br \/>\n&#8211; Fluidez de la circulaci\u00f3n de la cuerda en el aparato.<br \/>\n&#8211; Control de frenado gracias a las zonas de frenado en V y acanaladuras.<br \/>\n&#8211; Esquemas de instalaci\u00f3n grabados en el asegurador (para el aseguramiento y el modo Reverso).<\/li>\n<li>Polivalencia de utilizaci\u00f3n para la escalada deportiva en pared, la escalada de varios largos y el alpinismo:<br \/>\n&#8211; Permite asegurar a un escalador y realizar descensos en r\u00e1pel con una o dos cuerdas.<br \/>\n&#8211; Modo Reverso que permite asegurar a uno o dos segundos con asistencia al frenado.<br \/>\n&#8211; Orificio de desbloqueo que permite dar cuerda al segundo con un simple mosquet\u00f3n.<\/li>\n<li>Ligereza y durabilidad:<br \/>\n&#8211; Compacto y ultraligero: s\u00f3lo 57 g.<br \/>\n&#8211; Mayor durabilidad gracias al dise\u00f1o redondeado del paso de cuerda, que limita el desgaste del aparato.<br \/>\n&#8211; Adecuado para la mayor\u00eda de di\u00e1metros de cuerda din\u00e1mica (simple de 8,5 a 10,5 mm, doble de 7,1 a 9,2 mm y gemela de 6,9 a 9,2 mm).<\/li>\n<\/ul>\n<\/div>\n<h3>Caracter\u00edsticas<\/h3>\n<div class=\"list\">\n<ul>\n<li>Peso: 57 g<\/li>\n<li>Compatibilidad de la cuerda: cuerda simple de 8,5 a 10,5 mm, cuerda doble de 7,1 a 9,2 mm y cuerda gemela de 6,9 a 9,2 mm<\/li>\n<li>Materiales: cuerpo de aluminio<\/li>\n<li>Certificaciones: EN 15151-2, UIAA<\/li>\n<\/ul>\n<\/div>","protected":false},"excerpt":{"rendered":"<p class=\"productSubtitle\">Asegurador-descensor polivalente y ligero para una utilizaci\u00f3n con uno o dos cabos de cuerda y que permite asegurar al segundo desde la reuni\u00f3n.<\/p>","protected":false},"featured_media":7253,"comment_status":"open","ping_status":"closed","template":"","meta":{"_acf_changed":false,"_uag_custom_page_level_css":"","site-sidebar-layout":"default","site-content-layout":"default","ast-site-content-layout":"default","site-content-style":"default","site-sidebar-style":"default","ast-global-header-display":"","ast-banner-title-visibility":"","ast-main-header-display":"","ast-hfb-above-header-display":"","ast-hfb-below-header-display":"","ast-hfb-mobile-header-display":"","site-post-title":"","ast-breadcrumbs-content":"","ast-featured-img":"","footer-sml-layout":"","theme-transparent-header-meta":"default","adv-header-id-meta":"","stick-header-meta":"","header-above-stick-meta":"","header-main-stick-meta":"","header-below-stick-meta":"","astra-migrate-meta-layouts":"set","ast-page-background-enabled":"default","ast-page-background-meta":{"desktop":{"background-color":"var(--ast-global-color-4)","background-image":"","background-repeat":"repeat","background-position":"center center","background-size":"auto","background-attachment":"scroll","background-type":"","background-media":"","overlay-type":"","overlay-color":"","overlay-opacity":"","overlay-gradient":""},"tablet":{"background-color":"","background-image":"","background-repeat":"repeat","background-position":"center center","background-size":"auto","background-attachment":"scroll","background-type":"","background-media":"","overlay-type":"","overlay-color":"","overlay-opacity":"","overlay-gradient":""},"mobile":{"background-color":"","background-image":"","background-repeat":"repeat","background-position":"center center","background-size":"auto","background-attachment":"scroll","background-type":"","background-media":"","overlay-type":"","overlay-color":"","overlay-opacity":"","overlay-gradient":""}},"ast-content-background-meta":{"desktop":{"background-color":"var(--ast-global-color-5)","background-image":"","background-repeat":"repeat","background-position":"center center","background-size":"auto","background-attachment":"scroll","background-type":"","background-media":"","overlay-type":"","overlay-color":"","overlay-opacity":"","overlay-gradient":""},"tablet":{"background-color":"var(--ast-global-color-5)","background-image":"","background-repeat":"repeat","background-position":"center center","background-size":"auto","background-attachment":"scroll","background-type":"","background-media":"","overlay-type":"","overlay-color":"","overlay-opacity":"","overlay-gradient":""},"mobile":{"background-color":"var(--ast-global-color-5)","background-image":"","background-repeat":"repeat","background-position":"center center","background-size":"auto","background-attachment":"scroll","background-type":"","background-media":"","overlay-type":"","overlay-color":"","overlay-opacity":"","overlay-gradient":""}}},"product_brand":[],"product_cat":[132,115,137],"product_tag":[],"class_list":{"0":"post-6881","1":"product","2":"type-product","3":"status-publish","4":"has-post-thumbnail","6":"product_cat-petzl-sport","7":"product_cat-sport","8":"product_cat-aseguradores-descensores-sport","9":"desktop-align-center","10":"tablet-align-left","11":"mobile-align-center","13":"first","14":"instock","15":"shipping-taxable","16":"purchasable","17":"product-type-simple"},"aioseo_notices":[],"acf":[],"uagb_featured_image_src":{"full":["https:\/\/climbingstore.mx\/wp-content\/uploads\/2023\/06\/3908-ASDPZ-D017AA01-REVERSO-VERDE.jpg",1000,1000,false],"thumbnail":["https:\/\/climbingstore.mx\/wp-content\/uploads\/2023\/06\/3908-ASDPZ-D017AA01-REVERSO-VERDE-150x150.jpg",150,150,true],"medium":["https:\/\/climbingstore.mx\/wp-content\/uploads\/2023\/06\/3908-ASDPZ-D017AA01-REVERSO-VERDE-300x300.jpg",300,300,true],"medium_large":["https:\/\/climbingstore.mx\/wp-content\/uploads\/2023\/06\/3908-ASDPZ-D017AA01-REVERSO-VERDE-768x768.jpg",768,768,true],"large":["https:\/\/climbingstore.mx\/wp-content\/uploads\/2023\/06\/3908-ASDPZ-D017AA01-REVERSO-VERDE.jpg",1000,1000,false],"1536x1536":["https:\/\/climbingstore.mx\/wp-content\/uploads\/2023\/06\/3908-ASDPZ-D017AA01-REVERSO-VERDE.jpg",1000,1000,false],"2048x2048":["https:\/\/climbingstore.mx\/wp-content\/uploads\/2023\/06\/3908-ASDPZ-D017AA01-REVERSO-VERDE.jpg",1000,1000,false],"trp-custom-language-flag":["https:\/\/climbingstore.mx\/wp-content\/uploads\/2023\/06\/3908-ASDPZ-D017AA01-REVERSO-VERDE-12x12.jpg",12,12,true],"woocommerce_thumbnail":["https:\/\/climbingstore.mx\/wp-content\/uploads\/2023\/06\/3908-ASDPZ-D017AA01-REVERSO-VERDE-600x600.jpg",600,600,true],"woocommerce_single":["https:\/\/climbingstore.mx\/wp-content\/uploads\/2023\/06\/3908-ASDPZ-D017AA01-REVERSO-VERDE.jpg",1000,1000,false],"woocommerce_gallery_thumbnail":["https:\/\/climbingstore.mx\/wp-content\/uploads\/2023\/06\/3908-ASDPZ-D017AA01-REVERSO-VERDE-100x100.jpg",100,100,true]},"uagb_author_info":{"display_name":"Juanita Castillo","author_link":"https:\/\/climbingstore.mx\/en\/author\/"},"uagb_comment_info":0,"uagb_excerpt":"Asegurador-descensor polivalente y ligero para una utilizaci\u00f3n con uno o dos cabos de cuerda y que permite asegurar al segundo desde la reuni\u00f3n.","_links":{"self":[{"href":"https:\/\/climbingstore.mx\/en\/wp-json\/wp\/v2\/product\/6881","targetHints":{"allow":["GET"]}}],"collection":[{"href":"https:\/\/climbingstore.mx\/en\/wp-json\/wp\/v2\/product"}],"about":[{"href":"https:\/\/climbingstore.mx\/en\/wp-json\/wp\/v2\/types\/product"}],"replies":[{"embeddable":true,"href":"https:\/\/climbingstore.mx\/en\/wp-json\/wp\/v2\/comments?post=6881"}],"wp:featuredmedia":[{"embeddable":true,"href":"https:\/\/climbingstore.mx\/en\/wp-json\/wp\/v2\/media\/7253"}],"wp:attachment":[{"href":"https:\/\/climbingstore.mx\/en\/wp-json\/wp\/v2\/media?parent=6881"}],"wp:term":[{"taxonomy":"product_brand","embeddable":true,"href":"https:\/\/climbingstore.mx\/en\/wp-json\/wp\/v2\/product_brand?post=6881"},{"taxonomy":"product_cat","embeddable":true,"href":"https:\/\/climbingstore.mx\/en\/wp-json\/wp\/v2\/product_cat?post=6881"},{"taxonomy":"product_tag","embeddable":true,"href":"https:\/\/climbingstore.mx\/en\/wp-json\/wp\/v2\/product_tag?post=6881"}],"curies":[{"name":"wp","href":"https:\/\/api.w.org\/{rel}","templated":true}]}}