{"id":6875,"date":"2023-06-02T14:04:18","date_gmt":"2023-06-02T20:04:18","guid":{"rendered":"https:\/\/climbingstore.mx\/?post_type=product&#038;p=6875"},"modified":"2024-04-19T17:08:19","modified_gmt":"2024-04-19T23:08:19","slug":"grigri-rojo-naranja","status":"publish","type":"product","link":"https:\/\/climbingstore.mx\/en\/product\/grigri-rojo-naranja\/","title":{"rendered":"GRIGRI\u00ae Rojo\/Naranja"},"content":{"rendered":"<p>\u00bfNecesita presentaci\u00f3n? El GRIGRI es el asegurador de referencia. Tanto en roc\u00f3dromo como en deportiva en pared, nos facilita la vida cuando aseguramos gracias al bloqueo asistido por leva. Incorpora una empu\u00f1adura ergon\u00f3mica que garantiza facilidad de control para un descenso fluido y confortable. A la vez compacto y ligero, es compatible con todas las cuerdas simples de 8,5 a 11 mm de di\u00e1metro. \u00a1Perfecto para el trabajo en v\u00edas!<\/p>\n<h3>Descripci\u00f3n<\/h3>\n<div class=\"list\">\n<ul>\n<li>Asegurador con bloqueo asistido mediante leva para escalar en deportiva en pared y en roc\u00f3dromo:<br \/>\n&#8211; Gestualidad com\u00fan, basada en el acompa\u00f1amiento de la cuerda en el aparato y la sujeci\u00f3n permanente con una mano en la cuerda lado frenado.<br \/>\n&#8211; Confort de aseguramiento gracias al bloqueo asistido mediante leva: debido a una ca\u00edda o al reposo del escalador, la cuerda se tensa, la leva pivota y pinza la cuerda para bloquearla.<br \/>\n&#8211; Bloqueo asistido mediante leva que ofrece una gran tolerancia de la posici\u00f3n de la mano lado frenado, independientemente del \u00e1ngulo entre la cuerda del escalador y la del lado frenado.<br \/>\n&#8211; Esquema de instalaci\u00f3n de la cuerda grabado en el asegurador (en el interior y en el exterior).<\/li>\n<li>Confort excepcional del descenso:<br \/>\n&#8211; Prensi\u00f3n confortable y simplicidad de desbloqueo de la cuerda gracias a la empu\u00f1adura ergon\u00f3mica.<br \/>\n&#8211; Control muy progresivo de la circulaci\u00f3n de la cuerda, que proporciona un descenso fluido y confortable.<br \/>\n&#8211; Desmultiplicaci\u00f3n de la empu\u00f1adura por 3 para un mayor control de la circulaci\u00f3n de la cuerda en los peque\u00f1os di\u00e1metros y menos esfuerzo en la empu\u00f1adura para los grandes di\u00e1metros de cuerda.<\/li>\n<li>Destinado a todos los usuarios:<br \/>\n&#8211; Utilizaci\u00f3n simple que permite el aseguramiento del primero y en polea.<br \/>\n&#8211; Relaci\u00f3n optimizada entre ligereza (175 g), compacidad y durabilidad.<br \/>\n&#8211; Compatible con todas las cuerdas din\u00e1micas simples de 8,5 a 11 mm y optimizado para los di\u00e1metros entre 8,9 a 10,5 mm.<\/li>\n<\/ul>\n<\/div>\n<h3>Caracter\u00edsticas<\/h3>\n<div class=\"list\">\n<ul>\n<li>Peso: 175 g<\/li>\n<li>Compatibilidad de la cuerda: cuerda simple de 8,5 a 11 mm<\/li>\n<li>Materiales: placas laterales de aluminio, pat\u00edn de frenado y leva de acero inoxidable y empu\u00f1adura de nil\u00f3n reforzado<\/li>\n<li>Certificaciones: CE EN 15151-1, UKCA, UIAA<\/li>\n<\/ul>\n<\/div>","protected":false},"excerpt":{"rendered":"<p>Asegurador con bloqueo asistido mediante leva.<\/p>","protected":false},"featured_media":7250,"comment_status":"open","ping_status":"closed","template":"","meta":{"_acf_changed":false,"_uag_custom_page_level_css":"","site-sidebar-layout":"default","site-content-layout":"default","ast-site-content-layout":"default","site-content-style":"default","site-sidebar-style":"default","ast-global-header-display":"","ast-banner-title-visibility":"","ast-main-header-display":"","ast-hfb-above-header-display":"","ast-hfb-below-header-display":"","ast-hfb-mobile-header-display":"","site-post-title":"","ast-breadcrumbs-content":"","ast-featured-img":"","footer-sml-layout":"","theme-transparent-header-meta":"default","adv-header-id-meta":"","stick-header-meta":"","header-above-stick-meta":"","header-main-stick-meta":"","header-below-stick-meta":"","astra-migrate-meta-layouts":"set","ast-page-background-enabled":"default","ast-page-background-meta":{"desktop":{"background-color":"var(--ast-global-color-4)","background-image":"","background-repeat":"repeat","background-position":"center center","background-size":"auto","background-attachment":"scroll","background-type":"","background-media":"","overlay-type":"","overlay-color":"","overlay-opacity":"","overlay-gradient":""},"tablet":{"background-color":"","background-image":"","background-repeat":"repeat","background-position":"center center","background-size":"auto","background-attachment":"scroll","background-type":"","background-media":"","overlay-type":"","overlay-color":"","overlay-opacity":"","overlay-gradient":""},"mobile":{"background-color":"","background-image":"","background-repeat":"repeat","background-position":"center center","background-size":"auto","background-attachment":"scroll","background-type":"","background-media":"","overlay-type":"","overlay-color":"","overlay-opacity":"","overlay-gradient":""}},"ast-content-background-meta":{"desktop":{"background-color":"var(--ast-global-color-5)","background-image":"","background-repeat":"repeat","background-position":"center center","background-size":"auto","background-attachment":"scroll","background-type":"","background-media":"","overlay-type":"","overlay-color":"","overlay-opacity":"","overlay-gradient":""},"tablet":{"background-color":"var(--ast-global-color-5)","background-image":"","background-repeat":"repeat","background-position":"center center","background-size":"auto","background-attachment":"scroll","background-type":"","background-media":"","overlay-type":"","overlay-color":"","overlay-opacity":"","overlay-gradient":""},"mobile":{"background-color":"var(--ast-global-color-5)","background-image":"","background-repeat":"repeat","background-position":"center center","background-size":"auto","background-attachment":"scroll","background-type":"","background-media":"","overlay-type":"","overlay-color":"","overlay-opacity":"","overlay-gradient":""}}},"product_brand":[],"product_cat":[132,115,137],"product_tag":[],"class_list":{"0":"post-6875","1":"product","2":"type-product","3":"status-publish","4":"has-post-thumbnail","6":"product_cat-petzl-sport","7":"product_cat-sport","8":"product_cat-aseguradores-descensores-sport","9":"desktop-align-center","10":"tablet-align-left","11":"mobile-align-center","13":"first","14":"instock","15":"shipping-taxable","16":"purchasable","17":"product-type-simple"},"aioseo_notices":[],"acf":[],"uagb_featured_image_src":{"full":["https:\/\/climbingstore.mx\/wp-content\/uploads\/2023\/06\/3905-ASDPZ-D014BA01-GRIGRI-2-ROJO.jpg",1000,1000,false],"thumbnail":["https:\/\/climbingstore.mx\/wp-content\/uploads\/2023\/06\/3905-ASDPZ-D014BA01-GRIGRI-2-ROJO-150x150.jpg",150,150,true],"medium":["https:\/\/climbingstore.mx\/wp-content\/uploads\/2023\/06\/3905-ASDPZ-D014BA01-GRIGRI-2-ROJO-300x300.jpg",300,300,true],"medium_large":["https:\/\/climbingstore.mx\/wp-content\/uploads\/2023\/06\/3905-ASDPZ-D014BA01-GRIGRI-2-ROJO-768x768.jpg",768,768,true],"large":["https:\/\/climbingstore.mx\/wp-content\/uploads\/2023\/06\/3905-ASDPZ-D014BA01-GRIGRI-2-ROJO.jpg",1000,1000,false],"1536x1536":["https:\/\/climbingstore.mx\/wp-content\/uploads\/2023\/06\/3905-ASDPZ-D014BA01-GRIGRI-2-ROJO.jpg",1000,1000,false],"2048x2048":["https:\/\/climbingstore.mx\/wp-content\/uploads\/2023\/06\/3905-ASDPZ-D014BA01-GRIGRI-2-ROJO.jpg",1000,1000,false],"trp-custom-language-flag":["https:\/\/climbingstore.mx\/wp-content\/uploads\/2023\/06\/3905-ASDPZ-D014BA01-GRIGRI-2-ROJO-12x12.jpg",12,12,true],"woocommerce_thumbnail":["https:\/\/climbingstore.mx\/wp-content\/uploads\/2023\/06\/3905-ASDPZ-D014BA01-GRIGRI-2-ROJO-600x600.jpg",600,600,true],"woocommerce_single":["https:\/\/climbingstore.mx\/wp-content\/uploads\/2023\/06\/3905-ASDPZ-D014BA01-GRIGRI-2-ROJO.jpg",1000,1000,false],"woocommerce_gallery_thumbnail":["https:\/\/climbingstore.mx\/wp-content\/uploads\/2023\/06\/3905-ASDPZ-D014BA01-GRIGRI-2-ROJO-100x100.jpg",100,100,true]},"uagb_author_info":{"display_name":"Juanita Castillo","author_link":"https:\/\/climbingstore.mx\/en\/author\/"},"uagb_comment_info":0,"uagb_excerpt":"Asegurador con bloqueo asistido mediante leva.","_links":{"self":[{"href":"https:\/\/climbingstore.mx\/en\/wp-json\/wp\/v2\/product\/6875","targetHints":{"allow":["GET"]}}],"collection":[{"href":"https:\/\/climbingstore.mx\/en\/wp-json\/wp\/v2\/product"}],"about":[{"href":"https:\/\/climbingstore.mx\/en\/wp-json\/wp\/v2\/types\/product"}],"replies":[{"embeddable":true,"href":"https:\/\/climbingstore.mx\/en\/wp-json\/wp\/v2\/comments?post=6875"}],"wp:featuredmedia":[{"embeddable":true,"href":"https:\/\/climbingstore.mx\/en\/wp-json\/wp\/v2\/media\/7250"}],"wp:attachment":[{"href":"https:\/\/climbingstore.mx\/en\/wp-json\/wp\/v2\/media?parent=6875"}],"wp:term":[{"taxonomy":"product_brand","embeddable":true,"href":"https:\/\/climbingstore.mx\/en\/wp-json\/wp\/v2\/product_brand?post=6875"},{"taxonomy":"product_cat","embeddable":true,"href":"https:\/\/climbingstore.mx\/en\/wp-json\/wp\/v2\/product_cat?post=6875"},{"taxonomy":"product_tag","embeddable":true,"href":"https:\/\/climbingstore.mx\/en\/wp-json\/wp\/v2\/product_tag?post=6875"}],"curies":[{"name":"wp","href":"https:\/\/api.w.org\/{rel}","templated":true}]}}