{"id":6867,"date":"2023-06-02T13:13:57","date_gmt":"2023-06-02T19:13:57","guid":{"rendered":"https:\/\/climbingstore.mx\/?post_type=product&#038;p=6867"},"modified":"2024-04-19T17:05:33","modified_gmt":"2024-04-19T23:05:33","slug":"grigri-naranja","status":"publish","type":"product","link":"https:\/\/climbingstore.mx\/en\/product\/grigri-naranja\/","title":{"rendered":"GRIGRI\u00ae + Naranja"},"content":{"rendered":"<p>\u00a1Para asegurar todas las opciones! Especialmente adecuado para el aprendizaje gracias a su empu\u00f1adura antip\u00e1nico, el GRIGRI + es un asegurador con bloqueo asistido para la escalada en roc\u00f3dromo y deportiva en pared. Su bot\u00f3n selector permite escoger entre dos modos de asegurar: en polea o de primero. Reforzado para una utilizaci\u00f3n intensiva, se utiliza con todas las cuerdas simples de 8,5 a 11 mm.<\/p>\n<h6>Descripci\u00f3n<\/h6>\n<div class=\"list\">\n<ul>\n<li>Asegurador con bloqueo asistido mediante leva para escalar en deportiva en pared y en roc\u00f3dromo:<br \/>\n&#8211; Gestualidad com\u00fan, basada en el acompa\u00f1amiento de la cuerda en el aparato y la sujeci\u00f3n permanente con una mano en la cuerda lado frenado.<br \/>\n&#8211; Confort de aseguramiento gracias al bloqueo asistido mediante leva: debido a una ca\u00edda o al reposo del escalador, la cuerda se tensa, la leva pivota y pinza la cuerda para bloquearla.<br \/>\n&#8211; Bloqueo asistido mediante leva que ofrece una gran tolerancia de la posici\u00f3n de la mano lado frenado, independientemente del \u00e1ngulo entre la cuerda del escalador y la del lado frenado.<br \/>\n&#8211; Esquema de instalaci\u00f3n de la cuerda grabado en el asegurador (en el interior y en el exterior).<\/li>\n<li>Confort excepcional del descenso:<br \/>\n&#8211; Prensi\u00f3n confortable y simplicidad de desbloqueo de la cuerda gracias a la empu\u00f1adura ergon\u00f3mica.<br \/>\n&#8211; Control muy progresivo de la circulaci\u00f3n de la cuerda, que proporciona un descenso fluido y confortable.<br \/>\n&#8211; Desmultiplicaci\u00f3n de la empu\u00f1adura por 3 para un mayor control de la circulaci\u00f3n de la cuerda en los peque\u00f1os di\u00e1metros y menos esfuerzo en la empu\u00f1adura para los grandes di\u00e1metros de cuerda.<\/li>\n<li>Especialmente adecuado para el aprendizaje y las utilizaciones intensivas:<br \/>\n&#8211; Empu\u00f1adura antip\u00e1nico: si el asegurador tira demasiado fuerte de la empu\u00f1adura, la funci\u00f3n antip\u00e1nico se activa.<br \/>\n&#8211; Selecci\u00f3n del modo de asegurar, escalada en polea o escalada de primero gracias al bot\u00f3n de selecci\u00f3n bloqueable: el modo de asegurar en polea facilita recuperar cuerda y ofrece un aseguramiento m\u00e1s confortable.<br \/>\n&#8211; Compatible con todas las cuerdas din\u00e1micas simples de 8,5 a 11 mm y optimizado para los di\u00e1metros entre 8,9 a 10,5 mm.<br \/>\n&#8211; Gran durabilidad, para las utilizaciones intensivas, gracias a la placa de refuerzo de acero inoxidable.<\/li>\n<\/ul>\n<\/div>\n<h6>Caracter\u00edsticas<\/h6>\n<div class=\"list\">\n<ul>\n<li>Peso: 200 g<\/li>\n<li>Compatibilidad de la cuerda: cuerda simple de 8,5 a 11 mm<\/li>\n<li>Materiales: placas laterales de aluminio, pat\u00edn de frenado, leva y placa de refuerzo de acero inoxidable, y empu\u00f1adura de nil\u00f3n reforzado<\/li>\n<li>Certificaciones: CE EN 15151-1, UKCA, UIAA<\/li>\n<\/ul>\n<h6>Informaci\u00f3n t\u00e9cnica<\/h6>\n<p class=\"titleLink\">Ficha t\u00e9cnica<\/p>\n<ul class=\"noticeList inlineblock\">\n<li><a href=\"https:\/\/www.petzl.com\/sfc\/servlet.shepherd\/version\/download\/0686800000Yt6GsAAJ\"><span class=\"weightIndication inlineblock\">Descargar el pdf : technical-notice-GRIGRI-PLUS-1 &#8211; 4.58 MB<\/span><\/a><\/li>\n<\/ul>\n<p class=\"inlineblock\">Procedimiento de revisi\u00f3n del EPI:<a href=\"https:\/\/www.petzl.com\/sfc\/servlet.shepherd\/version\/download\/0686800000Q6ZvoAAF\">\u00a0<span class=\"weightIndication inlineblock\">Descargar el pdf &#8211; 0.86 MB<\/span><\/a><\/p>\n<p class=\"inlineblock\">Ficha de seguimiento del EPI: <a href=\"https:\/\/www.petzl.com\/sfc\/servlet.shepherd\/version\/download\/0686800000Q6ZvtAAF\"><span class=\"weightIndication inlineblock\">Descargar el pdf &#8211; 0.21 MB<\/span><\/a><\/p>\n<p class=\"inlineblock\">Consejos para el mantenimiento de tus equipos: <a href=\"https:\/\/www.petzl.com\/sfc\/servlet.shepherd\/version\/download\/0686800000Q6a0YAAR\"><span class=\"weightIndication inlineblock\">Descargar el pdf &#8211; 3.56 MB<\/span><\/a><\/p>\n<\/div>","protected":false},"excerpt":{"rendered":"<p>Asegurador con bloqueo asistido mediante leva y empu\u00f1adura antip\u00e1nico, especialmente adecuado para el aprendizaje y utilizaciones intensivas.<\/p>","protected":false},"featured_media":7246,"comment_status":"open","ping_status":"closed","template":"","meta":{"_acf_changed":false,"_uag_custom_page_level_css":"","site-sidebar-layout":"default","site-content-layout":"default","ast-site-content-layout":"default","site-content-style":"default","site-sidebar-style":"default","ast-global-header-display":"","ast-banner-title-visibility":"","ast-main-header-display":"","ast-hfb-above-header-display":"","ast-hfb-below-header-display":"","ast-hfb-mobile-header-display":"","site-post-title":"","ast-breadcrumbs-content":"","ast-featured-img":"","footer-sml-layout":"","theme-transparent-header-meta":"default","adv-header-id-meta":"","stick-header-meta":"","header-above-stick-meta":"","header-main-stick-meta":"","header-below-stick-meta":"","astra-migrate-meta-layouts":"set","ast-page-background-enabled":"default","ast-page-background-meta":{"desktop":{"background-color":"var(--ast-global-color-4)","background-image":"","background-repeat":"repeat","background-position":"center center","background-size":"auto","background-attachment":"scroll","background-type":"","background-media":"","overlay-type":"","overlay-color":"","overlay-opacity":"","overlay-gradient":""},"tablet":{"background-color":"","background-image":"","background-repeat":"repeat","background-position":"center center","background-size":"auto","background-attachment":"scroll","background-type":"","background-media":"","overlay-type":"","overlay-color":"","overlay-opacity":"","overlay-gradient":""},"mobile":{"background-color":"","background-image":"","background-repeat":"repeat","background-position":"center center","background-size":"auto","background-attachment":"scroll","background-type":"","background-media":"","overlay-type":"","overlay-color":"","overlay-opacity":"","overlay-gradient":""}},"ast-content-background-meta":{"desktop":{"background-color":"var(--ast-global-color-5)","background-image":"","background-repeat":"repeat","background-position":"center center","background-size":"auto","background-attachment":"scroll","background-type":"","background-media":"","overlay-type":"","overlay-color":"","overlay-opacity":"","overlay-gradient":""},"tablet":{"background-color":"var(--ast-global-color-5)","background-image":"","background-repeat":"repeat","background-position":"center center","background-size":"auto","background-attachment":"scroll","background-type":"","background-media":"","overlay-type":"","overlay-color":"","overlay-opacity":"","overlay-gradient":""},"mobile":{"background-color":"var(--ast-global-color-5)","background-image":"","background-repeat":"repeat","background-position":"center center","background-size":"auto","background-attachment":"scroll","background-type":"","background-media":"","overlay-type":"","overlay-color":"","overlay-opacity":"","overlay-gradient":""}}},"product_brand":[],"product_cat":[132,115,137],"product_tag":[],"class_list":{"0":"post-6867","1":"product","2":"type-product","3":"status-publish","4":"has-post-thumbnail","6":"product_cat-petzl-sport","7":"product_cat-sport","8":"product_cat-aseguradores-descensores-sport","9":"desktop-align-center","10":"tablet-align-left","11":"mobile-align-center","13":"first","14":"instock","15":"shipping-taxable","16":"purchasable","17":"product-type-simple"},"aioseo_notices":[],"acf":[],"uagb_featured_image_src":{"full":["https:\/\/climbingstore.mx\/wp-content\/uploads\/2023\/06\/3901-ASDPZ-D13A-AG-GRIGRI-NARANJA.jpg",1000,1000,false],"thumbnail":["https:\/\/climbingstore.mx\/wp-content\/uploads\/2023\/06\/3901-ASDPZ-D13A-AG-GRIGRI-NARANJA-150x150.jpg",150,150,true],"medium":["https:\/\/climbingstore.mx\/wp-content\/uploads\/2023\/06\/3901-ASDPZ-D13A-AG-GRIGRI-NARANJA-300x300.jpg",300,300,true],"medium_large":["https:\/\/climbingstore.mx\/wp-content\/uploads\/2023\/06\/3901-ASDPZ-D13A-AG-GRIGRI-NARANJA-768x768.jpg",768,768,true],"large":["https:\/\/climbingstore.mx\/wp-content\/uploads\/2023\/06\/3901-ASDPZ-D13A-AG-GRIGRI-NARANJA.jpg",1000,1000,false],"1536x1536":["https:\/\/climbingstore.mx\/wp-content\/uploads\/2023\/06\/3901-ASDPZ-D13A-AG-GRIGRI-NARANJA.jpg",1000,1000,false],"2048x2048":["https:\/\/climbingstore.mx\/wp-content\/uploads\/2023\/06\/3901-ASDPZ-D13A-AG-GRIGRI-NARANJA.jpg",1000,1000,false],"trp-custom-language-flag":["https:\/\/climbingstore.mx\/wp-content\/uploads\/2023\/06\/3901-ASDPZ-D13A-AG-GRIGRI-NARANJA-12x12.jpg",12,12,true],"woocommerce_thumbnail":["https:\/\/climbingstore.mx\/wp-content\/uploads\/2023\/06\/3901-ASDPZ-D13A-AG-GRIGRI-NARANJA-600x600.jpg",600,600,true],"woocommerce_single":["https:\/\/climbingstore.mx\/wp-content\/uploads\/2023\/06\/3901-ASDPZ-D13A-AG-GRIGRI-NARANJA.jpg",1000,1000,false],"woocommerce_gallery_thumbnail":["https:\/\/climbingstore.mx\/wp-content\/uploads\/2023\/06\/3901-ASDPZ-D13A-AG-GRIGRI-NARANJA-100x100.jpg",100,100,true]},"uagb_author_info":{"display_name":"Juanita Castillo","author_link":"https:\/\/climbingstore.mx\/en\/author\/"},"uagb_comment_info":0,"uagb_excerpt":"Asegurador con bloqueo asistido mediante leva y empu\u00f1adura antip\u00e1nico, especialmente adecuado para el aprendizaje y utilizaciones intensivas.","_links":{"self":[{"href":"https:\/\/climbingstore.mx\/en\/wp-json\/wp\/v2\/product\/6867","targetHints":{"allow":["GET"]}}],"collection":[{"href":"https:\/\/climbingstore.mx\/en\/wp-json\/wp\/v2\/product"}],"about":[{"href":"https:\/\/climbingstore.mx\/en\/wp-json\/wp\/v2\/types\/product"}],"replies":[{"embeddable":true,"href":"https:\/\/climbingstore.mx\/en\/wp-json\/wp\/v2\/comments?post=6867"}],"wp:featuredmedia":[{"embeddable":true,"href":"https:\/\/climbingstore.mx\/en\/wp-json\/wp\/v2\/media\/7246"}],"wp:attachment":[{"href":"https:\/\/climbingstore.mx\/en\/wp-json\/wp\/v2\/media?parent=6867"}],"wp:term":[{"taxonomy":"product_brand","embeddable":true,"href":"https:\/\/climbingstore.mx\/en\/wp-json\/wp\/v2\/product_brand?post=6867"},{"taxonomy":"product_cat","embeddable":true,"href":"https:\/\/climbingstore.mx\/en\/wp-json\/wp\/v2\/product_cat?post=6867"},{"taxonomy":"product_tag","embeddable":true,"href":"https:\/\/climbingstore.mx\/en\/wp-json\/wp\/v2\/product_tag?post=6867"}],"curies":[{"name":"wp","href":"https:\/\/api.w.org\/{rel}","templated":true}]}}