{"id":6863,"date":"2023-05-30T17:32:21","date_gmt":"2023-05-30T23:32:21","guid":{"rendered":"https:\/\/climbingstore.mx\/?post_type=product&#038;p=6863"},"modified":"2024-04-17T16:43:55","modified_gmt":"2024-04-17T22:43:55","slug":"boreo-caving-m-l","status":"publish","type":"product","link":"https:\/\/climbingstore.mx\/en\/product\/boreo-caving-m-l\/","title":{"rendered":"BOREO\u00ae CAVING M\/L"},"content":{"rendered":"<p>\u00bfEntusiasta de la exploraci\u00f3n subterr\u00e1nea? El casco BOREO CAVING est\u00e1 especialmente dise\u00f1ado para la espeleolog\u00eda. Est\u00e1 equipado con pletinas, delanteras y traseras, para poder fijar la linterna frontal. As\u00ed podr\u00e1s escoger entre una linterna DUO RL, DUO S o DUO Z2 en funci\u00f3n de tus necesidades<\/p>\n<h3>Descripci\u00f3n<\/h3>\n<div class=\"list\">\n<ul>\n<li>Casco para espeleolog\u00eda preparado para instalar una linterna frontal.<\/li>\n<li>Casco BOREO:<br \/>\n&#8211; Dise\u00f1o envolvente para una mayor protecci\u00f3n contra los impactos laterales, delanteros y posteriores (TOP AND SIDE PROTECTION de Petzl).<br \/>\n&#8211; Construcci\u00f3n h\u00edbrida con una carcasa gruesa de ABS, una almohadilla de espuma de EPP y una almohadilla de espuma de EPS que favorece la compacidad en la cabeza.<br \/>\n&#8211; Casco robusto con carcasa exterior dura que ofrece una durabilidad \u00f3ptima.<br \/>\n&#8211; Contorno de cabeza flexible que se adapta perfectamente a la forma de la cabeza, plegable en el interior del casco para facilitar el almacenamiento y transporte.<\/li>\n<li>Pletinas delantera y trasera montadas en el casco:<br \/>\n&#8211; Pletinas delantera y trasera para atornillar en el casco.<br \/>\n&#8211; Pletinas previstas para fijar una linterna frontal DUO RL, DUO S o DUO Z2 (linterna frontal no incluida).<\/li>\n<li>Limpieza muy f\u00e1cil, gracias a los acolchados de confort de c\u00e9lulas cerradas que no absorben agua ni transpiraci\u00f3n.<\/li>\n<\/ul>\n<\/div>\n<h3>Caracter\u00edsticas<\/h3>\n<div class=\"list\">\n<ul>\n<li>Materiales: carcasa de ABS, almohadilla de polipropileno expandido (EPP), almohadilla de poliestireno expandido (EPS) y cintas de poli\u00e9ster<\/li>\n<li>Certificaciones: CE EN 12492, UKCA, UIAA<\/li>\n<li>El producto se sirve sin linterna frontal.<\/li>\n<\/ul>\n<\/div>","protected":false},"excerpt":{"rendered":"<p>Casco para espeleolog\u00eda con fijaciones para la linterna frontal DUO.<\/p>","protected":false},"featured_media":6864,"comment_status":"open","ping_status":"closed","template":"","meta":{"_acf_changed":false,"_uag_custom_page_level_css":"","site-sidebar-layout":"default","site-content-layout":"default","ast-site-content-layout":"default","site-content-style":"default","site-sidebar-style":"default","ast-global-header-display":"","ast-banner-title-visibility":"","ast-main-header-display":"","ast-hfb-above-header-display":"","ast-hfb-below-header-display":"","ast-hfb-mobile-header-display":"","site-post-title":"","ast-breadcrumbs-content":"","ast-featured-img":"","footer-sml-layout":"","theme-transparent-header-meta":"default","adv-header-id-meta":"","stick-header-meta":"","header-above-stick-meta":"","header-main-stick-meta":"","header-below-stick-meta":"","astra-migrate-meta-layouts":"set","ast-page-background-enabled":"default","ast-page-background-meta":{"desktop":{"background-color":"var(--ast-global-color-4)","background-image":"","background-repeat":"repeat","background-position":"center center","background-size":"auto","background-attachment":"scroll","background-type":"","background-media":"","overlay-type":"","overlay-color":"","overlay-opacity":"","overlay-gradient":""},"tablet":{"background-color":"","background-image":"","background-repeat":"repeat","background-position":"center center","background-size":"auto","background-attachment":"scroll","background-type":"","background-media":"","overlay-type":"","overlay-color":"","overlay-opacity":"","overlay-gradient":""},"mobile":{"background-color":"","background-image":"","background-repeat":"repeat","background-position":"center center","background-size":"auto","background-attachment":"scroll","background-type":"","background-media":"","overlay-type":"","overlay-color":"","overlay-opacity":"","overlay-gradient":""}},"ast-content-background-meta":{"desktop":{"background-color":"var(--ast-global-color-5)","background-image":"","background-repeat":"repeat","background-position":"center center","background-size":"auto","background-attachment":"scroll","background-type":"","background-media":"","overlay-type":"","overlay-color":"","overlay-opacity":"","overlay-gradient":""},"tablet":{"background-color":"var(--ast-global-color-5)","background-image":"","background-repeat":"repeat","background-position":"center center","background-size":"auto","background-attachment":"scroll","background-type":"","background-media":"","overlay-type":"","overlay-color":"","overlay-opacity":"","overlay-gradient":""},"mobile":{"background-color":"var(--ast-global-color-5)","background-image":"","background-repeat":"repeat","background-position":"center center","background-size":"auto","background-attachment":"scroll","background-type":"","background-media":"","overlay-type":"","overlay-color":"","overlay-opacity":"","overlay-gradient":""}}},"product_brand":[],"product_cat":[132,136],"product_tag":[],"class_list":{"0":"post-6863","1":"product","2":"type-product","3":"status-publish","4":"has-post-thumbnail","6":"product_cat-petzl-sport","7":"product_cat-cascos-sport","8":"desktop-align-center","9":"tablet-align-left","10":"mobile-align-center","12":"first","13":"instock","14":"shipping-taxable","15":"purchasable","16":"product-type-simple"},"aioseo_notices":[],"acf":[],"uagb_featured_image_src":{"full":["https:\/\/climbingstore.mx\/wp-content\/uploads\/2023\/05\/3227-CSDPZ-A042SA01-BOREO-CAVING-blanco-M-L.jpg",1000,1000,false],"thumbnail":["https:\/\/climbingstore.mx\/wp-content\/uploads\/2023\/05\/3227-CSDPZ-A042SA01-BOREO-CAVING-blanco-M-L-150x150.jpg",150,150,true],"medium":["https:\/\/climbingstore.mx\/wp-content\/uploads\/2023\/05\/3227-CSDPZ-A042SA01-BOREO-CAVING-blanco-M-L-300x300.jpg",300,300,true],"medium_large":["https:\/\/climbingstore.mx\/wp-content\/uploads\/2023\/05\/3227-CSDPZ-A042SA01-BOREO-CAVING-blanco-M-L-768x768.jpg",768,768,true],"large":["https:\/\/climbingstore.mx\/wp-content\/uploads\/2023\/05\/3227-CSDPZ-A042SA01-BOREO-CAVING-blanco-M-L.jpg",1000,1000,false],"1536x1536":["https:\/\/climbingstore.mx\/wp-content\/uploads\/2023\/05\/3227-CSDPZ-A042SA01-BOREO-CAVING-blanco-M-L.jpg",1000,1000,false],"2048x2048":["https:\/\/climbingstore.mx\/wp-content\/uploads\/2023\/05\/3227-CSDPZ-A042SA01-BOREO-CAVING-blanco-M-L.jpg",1000,1000,false],"trp-custom-language-flag":["https:\/\/climbingstore.mx\/wp-content\/uploads\/2023\/05\/3227-CSDPZ-A042SA01-BOREO-CAVING-blanco-M-L-12x12.jpg",12,12,true],"woocommerce_thumbnail":["https:\/\/climbingstore.mx\/wp-content\/uploads\/2023\/05\/3227-CSDPZ-A042SA01-BOREO-CAVING-blanco-M-L-600x600.jpg",600,600,true],"woocommerce_single":["https:\/\/climbingstore.mx\/wp-content\/uploads\/2023\/05\/3227-CSDPZ-A042SA01-BOREO-CAVING-blanco-M-L.jpg",1000,1000,false],"woocommerce_gallery_thumbnail":["https:\/\/climbingstore.mx\/wp-content\/uploads\/2023\/05\/3227-CSDPZ-A042SA01-BOREO-CAVING-blanco-M-L-100x100.jpg",100,100,true]},"uagb_author_info":{"display_name":"Juanita Castillo","author_link":"https:\/\/climbingstore.mx\/en\/author\/"},"uagb_comment_info":0,"uagb_excerpt":"Casco para espeleolog\u00eda con fijaciones para la linterna frontal DUO.","_links":{"self":[{"href":"https:\/\/climbingstore.mx\/en\/wp-json\/wp\/v2\/product\/6863","targetHints":{"allow":["GET"]}}],"collection":[{"href":"https:\/\/climbingstore.mx\/en\/wp-json\/wp\/v2\/product"}],"about":[{"href":"https:\/\/climbingstore.mx\/en\/wp-json\/wp\/v2\/types\/product"}],"replies":[{"embeddable":true,"href":"https:\/\/climbingstore.mx\/en\/wp-json\/wp\/v2\/comments?post=6863"}],"wp:featuredmedia":[{"embeddable":true,"href":"https:\/\/climbingstore.mx\/en\/wp-json\/wp\/v2\/media\/6864"}],"wp:attachment":[{"href":"https:\/\/climbingstore.mx\/en\/wp-json\/wp\/v2\/media?parent=6863"}],"wp:term":[{"taxonomy":"product_brand","embeddable":true,"href":"https:\/\/climbingstore.mx\/en\/wp-json\/wp\/v2\/product_brand?post=6863"},{"taxonomy":"product_cat","embeddable":true,"href":"https:\/\/climbingstore.mx\/en\/wp-json\/wp\/v2\/product_cat?post=6863"},{"taxonomy":"product_tag","embeddable":true,"href":"https:\/\/climbingstore.mx\/en\/wp-json\/wp\/v2\/product_tag?post=6863"}],"curies":[{"name":"wp","href":"https:\/\/api.w.org\/{rel}","templated":true}]}}