{"id":6857,"date":"2023-05-30T17:20:55","date_gmt":"2023-05-30T23:20:55","guid":{"rendered":"https:\/\/climbingstore.mx\/?post_type=product&#038;p=6857"},"modified":"2024-04-17T16:45:56","modified_gmt":"2024-04-17T22:45:56","slug":"picchu-azul","status":"publish","type":"product","link":"https:\/\/climbingstore.mx\/en\/product\/picchu-azul\/","title":{"rendered":"PICCHU Azul"},"content":{"rendered":"<div class=\"productDescription\">\n<div class=\"productCaracteristiquesPosition inlineblock\">\n<p class=\"productCaracteristiques inlineblock\">\u00a1Para tus peque\u00f1os aventureros! El PICCHU es un casco adaptado para los escaladores m\u00e1s peque\u00f1os y j\u00f3venes ciclistas (normas europeas y norteamericanas para la escalada y los ciclistas). Su carcasa exterior dura resiste de forma duradera a los impactos y a las rayadas. Su forma envolvente aporta una mayor protecci\u00f3n en toda la cabeza contra los impactos laterales, frontales y posteriores. Ventilado y adaptado a la morfolog\u00eda de los ni\u00f1os, es c\u00f3modo de llevar.<\/p>\n<h3>Descripci\u00f3n<\/h3>\n<div class=\"list\">\n<ul>\n<li>Casco multinorma para escalar y ciclistas:<br \/>\n&#8211; Escalada (CE EN 12492 y UIAA).<br \/>\n&#8211; Ciclistas Europa (CE EN 1078).<br \/>\n&#8211; Ciclistas Estados Unidos (CPSC safety standard &#8211; cascos para ciclistas para usuarios a partir de 5 a\u00f1os).<br \/>\n&#8211; Dise\u00f1o seg\u00fan el sello TOP AND SIDE PROTECTION de Petzl.<br \/>\n&#8211; Dise\u00f1o envolvente para una protecci\u00f3n reforzada contra los impactos laterales, frontales y posteriores.<\/li>\n<li>Construcci\u00f3n robusta y adaptada a los ni\u00f1os:<br \/>\n&#8211; Carcasa exterior dura de ABS para resistir a los impactos y a las rayadas y ofrecer una durabilidad \u00f3ptima.<br \/>\n&#8211; Talla espec\u00edfica para ni\u00f1os de 3 a 8 a\u00f1os (contorno de cabeza de 48-54 cm).<br \/>\n&#8211; Hoja de etiquetas autoadhesivas que permiten personalizar el casco.<\/li>\n<li>Confort de utilizaci\u00f3n:<br \/>\n&#8211; Aberturas en el contorno para una buena ventilaci\u00f3n.<br \/>\n&#8211; Contorno de cabeza y barboquejo regulables para un porte c\u00f3modo.<br \/>\n&#8211; Cintas de sujeci\u00f3n finas de poli\u00e9ster para m\u00e1s comodidad.<br \/>\n&#8211; Cuatro ganchos situados adecuadamente para fijar una linterna frontal.<br \/>\n&#8211; Acolchados c\u00f3modos amovibles y lavables.<\/li>\n<\/ul>\n<\/div>\n<h3>Caracter\u00edsticas<\/h3>\n<div class=\"list\">\n<ul>\n<li>Materiales: carcasa de ABS, almohadilla de poliestireno expandido (EPS) y cintas de poli\u00e9ster<\/li>\n<li>Certificaciones: CE EN 12492, UKCA, UIAA, CE EN 1078, CPSC safety standard<\/li>\n<li>talla \u00fanica<\/li>\n<\/ul>\n<\/div>\n<\/div>\n<\/div>","protected":false},"excerpt":{"rendered":"<p>Casco para ni\u00f1o para escalada y ciclismo.<\/p>","protected":false},"featured_media":6858,"comment_status":"open","ping_status":"closed","template":"","meta":{"_acf_changed":false,"_uag_custom_page_level_css":"","site-sidebar-layout":"default","site-content-layout":"default","ast-site-content-layout":"default","site-content-style":"default","site-sidebar-style":"default","ast-global-header-display":"","ast-banner-title-visibility":"","ast-main-header-display":"","ast-hfb-above-header-display":"","ast-hfb-below-header-display":"","ast-hfb-mobile-header-display":"","site-post-title":"","ast-breadcrumbs-content":"","ast-featured-img":"","footer-sml-layout":"","theme-transparent-header-meta":"default","adv-header-id-meta":"","stick-header-meta":"","header-above-stick-meta":"","header-main-stick-meta":"","header-below-stick-meta":"","astra-migrate-meta-layouts":"set","ast-page-background-enabled":"default","ast-page-background-meta":{"desktop":{"background-color":"var(--ast-global-color-4)","background-image":"","background-repeat":"repeat","background-position":"center center","background-size":"auto","background-attachment":"scroll","background-type":"","background-media":"","overlay-type":"","overlay-color":"","overlay-opacity":"","overlay-gradient":""},"tablet":{"background-color":"","background-image":"","background-repeat":"repeat","background-position":"center center","background-size":"auto","background-attachment":"scroll","background-type":"","background-media":"","overlay-type":"","overlay-color":"","overlay-opacity":"","overlay-gradient":""},"mobile":{"background-color":"","background-image":"","background-repeat":"repeat","background-position":"center center","background-size":"auto","background-attachment":"scroll","background-type":"","background-media":"","overlay-type":"","overlay-color":"","overlay-opacity":"","overlay-gradient":""}},"ast-content-background-meta":{"desktop":{"background-color":"var(--ast-global-color-5)","background-image":"","background-repeat":"repeat","background-position":"center center","background-size":"auto","background-attachment":"scroll","background-type":"","background-media":"","overlay-type":"","overlay-color":"","overlay-opacity":"","overlay-gradient":""},"tablet":{"background-color":"var(--ast-global-color-5)","background-image":"","background-repeat":"repeat","background-position":"center center","background-size":"auto","background-attachment":"scroll","background-type":"","background-media":"","overlay-type":"","overlay-color":"","overlay-opacity":"","overlay-gradient":""},"mobile":{"background-color":"var(--ast-global-color-5)","background-image":"","background-repeat":"repeat","background-position":"center center","background-size":"auto","background-attachment":"scroll","background-type":"","background-media":"","overlay-type":"","overlay-color":"","overlay-opacity":"","overlay-gradient":""}}},"product_brand":[],"product_cat":[132,115,136],"product_tag":[],"class_list":{"0":"post-6857","1":"product","2":"type-product","3":"status-publish","4":"has-post-thumbnail","6":"product_cat-petzl-sport","7":"product_cat-sport","8":"product_cat-cascos-sport","9":"desktop-align-center","10":"tablet-align-left","11":"mobile-align-center","13":"first","14":"instock","15":"shipping-taxable","16":"purchasable","17":"product-type-simple"},"aioseo_notices":[],"acf":[],"uagb_featured_image_src":{"full":["https:\/\/climbingstore.mx\/wp-content\/uploads\/2023\/05\/3224-CSDPZ-A049AA00-PICCHU-Azul.jpg",1000,1000,false],"thumbnail":["https:\/\/climbingstore.mx\/wp-content\/uploads\/2023\/05\/3224-CSDPZ-A049AA00-PICCHU-Azul-150x150.jpg",150,150,true],"medium":["https:\/\/climbingstore.mx\/wp-content\/uploads\/2023\/05\/3224-CSDPZ-A049AA00-PICCHU-Azul-300x300.jpg",300,300,true],"medium_large":["https:\/\/climbingstore.mx\/wp-content\/uploads\/2023\/05\/3224-CSDPZ-A049AA00-PICCHU-Azul-768x768.jpg",768,768,true],"large":["https:\/\/climbingstore.mx\/wp-content\/uploads\/2023\/05\/3224-CSDPZ-A049AA00-PICCHU-Azul.jpg",1000,1000,false],"1536x1536":["https:\/\/climbingstore.mx\/wp-content\/uploads\/2023\/05\/3224-CSDPZ-A049AA00-PICCHU-Azul.jpg",1000,1000,false],"2048x2048":["https:\/\/climbingstore.mx\/wp-content\/uploads\/2023\/05\/3224-CSDPZ-A049AA00-PICCHU-Azul.jpg",1000,1000,false],"trp-custom-language-flag":["https:\/\/climbingstore.mx\/wp-content\/uploads\/2023\/05\/3224-CSDPZ-A049AA00-PICCHU-Azul-12x12.jpg",12,12,true],"woocommerce_thumbnail":["https:\/\/climbingstore.mx\/wp-content\/uploads\/2023\/05\/3224-CSDPZ-A049AA00-PICCHU-Azul-600x600.jpg",600,600,true],"woocommerce_single":["https:\/\/climbingstore.mx\/wp-content\/uploads\/2023\/05\/3224-CSDPZ-A049AA00-PICCHU-Azul.jpg",1000,1000,false],"woocommerce_gallery_thumbnail":["https:\/\/climbingstore.mx\/wp-content\/uploads\/2023\/05\/3224-CSDPZ-A049AA00-PICCHU-Azul-100x100.jpg",100,100,true]},"uagb_author_info":{"display_name":"Juanita Castillo","author_link":"https:\/\/climbingstore.mx\/en\/author\/"},"uagb_comment_info":0,"uagb_excerpt":"Casco para ni\u00f1o para escalada y ciclismo.","_links":{"self":[{"href":"https:\/\/climbingstore.mx\/en\/wp-json\/wp\/v2\/product\/6857","targetHints":{"allow":["GET"]}}],"collection":[{"href":"https:\/\/climbingstore.mx\/en\/wp-json\/wp\/v2\/product"}],"about":[{"href":"https:\/\/climbingstore.mx\/en\/wp-json\/wp\/v2\/types\/product"}],"replies":[{"embeddable":true,"href":"https:\/\/climbingstore.mx\/en\/wp-json\/wp\/v2\/comments?post=6857"}],"wp:featuredmedia":[{"embeddable":true,"href":"https:\/\/climbingstore.mx\/en\/wp-json\/wp\/v2\/media\/6858"}],"wp:attachment":[{"href":"https:\/\/climbingstore.mx\/en\/wp-json\/wp\/v2\/media?parent=6857"}],"wp:term":[{"taxonomy":"product_brand","embeddable":true,"href":"https:\/\/climbingstore.mx\/en\/wp-json\/wp\/v2\/product_brand?post=6857"},{"taxonomy":"product_cat","embeddable":true,"href":"https:\/\/climbingstore.mx\/en\/wp-json\/wp\/v2\/product_cat?post=6857"},{"taxonomy":"product_tag","embeddable":true,"href":"https:\/\/climbingstore.mx\/en\/wp-json\/wp\/v2\/product_tag?post=6857"}],"curies":[{"name":"wp","href":"https:\/\/api.w.org\/{rel}","templated":true}]}}