{"id":6855,"date":"2023-05-30T16:57:07","date_gmt":"2023-05-30T22:57:07","guid":{"rendered":"https:\/\/climbingstore.mx\/?post_type=product&#038;p=6855"},"modified":"2024-04-17T16:46:36","modified_gmt":"2024-04-17T22:46:36","slug":"borea-violeta","status":"publish","type":"product","link":"https:\/\/climbingstore.mx\/en\/product\/borea-violeta\/","title":{"rendered":"BOREA\u00ae Violeta"},"content":{"rendered":"<p>Con un contorno de cabeza que permite el paso del cabello largo, \u00a1el casco BOREA est\u00e1 dise\u00f1ado para las aventureras! Su dise\u00f1o robusto y protector es adecuado para la escalada, la v\u00eda ferrata, el descenso de barrancos o la espeleolog\u00eda. La dureza de su carcasa asegura una resistencia \u00f3ptima contra los impactos y las rayadas. Su forma envolvente aporta una mayor protecci\u00f3n en toda la cabeza, permaneciendo a la vez compacto y ventilado para aportar un confort m\u00e1ximo.<\/p>\n<h3>Descripci\u00f3n<\/h3>\n<div class=\"list\">\n<ul>\n<li>Dise\u00f1o espec\u00edfico para mujeres:<br \/>\n&#8211; Tallaje espec\u00edfico para mujer (52\/58 cm).<br \/>\n&#8211; Contorno de cabeza OMEGA con gran separaci\u00f3n para llevar el casco con cabello largo recogido en una cola de caballo. El contorno de cabeza se puede guardar en el interior del casco para facilitar el almacenamiento y el transporte.<\/li>\n<li>Dise\u00f1o envolvente para una protecci\u00f3n \u00f3ptima contra los impactos laterales, frontales y posteriores:<br \/>\n&#8211; Dise\u00f1o seg\u00fan el sello TOP AND SIDE PROTECTION de Petzl.<br \/>\n&#8211; Dise\u00f1o envolvente, m\u00e1s bajo en la zona posterior, para una protecci\u00f3n reforzada.<\/li>\n<li>Robusto y polivalente:<br \/>\n&#8211; Carcasa exterior dura para resistir a los impactos y a las rayadas y ofrecer una durabilidad \u00f3ptima.<br \/>\n&#8211; Construcci\u00f3n h\u00edbrida con una carcasa gruesa de ABS, una almohadilla de espuma de EPP y una almohadilla de espuma de EPS que favorece la compacidad en la cabeza.<br \/>\n&#8211; Estable en la cabeza y c\u00f3modo de llevar gracias a las almohadillas de espuma repartidas por toda la carcasa.<br \/>\n&#8211; Adecuado para la escalada, el alpinismo, la espeleolog\u00eda, la v\u00eda ferrata, el descenso de barrancos&#8230;<br \/>\n&#8211; Cuatro ganchos para fijar una linterna frontal.<\/li>\n<\/ul>\n<\/div>\n<h3>Caracter\u00edsticas<\/h3>\n<div class=\"list\">\n<ul>\n<li>Materiales: carcasa de ABS, almohadilla de polipropileno expandido (EPP), almohadilla de poliestireno expandido (EPS) y cintas de poli\u00e9ster<\/li>\n<li>Certificaciones: CE EN 12492, UKCA, UIAA<\/li>\n<li>talla \u00fanica<\/li>\n<\/ul>\n<\/div>","protected":false},"excerpt":{"rendered":"<p>Casco para mujer robusto y polivalente para escalada y alpinismo.<\/p>","protected":false},"featured_media":6856,"comment_status":"open","ping_status":"closed","template":"","meta":{"_acf_changed":false,"_uag_custom_page_level_css":"","site-sidebar-layout":"default","site-content-layout":"default","ast-site-content-layout":"default","site-content-style":"default","site-sidebar-style":"default","ast-global-header-display":"","ast-banner-title-visibility":"","ast-main-header-display":"","ast-hfb-above-header-display":"","ast-hfb-below-header-display":"","ast-hfb-mobile-header-display":"","site-post-title":"","ast-breadcrumbs-content":"","ast-featured-img":"","footer-sml-layout":"","theme-transparent-header-meta":"default","adv-header-id-meta":"","stick-header-meta":"","header-above-stick-meta":"","header-main-stick-meta":"","header-below-stick-meta":"","astra-migrate-meta-layouts":"set","ast-page-background-enabled":"default","ast-page-background-meta":{"desktop":{"background-color":"var(--ast-global-color-4)","background-image":"","background-repeat":"repeat","background-position":"center center","background-size":"auto","background-attachment":"scroll","background-type":"","background-media":"","overlay-type":"","overlay-color":"","overlay-opacity":"","overlay-gradient":""},"tablet":{"background-color":"","background-image":"","background-repeat":"repeat","background-position":"center center","background-size":"auto","background-attachment":"scroll","background-type":"","background-media":"","overlay-type":"","overlay-color":"","overlay-opacity":"","overlay-gradient":""},"mobile":{"background-color":"","background-image":"","background-repeat":"repeat","background-position":"center center","background-size":"auto","background-attachment":"scroll","background-type":"","background-media":"","overlay-type":"","overlay-color":"","overlay-opacity":"","overlay-gradient":""}},"ast-content-background-meta":{"desktop":{"background-color":"var(--ast-global-color-5)","background-image":"","background-repeat":"repeat","background-position":"center center","background-size":"auto","background-attachment":"scroll","background-type":"","background-media":"","overlay-type":"","overlay-color":"","overlay-opacity":"","overlay-gradient":""},"tablet":{"background-color":"var(--ast-global-color-5)","background-image":"","background-repeat":"repeat","background-position":"center center","background-size":"auto","background-attachment":"scroll","background-type":"","background-media":"","overlay-type":"","overlay-color":"","overlay-opacity":"","overlay-gradient":""},"mobile":{"background-color":"var(--ast-global-color-5)","background-image":"","background-repeat":"repeat","background-position":"center center","background-size":"auto","background-attachment":"scroll","background-type":"","background-media":"","overlay-type":"","overlay-color":"","overlay-opacity":"","overlay-gradient":""}}},"product_brand":[],"product_cat":[132,115,136],"product_tag":[],"class_list":{"0":"post-6855","1":"product","2":"type-product","3":"status-publish","4":"has-post-thumbnail","6":"product_cat-petzl-sport","7":"product_cat-sport","8":"product_cat-cascos-sport","9":"desktop-align-center","10":"tablet-align-left","11":"mobile-align-center","13":"first","14":"instock","15":"shipping-taxable","16":"purchasable","17":"product-type-simple"},"aioseo_notices":[],"acf":[],"uagb_featured_image_src":{"full":["https:\/\/climbingstore.mx\/wp-content\/uploads\/2023\/05\/3223-CSDPZ-A048CA00-BOREA-Violeta.jpg",1000,1000,false],"thumbnail":["https:\/\/climbingstore.mx\/wp-content\/uploads\/2023\/05\/3223-CSDPZ-A048CA00-BOREA-Violeta-150x150.jpg",150,150,true],"medium":["https:\/\/climbingstore.mx\/wp-content\/uploads\/2023\/05\/3223-CSDPZ-A048CA00-BOREA-Violeta-300x300.jpg",300,300,true],"medium_large":["https:\/\/climbingstore.mx\/wp-content\/uploads\/2023\/05\/3223-CSDPZ-A048CA00-BOREA-Violeta-768x768.jpg",768,768,true],"large":["https:\/\/climbingstore.mx\/wp-content\/uploads\/2023\/05\/3223-CSDPZ-A048CA00-BOREA-Violeta.jpg",1000,1000,false],"1536x1536":["https:\/\/climbingstore.mx\/wp-content\/uploads\/2023\/05\/3223-CSDPZ-A048CA00-BOREA-Violeta.jpg",1000,1000,false],"2048x2048":["https:\/\/climbingstore.mx\/wp-content\/uploads\/2023\/05\/3223-CSDPZ-A048CA00-BOREA-Violeta.jpg",1000,1000,false],"trp-custom-language-flag":["https:\/\/climbingstore.mx\/wp-content\/uploads\/2023\/05\/3223-CSDPZ-A048CA00-BOREA-Violeta-12x12.jpg",12,12,true],"woocommerce_thumbnail":["https:\/\/climbingstore.mx\/wp-content\/uploads\/2023\/05\/3223-CSDPZ-A048CA00-BOREA-Violeta-600x600.jpg",600,600,true],"woocommerce_single":["https:\/\/climbingstore.mx\/wp-content\/uploads\/2023\/05\/3223-CSDPZ-A048CA00-BOREA-Violeta.jpg",1000,1000,false],"woocommerce_gallery_thumbnail":["https:\/\/climbingstore.mx\/wp-content\/uploads\/2023\/05\/3223-CSDPZ-A048CA00-BOREA-Violeta-100x100.jpg",100,100,true]},"uagb_author_info":{"display_name":"Juanita Castillo","author_link":"https:\/\/climbingstore.mx\/en\/author\/"},"uagb_comment_info":0,"uagb_excerpt":"Casco para mujer robusto y polivalente para escalada y alpinismo.","_links":{"self":[{"href":"https:\/\/climbingstore.mx\/en\/wp-json\/wp\/v2\/product\/6855","targetHints":{"allow":["GET"]}}],"collection":[{"href":"https:\/\/climbingstore.mx\/en\/wp-json\/wp\/v2\/product"}],"about":[{"href":"https:\/\/climbingstore.mx\/en\/wp-json\/wp\/v2\/types\/product"}],"replies":[{"embeddable":true,"href":"https:\/\/climbingstore.mx\/en\/wp-json\/wp\/v2\/comments?post=6855"}],"wp:featuredmedia":[{"embeddable":true,"href":"https:\/\/climbingstore.mx\/en\/wp-json\/wp\/v2\/media\/6856"}],"wp:attachment":[{"href":"https:\/\/climbingstore.mx\/en\/wp-json\/wp\/v2\/media?parent=6855"}],"wp:term":[{"taxonomy":"product_brand","embeddable":true,"href":"https:\/\/climbingstore.mx\/en\/wp-json\/wp\/v2\/product_brand?post=6855"},{"taxonomy":"product_cat","embeddable":true,"href":"https:\/\/climbingstore.mx\/en\/wp-json\/wp\/v2\/product_cat?post=6855"},{"taxonomy":"product_tag","embeddable":true,"href":"https:\/\/climbingstore.mx\/en\/wp-json\/wp\/v2\/product_tag?post=6855"}],"curies":[{"name":"wp","href":"https:\/\/api.w.org\/{rel}","templated":true}]}}