{"id":6835,"date":"2023-05-30T14:03:25","date_gmt":"2023-05-30T20:03:25","guid":{"rendered":"https:\/\/climbingstore.mx\/?post_type=product&#038;p=6835"},"modified":"2024-04-17T16:56:40","modified_gmt":"2024-04-17T22:56:40","slug":"boreo-naranja-s-m","status":"publish","type":"product","link":"https:\/\/climbingstore.mx\/en\/product\/boreo-naranja-s-m\/","title":{"rendered":"BOREO\u00ae Naranja S\/M"},"content":{"rendered":"<p>\u00a1Un casco robusto y protector que te seguir\u00e1 en todas tus aventuras! El BOREO es adecuado para la escalada, la v\u00eda ferrata, el descenso de barrancos o la espeleolog\u00eda. La dureza de su carcasa asegura una resistencia \u00f3ptima contra los impactos y las rayadas. Su forma envolvente aporta una mayor protecci\u00f3n en toda la cabeza, permaneciendo a la vez compacto y ventilado para aportar un confort m\u00e1ximo.<\/p>\n<h3>Descripci\u00f3n<\/h3>\n<div class=\"list\">\n<ul>\n<li>Robustez:<br \/>\n&#8211; Carcasa exterior dura para resistir a los impactos y a las rayadas y ofrecer una durabilidad \u00f3ptima.<br \/>\n&#8211; Construcci\u00f3n h\u00edbrida con una carcasa gruesa de ABS, una almohadilla de espuma de EPP y una almohadilla de espuma de EPS que favorece la compacidad en la cabeza.<br \/>\n&#8211; Contorno de cabeza flexible que se adapta perfectamente a la forma de la cabeza, plegable en el interior del casco para facilitar el almacenamiento y transporte.<\/li>\n<li>Dise\u00f1o envolvente para una protecci\u00f3n \u00f3ptima contra los impactos laterales, frontales y posteriores:<br \/>\n&#8211; Dise\u00f1o seg\u00fan el sello TOP AND SIDE PROTECTION de Petzl.<br \/>\n&#8211; Dise\u00f1o envolvente, m\u00e1s bajo en la zona posterior, para una protecci\u00f3n reforzada.<br \/>\n&#8211; Estable en la cabeza y c\u00f3modo de llevar, gracias a las almohadillas de espuma repartidas por todo el casco.<\/li>\n<li>Polivalencia para la pr\u00e1ctica de m\u00faltiples actividades:<br \/>\n&#8211; Adecuado para la escalada, el alpinismo, la espeleolog\u00eda, la v\u00eda ferrata, el descenso de barrancos&#8230;<br \/>\n&#8211; Cuatro ganchos para fijar una linterna frontal.<\/li>\n<\/ul>\n<\/div>\n<h3>Caracter\u00edsticas<\/h3>\n<div class=\"list\">\n<ul>\n<li>Materiales: carcasa de ABS, almohadilla de polipropileno expandido (EPP), almohadilla de poliestireno expandido (EPS) y cintas de poli\u00e9ster<\/li>\n<li>Certificaciones: CE EN 12492, UKCA, UIAA<\/li>\n<\/ul>\n<\/div>","protected":false},"excerpt":{"rendered":"<p>Casco robusto y polivalente para escalada y alpinismo.<\/p>","protected":false},"featured_media":6836,"comment_status":"open","ping_status":"closed","template":"","meta":{"_acf_changed":false,"_uag_custom_page_level_css":"","site-sidebar-layout":"default","site-content-layout":"default","ast-site-content-layout":"default","site-content-style":"default","site-sidebar-style":"default","ast-global-header-display":"","ast-banner-title-visibility":"","ast-main-header-display":"","ast-hfb-above-header-display":"","ast-hfb-below-header-display":"","ast-hfb-mobile-header-display":"","site-post-title":"","ast-breadcrumbs-content":"","ast-featured-img":"","footer-sml-layout":"","theme-transparent-header-meta":"default","adv-header-id-meta":"","stick-header-meta":"","header-above-stick-meta":"","header-main-stick-meta":"","header-below-stick-meta":"","astra-migrate-meta-layouts":"set","ast-page-background-enabled":"default","ast-page-background-meta":{"desktop":{"background-color":"var(--ast-global-color-4)","background-image":"","background-repeat":"repeat","background-position":"center center","background-size":"auto","background-attachment":"scroll","background-type":"","background-media":"","overlay-type":"","overlay-color":"","overlay-opacity":"","overlay-gradient":""},"tablet":{"background-color":"","background-image":"","background-repeat":"repeat","background-position":"center center","background-size":"auto","background-attachment":"scroll","background-type":"","background-media":"","overlay-type":"","overlay-color":"","overlay-opacity":"","overlay-gradient":""},"mobile":{"background-color":"","background-image":"","background-repeat":"repeat","background-position":"center center","background-size":"auto","background-attachment":"scroll","background-type":"","background-media":"","overlay-type":"","overlay-color":"","overlay-opacity":"","overlay-gradient":""}},"ast-content-background-meta":{"desktop":{"background-color":"var(--ast-global-color-5)","background-image":"","background-repeat":"repeat","background-position":"center center","background-size":"auto","background-attachment":"scroll","background-type":"","background-media":"","overlay-type":"","overlay-color":"","overlay-opacity":"","overlay-gradient":""},"tablet":{"background-color":"var(--ast-global-color-5)","background-image":"","background-repeat":"repeat","background-position":"center center","background-size":"auto","background-attachment":"scroll","background-type":"","background-media":"","overlay-type":"","overlay-color":"","overlay-opacity":"","overlay-gradient":""},"mobile":{"background-color":"var(--ast-global-color-5)","background-image":"","background-repeat":"repeat","background-position":"center center","background-size":"auto","background-attachment":"scroll","background-type":"","background-media":"","overlay-type":"","overlay-color":"","overlay-opacity":"","overlay-gradient":""}}},"product_brand":[],"product_cat":[132,115,136],"product_tag":[],"class_list":{"0":"post-6835","1":"product","2":"type-product","3":"status-publish","4":"has-post-thumbnail","6":"product_cat-petzl-sport","7":"product_cat-sport","8":"product_cat-cascos-sport","9":"desktop-align-center","10":"tablet-align-left","11":"mobile-align-center","13":"first","14":"instock","15":"shipping-taxable","16":"purchasable","17":"product-type-simple"},"aioseo_notices":[],"acf":[],"uagb_featured_image_src":{"full":["https:\/\/climbingstore.mx\/wp-content\/uploads\/2023\/05\/3213-CSDPZ-A042GA00-BOREO-Naranja-S-M.jpg",1000,1000,false],"thumbnail":["https:\/\/climbingstore.mx\/wp-content\/uploads\/2023\/05\/3213-CSDPZ-A042GA00-BOREO-Naranja-S-M-150x150.jpg",150,150,true],"medium":["https:\/\/climbingstore.mx\/wp-content\/uploads\/2023\/05\/3213-CSDPZ-A042GA00-BOREO-Naranja-S-M-300x300.jpg",300,300,true],"medium_large":["https:\/\/climbingstore.mx\/wp-content\/uploads\/2023\/05\/3213-CSDPZ-A042GA00-BOREO-Naranja-S-M-768x768.jpg",768,768,true],"large":["https:\/\/climbingstore.mx\/wp-content\/uploads\/2023\/05\/3213-CSDPZ-A042GA00-BOREO-Naranja-S-M.jpg",1000,1000,false],"1536x1536":["https:\/\/climbingstore.mx\/wp-content\/uploads\/2023\/05\/3213-CSDPZ-A042GA00-BOREO-Naranja-S-M.jpg",1000,1000,false],"2048x2048":["https:\/\/climbingstore.mx\/wp-content\/uploads\/2023\/05\/3213-CSDPZ-A042GA00-BOREO-Naranja-S-M.jpg",1000,1000,false],"trp-custom-language-flag":["https:\/\/climbingstore.mx\/wp-content\/uploads\/2023\/05\/3213-CSDPZ-A042GA00-BOREO-Naranja-S-M-12x12.jpg",12,12,true],"woocommerce_thumbnail":["https:\/\/climbingstore.mx\/wp-content\/uploads\/2023\/05\/3213-CSDPZ-A042GA00-BOREO-Naranja-S-M-600x600.jpg",600,600,true],"woocommerce_single":["https:\/\/climbingstore.mx\/wp-content\/uploads\/2023\/05\/3213-CSDPZ-A042GA00-BOREO-Naranja-S-M.jpg",1000,1000,false],"woocommerce_gallery_thumbnail":["https:\/\/climbingstore.mx\/wp-content\/uploads\/2023\/05\/3213-CSDPZ-A042GA00-BOREO-Naranja-S-M-100x100.jpg",100,100,true]},"uagb_author_info":{"display_name":"Juanita Castillo","author_link":"https:\/\/climbingstore.mx\/en\/author\/"},"uagb_comment_info":0,"uagb_excerpt":"Casco robusto y polivalente para escalada y alpinismo.","_links":{"self":[{"href":"https:\/\/climbingstore.mx\/en\/wp-json\/wp\/v2\/product\/6835","targetHints":{"allow":["GET"]}}],"collection":[{"href":"https:\/\/climbingstore.mx\/en\/wp-json\/wp\/v2\/product"}],"about":[{"href":"https:\/\/climbingstore.mx\/en\/wp-json\/wp\/v2\/types\/product"}],"replies":[{"embeddable":true,"href":"https:\/\/climbingstore.mx\/en\/wp-json\/wp\/v2\/comments?post=6835"}],"wp:featuredmedia":[{"embeddable":true,"href":"https:\/\/climbingstore.mx\/en\/wp-json\/wp\/v2\/media\/6836"}],"wp:attachment":[{"href":"https:\/\/climbingstore.mx\/en\/wp-json\/wp\/v2\/media?parent=6835"}],"wp:term":[{"taxonomy":"product_brand","embeddable":true,"href":"https:\/\/climbingstore.mx\/en\/wp-json\/wp\/v2\/product_brand?post=6835"},{"taxonomy":"product_cat","embeddable":true,"href":"https:\/\/climbingstore.mx\/en\/wp-json\/wp\/v2\/product_cat?post=6835"},{"taxonomy":"product_tag","embeddable":true,"href":"https:\/\/climbingstore.mx\/en\/wp-json\/wp\/v2\/product_tag?post=6835"}],"curies":[{"name":"wp","href":"https:\/\/api.w.org\/{rel}","templated":true}]}}