{"id":6829,"date":"2023-05-30T13:18:58","date_gmt":"2023-05-30T19:18:58","guid":{"rendered":"https:\/\/climbingstore.mx\/?post_type=product&#038;p=6829"},"modified":"2024-04-17T17:00:23","modified_gmt":"2024-04-17T23:00:23","slug":"meteora-bco-violeta","status":"publish","type":"product","link":"https:\/\/climbingstore.mx\/en\/product\/meteora-bco-violeta\/","title":{"rendered":"METEORA Bco\/Violeta"},"content":{"rendered":"<p>Cuando las mujeres practican escalada, alpinismo y esqu\u00ed de monta\u00f1a, \u00a1el casco METEORA es una buena elecci\u00f3n! Con un contorno de cabeza que se adapta al cabello largo recogido en una cola de caballo, te protege eficazmente en estas tres actividades. Su dise\u00f1o ligero, compacto y su excelente ventilaci\u00f3n lo convierten en un casco confortable en cualquier estaci\u00f3n. Su forma envolvente aporta una mayor protecci\u00f3n a toda la cabeza. Gracias a su dise\u00f1o especialmente estudiado para llevarse con una m\u00e1scara de esqu\u00ed, se adapta al esqu\u00ed de monta\u00f1a, actividad para la que est\u00e1 certificado CE esqu\u00ed de monta\u00f1a (atenci\u00f3n, no responde a las exigencias de la norma casco para esquiadores de esqu\u00ed alpino EN 1077).<\/p>\n<h3>Descripci\u00f3n<\/h3>\n<div class=\"list\">\n<ul>\n<li>Dise\u00f1o ligero y confortable espec\u00edfico para mujer:<br \/>\n&#8211; Tallaje espec\u00edfico para mujer (52\/58 cm).<br \/>\n&#8211; Contorno de cabeza OMEGA semirr\u00edgido f\u00e1cil de ajustar, con gran separaci\u00f3n para llevar el casco con cabello largo recogido en una cola de caballo.<br \/>\n&#8211; Acabados cuidados y dise\u00f1o depurado.<br \/>\n&#8211; S\u00f3lo 225 g.<br \/>\n&#8211; Construcci\u00f3n In-Mold, con una almohadilla de espuma de EPS inyectada bajo una fina carcasa de policarbonato, que favorece la compacidad en la cabeza.<br \/>\n&#8211; Amplios orificios para una excelente ventilaci\u00f3n.<\/li>\n<li>Protecci\u00f3n reforzada:<br \/>\n&#8211; Dise\u00f1o seg\u00fan el sello TOP AND SIDE PROTECTION de Petzl.<br \/>\n&#8211; Dise\u00f1o envolvente para una protecci\u00f3n \u00f3ptima contra los impactos laterales, delanteros y posteriores.<\/li>\n<li>Adecuado para el esqu\u00ed de monta\u00f1a:<br \/>\n&#8211; Primer casco certificado CE como casco para esqu\u00ed de monta\u00f1a.<br \/>\n&#8211; Ventilaci\u00f3n \u00f3ptima tanto en el ascenso como en el descenso. El casco se lleva f\u00e1cilmente desde el inicio hasta el final de la salida.<br \/>\n&#8211; Dise\u00f1ado para llevar una m\u00e1scara de esqu\u00ed gracias al dise\u00f1o espec\u00edfico en la parte delantera del casco.<br \/>\n&#8211; El\u00e1stico trasero compatible con las cintas de las m\u00e1scaras de esqu\u00ed.<br \/>\n&#8211; Contorno de cabeza semirr\u00edgido para ajustarlo f\u00e1cilmente, incluso con guantes.<br \/>\n&#8211; Dos ganchos delanteros y un el\u00e1stico posterior para fijar una linterna frontal.Nota: Este casco no cumple con las exigencias de la norma EN 1077 relativa a los cascos para esquiadores de esqu\u00ed alpino.<\/li>\n<\/ul>\n<\/div>\n<h3>Caracter\u00edsticas<\/h3>\n<div class=\"list\">\n<ul>\n<li>Materiales: carcasa superior de policarbonato, almohadilla de poliestireno expandido (EPS) y cintas de poli\u00e9ster<\/li>\n<li>CE EN 12492, CE casco para esqu\u00ed de monta\u00f1a (PCSR-002), UKCA y UIAA<\/li>\n<\/ul>\n<\/div>","protected":false},"excerpt":{"rendered":"<p>Casco para mujer ligero para escalada, alpinismo y esqu\u00ed de monta\u00f1a.<\/p>","protected":false},"featured_media":6830,"comment_status":"open","ping_status":"closed","template":"","meta":{"_acf_changed":false,"_uag_custom_page_level_css":"","site-sidebar-layout":"default","site-content-layout":"default","ast-site-content-layout":"default","site-content-style":"default","site-sidebar-style":"default","ast-global-header-display":"","ast-banner-title-visibility":"","ast-main-header-display":"","ast-hfb-above-header-display":"","ast-hfb-below-header-display":"","ast-hfb-mobile-header-display":"","site-post-title":"","ast-breadcrumbs-content":"","ast-featured-img":"","footer-sml-layout":"","theme-transparent-header-meta":"default","adv-header-id-meta":"","stick-header-meta":"","header-above-stick-meta":"","header-main-stick-meta":"","header-below-stick-meta":"","astra-migrate-meta-layouts":"set","ast-page-background-enabled":"default","ast-page-background-meta":{"desktop":{"background-color":"var(--ast-global-color-4)","background-image":"","background-repeat":"repeat","background-position":"center center","background-size":"auto","background-attachment":"scroll","background-type":"","background-media":"","overlay-type":"","overlay-color":"","overlay-opacity":"","overlay-gradient":""},"tablet":{"background-color":"","background-image":"","background-repeat":"repeat","background-position":"center center","background-size":"auto","background-attachment":"scroll","background-type":"","background-media":"","overlay-type":"","overlay-color":"","overlay-opacity":"","overlay-gradient":""},"mobile":{"background-color":"","background-image":"","background-repeat":"repeat","background-position":"center center","background-size":"auto","background-attachment":"scroll","background-type":"","background-media":"","overlay-type":"","overlay-color":"","overlay-opacity":"","overlay-gradient":""}},"ast-content-background-meta":{"desktop":{"background-color":"var(--ast-global-color-5)","background-image":"","background-repeat":"repeat","background-position":"center center","background-size":"auto","background-attachment":"scroll","background-type":"","background-media":"","overlay-type":"","overlay-color":"","overlay-opacity":"","overlay-gradient":""},"tablet":{"background-color":"var(--ast-global-color-5)","background-image":"","background-repeat":"repeat","background-position":"center center","background-size":"auto","background-attachment":"scroll","background-type":"","background-media":"","overlay-type":"","overlay-color":"","overlay-opacity":"","overlay-gradient":""},"mobile":{"background-color":"var(--ast-global-color-5)","background-image":"","background-repeat":"repeat","background-position":"center center","background-size":"auto","background-attachment":"scroll","background-type":"","background-media":"","overlay-type":"","overlay-color":"","overlay-opacity":"","overlay-gradient":""}}},"product_brand":[],"product_cat":[132,115,136],"product_tag":[],"class_list":{"0":"post-6829","1":"product","2":"type-product","3":"status-publish","4":"has-post-thumbnail","6":"product_cat-petzl-sport","7":"product_cat-sport","8":"product_cat-cascos-sport","9":"desktop-align-center","10":"tablet-align-left","11":"mobile-align-center","13":"first","14":"instock","15":"shipping-taxable","16":"purchasable","17":"product-type-simple"},"aioseo_notices":[],"acf":[],"uagb_featured_image_src":{"full":["https:\/\/climbingstore.mx\/wp-content\/uploads\/2023\/05\/3210-CSDPZ-A071DA01-METEORA-White-Violet.jpg",1000,1000,false],"thumbnail":["https:\/\/climbingstore.mx\/wp-content\/uploads\/2023\/05\/3210-CSDPZ-A071DA01-METEORA-White-Violet-150x150.jpg",150,150,true],"medium":["https:\/\/climbingstore.mx\/wp-content\/uploads\/2023\/05\/3210-CSDPZ-A071DA01-METEORA-White-Violet-300x300.jpg",300,300,true],"medium_large":["https:\/\/climbingstore.mx\/wp-content\/uploads\/2023\/05\/3210-CSDPZ-A071DA01-METEORA-White-Violet-768x768.jpg",768,768,true],"large":["https:\/\/climbingstore.mx\/wp-content\/uploads\/2023\/05\/3210-CSDPZ-A071DA01-METEORA-White-Violet.jpg",1000,1000,false],"1536x1536":["https:\/\/climbingstore.mx\/wp-content\/uploads\/2023\/05\/3210-CSDPZ-A071DA01-METEORA-White-Violet.jpg",1000,1000,false],"2048x2048":["https:\/\/climbingstore.mx\/wp-content\/uploads\/2023\/05\/3210-CSDPZ-A071DA01-METEORA-White-Violet.jpg",1000,1000,false],"trp-custom-language-flag":["https:\/\/climbingstore.mx\/wp-content\/uploads\/2023\/05\/3210-CSDPZ-A071DA01-METEORA-White-Violet-12x12.jpg",12,12,true],"woocommerce_thumbnail":["https:\/\/climbingstore.mx\/wp-content\/uploads\/2023\/05\/3210-CSDPZ-A071DA01-METEORA-White-Violet-600x600.jpg",600,600,true],"woocommerce_single":["https:\/\/climbingstore.mx\/wp-content\/uploads\/2023\/05\/3210-CSDPZ-A071DA01-METEORA-White-Violet.jpg",1000,1000,false],"woocommerce_gallery_thumbnail":["https:\/\/climbingstore.mx\/wp-content\/uploads\/2023\/05\/3210-CSDPZ-A071DA01-METEORA-White-Violet-100x100.jpg",100,100,true]},"uagb_author_info":{"display_name":"Juanita Castillo","author_link":"https:\/\/climbingstore.mx\/en\/author\/"},"uagb_comment_info":0,"uagb_excerpt":"Casco para mujer ligero para escalada, alpinismo y esqu\u00ed de monta\u00f1a.","_links":{"self":[{"href":"https:\/\/climbingstore.mx\/en\/wp-json\/wp\/v2\/product\/6829","targetHints":{"allow":["GET"]}}],"collection":[{"href":"https:\/\/climbingstore.mx\/en\/wp-json\/wp\/v2\/product"}],"about":[{"href":"https:\/\/climbingstore.mx\/en\/wp-json\/wp\/v2\/types\/product"}],"replies":[{"embeddable":true,"href":"https:\/\/climbingstore.mx\/en\/wp-json\/wp\/v2\/comments?post=6829"}],"wp:featuredmedia":[{"embeddable":true,"href":"https:\/\/climbingstore.mx\/en\/wp-json\/wp\/v2\/media\/6830"}],"wp:attachment":[{"href":"https:\/\/climbingstore.mx\/en\/wp-json\/wp\/v2\/media?parent=6829"}],"wp:term":[{"taxonomy":"product_brand","embeddable":true,"href":"https:\/\/climbingstore.mx\/en\/wp-json\/wp\/v2\/product_brand?post=6829"},{"taxonomy":"product_cat","embeddable":true,"href":"https:\/\/climbingstore.mx\/en\/wp-json\/wp\/v2\/product_cat?post=6829"},{"taxonomy":"product_tag","embeddable":true,"href":"https:\/\/climbingstore.mx\/en\/wp-json\/wp\/v2\/product_tag?post=6829"}],"curies":[{"name":"wp","href":"https:\/\/api.w.org\/{rel}","templated":true}]}}