{"id":6811,"date":"2023-05-29T14:43:39","date_gmt":"2023-05-29T20:43:39","guid":{"rendered":"https:\/\/climbingstore.mx\/?post_type=product&#038;p=6811"},"modified":"2024-04-17T17:08:46","modified_gmt":"2024-04-17T23:08:46","slug":"sirocco-blanco-m-l","status":"publish","type":"product","link":"https:\/\/climbingstore.mx\/en\/product\/sirocco-blanco-m-l\/","title":{"rendered":"SIROCCO\u00ae Blanco M\/L"},"content":{"rendered":"<p>\u00a1Una ligereza incomparable para los escaladores y alpinistas exigentes! El casco SIROCCO ha sido dise\u00f1ado para proporcionar una excelente relaci\u00f3n entre ligereza y protecci\u00f3n. Su dise\u00f1o envolvente aumenta la zona posterior cubierta por el casco para aportarle una mayor protecci\u00f3n en la cabeza. La optimizaci\u00f3n de su volumen, combinada con una excelente ventilaci\u00f3n, proporciona un confort m\u00e1ximo. El SIROCCO tambi\u00e9n es adecuado para el esqu\u00ed de monta\u00f1a, gracias a la certificaci\u00f3n CE de casco de esqu\u00ed de monta\u00f1a (atenci\u00f3n, este casco no cumple con las exigencias de la norma EN 1077 relativa a los cascos para esquiadores de esqu\u00ed alpino).<\/p>\n<h3>Descripci\u00f3n<\/h3>\n<div class=\"list\">\n<ul>\n<li>Dise\u00f1o ultraligero:<br \/>\n&#8211; S\u00f3lo 170 g.<br \/>\n&#8211; Construcci\u00f3n h\u00edbrida con carcasa de espuma de EPP (polipropileno expandido) y carcasa superior inyectada de espuma de EPS (poliestireno expandido).<\/li>\n<li>Protecci\u00f3n reforzada:<br \/>\n&#8211; Dise\u00f1o seg\u00fan el sello TOP AND SIDE PROTECTION de Petzl.<br \/>\n&#8211; Dise\u00f1o envolvente para una protecci\u00f3n \u00f3ptima contra los impactos laterales, delanteros y posteriores.<br \/>\n&#8211; Certificado CE como casco para esqu\u00ed de monta\u00f1a.<\/li>\n<li>Confort m\u00e1ximo durante la actividad:<br \/>\n&#8211; Amplios orificios para una excelente ventilaci\u00f3n.<br \/>\n&#8211; Completamente regulable gracias al ajuste de las cintas alrededor de la cabeza y del barboquejo.<br \/>\n&#8211; Hebilla imantada para facilitar el cierre del barboquejo (patente Petzl).<br \/>\n&#8211; Dos ganchos delanteros y un el\u00e1stico posterior para fijar una linterna frontal.Nota: Este casco no cumple con las exigencias de la norma EN 1077 relativa a los cascos para esquiadores de esqu\u00ed alpino.<\/li>\n<\/ul>\n<\/div>\n<h3>Caracter\u00edsticas<\/h3>\n<div class=\"list\">\n<ul>\n<li>Materiales: carcasa de polipropileno expandido (EPP), carcasa superior de policarbonato, almohadilla de poliestireno expandido (EPS) y cintas de poli\u00e9ster<\/li>\n<li>Certificaciones: CE EN 12492, CE casque de ski de randonn\u00e9e, UKCA, UIAA<\/li>\n<\/ul>\n<\/div>","protected":false},"excerpt":{"rendered":"<p>Casco ligero para escalada, alpinismo y esqu\u00ed de monta\u00f1a.<\/p>","protected":false},"featured_media":6812,"comment_status":"open","ping_status":"closed","template":"","meta":{"_acf_changed":false,"_uag_custom_page_level_css":"","site-sidebar-layout":"default","site-content-layout":"default","ast-site-content-layout":"default","site-content-style":"default","site-sidebar-style":"default","ast-global-header-display":"","ast-banner-title-visibility":"","ast-main-header-display":"","ast-hfb-above-header-display":"","ast-hfb-below-header-display":"","ast-hfb-mobile-header-display":"","site-post-title":"","ast-breadcrumbs-content":"","ast-featured-img":"","footer-sml-layout":"","theme-transparent-header-meta":"default","adv-header-id-meta":"","stick-header-meta":"","header-above-stick-meta":"","header-main-stick-meta":"","header-below-stick-meta":"","astra-migrate-meta-layouts":"set","ast-page-background-enabled":"default","ast-page-background-meta":{"desktop":{"background-color":"var(--ast-global-color-4)","background-image":"","background-repeat":"repeat","background-position":"center center","background-size":"auto","background-attachment":"scroll","background-type":"","background-media":"","overlay-type":"","overlay-color":"","overlay-opacity":"","overlay-gradient":""},"tablet":{"background-color":"","background-image":"","background-repeat":"repeat","background-position":"center center","background-size":"auto","background-attachment":"scroll","background-type":"","background-media":"","overlay-type":"","overlay-color":"","overlay-opacity":"","overlay-gradient":""},"mobile":{"background-color":"","background-image":"","background-repeat":"repeat","background-position":"center center","background-size":"auto","background-attachment":"scroll","background-type":"","background-media":"","overlay-type":"","overlay-color":"","overlay-opacity":"","overlay-gradient":""}},"ast-content-background-meta":{"desktop":{"background-color":"var(--ast-global-color-5)","background-image":"","background-repeat":"repeat","background-position":"center center","background-size":"auto","background-attachment":"scroll","background-type":"","background-media":"","overlay-type":"","overlay-color":"","overlay-opacity":"","overlay-gradient":""},"tablet":{"background-color":"var(--ast-global-color-5)","background-image":"","background-repeat":"repeat","background-position":"center center","background-size":"auto","background-attachment":"scroll","background-type":"","background-media":"","overlay-type":"","overlay-color":"","overlay-opacity":"","overlay-gradient":""},"mobile":{"background-color":"var(--ast-global-color-5)","background-image":"","background-repeat":"repeat","background-position":"center center","background-size":"auto","background-attachment":"scroll","background-type":"","background-media":"","overlay-type":"","overlay-color":"","overlay-opacity":"","overlay-gradient":""}}},"product_brand":[],"product_cat":[132,115,136],"product_tag":[],"class_list":{"0":"post-6811","1":"product","2":"type-product","3":"status-publish","4":"has-post-thumbnail","6":"product_cat-petzl-sport","7":"product_cat-sport","8":"product_cat-cascos-sport","9":"desktop-align-center","10":"tablet-align-left","11":"mobile-align-center","13":"first","14":"instock","15":"shipping-taxable","16":"purchasable","17":"product-type-simple"},"aioseo_notices":[],"acf":[],"uagb_featured_image_src":{"full":["https:\/\/climbingstore.mx\/wp-content\/uploads\/2023\/05\/3202-CSDPZ-A073AA01-SIROCCO-Blanco-M-L.jpg",1000,1000,false],"thumbnail":["https:\/\/climbingstore.mx\/wp-content\/uploads\/2023\/05\/3202-CSDPZ-A073AA01-SIROCCO-Blanco-M-L-150x150.jpg",150,150,true],"medium":["https:\/\/climbingstore.mx\/wp-content\/uploads\/2023\/05\/3202-CSDPZ-A073AA01-SIROCCO-Blanco-M-L-300x300.jpg",300,300,true],"medium_large":["https:\/\/climbingstore.mx\/wp-content\/uploads\/2023\/05\/3202-CSDPZ-A073AA01-SIROCCO-Blanco-M-L-768x768.jpg",768,768,true],"large":["https:\/\/climbingstore.mx\/wp-content\/uploads\/2023\/05\/3202-CSDPZ-A073AA01-SIROCCO-Blanco-M-L.jpg",1000,1000,false],"1536x1536":["https:\/\/climbingstore.mx\/wp-content\/uploads\/2023\/05\/3202-CSDPZ-A073AA01-SIROCCO-Blanco-M-L.jpg",1000,1000,false],"2048x2048":["https:\/\/climbingstore.mx\/wp-content\/uploads\/2023\/05\/3202-CSDPZ-A073AA01-SIROCCO-Blanco-M-L.jpg",1000,1000,false],"trp-custom-language-flag":["https:\/\/climbingstore.mx\/wp-content\/uploads\/2023\/05\/3202-CSDPZ-A073AA01-SIROCCO-Blanco-M-L-12x12.jpg",12,12,true],"woocommerce_thumbnail":["https:\/\/climbingstore.mx\/wp-content\/uploads\/2023\/05\/3202-CSDPZ-A073AA01-SIROCCO-Blanco-M-L-600x600.jpg",600,600,true],"woocommerce_single":["https:\/\/climbingstore.mx\/wp-content\/uploads\/2023\/05\/3202-CSDPZ-A073AA01-SIROCCO-Blanco-M-L.jpg",1000,1000,false],"woocommerce_gallery_thumbnail":["https:\/\/climbingstore.mx\/wp-content\/uploads\/2023\/05\/3202-CSDPZ-A073AA01-SIROCCO-Blanco-M-L-100x100.jpg",100,100,true]},"uagb_author_info":{"display_name":"Juanita Castillo","author_link":"https:\/\/climbingstore.mx\/en\/author\/"},"uagb_comment_info":0,"uagb_excerpt":"Casco ligero para escalada, alpinismo y esqu\u00ed de monta\u00f1a.","_links":{"self":[{"href":"https:\/\/climbingstore.mx\/en\/wp-json\/wp\/v2\/product\/6811","targetHints":{"allow":["GET"]}}],"collection":[{"href":"https:\/\/climbingstore.mx\/en\/wp-json\/wp\/v2\/product"}],"about":[{"href":"https:\/\/climbingstore.mx\/en\/wp-json\/wp\/v2\/types\/product"}],"replies":[{"embeddable":true,"href":"https:\/\/climbingstore.mx\/en\/wp-json\/wp\/v2\/comments?post=6811"}],"wp:featuredmedia":[{"embeddable":true,"href":"https:\/\/climbingstore.mx\/en\/wp-json\/wp\/v2\/media\/6812"}],"wp:attachment":[{"href":"https:\/\/climbingstore.mx\/en\/wp-json\/wp\/v2\/media?parent=6811"}],"wp:term":[{"taxonomy":"product_brand","embeddable":true,"href":"https:\/\/climbingstore.mx\/en\/wp-json\/wp\/v2\/product_brand?post=6811"},{"taxonomy":"product_cat","embeddable":true,"href":"https:\/\/climbingstore.mx\/en\/wp-json\/wp\/v2\/product_cat?post=6811"},{"taxonomy":"product_tag","embeddable":true,"href":"https:\/\/climbingstore.mx\/en\/wp-json\/wp\/v2\/product_tag?post=6811"}],"curies":[{"name":"wp","href":"https:\/\/api.w.org\/{rel}","templated":true}]}}