{"id":6800,"date":"2023-04-06T16:23:57","date_gmt":"2023-04-06T22:23:57","guid":{"rendered":"https:\/\/climbingstore.mx\/?post_type=product&#038;p=6800"},"modified":"2025-05-07T13:35:30","modified_gmt":"2025-05-07T19:35:30","slug":"canyon-guide-talla-2","status":"publish","type":"product","link":"https:\/\/climbingstore.mx\/en\/product\/canyon-guide-talla-2\/","title":{"rendered":"CANYON GUIDE talla 2"},"content":{"rendered":"<p>\u00bfPreparados para descender en r\u00e1pel grandes verticales? \u00bfPara deslizarte a lo largo de toboganes y encadenar cascadas? El CANYON GUIDE es un arn\u00e9s para descenso de barrancos, confortable y ergon\u00f3mico, destinado a los gu\u00edas y a los practicantes independientes. Su punto de enganche ventral con cierre permite una conexi\u00f3n f\u00e1cil de los equipos (elemento de amarre, bloqueador, fusible&#8230;). Los anillos portamaterial y las trabillas facilitan el transporte del equipo en cualquier situaci\u00f3n (progresi\u00f3n, gesti\u00f3n de la saca, rescate&#8230;). Robusta e intercambiable, la protecci\u00f3n posterior protege eficazmente el traje de neopreno y las cintas del arn\u00e9s de la abrasi\u00f3n. Las hebillas DOUBLEBACK de acero inoxidable, el punto de enganche met\u00e1lico y los anillos portamaterial reforzados lo convierten en un arn\u00e9s duradero y adecuado para las utilizaciones intensivas. La tarjeta de identificaci\u00f3n individual tambi\u00e9n est\u00e1 reforzada para que puedas controlar el arn\u00e9s a lo largo de su vida \u00fatil.<\/p>\n<h3>Descripci\u00f3n<\/h3>\n<div class=\"list\">\n<ul>\n<li>Arn\u00e9s confortable y ergon\u00f3mico destinado a los practicantes independientes y a los gu\u00edas de descenso de barrancos:<br \/>\n&#8211; Punto de enganche ventral ergon\u00f3mico y posici\u00f3n alta para facilitar la conexi\u00f3n del descensor y optimizar el confort al rapelar. El punto de enganche, con cierre, permite una integraci\u00f3n \u00f3ptima del elemento de amarre DUAL CANYON GUIDE, de un fusible o de un bloqueador ventral CROLL S o L.<br \/>\n&#8211; Cintur\u00f3n semirr\u00edgido y ancho que ofrece comodidad y sujeci\u00f3n.<br \/>\n&#8211; Regulaci\u00f3n mediante hebillas DOUBLEBACK para un ce\u00f1ido fluido y r\u00e1pido.<br \/>\n&#8211; C\u00f3digo de color id\u00e9ntico al arn\u00e9s CANYON CLUB para simplificar las demostraciones.<br \/>\n&#8211; Zona de marcado espec\u00edfico en el interior del cintur\u00f3n que permite identificar f\u00e1cilmente el arn\u00e9s.<\/li>\n<li>Facilita llevar y organizar el material:<br \/>\n&#8211; Cuatro anillos portamaterial preformados, dos horizontales y dos verticales, para facilitar el transporte del material.<br \/>\n&#8211; Cuatro trabillas que permiten conectar las sacas ligeras y guardar el descensor.<br \/>\n&#8211; Trabilla bajo el punto de enganche ventral que permite conectar de forma \u00f3ptima una saca pesada o realizar un desv\u00edo. Tambi\u00e9n permite sujetar a una persona durante una operaci\u00f3n de rescate.<\/li>\n<li>Excelente durabilidad para una utilizaci\u00f3n intensiva:<br \/>\n&#8211; Durabilidad \u00f3ptima del punto de enganche met\u00e1lico.<br \/>\n&#8211; Protecci\u00f3n posterior muy duradera e intercambiable para proteger el traje de neopreno y las cintas del arn\u00e9s de la abrasi\u00f3n. Disponible en dos colores adicionales como accesorio.<br \/>\n&#8211; Hebillas DOUBLEBACK de acero inoxidable para una gran durabilidad, incluso en ambientes salinos.<br \/>\n&#8211; Cintas adecuadas para las utilizaciones intensivas que conservan la fluidez de regulaci\u00f3n.<br \/>\n&#8211; Anillos portamaterial reforzados con funda de protecci\u00f3n.<br \/>\n&#8211; Etiqueta de identificaci\u00f3n individual integrada al arn\u00e9s para controlar el equipo a lo largo de su vida \u00fatil.<br \/>\n&#8211; F\u00e1cil de limpiar.<\/li>\n<li>Disponible en dos tallas.<\/li>\n<\/ul>\n<\/div>\n<h3>Caracter\u00edsticas<\/h3>\n<div class=\"list\">\n<ul>\n<li>Materiales: cintas de poli\u00e9ster de alta densidad, espuma de c\u00e9lula cerrada, protecci\u00f3n posterior de poliuretano termopl\u00e1stico (TPU) y hebillas de acero inoxidable<\/li>\n<li>Certificaciones: CE, EN 12 277 type C, UKCA, UIAA<\/li>\n<\/ul>\n<\/div>","protected":false},"excerpt":{"rendered":"<p class=\"productSubtitle\">Arn\u00e9s confortable y ergon\u00f3mico con protecci\u00f3n posterior integrada para el descenso de barrancos.<\/p>","protected":false},"featured_media":6801,"comment_status":"open","ping_status":"closed","template":"","meta":{"_acf_changed":false,"_uag_custom_page_level_css":"","site-sidebar-layout":"default","site-content-layout":"default","ast-site-content-layout":"default","site-content-style":"default","site-sidebar-style":"default","ast-global-header-display":"","ast-banner-title-visibility":"","ast-main-header-display":"","ast-hfb-above-header-display":"","ast-hfb-below-header-display":"","ast-hfb-mobile-header-display":"","site-post-title":"","ast-breadcrumbs-content":"","ast-featured-img":"","footer-sml-layout":"","theme-transparent-header-meta":"default","adv-header-id-meta":"","stick-header-meta":"","header-above-stick-meta":"","header-main-stick-meta":"","header-below-stick-meta":"","astra-migrate-meta-layouts":"set","ast-page-background-enabled":"default","ast-page-background-meta":{"desktop":{"background-color":"var(--ast-global-color-4)","background-image":"","background-repeat":"repeat","background-position":"center center","background-size":"auto","background-attachment":"scroll","background-type":"","background-media":"","overlay-type":"","overlay-color":"","overlay-opacity":"","overlay-gradient":""},"tablet":{"background-color":"","background-image":"","background-repeat":"repeat","background-position":"center center","background-size":"auto","background-attachment":"scroll","background-type":"","background-media":"","overlay-type":"","overlay-color":"","overlay-opacity":"","overlay-gradient":""},"mobile":{"background-color":"","background-image":"","background-repeat":"repeat","background-position":"center center","background-size":"auto","background-attachment":"scroll","background-type":"","background-media":"","overlay-type":"","overlay-color":"","overlay-opacity":"","overlay-gradient":""}},"ast-content-background-meta":{"desktop":{"background-color":"var(--ast-global-color-5)","background-image":"","background-repeat":"repeat","background-position":"center center","background-size":"auto","background-attachment":"scroll","background-type":"","background-media":"","overlay-type":"","overlay-color":"","overlay-opacity":"","overlay-gradient":""},"tablet":{"background-color":"var(--ast-global-color-5)","background-image":"","background-repeat":"repeat","background-position":"center center","background-size":"auto","background-attachment":"scroll","background-type":"","background-media":"","overlay-type":"","overlay-color":"","overlay-opacity":"","overlay-gradient":""},"mobile":{"background-color":"var(--ast-global-color-5)","background-image":"","background-repeat":"repeat","background-position":"center center","background-size":"auto","background-attachment":"scroll","background-type":"","background-media":"","overlay-type":"","overlay-color":"","overlay-opacity":"","overlay-gradient":""}}},"product_brand":[],"product_cat":[132,115,116],"product_tag":[],"class_list":{"0":"post-6800","1":"product","2":"type-product","3":"status-publish","4":"has-post-thumbnail","6":"product_cat-petzl-sport","7":"product_cat-sport","8":"product_cat-arneses-sport","9":"desktop-align-center","10":"tablet-align-left","11":"mobile-align-center","13":"first","14":"instock","15":"shipping-taxable","16":"purchasable","17":"product-type-simple"},"aioseo_notices":[],"acf":[],"uagb_featured_image_src":{"full":["https:\/\/climbingstore.mx\/wp-content\/uploads\/2023\/04\/3068-ARDPZ-C086BA01-CANYON-GUIDE.jpg",1000,1000,false],"thumbnail":["https:\/\/climbingstore.mx\/wp-content\/uploads\/2023\/04\/3068-ARDPZ-C086BA01-CANYON-GUIDE-150x150.jpg",150,150,true],"medium":["https:\/\/climbingstore.mx\/wp-content\/uploads\/2023\/04\/3068-ARDPZ-C086BA01-CANYON-GUIDE-300x300.jpg",300,300,true],"medium_large":["https:\/\/climbingstore.mx\/wp-content\/uploads\/2023\/04\/3068-ARDPZ-C086BA01-CANYON-GUIDE-768x768.jpg",768,768,true],"large":["https:\/\/climbingstore.mx\/wp-content\/uploads\/2023\/04\/3068-ARDPZ-C086BA01-CANYON-GUIDE.jpg",1000,1000,false],"1536x1536":["https:\/\/climbingstore.mx\/wp-content\/uploads\/2023\/04\/3068-ARDPZ-C086BA01-CANYON-GUIDE.jpg",1000,1000,false],"2048x2048":["https:\/\/climbingstore.mx\/wp-content\/uploads\/2023\/04\/3068-ARDPZ-C086BA01-CANYON-GUIDE.jpg",1000,1000,false],"trp-custom-language-flag":["https:\/\/climbingstore.mx\/wp-content\/uploads\/2023\/04\/3068-ARDPZ-C086BA01-CANYON-GUIDE-12x12.jpg",12,12,true],"woocommerce_thumbnail":["https:\/\/climbingstore.mx\/wp-content\/uploads\/2023\/04\/3068-ARDPZ-C086BA01-CANYON-GUIDE-600x600.jpg",600,600,true],"woocommerce_single":["https:\/\/climbingstore.mx\/wp-content\/uploads\/2023\/04\/3068-ARDPZ-C086BA01-CANYON-GUIDE.jpg",1000,1000,false],"woocommerce_gallery_thumbnail":["https:\/\/climbingstore.mx\/wp-content\/uploads\/2023\/04\/3068-ARDPZ-C086BA01-CANYON-GUIDE-100x100.jpg",100,100,true]},"uagb_author_info":{"display_name":"Juanita Castillo","author_link":"https:\/\/climbingstore.mx\/en\/author\/"},"uagb_comment_info":0,"uagb_excerpt":"Arn\u00e9s confortable y ergon\u00f3mico con protecci\u00f3n posterior integrada para el descenso de barrancos.","_links":{"self":[{"href":"https:\/\/climbingstore.mx\/en\/wp-json\/wp\/v2\/product\/6800","targetHints":{"allow":["GET"]}}],"collection":[{"href":"https:\/\/climbingstore.mx\/en\/wp-json\/wp\/v2\/product"}],"about":[{"href":"https:\/\/climbingstore.mx\/en\/wp-json\/wp\/v2\/types\/product"}],"replies":[{"embeddable":true,"href":"https:\/\/climbingstore.mx\/en\/wp-json\/wp\/v2\/comments?post=6800"}],"wp:featuredmedia":[{"embeddable":true,"href":"https:\/\/climbingstore.mx\/en\/wp-json\/wp\/v2\/media\/6801"}],"wp:attachment":[{"href":"https:\/\/climbingstore.mx\/en\/wp-json\/wp\/v2\/media?parent=6800"}],"wp:term":[{"taxonomy":"product_brand","embeddable":true,"href":"https:\/\/climbingstore.mx\/en\/wp-json\/wp\/v2\/product_brand?post=6800"},{"taxonomy":"product_cat","embeddable":true,"href":"https:\/\/climbingstore.mx\/en\/wp-json\/wp\/v2\/product_cat?post=6800"},{"taxonomy":"product_tag","embeddable":true,"href":"https:\/\/climbingstore.mx\/en\/wp-json\/wp\/v2\/product_tag?post=6800"}],"curies":[{"name":"wp","href":"https:\/\/api.w.org\/{rel}","templated":true}]}}