{"id":6795,"date":"2023-04-06T14:24:04","date_gmt":"2023-04-06T20:24:04","guid":{"rendered":"https:\/\/climbingstore.mx\/?post_type=product&#038;p=6795"},"modified":"2025-05-07T13:37:27","modified_gmt":"2025-05-07T19:37:27","slug":"canyon-club","status":"publish","type":"product","link":"https:\/\/climbingstore.mx\/en\/product\/canyon-club\/","title":{"rendered":"CANYON CLUB"},"content":{"rendered":"<p>\u00a1Iniciarse en el descenso de barrancos con toda simplicidad! Para los grupos o para iniciarse en la actividad, el CANYON CLUB es un arn\u00e9s f\u00e1cil de pon\u00e9rselo y regularlo. Su punto de enganche \u00fanico te permite equiparte f\u00e1cil y r\u00e1pidamente. Robusta e intercambiable, su protecci\u00f3n posterior protege eficazmente el traje de neopreno y las cintas del arn\u00e9s de la abrasi\u00f3n. Su punto de enganche y sus anillos portamaterial est\u00e1n reforzados para ofrecer una excelente durabilidad, incluso en utilizaci\u00f3n intensiva. La tarjeta de identificaci\u00f3n individual tambi\u00e9n est\u00e1 reforzada para que puedas controlar el arn\u00e9s a lo largo de su vida \u00fatil. Numerosos accesorios (protecciones posteriores de colores diferentes, acolchados y anillos portamaterial amovibles) est\u00e1n disponibles para personalizar el equipo y mejorar el confort seg\u00fan tus necesidades.<\/p>\n<h3>Descripci\u00f3n<\/h3>\n<div class=\"list\">\n<ul>\n<li>Arn\u00e9s simplificado y f\u00e1cil de utilizar dise\u00f1ado para los grupos y para iniciarse en descenso de barrancos:<br \/>\n&#8211; Un \u00fanico punto de enganche de color verde e indicaci\u00f3n de conexi\u00f3n para una colocaci\u00f3n eficaz y un control visual r\u00e1pido. La posici\u00f3n alta del punto de enganche permite optimizar el confort al rapelar.<br \/>\n&#8211; Colocaci\u00f3n m\u00e1s f\u00e1cil, gracias a los colores diferentes entre el cintur\u00f3n y las perneras.<br \/>\n&#8211; Regulaci\u00f3n mediante hebillas DOUBLEBACK para un ce\u00f1ido fluido y r\u00e1pido.<br \/>\n&#8211; Excelente prensi\u00f3n de las puntas de las cintas para facilitar la regulaci\u00f3n del cintur\u00f3n y las perneras.<br \/>\n&#8211; Anillo portamaterial preformado que permite guardar f\u00e1cilmente los mosquetones del elemento de amarre DUAL CANYON CLUB. Est\u00e1 situado al lado izquierdo del usuario para limitar las interferencias entre los diferentes equipos (elemento de amarre, mosquet\u00f3n, descensor&#8230;) y la cuerda.<br \/>\n&#8211; Trabilla que permite guardar r\u00e1pidamente el descensor.<\/li>\n<li>Excelente durabilidad para una utilizaci\u00f3n intensiva:<br \/>\n&#8211; Punto de enganche reforzado para una gran durabilidad.<br \/>\n&#8211; Cintas adecuadas para las utilizaciones intensivas que conservan la fluidez de regulaci\u00f3n.<br \/>\n&#8211; Protecci\u00f3n posterior muy duradera e intercambiable para proteger el traje de neopreno y las cintas del arn\u00e9s de la abrasi\u00f3n.<br \/>\n&#8211; Anillo portamaterial preformado con funda de protecci\u00f3n.<\/li>\n<li>Gesti\u00f3n del material m\u00e1s f\u00e1cil para el gu\u00eda y el operador:<br \/>\n&#8211; Talla \u00fanica que permite adaptarse a la mayor\u00eda de morfolog\u00edas.<br \/>\n&#8211; Zona de marcado espec\u00edfica en el exterior del cintur\u00f3n que permite personalizar el arn\u00e9s.<br \/>\n&#8211; Etiqueta de identificaci\u00f3n individual integrada al arn\u00e9s para controlar el equipo a lo largo de su vida \u00fatil.<br \/>\n&#8211; F\u00e1cil de limpiar.<\/li>\n<li>Accesorios para adaptar el arn\u00e9s en funci\u00f3n de las necesidades:<br \/>\n&#8211; Tres colores diferentes para la protecci\u00f3n posterior que permiten identificar f\u00e1cilmente a los grupos.<br \/>\n&#8211; Acolchado para el cintur\u00f3n, para mejorar el confort durante los r\u00e1peles largos.<br \/>\n&#8211; Portamaterial adicional para que sea m\u00e1s f\u00e1cil guardar los mosquetones del elemento de amarre DUAL CANYON CLUB.<\/li>\n<\/ul>\n<\/div>\n<h3>Caracter\u00edsticas<\/h3>\n<div class=\"list\">\n<ul>\n<li>Materiales: cintas de poli\u00e9ster de alta tenacidad, protecci\u00f3n posterior de poliuretano termopl\u00e1stico (TPU), punto de enganche de poli\u00e9ster y hebillas de acero<\/li>\n<li>Talla \u00fanica<\/li>\n<li>Certificaciones: CE, EN 12277 type C, UKCA, UIAA<\/li>\n<\/ul>\n<\/div>","protected":false},"excerpt":{"rendered":"<p>Arn\u00e9s f\u00e1cil de utilizar con protecci\u00f3n posterior integrada para el descenso de barrancos.<\/p>","protected":false},"featured_media":6796,"comment_status":"open","ping_status":"closed","template":"","meta":{"_acf_changed":false,"_uag_custom_page_level_css":"","site-sidebar-layout":"default","site-content-layout":"default","ast-site-content-layout":"default","site-content-style":"default","site-sidebar-style":"default","ast-global-header-display":"","ast-banner-title-visibility":"","ast-main-header-display":"","ast-hfb-above-header-display":"","ast-hfb-below-header-display":"","ast-hfb-mobile-header-display":"","site-post-title":"","ast-breadcrumbs-content":"","ast-featured-img":"","footer-sml-layout":"","theme-transparent-header-meta":"default","adv-header-id-meta":"","stick-header-meta":"","header-above-stick-meta":"","header-main-stick-meta":"","header-below-stick-meta":"","astra-migrate-meta-layouts":"set","ast-page-background-enabled":"default","ast-page-background-meta":{"desktop":{"background-color":"var(--ast-global-color-4)","background-image":"","background-repeat":"repeat","background-position":"center center","background-size":"auto","background-attachment":"scroll","background-type":"","background-media":"","overlay-type":"","overlay-color":"","overlay-opacity":"","overlay-gradient":""},"tablet":{"background-color":"","background-image":"","background-repeat":"repeat","background-position":"center center","background-size":"auto","background-attachment":"scroll","background-type":"","background-media":"","overlay-type":"","overlay-color":"","overlay-opacity":"","overlay-gradient":""},"mobile":{"background-color":"","background-image":"","background-repeat":"repeat","background-position":"center center","background-size":"auto","background-attachment":"scroll","background-type":"","background-media":"","overlay-type":"","overlay-color":"","overlay-opacity":"","overlay-gradient":""}},"ast-content-background-meta":{"desktop":{"background-color":"var(--ast-global-color-5)","background-image":"","background-repeat":"repeat","background-position":"center center","background-size":"auto","background-attachment":"scroll","background-type":"","background-media":"","overlay-type":"","overlay-color":"","overlay-opacity":"","overlay-gradient":""},"tablet":{"background-color":"var(--ast-global-color-5)","background-image":"","background-repeat":"repeat","background-position":"center center","background-size":"auto","background-attachment":"scroll","background-type":"","background-media":"","overlay-type":"","overlay-color":"","overlay-opacity":"","overlay-gradient":""},"mobile":{"background-color":"var(--ast-global-color-5)","background-image":"","background-repeat":"repeat","background-position":"center center","background-size":"auto","background-attachment":"scroll","background-type":"","background-media":"","overlay-type":"","overlay-color":"","overlay-opacity":"","overlay-gradient":""}}},"product_brand":[],"product_cat":[132,115,116],"product_tag":[],"class_list":{"0":"post-6795","1":"product","2":"type-product","3":"status-publish","4":"has-post-thumbnail","6":"product_cat-petzl-sport","7":"product_cat-sport","8":"product_cat-arneses-sport","9":"desktop-align-center","10":"tablet-align-left","11":"mobile-align-center","13":"first","14":"instock","15":"shipping-taxable","16":"purchasable","17":"product-type-simple"},"aioseo_notices":[],"acf":[],"uagb_featured_image_src":{"full":["https:\/\/climbingstore.mx\/wp-content\/uploads\/2023\/04\/3066-ARDPZ-C086AA00-CANYON-CLUB.jpg",1000,1000,false],"thumbnail":["https:\/\/climbingstore.mx\/wp-content\/uploads\/2023\/04\/3066-ARDPZ-C086AA00-CANYON-CLUB-150x150.jpg",150,150,true],"medium":["https:\/\/climbingstore.mx\/wp-content\/uploads\/2023\/04\/3066-ARDPZ-C086AA00-CANYON-CLUB-300x300.jpg",300,300,true],"medium_large":["https:\/\/climbingstore.mx\/wp-content\/uploads\/2023\/04\/3066-ARDPZ-C086AA00-CANYON-CLUB-768x768.jpg",768,768,true],"large":["https:\/\/climbingstore.mx\/wp-content\/uploads\/2023\/04\/3066-ARDPZ-C086AA00-CANYON-CLUB.jpg",1000,1000,false],"1536x1536":["https:\/\/climbingstore.mx\/wp-content\/uploads\/2023\/04\/3066-ARDPZ-C086AA00-CANYON-CLUB.jpg",1000,1000,false],"2048x2048":["https:\/\/climbingstore.mx\/wp-content\/uploads\/2023\/04\/3066-ARDPZ-C086AA00-CANYON-CLUB.jpg",1000,1000,false],"trp-custom-language-flag":["https:\/\/climbingstore.mx\/wp-content\/uploads\/2023\/04\/3066-ARDPZ-C086AA00-CANYON-CLUB-12x12.jpg",12,12,true],"woocommerce_thumbnail":["https:\/\/climbingstore.mx\/wp-content\/uploads\/2023\/04\/3066-ARDPZ-C086AA00-CANYON-CLUB-600x600.jpg",600,600,true],"woocommerce_single":["https:\/\/climbingstore.mx\/wp-content\/uploads\/2023\/04\/3066-ARDPZ-C086AA00-CANYON-CLUB.jpg",1000,1000,false],"woocommerce_gallery_thumbnail":["https:\/\/climbingstore.mx\/wp-content\/uploads\/2023\/04\/3066-ARDPZ-C086AA00-CANYON-CLUB-100x100.jpg",100,100,true]},"uagb_author_info":{"display_name":"Juanita Castillo","author_link":"https:\/\/climbingstore.mx\/en\/author\/"},"uagb_comment_info":0,"uagb_excerpt":"Arn\u00e9s f\u00e1cil de utilizar con protecci\u00f3n posterior integrada para el descenso de barrancos.","_links":{"self":[{"href":"https:\/\/climbingstore.mx\/en\/wp-json\/wp\/v2\/product\/6795","targetHints":{"allow":["GET"]}}],"collection":[{"href":"https:\/\/climbingstore.mx\/en\/wp-json\/wp\/v2\/product"}],"about":[{"href":"https:\/\/climbingstore.mx\/en\/wp-json\/wp\/v2\/types\/product"}],"replies":[{"embeddable":true,"href":"https:\/\/climbingstore.mx\/en\/wp-json\/wp\/v2\/comments?post=6795"}],"wp:featuredmedia":[{"embeddable":true,"href":"https:\/\/climbingstore.mx\/en\/wp-json\/wp\/v2\/media\/6796"}],"wp:attachment":[{"href":"https:\/\/climbingstore.mx\/en\/wp-json\/wp\/v2\/media?parent=6795"}],"wp:term":[{"taxonomy":"product_brand","embeddable":true,"href":"https:\/\/climbingstore.mx\/en\/wp-json\/wp\/v2\/product_brand?post=6795"},{"taxonomy":"product_cat","embeddable":true,"href":"https:\/\/climbingstore.mx\/en\/wp-json\/wp\/v2\/product_cat?post=6795"},{"taxonomy":"product_tag","embeddable":true,"href":"https:\/\/climbingstore.mx\/en\/wp-json\/wp\/v2\/product_tag?post=6795"}],"curies":[{"name":"wp","href":"https:\/\/api.w.org\/{rel}","templated":true}]}}