{"id":6793,"date":"2023-04-06T13:39:46","date_gmt":"2023-04-06T19:39:46","guid":{"rendered":"https:\/\/climbingstore.mx\/?post_type=product&#038;p=6793"},"modified":"2024-04-17T17:11:54","modified_gmt":"2024-04-17T23:11:54","slug":"aspir-lt","status":"publish","type":"product","link":"https:\/\/climbingstore.mx\/en\/product\/aspir-lt\/","title":{"rendered":"ASPIR LT"},"content":{"rendered":"<p>El ASPIR LT es un arn\u00e9s confortable y regulable, sin anillo portamaterial, dise\u00f1ado para los colectivos. El cintur\u00f3n, equipado con acolchados deslizantes, es c\u00f3modo de llevar sea cual sea la talla del usuario. Como un arn\u00e9s cl\u00e1sico, est\u00e1 equipado con dos puntos de encordamiento para proporcionar m\u00e1s confort al andar y en suspensi\u00f3n. Las zonas de identificaci\u00f3n y de marcado simplifican la gesti\u00f3n del parque de material. Los puntos de encordamiento reforzados y las cintas gruesas le proporcionan una gran durabilidad para las utilizaciones intensivas.<\/p>\n<h3>Descripci\u00f3n<\/h3>\n<div class=\"list\">\n<ul>\n<li>Arn\u00e9s confortable de talla \u00fanica, sin anillo portamaterial:<br \/>\n&#8211; Talla \u00fanica que abarca un amplio rango de tallas, gracias a las regulaciones del cintur\u00f3n (58 a 110 cm) y de las perneras (35 a 65 cm),<br \/>\n&#8211; Cintur\u00f3n regulable con acolchados deslizantes (patente de Petzl) f\u00e1cil de regular una vez el arn\u00e9s puesto.<br \/>\n&#8211; Cintur\u00f3n y perneras acolchados para llevarse con mayor comodidad en suspensi\u00f3n.<br \/>\n&#8211; Dos puntos de encordamiento y un anillo de aseguramiento, como un arn\u00e9s cl\u00e1sico, para proporcionar m\u00e1s confort al andar y en suspensi\u00f3n.<\/li>\n<li>Facilita el trabajo cotidiano del gu\u00eda y del operador:<br \/>\n&#8211; Una \u00fanica talla para reducir la cantidad de material.<br \/>\n&#8211; Colocaci\u00f3n simplificada del arn\u00e9s, gracias al posicionamiento desplazado de las dos cintas traseras con el\u00e1sticos.<br \/>\n&#8211; F\u00e1cil de pon\u00e9rselo, gracias a los contrastes de color del cintur\u00f3n y de las perneras (interior gris acolchado y exterior negro).<br \/>\n&#8211; Regulaci\u00f3n mediante hebillas DOUBLEBACK para un ce\u00f1ido fluido y r\u00e1pido.<br \/>\n&#8211; Excelente prensi\u00f3n de las puntas de las cintas para ce\u00f1ir el cintur\u00f3n y las perneras.<br \/>\n&#8211; Zona de identificaci\u00f3n y de marcado espec\u00edfico en el exterior del cintur\u00f3n.<br \/>\n&#8211; Identificaci\u00f3n individual duradera para facilitar la gesti\u00f3n del parque de material.<\/li>\n<li>Excelente durabilidad:<br \/>\n&#8211; Cintas resistentes que conservan la fluidez de regulaci\u00f3n y adecuadas a las utilizaciones intensivas.<br \/>\n&#8211; Gran durabilidad de los puntos de encordamiento, gracias a un refuerzo flexible espec\u00edfico y a un testigo de desgaste de color, integrado en el puente de uni\u00f3n inferior.<br \/>\n&#8211; Cintas posteriores con el\u00e1sticos, regulables y muy duraderas.<br \/>\n&#8211; F\u00e1cil de limpiar.<\/li>\n<\/ul>\n<\/div>\n<h3>Caracter\u00edsticas<\/h3>\n<div class=\"list\">\n<ul>\n<li>Materiales: cinta de poli\u00e9ster de alta tenacidad, espuma de c\u00e9lulas cerradas y poli\u00e9ster<\/li>\n<li>Certificaciones: CE, EN 12277 type C, UKCA, UIAA 105<\/li>\n<\/ul>\n<\/div>","protected":false},"excerpt":{"rendered":"<p>Arn\u00e9s confortable y regulable, sin anillo portamaterial.<\/p>","protected":false},"featured_media":6794,"comment_status":"open","ping_status":"closed","template":"","meta":{"_acf_changed":false,"_uag_custom_page_level_css":"","site-sidebar-layout":"default","site-content-layout":"default","ast-site-content-layout":"default","site-content-style":"default","site-sidebar-style":"default","ast-global-header-display":"","ast-banner-title-visibility":"","ast-main-header-display":"","ast-hfb-above-header-display":"","ast-hfb-below-header-display":"","ast-hfb-mobile-header-display":"","site-post-title":"","ast-breadcrumbs-content":"","ast-featured-img":"","footer-sml-layout":"","theme-transparent-header-meta":"default","adv-header-id-meta":"","stick-header-meta":"","header-above-stick-meta":"","header-main-stick-meta":"","header-below-stick-meta":"","astra-migrate-meta-layouts":"set","ast-page-background-enabled":"default","ast-page-background-meta":{"desktop":{"background-color":"var(--ast-global-color-4)","background-image":"","background-repeat":"repeat","background-position":"center center","background-size":"auto","background-attachment":"scroll","background-type":"","background-media":"","overlay-type":"","overlay-color":"","overlay-opacity":"","overlay-gradient":""},"tablet":{"background-color":"","background-image":"","background-repeat":"repeat","background-position":"center center","background-size":"auto","background-attachment":"scroll","background-type":"","background-media":"","overlay-type":"","overlay-color":"","overlay-opacity":"","overlay-gradient":""},"mobile":{"background-color":"","background-image":"","background-repeat":"repeat","background-position":"center center","background-size":"auto","background-attachment":"scroll","background-type":"","background-media":"","overlay-type":"","overlay-color":"","overlay-opacity":"","overlay-gradient":""}},"ast-content-background-meta":{"desktop":{"background-color":"var(--ast-global-color-5)","background-image":"","background-repeat":"repeat","background-position":"center center","background-size":"auto","background-attachment":"scroll","background-type":"","background-media":"","overlay-type":"","overlay-color":"","overlay-opacity":"","overlay-gradient":""},"tablet":{"background-color":"var(--ast-global-color-5)","background-image":"","background-repeat":"repeat","background-position":"center center","background-size":"auto","background-attachment":"scroll","background-type":"","background-media":"","overlay-type":"","overlay-color":"","overlay-opacity":"","overlay-gradient":""},"mobile":{"background-color":"var(--ast-global-color-5)","background-image":"","background-repeat":"repeat","background-position":"center center","background-size":"auto","background-attachment":"scroll","background-type":"","background-media":"","overlay-type":"","overlay-color":"","overlay-opacity":"","overlay-gradient":""}}},"product_brand":[],"product_cat":[132,115,116],"product_tag":[],"class_list":{"0":"post-6793","1":"product","2":"type-product","3":"status-publish","4":"has-post-thumbnail","6":"product_cat-petzl-sport","7":"product_cat-sport","8":"product_cat-arneses-sport","9":"desktop-align-center","10":"tablet-align-left","11":"mobile-align-center","13":"first","14":"instock","15":"shipping-taxable","16":"purchasable","17":"product-type-simple"},"aioseo_notices":[],"acf":[],"uagb_featured_image_src":{"full":["https:\/\/climbingstore.mx\/wp-content\/uploads\/2023\/04\/3064-ARDPZ-C024BA00-ASPIR-LT.jpg",1000,1000,false],"thumbnail":["https:\/\/climbingstore.mx\/wp-content\/uploads\/2023\/04\/3064-ARDPZ-C024BA00-ASPIR-LT-150x150.jpg",150,150,true],"medium":["https:\/\/climbingstore.mx\/wp-content\/uploads\/2023\/04\/3064-ARDPZ-C024BA00-ASPIR-LT-300x300.jpg",300,300,true],"medium_large":["https:\/\/climbingstore.mx\/wp-content\/uploads\/2023\/04\/3064-ARDPZ-C024BA00-ASPIR-LT-768x768.jpg",768,768,true],"large":["https:\/\/climbingstore.mx\/wp-content\/uploads\/2023\/04\/3064-ARDPZ-C024BA00-ASPIR-LT.jpg",1000,1000,false],"1536x1536":["https:\/\/climbingstore.mx\/wp-content\/uploads\/2023\/04\/3064-ARDPZ-C024BA00-ASPIR-LT.jpg",1000,1000,false],"2048x2048":["https:\/\/climbingstore.mx\/wp-content\/uploads\/2023\/04\/3064-ARDPZ-C024BA00-ASPIR-LT.jpg",1000,1000,false],"trp-custom-language-flag":["https:\/\/climbingstore.mx\/wp-content\/uploads\/2023\/04\/3064-ARDPZ-C024BA00-ASPIR-LT-12x12.jpg",12,12,true],"woocommerce_thumbnail":["https:\/\/climbingstore.mx\/wp-content\/uploads\/2023\/04\/3064-ARDPZ-C024BA00-ASPIR-LT-600x600.jpg",600,600,true],"woocommerce_single":["https:\/\/climbingstore.mx\/wp-content\/uploads\/2023\/04\/3064-ARDPZ-C024BA00-ASPIR-LT.jpg",1000,1000,false],"woocommerce_gallery_thumbnail":["https:\/\/climbingstore.mx\/wp-content\/uploads\/2023\/04\/3064-ARDPZ-C024BA00-ASPIR-LT-100x100.jpg",100,100,true]},"uagb_author_info":{"display_name":"Juanita Castillo","author_link":"https:\/\/climbingstore.mx\/en\/author\/"},"uagb_comment_info":0,"uagb_excerpt":"Arn\u00e9s confortable y regulable, sin anillo portamaterial.","_links":{"self":[{"href":"https:\/\/climbingstore.mx\/en\/wp-json\/wp\/v2\/product\/6793","targetHints":{"allow":["GET"]}}],"collection":[{"href":"https:\/\/climbingstore.mx\/en\/wp-json\/wp\/v2\/product"}],"about":[{"href":"https:\/\/climbingstore.mx\/en\/wp-json\/wp\/v2\/types\/product"}],"replies":[{"embeddable":true,"href":"https:\/\/climbingstore.mx\/en\/wp-json\/wp\/v2\/comments?post=6793"}],"wp:featuredmedia":[{"embeddable":true,"href":"https:\/\/climbingstore.mx\/en\/wp-json\/wp\/v2\/media\/6794"}],"wp:attachment":[{"href":"https:\/\/climbingstore.mx\/en\/wp-json\/wp\/v2\/media?parent=6793"}],"wp:term":[{"taxonomy":"product_brand","embeddable":true,"href":"https:\/\/climbingstore.mx\/en\/wp-json\/wp\/v2\/product_brand?post=6793"},{"taxonomy":"product_cat","embeddable":true,"href":"https:\/\/climbingstore.mx\/en\/wp-json\/wp\/v2\/product_cat?post=6793"},{"taxonomy":"product_tag","embeddable":true,"href":"https:\/\/climbingstore.mx\/en\/wp-json\/wp\/v2\/product_tag?post=6793"}],"curies":[{"name":"wp","href":"https:\/\/api.w.org\/{rel}","templated":true}]}}