{"id":6787,"date":"2023-04-06T12:35:28","date_gmt":"2023-04-06T18:35:28","guid":{"rendered":"https:\/\/climbingstore.mx\/?post_type=product&#038;p=6787"},"modified":"2025-05-07T13:40:31","modified_gmt":"2025-05-07T19:40:31","slug":"pandion","status":"publish","type":"product","link":"https:\/\/climbingstore.mx\/en\/product\/pandion\/","title":{"rendered":"PANDION"},"content":{"rendered":"<p>Destinado a los grupos, el PANDION es un arn\u00e9s con anillo portamaterial, f\u00e1cil de pon\u00e9rselo, regular y utilizar para facilitar el trabajo cotidiano del gu\u00eda. Las zonas de identificaci\u00f3n y de marcado simplifican la gesti\u00f3n del parque de material. Las cintas gruesas le proporcionan una gran durabilidad para las utilizaciones intensivas tanto en interior como en exterior.<\/p>\n<h3>Descripci\u00f3n<\/h3>\n<div class=\"list\">\n<ul>\n<li>Arn\u00e9s f\u00e1cil de utilizar y regulable, con anillo portamaterial<br \/>\n&#8211; Un \u00fanico punto de encordamiento para facilitar las manipulaciones y para un control visual r\u00e1pido.<br \/>\n&#8211; Punto de encordamiento de color verde y marcado de identificaci\u00f3n.<br \/>\n&#8211; Un anillo portamaterial flexible para transportar el material.<\/li>\n<li>Facilita el trabajo cotidiano del gu\u00eda y del operador:<br \/>\n&#8211; Talla \u00fanica que abarca un amplio rango de tallas, gracias a las regulaciones del cintur\u00f3n (hasta 120 cm) y de las perneras (hasta 75 cm),<br \/>\n&#8211; F\u00e1cil de pon\u00e9rselo, gracias a los contrastes de color del cintur\u00f3n y de las perneras (interior gris acolchado y exterior negro).<br \/>\n&#8211; Regulaci\u00f3n mediante hebillas DOUBLEBACK para un ce\u00f1ido fluido y r\u00e1pido.<br \/>\n&#8211; Excelente prensi\u00f3n de las puntas de las cintas para ce\u00f1ir el cintur\u00f3n y las perneras.<br \/>\n&#8211; Zona de identificaci\u00f3n y de marcado espec\u00edfico en el exterior del cintur\u00f3n.<br \/>\n&#8211; Identificaci\u00f3n individual duradera para facilitar la gesti\u00f3n del parque de material.<\/li>\n<li>Excelente durabilidad:<br \/>\n&#8211; Cintas resistentes que conservan la fluidez de regulaci\u00f3n y adecuadas a las utilizaciones intensivas.<br \/>\n&#8211; Gran durabilidad del punto de encordamiento, gracias a un refuerzo flexible espec\u00edfico y a un testigo de desgaste de color integrado.<br \/>\n&#8211; Cintas posteriores con el\u00e1sticos, regulables y muy duraderas.<br \/>\n&#8211; F\u00e1cil de limpiar.<\/li>\n<\/ul>\n<\/div>\n<h3>Caracter\u00edsticas<\/h3>\n<div class=\"list\">\n<ul>\n<li>Materiales: cinta de poli\u00e9ster de alta tenacidad y hebillas de acero<\/li>\n<li>Certificaciones: CE, EN 12277 type C, UKCA, UIAA 105<\/li>\n<\/ul>\n<\/div>","protected":false},"excerpt":{"rendered":"<p>Arn\u00e9s f\u00e1cil de utilizar y regulable, con anillo portamaterial.<\/p>","protected":false},"featured_media":6788,"comment_status":"open","ping_status":"closed","template":"","meta":{"_acf_changed":false,"_uag_custom_page_level_css":"","site-sidebar-layout":"default","site-content-layout":"default","ast-site-content-layout":"default","site-content-style":"default","site-sidebar-style":"default","ast-global-header-display":"","ast-banner-title-visibility":"","ast-main-header-display":"","ast-hfb-above-header-display":"","ast-hfb-below-header-display":"","ast-hfb-mobile-header-display":"","site-post-title":"","ast-breadcrumbs-content":"","ast-featured-img":"","footer-sml-layout":"","theme-transparent-header-meta":"default","adv-header-id-meta":"","stick-header-meta":"","header-above-stick-meta":"","header-main-stick-meta":"","header-below-stick-meta":"","astra-migrate-meta-layouts":"set","ast-page-background-enabled":"default","ast-page-background-meta":{"desktop":{"background-color":"var(--ast-global-color-4)","background-image":"","background-repeat":"repeat","background-position":"center center","background-size":"auto","background-attachment":"scroll","background-type":"","background-media":"","overlay-type":"","overlay-color":"","overlay-opacity":"","overlay-gradient":""},"tablet":{"background-color":"","background-image":"","background-repeat":"repeat","background-position":"center center","background-size":"auto","background-attachment":"scroll","background-type":"","background-media":"","overlay-type":"","overlay-color":"","overlay-opacity":"","overlay-gradient":""},"mobile":{"background-color":"","background-image":"","background-repeat":"repeat","background-position":"center center","background-size":"auto","background-attachment":"scroll","background-type":"","background-media":"","overlay-type":"","overlay-color":"","overlay-opacity":"","overlay-gradient":""}},"ast-content-background-meta":{"desktop":{"background-color":"var(--ast-global-color-5)","background-image":"","background-repeat":"repeat","background-position":"center center","background-size":"auto","background-attachment":"scroll","background-type":"","background-media":"","overlay-type":"","overlay-color":"","overlay-opacity":"","overlay-gradient":""},"tablet":{"background-color":"var(--ast-global-color-5)","background-image":"","background-repeat":"repeat","background-position":"center center","background-size":"auto","background-attachment":"scroll","background-type":"","background-media":"","overlay-type":"","overlay-color":"","overlay-opacity":"","overlay-gradient":""},"mobile":{"background-color":"var(--ast-global-color-5)","background-image":"","background-repeat":"repeat","background-position":"center center","background-size":"auto","background-attachment":"scroll","background-type":"","background-media":"","overlay-type":"","overlay-color":"","overlay-opacity":"","overlay-gradient":""}}},"product_brand":[],"product_cat":[132,115,116],"product_tag":[],"class_list":{"0":"post-6787","1":"product","2":"type-product","3":"status-publish","4":"has-post-thumbnail","6":"product_cat-petzl-sport","7":"product_cat-sport","8":"product_cat-arneses-sport","9":"desktop-align-center","10":"tablet-align-left","11":"mobile-align-center","13":"first","14":"instock","15":"shipping-taxable","16":"purchasable","17":"product-type-simple"},"aioseo_notices":[],"acf":[],"uagb_featured_image_src":{"full":["https:\/\/climbingstore.mx\/wp-content\/uploads\/2023\/04\/3060-ARDPZ-C029AA00-PANDION.jpg",1000,1000,false],"thumbnail":["https:\/\/climbingstore.mx\/wp-content\/uploads\/2023\/04\/3060-ARDPZ-C029AA00-PANDION-150x150.jpg",150,150,true],"medium":["https:\/\/climbingstore.mx\/wp-content\/uploads\/2023\/04\/3060-ARDPZ-C029AA00-PANDION-300x300.jpg",300,300,true],"medium_large":["https:\/\/climbingstore.mx\/wp-content\/uploads\/2023\/04\/3060-ARDPZ-C029AA00-PANDION-768x768.jpg",768,768,true],"large":["https:\/\/climbingstore.mx\/wp-content\/uploads\/2023\/04\/3060-ARDPZ-C029AA00-PANDION.jpg",1000,1000,false],"1536x1536":["https:\/\/climbingstore.mx\/wp-content\/uploads\/2023\/04\/3060-ARDPZ-C029AA00-PANDION.jpg",1000,1000,false],"2048x2048":["https:\/\/climbingstore.mx\/wp-content\/uploads\/2023\/04\/3060-ARDPZ-C029AA00-PANDION.jpg",1000,1000,false],"trp-custom-language-flag":["https:\/\/climbingstore.mx\/wp-content\/uploads\/2023\/04\/3060-ARDPZ-C029AA00-PANDION-12x12.jpg",12,12,true],"woocommerce_thumbnail":["https:\/\/climbingstore.mx\/wp-content\/uploads\/2023\/04\/3060-ARDPZ-C029AA00-PANDION-600x600.jpg",600,600,true],"woocommerce_single":["https:\/\/climbingstore.mx\/wp-content\/uploads\/2023\/04\/3060-ARDPZ-C029AA00-PANDION.jpg",1000,1000,false],"woocommerce_gallery_thumbnail":["https:\/\/climbingstore.mx\/wp-content\/uploads\/2023\/04\/3060-ARDPZ-C029AA00-PANDION-100x100.jpg",100,100,true]},"uagb_author_info":{"display_name":"Juanita Castillo","author_link":"https:\/\/climbingstore.mx\/en\/author\/"},"uagb_comment_info":0,"uagb_excerpt":"Arn\u00e9s f\u00e1cil de utilizar y regulable, con anillo portamaterial.","_links":{"self":[{"href":"https:\/\/climbingstore.mx\/en\/wp-json\/wp\/v2\/product\/6787","targetHints":{"allow":["GET"]}}],"collection":[{"href":"https:\/\/climbingstore.mx\/en\/wp-json\/wp\/v2\/product"}],"about":[{"href":"https:\/\/climbingstore.mx\/en\/wp-json\/wp\/v2\/types\/product"}],"replies":[{"embeddable":true,"href":"https:\/\/climbingstore.mx\/en\/wp-json\/wp\/v2\/comments?post=6787"}],"wp:featuredmedia":[{"embeddable":true,"href":"https:\/\/climbingstore.mx\/en\/wp-json\/wp\/v2\/media\/6788"}],"wp:attachment":[{"href":"https:\/\/climbingstore.mx\/en\/wp-json\/wp\/v2\/media?parent=6787"}],"wp:term":[{"taxonomy":"product_brand","embeddable":true,"href":"https:\/\/climbingstore.mx\/en\/wp-json\/wp\/v2\/product_brand?post=6787"},{"taxonomy":"product_cat","embeddable":true,"href":"https:\/\/climbingstore.mx\/en\/wp-json\/wp\/v2\/product_cat?post=6787"},{"taxonomy":"product_tag","embeddable":true,"href":"https:\/\/climbingstore.mx\/en\/wp-json\/wp\/v2\/product_tag?post=6787"}],"curies":[{"name":"wp","href":"https:\/\/api.w.org\/{rel}","templated":true}]}}