{"id":6783,"date":"2023-04-06T11:05:32","date_gmt":"2023-04-06T17:05:32","guid":{"rendered":"https:\/\/climbingstore.mx\/?post_type=product&#038;p=6783"},"modified":"2025-05-07T13:41:59","modified_gmt":"2025-05-07T19:41:59","slug":"aven-talla-1","status":"publish","type":"product","link":"https:\/\/climbingstore.mx\/en\/product\/aven-talla-1\/","title":{"rendered":"AVEN talla 1"},"content":{"rendered":"<p>Robusto y confortable, el arn\u00e9s para espeleolog\u00eda AVEN te acompa\u00f1a con facilidad durante tus exploraciones. Con su cintur\u00f3n y sus perneras reforzadas y acolchadas, te sujetar\u00e1 confortablemente en el transcurso de la progresi\u00f3n. Dise\u00f1ado con materiales robustos alrededor de los puntos de enganche, de las perneras y de los anillos portamaterial, resiste de forma duradera a la actividad. Los puntos de enganche est\u00e1n colocados todav\u00eda m\u00e1s bajos para facilitar y mejorar la eficacia en los ascensos por cuerda. Lo completan seis anillos portamaterial, dos trabillas para los portaherramientas CARITOOL y un anillo portasaca para el transporte y la organizaci\u00f3n del material.<\/p>\n<h3>Descripci\u00f3n<\/h3>\n<div class=\"list\">\n<ul>\n<li>Confort en suspensi\u00f3n:<br \/>\n&#8211; Amplios acolchados de confort en el cintur\u00f3n que permiten apoyos confortables al nivel de la pelvis, sin dificultar la movilidad y el ascenso por cuerda.<br \/>\n&#8211; Cintur\u00f3n de espuma de c\u00e9lula cerrada para evitar la absorci\u00f3n de agua y que permite mantener el confort a lo largo de toda la vida \u00fatil del arn\u00e9s.<br \/>\n&#8211; Amplias cintas de las perneras que ofrecen un mejor reparto de la carga entre los muslos y la pelvis.<br \/>\n&#8211; Las hebillas de las perneras colocadas en la entrepierna limitan los riesgos de engancharse en los pasos estrechos.<\/li>\n<li>Durabilidad reforzada:<br \/>\n&#8211; Refuerzos en la pernera de poliuretano termopl\u00e1stico (TPU) para una mayor resistencia a la abrasi\u00f3n.<br \/>\n&#8211; Refuerzos del cintur\u00f3n de poli\u00e9ster.<br \/>\n&#8211; Anillos portamaterial de polietileno de alta densidad (PEAD) muy resistentes.<br \/>\n&#8211; Cintas de poli\u00e9ster que mantienen la fluidez de regulaci\u00f3n a lo largo del tiempo.<br \/>\n&#8211; Puntos de enganche completamente reforzados de polietileno de alta densidad (PEAD) para una gran durabilidad.<br \/>\n&#8211; Hebilla trasera con protecci\u00f3n antidesgaste mediante cinta solapada.<\/li>\n<li>Eficacia para los ascensos por cuerda:<br \/>\n&#8211; Rendimiento optimizado de los ascensos por cuerda gracias a la posici\u00f3n baja de los puntos de enganche.<br \/>\n&#8211; Tres anillos portamaterial en cada lado que permiten transportar y organizar mucho material.<br \/>\n&#8211; Dos trabillas para los portaherramientas CARITOOL.<br \/>\n&#8211; Costuras de seguridad de colores diferentes para identificar m\u00e1s f\u00e1cilmente la talla del arn\u00e9s (costuras amarillas para la talla 1 y costuras negras para la talla 2).<br \/>\n&#8211; Anillo de polietileno de alta densidad (PEAD) para llevar el kit.<\/li>\n<\/ul>\n<\/div>\n<h3>Caracter\u00edsticas<\/h3>\n<div class=\"list\">\n<ul>\n<li>Materiales: polietileno de alta densidad (PEAD), poliuretano termopl\u00e1stico (TPU), acero y espuma de c\u00e9lula cerrada<\/li>\n<li>Certificaciones: CE, UKCA<\/li>\n<\/ul>\n<\/div>","protected":false},"excerpt":{"rendered":"<p class=\"productSubtitle\">Arn\u00e9s para espeleolog\u00eda confortable y robusto.<\/p>","protected":false},"featured_media":6784,"comment_status":"open","ping_status":"closed","template":"","meta":{"_acf_changed":false,"_uag_custom_page_level_css":"","site-sidebar-layout":"default","site-content-layout":"default","ast-site-content-layout":"default","site-content-style":"default","site-sidebar-style":"default","ast-global-header-display":"","ast-banner-title-visibility":"","ast-main-header-display":"","ast-hfb-above-header-display":"","ast-hfb-below-header-display":"","ast-hfb-mobile-header-display":"","site-post-title":"","ast-breadcrumbs-content":"","ast-featured-img":"","footer-sml-layout":"","theme-transparent-header-meta":"default","adv-header-id-meta":"","stick-header-meta":"","header-above-stick-meta":"","header-main-stick-meta":"","header-below-stick-meta":"","astra-migrate-meta-layouts":"set","ast-page-background-enabled":"default","ast-page-background-meta":{"desktop":{"background-color":"var(--ast-global-color-4)","background-image":"","background-repeat":"repeat","background-position":"center center","background-size":"auto","background-attachment":"scroll","background-type":"","background-media":"","overlay-type":"","overlay-color":"","overlay-opacity":"","overlay-gradient":""},"tablet":{"background-color":"","background-image":"","background-repeat":"repeat","background-position":"center center","background-size":"auto","background-attachment":"scroll","background-type":"","background-media":"","overlay-type":"","overlay-color":"","overlay-opacity":"","overlay-gradient":""},"mobile":{"background-color":"","background-image":"","background-repeat":"repeat","background-position":"center center","background-size":"auto","background-attachment":"scroll","background-type":"","background-media":"","overlay-type":"","overlay-color":"","overlay-opacity":"","overlay-gradient":""}},"ast-content-background-meta":{"desktop":{"background-color":"var(--ast-global-color-5)","background-image":"","background-repeat":"repeat","background-position":"center center","background-size":"auto","background-attachment":"scroll","background-type":"","background-media":"","overlay-type":"","overlay-color":"","overlay-opacity":"","overlay-gradient":""},"tablet":{"background-color":"var(--ast-global-color-5)","background-image":"","background-repeat":"repeat","background-position":"center center","background-size":"auto","background-attachment":"scroll","background-type":"","background-media":"","overlay-type":"","overlay-color":"","overlay-opacity":"","overlay-gradient":""},"mobile":{"background-color":"var(--ast-global-color-5)","background-image":"","background-repeat":"repeat","background-position":"center center","background-size":"auto","background-attachment":"scroll","background-type":"","background-media":"","overlay-type":"","overlay-color":"","overlay-opacity":"","overlay-gradient":""}}},"product_brand":[],"product_cat":[132,115,116],"product_tag":[],"class_list":{"0":"post-6783","1":"product","2":"type-product","3":"status-publish","4":"has-post-thumbnail","6":"product_cat-petzl-sport","7":"product_cat-sport","8":"product_cat-arneses-sport","9":"desktop-align-center","10":"tablet-align-left","11":"mobile-align-center","13":"first","14":"instock","15":"shipping-taxable","16":"purchasable","17":"product-type-simple"},"aioseo_notices":[],"acf":[],"uagb_featured_image_src":{"full":["https:\/\/climbingstore.mx\/wp-content\/uploads\/2023\/04\/3054-ARDPZ-C013AA00-AVEN.jpg",1000,1000,false],"thumbnail":["https:\/\/climbingstore.mx\/wp-content\/uploads\/2023\/04\/3054-ARDPZ-C013AA00-AVEN-150x150.jpg",150,150,true],"medium":["https:\/\/climbingstore.mx\/wp-content\/uploads\/2023\/04\/3054-ARDPZ-C013AA00-AVEN-300x300.jpg",300,300,true],"medium_large":["https:\/\/climbingstore.mx\/wp-content\/uploads\/2023\/04\/3054-ARDPZ-C013AA00-AVEN-768x768.jpg",768,768,true],"large":["https:\/\/climbingstore.mx\/wp-content\/uploads\/2023\/04\/3054-ARDPZ-C013AA00-AVEN.jpg",1000,1000,false],"1536x1536":["https:\/\/climbingstore.mx\/wp-content\/uploads\/2023\/04\/3054-ARDPZ-C013AA00-AVEN.jpg",1000,1000,false],"2048x2048":["https:\/\/climbingstore.mx\/wp-content\/uploads\/2023\/04\/3054-ARDPZ-C013AA00-AVEN.jpg",1000,1000,false],"trp-custom-language-flag":["https:\/\/climbingstore.mx\/wp-content\/uploads\/2023\/04\/3054-ARDPZ-C013AA00-AVEN-12x12.jpg",12,12,true],"woocommerce_thumbnail":["https:\/\/climbingstore.mx\/wp-content\/uploads\/2023\/04\/3054-ARDPZ-C013AA00-AVEN-600x600.jpg",600,600,true],"woocommerce_single":["https:\/\/climbingstore.mx\/wp-content\/uploads\/2023\/04\/3054-ARDPZ-C013AA00-AVEN.jpg",1000,1000,false],"woocommerce_gallery_thumbnail":["https:\/\/climbingstore.mx\/wp-content\/uploads\/2023\/04\/3054-ARDPZ-C013AA00-AVEN-100x100.jpg",100,100,true]},"uagb_author_info":{"display_name":"Juanita Castillo","author_link":"https:\/\/climbingstore.mx\/en\/author\/"},"uagb_comment_info":0,"uagb_excerpt":"Arn\u00e9s para espeleolog\u00eda confortable y robusto.","_links":{"self":[{"href":"https:\/\/climbingstore.mx\/en\/wp-json\/wp\/v2\/product\/6783","targetHints":{"allow":["GET"]}}],"collection":[{"href":"https:\/\/climbingstore.mx\/en\/wp-json\/wp\/v2\/product"}],"about":[{"href":"https:\/\/climbingstore.mx\/en\/wp-json\/wp\/v2\/types\/product"}],"replies":[{"embeddable":true,"href":"https:\/\/climbingstore.mx\/en\/wp-json\/wp\/v2\/comments?post=6783"}],"wp:featuredmedia":[{"embeddable":true,"href":"https:\/\/climbingstore.mx\/en\/wp-json\/wp\/v2\/media\/6784"}],"wp:attachment":[{"href":"https:\/\/climbingstore.mx\/en\/wp-json\/wp\/v2\/media?parent=6783"}],"wp:term":[{"taxonomy":"product_brand","embeddable":true,"href":"https:\/\/climbingstore.mx\/en\/wp-json\/wp\/v2\/product_brand?post=6783"},{"taxonomy":"product_cat","embeddable":true,"href":"https:\/\/climbingstore.mx\/en\/wp-json\/wp\/v2\/product_cat?post=6783"},{"taxonomy":"product_tag","embeddable":true,"href":"https:\/\/climbingstore.mx\/en\/wp-json\/wp\/v2\/product_tag?post=6783"}],"curies":[{"name":"wp","href":"https:\/\/api.w.org\/{rel}","templated":true}]}}