{"id":6779,"date":"2023-04-05T17:40:59","date_gmt":"2023-04-05T23:40:59","guid":{"rendered":"https:\/\/climbingstore.mx\/?post_type=product&#038;p=6779"},"modified":"2024-04-17T17:15:17","modified_gmt":"2024-04-17T23:15:17","slug":"ouistiti","status":"publish","type":"product","link":"https:\/\/climbingstore.mx\/en\/product\/ouistiti\/","title":{"rendered":"OUISTITI"},"content":{"rendered":"<p>\u00a1Para asegurar los primeros pasos de tus hijos en escalada! El OUISTITI es un arn\u00e9s f\u00e1cil de regular y colocar, para los ni\u00f1os de menos de 30 kg. No requiere conector para cerrarse y su sistema de regulaci\u00f3n es de dif\u00edcil acceso para el ni\u00f1o. La estructura acolchada y el punto de encordamiento delantero hacen que sea un arn\u00e9s confortable, incluso en suspensi\u00f3n. Su punto de enganche dorsal permite conectar el arn\u00e9s para descubrir otras actividades espec\u00edficas.<\/p>\n<h3>Descripci\u00f3n<\/h3>\n<div class=\"list\">\n<ul>\n<li>F\u00e1cil de pon\u00e9rselo y regularlo:<br \/>\n&#8211; El arn\u00e9s mantiene la forma cuando se sujeta por el punto dorsal de color naranja.<br \/>\n&#8211; Estructura semirr\u00edgida y con colores diferentes (interior acolchado en gris y exterior en azul) para facilitar la colocaci\u00f3n.<br \/>\n&#8211; Regulaci\u00f3n principal ajustando las cintas de los tirantes equipados con hebillas DOUBLEBACK.<br \/>\n&#8211; Ajuste secundario, para los ni\u00f1os de talla peque\u00f1a o grande, mediante dos hebillas DOUBLEBACK situadas en la parte posterior del arn\u00e9s.<\/li>\n<li>Se lleva confortablemente en el suelo y en suspensi\u00f3n:<br \/>\n&#8211; Estructura acolchada con espuma de c\u00e9lulas cerradas al nivel de las perneras, del cintur\u00f3n de sujeci\u00f3n y de los tirantes.<br \/>\n&#8211; No requiere conectores para permanecer cerrado, permite al ni\u00f1o llevar el arn\u00e9s para jugar sin que moleste.<br \/>\n&#8211; Punto de encordamiento delantero reforzado y m\u00e1s bajo para m\u00e1s confort en escalada, en especial en el descenso.<\/li>\n<li>Polivalencia de utilizaci\u00f3n para la escalada, los clubes y los recorridos acrob\u00e1ticos en altura:<br \/>\n&#8211; Talla \u00fanica hasta 30 kg.<br \/>\n&#8211; Hebillas DOUBLEBACK fuera del alcance del ni\u00f1o.<br \/>\n&#8211; Punto de encordamiento delantero de color verde, para la escalada.<br \/>\n&#8211; Punto de enganche dorsal de color naranja para otras situaciones espec\u00edficas.<\/li>\n<\/ul>\n<\/div>\n<h3>Caracter\u00edsticas<\/h3>\n<div class=\"list\">\n<ul>\n<li>Materiales: cinta de poli\u00e9ster y espuma de c\u00e9lulas cerradas<\/li>\n<li>Certificaciones: CE EN 12277 type B, UKCA, UIAA<\/li>\n<li>El arn\u00e9s se sirve en una bolsa de transporte y de protecci\u00f3n<\/li>\n<\/ul>\n<\/div>","protected":false},"excerpt":{"rendered":"<p>Arn\u00e9s completo para escalada para ni\u00f1os de menos de 30 kg.<\/p>","protected":false},"featured_media":6780,"comment_status":"open","ping_status":"closed","template":"","meta":{"_acf_changed":false,"_uag_custom_page_level_css":"","site-sidebar-layout":"default","site-content-layout":"default","ast-site-content-layout":"default","site-content-style":"default","site-sidebar-style":"default","ast-global-header-display":"","ast-banner-title-visibility":"","ast-main-header-display":"","ast-hfb-above-header-display":"","ast-hfb-below-header-display":"","ast-hfb-mobile-header-display":"","site-post-title":"","ast-breadcrumbs-content":"","ast-featured-img":"","footer-sml-layout":"","theme-transparent-header-meta":"default","adv-header-id-meta":"","stick-header-meta":"","header-above-stick-meta":"","header-main-stick-meta":"","header-below-stick-meta":"","astra-migrate-meta-layouts":"set","ast-page-background-enabled":"default","ast-page-background-meta":{"desktop":{"background-color":"var(--ast-global-color-4)","background-image":"","background-repeat":"repeat","background-position":"center center","background-size":"auto","background-attachment":"scroll","background-type":"","background-media":"","overlay-type":"","overlay-color":"","overlay-opacity":"","overlay-gradient":""},"tablet":{"background-color":"","background-image":"","background-repeat":"repeat","background-position":"center center","background-size":"auto","background-attachment":"scroll","background-type":"","background-media":"","overlay-type":"","overlay-color":"","overlay-opacity":"","overlay-gradient":""},"mobile":{"background-color":"","background-image":"","background-repeat":"repeat","background-position":"center center","background-size":"auto","background-attachment":"scroll","background-type":"","background-media":"","overlay-type":"","overlay-color":"","overlay-opacity":"","overlay-gradient":""}},"ast-content-background-meta":{"desktop":{"background-color":"var(--ast-global-color-5)","background-image":"","background-repeat":"repeat","background-position":"center center","background-size":"auto","background-attachment":"scroll","background-type":"","background-media":"","overlay-type":"","overlay-color":"","overlay-opacity":"","overlay-gradient":""},"tablet":{"background-color":"var(--ast-global-color-5)","background-image":"","background-repeat":"repeat","background-position":"center center","background-size":"auto","background-attachment":"scroll","background-type":"","background-media":"","overlay-type":"","overlay-color":"","overlay-opacity":"","overlay-gradient":""},"mobile":{"background-color":"var(--ast-global-color-5)","background-image":"","background-repeat":"repeat","background-position":"center center","background-size":"auto","background-attachment":"scroll","background-type":"","background-media":"","overlay-type":"","overlay-color":"","overlay-opacity":"","overlay-gradient":""}}},"product_brand":[],"product_cat":[132,115,116],"product_tag":[],"class_list":{"0":"post-6779","1":"product","2":"type-product","3":"status-publish","4":"has-post-thumbnail","6":"product_cat-petzl-sport","7":"product_cat-sport","8":"product_cat-arneses-sport","9":"desktop-align-center","10":"tablet-align-left","11":"mobile-align-center","13":"first","14":"instock","15":"shipping-taxable","16":"purchasable","17":"product-type-simple"},"aioseo_notices":[],"acf":[],"uagb_featured_image_src":{"full":["https:\/\/climbingstore.mx\/wp-content\/uploads\/2023\/04\/3052-ARDPZ-C068AA00-OUISTITI.jpg",1000,1000,false],"thumbnail":["https:\/\/climbingstore.mx\/wp-content\/uploads\/2023\/04\/3052-ARDPZ-C068AA00-OUISTITI-150x150.jpg",150,150,true],"medium":["https:\/\/climbingstore.mx\/wp-content\/uploads\/2023\/04\/3052-ARDPZ-C068AA00-OUISTITI-300x300.jpg",300,300,true],"medium_large":["https:\/\/climbingstore.mx\/wp-content\/uploads\/2023\/04\/3052-ARDPZ-C068AA00-OUISTITI-768x768.jpg",768,768,true],"large":["https:\/\/climbingstore.mx\/wp-content\/uploads\/2023\/04\/3052-ARDPZ-C068AA00-OUISTITI.jpg",1000,1000,false],"1536x1536":["https:\/\/climbingstore.mx\/wp-content\/uploads\/2023\/04\/3052-ARDPZ-C068AA00-OUISTITI.jpg",1000,1000,false],"2048x2048":["https:\/\/climbingstore.mx\/wp-content\/uploads\/2023\/04\/3052-ARDPZ-C068AA00-OUISTITI.jpg",1000,1000,false],"trp-custom-language-flag":["https:\/\/climbingstore.mx\/wp-content\/uploads\/2023\/04\/3052-ARDPZ-C068AA00-OUISTITI-12x12.jpg",12,12,true],"woocommerce_thumbnail":["https:\/\/climbingstore.mx\/wp-content\/uploads\/2023\/04\/3052-ARDPZ-C068AA00-OUISTITI-600x600.jpg",600,600,true],"woocommerce_single":["https:\/\/climbingstore.mx\/wp-content\/uploads\/2023\/04\/3052-ARDPZ-C068AA00-OUISTITI.jpg",1000,1000,false],"woocommerce_gallery_thumbnail":["https:\/\/climbingstore.mx\/wp-content\/uploads\/2023\/04\/3052-ARDPZ-C068AA00-OUISTITI-100x100.jpg",100,100,true]},"uagb_author_info":{"display_name":"Juanita Castillo","author_link":"https:\/\/climbingstore.mx\/en\/author\/"},"uagb_comment_info":0,"uagb_excerpt":"Arn\u00e9s completo para escalada para ni\u00f1os de menos de 30 kg.","_links":{"self":[{"href":"https:\/\/climbingstore.mx\/en\/wp-json\/wp\/v2\/product\/6779","targetHints":{"allow":["GET"]}}],"collection":[{"href":"https:\/\/climbingstore.mx\/en\/wp-json\/wp\/v2\/product"}],"about":[{"href":"https:\/\/climbingstore.mx\/en\/wp-json\/wp\/v2\/types\/product"}],"replies":[{"embeddable":true,"href":"https:\/\/climbingstore.mx\/en\/wp-json\/wp\/v2\/comments?post=6779"}],"wp:featuredmedia":[{"embeddable":true,"href":"https:\/\/climbingstore.mx\/en\/wp-json\/wp\/v2\/media\/6780"}],"wp:attachment":[{"href":"https:\/\/climbingstore.mx\/en\/wp-json\/wp\/v2\/media?parent=6779"}],"wp:term":[{"taxonomy":"product_brand","embeddable":true,"href":"https:\/\/climbingstore.mx\/en\/wp-json\/wp\/v2\/product_brand?post=6779"},{"taxonomy":"product_cat","embeddable":true,"href":"https:\/\/climbingstore.mx\/en\/wp-json\/wp\/v2\/product_cat?post=6779"},{"taxonomy":"product_tag","embeddable":true,"href":"https:\/\/climbingstore.mx\/en\/wp-json\/wp\/v2\/product_tag?post=6779"}],"curies":[{"name":"wp","href":"https:\/\/api.w.org\/{rel}","templated":true}]}}