{"id":6777,"date":"2023-04-05T16:54:17","date_gmt":"2023-04-05T22:54:17","guid":{"rendered":"https:\/\/climbingstore.mx\/?post_type=product&#038;p=6777"},"modified":"2024-04-17T17:37:24","modified_gmt":"2024-04-17T23:37:24","slug":"macchu-violeta","status":"publish","type":"product","link":"https:\/\/climbingstore.mx\/en\/product\/macchu-violeta\/","title":{"rendered":"MACCHU\u00ae violeta"},"content":{"rendered":"<p>\u00a1Evoluciona con tu hijo! El MACCHU es un arn\u00e9s de cintura adecuado para ni\u00f1os de menos de 40 kg. Sus regulaciones de gran amplitud te permiten seguir el crecimiento de tu hijo, adaptando el arn\u00e9s a su talla. Para los m\u00e1s peque\u00f1os, es posible a\u00f1adir los tirantes BODY para transformarlo en arn\u00e9s completo. Su cintur\u00f3n y sus perneras est\u00e1n acolchados, lo que hace que sea m\u00e1s confortable durante las fases de suspensi\u00f3n. Las hebillas del cintur\u00f3n permiten un buen ajuste del punto de encordamiento y el anillo de uni\u00f3n de color permite un control visual r\u00e1pido del punto de conexi\u00f3n del sistema de aseguramiento. Tambi\u00e9n dispone de dos anillos portamaterial y un anillo para colgar la bolsa de magnesio y hacer como los mayores.<\/p>\n<h3>Descripci\u00f3n<\/h3>\n<div class=\"list\">\n<ul>\n<li>Arn\u00e9s de cintura adaptable para ni\u00f1os de menos de 40 kg:<br \/>\n&#8211; Sigue la evoluci\u00f3n de la talla del ni\u00f1o gracias a un amplio rango de regulaciones.<br \/>\n&#8211; Cintur\u00f3n y perneras ajustables mediante hebillas DOUBLEBACK para adaptarse r\u00e1pidamente a la talla del ni\u00f1o y a la ropa seg\u00fan las temporadas.<br \/>\n&#8211; Tirantes de confort BODY para completar el arn\u00e9s de cintura y debutar en escalada en polea.<\/li>\n<li>Confort en suspensi\u00f3n:<br \/>\n&#8211; Construcci\u00f3n ENDOFRAME Technology que permite un excelente reparto de la carga.<br \/>\n&#8211; Cintur\u00f3n y perneras acolchados.<br \/>\n&#8211; Sin puntos de compresi\u00f3n ni zonas de roce en el cintur\u00f3n gracias a la ausencia de costuras que atraviesan.<\/li>\n<li>Arn\u00e9s para hacer como los mayores:<br \/>\n&#8211; Dos puntos de encordamiento y un anillo de color para asegurar para un control visual r\u00e1pido del punto de conexi\u00f3n del asegurador.<br \/>\n&#8211; Dos anillos portamaterial r\u00edgidos, delanteros, para un acceso f\u00e1cil y r\u00e1pido al material.<br \/>\n&#8211; Hebilla trasera para enganchar la bolsa para magnesio.<br \/>\n&#8211; El\u00e1sticos traseros desenganchables.Nota: para los ni\u00f1os que tienen las caderas poco marcadas, debe ser completado con los tirantes de confort BODY para evitar el volteo durante una ca\u00edda.<\/li>\n<\/ul>\n<\/div>\n<h3>Caracter\u00edsticas<\/h3>\n<div class=\"list\">\n<ul>\n<li>Materiales: poliamida, poli\u00e9ster, EVA, poliuretano y acero<\/li>\n<li>Certificaciones: CE EN 12277 type C, UKCA, UIAA<\/li>\n<\/ul>\n<\/div>","protected":false},"excerpt":{"rendered":"<p>Arn\u00e9s de cintura regulable para ni\u00f1os de menos de 40 kg.<\/p>","protected":false},"featured_media":6778,"comment_status":"open","ping_status":"closed","template":"","meta":{"_acf_changed":false,"_uag_custom_page_level_css":"","site-sidebar-layout":"default","site-content-layout":"default","ast-site-content-layout":"default","site-content-style":"default","site-sidebar-style":"default","ast-global-header-display":"","ast-banner-title-visibility":"","ast-main-header-display":"","ast-hfb-above-header-display":"","ast-hfb-below-header-display":"","ast-hfb-mobile-header-display":"","site-post-title":"","ast-breadcrumbs-content":"","ast-featured-img":"","footer-sml-layout":"","theme-transparent-header-meta":"default","adv-header-id-meta":"","stick-header-meta":"","header-above-stick-meta":"","header-main-stick-meta":"","header-below-stick-meta":"","astra-migrate-meta-layouts":"set","ast-page-background-enabled":"default","ast-page-background-meta":{"desktop":{"background-color":"var(--ast-global-color-4)","background-image":"","background-repeat":"repeat","background-position":"center center","background-size":"auto","background-attachment":"scroll","background-type":"","background-media":"","overlay-type":"","overlay-color":"","overlay-opacity":"","overlay-gradient":""},"tablet":{"background-color":"","background-image":"","background-repeat":"repeat","background-position":"center center","background-size":"auto","background-attachment":"scroll","background-type":"","background-media":"","overlay-type":"","overlay-color":"","overlay-opacity":"","overlay-gradient":""},"mobile":{"background-color":"","background-image":"","background-repeat":"repeat","background-position":"center center","background-size":"auto","background-attachment":"scroll","background-type":"","background-media":"","overlay-type":"","overlay-color":"","overlay-opacity":"","overlay-gradient":""}},"ast-content-background-meta":{"desktop":{"background-color":"var(--ast-global-color-5)","background-image":"","background-repeat":"repeat","background-position":"center center","background-size":"auto","background-attachment":"scroll","background-type":"","background-media":"","overlay-type":"","overlay-color":"","overlay-opacity":"","overlay-gradient":""},"tablet":{"background-color":"var(--ast-global-color-5)","background-image":"","background-repeat":"repeat","background-position":"center center","background-size":"auto","background-attachment":"scroll","background-type":"","background-media":"","overlay-type":"","overlay-color":"","overlay-opacity":"","overlay-gradient":""},"mobile":{"background-color":"var(--ast-global-color-5)","background-image":"","background-repeat":"repeat","background-position":"center center","background-size":"auto","background-attachment":"scroll","background-type":"","background-media":"","overlay-type":"","overlay-color":"","overlay-opacity":"","overlay-gradient":""}}},"product_brand":[],"product_cat":[132,115,116],"product_tag":[],"class_list":{"0":"post-6777","1":"product","2":"type-product","3":"status-publish","4":"has-post-thumbnail","6":"product_cat-petzl-sport","7":"product_cat-sport","8":"product_cat-arneses-sport","9":"desktop-align-center","10":"tablet-align-left","11":"mobile-align-center","13":"first","14":"instock","15":"shipping-taxable","16":"purchasable","17":"product-type-simple"},"aioseo_notices":[],"acf":[],"uagb_featured_image_src":{"full":["https:\/\/climbingstore.mx\/wp-content\/uploads\/2023\/04\/3049-ARDPZ-C015AA01-MACCHU.jpg",1000,1000,false],"thumbnail":["https:\/\/climbingstore.mx\/wp-content\/uploads\/2023\/04\/3049-ARDPZ-C015AA01-MACCHU-150x150.jpg",150,150,true],"medium":["https:\/\/climbingstore.mx\/wp-content\/uploads\/2023\/04\/3049-ARDPZ-C015AA01-MACCHU-300x300.jpg",300,300,true],"medium_large":["https:\/\/climbingstore.mx\/wp-content\/uploads\/2023\/04\/3049-ARDPZ-C015AA01-MACCHU-768x768.jpg",768,768,true],"large":["https:\/\/climbingstore.mx\/wp-content\/uploads\/2023\/04\/3049-ARDPZ-C015AA01-MACCHU.jpg",1000,1000,false],"1536x1536":["https:\/\/climbingstore.mx\/wp-content\/uploads\/2023\/04\/3049-ARDPZ-C015AA01-MACCHU.jpg",1000,1000,false],"2048x2048":["https:\/\/climbingstore.mx\/wp-content\/uploads\/2023\/04\/3049-ARDPZ-C015AA01-MACCHU.jpg",1000,1000,false],"trp-custom-language-flag":["https:\/\/climbingstore.mx\/wp-content\/uploads\/2023\/04\/3049-ARDPZ-C015AA01-MACCHU-12x12.jpg",12,12,true],"woocommerce_thumbnail":["https:\/\/climbingstore.mx\/wp-content\/uploads\/2023\/04\/3049-ARDPZ-C015AA01-MACCHU-600x600.jpg",600,600,true],"woocommerce_single":["https:\/\/climbingstore.mx\/wp-content\/uploads\/2023\/04\/3049-ARDPZ-C015AA01-MACCHU.jpg",1000,1000,false],"woocommerce_gallery_thumbnail":["https:\/\/climbingstore.mx\/wp-content\/uploads\/2023\/04\/3049-ARDPZ-C015AA01-MACCHU-100x100.jpg",100,100,true]},"uagb_author_info":{"display_name":"Juanita Castillo","author_link":"https:\/\/climbingstore.mx\/en\/author\/"},"uagb_comment_info":0,"uagb_excerpt":"Arn\u00e9s de cintura regulable para ni\u00f1os de menos de 40 kg.","_links":{"self":[{"href":"https:\/\/climbingstore.mx\/en\/wp-json\/wp\/v2\/product\/6777","targetHints":{"allow":["GET"]}}],"collection":[{"href":"https:\/\/climbingstore.mx\/en\/wp-json\/wp\/v2\/product"}],"about":[{"href":"https:\/\/climbingstore.mx\/en\/wp-json\/wp\/v2\/types\/product"}],"replies":[{"embeddable":true,"href":"https:\/\/climbingstore.mx\/en\/wp-json\/wp\/v2\/comments?post=6777"}],"wp:featuredmedia":[{"embeddable":true,"href":"https:\/\/climbingstore.mx\/en\/wp-json\/wp\/v2\/media\/6778"}],"wp:attachment":[{"href":"https:\/\/climbingstore.mx\/en\/wp-json\/wp\/v2\/media?parent=6777"}],"wp:term":[{"taxonomy":"product_brand","embeddable":true,"href":"https:\/\/climbingstore.mx\/en\/wp-json\/wp\/v2\/product_brand?post=6777"},{"taxonomy":"product_cat","embeddable":true,"href":"https:\/\/climbingstore.mx\/en\/wp-json\/wp\/v2\/product_cat?post=6777"},{"taxonomy":"product_tag","embeddable":true,"href":"https:\/\/climbingstore.mx\/en\/wp-json\/wp\/v2\/product_tag?post=6777"}],"curies":[{"name":"wp","href":"https:\/\/api.w.org\/{rel}","templated":true}]}}