{"id":6767,"date":"2023-04-04T16:40:16","date_gmt":"2023-04-04T22:40:16","guid":{"rendered":"https:\/\/climbingstore.mx\/?post_type=product&#038;p=6767"},"modified":"2024-04-17T17:40:59","modified_gmt":"2024-04-17T23:40:59","slug":"corax-talla-2-3","status":"publish","type":"product","link":"https:\/\/climbingstore.mx\/en\/product\/corax-talla-2-3\/","title":{"rendered":"CORAX talla 2"},"content":{"rendered":"<p>\u00a1La polivalencia por excelencia! F\u00e1cil de utilizar y confortable, el arn\u00e9s CORAX es id\u00f3neo para la escalada, el alpinismo o la v\u00eda ferrata. Este arn\u00e9s regulable, destinado a la mayor\u00eda, est\u00e1 disponible en varios colores y en dos tallas para adaptarse a todas las morfolog\u00edas.<\/p>\n<h3>Descripci\u00f3n<\/h3>\n<div class=\"list\">\n<ul>\n<li>Polivalente y f\u00e1cil de utilizar:<br \/>\n&#8211; Cintur\u00f3n equipado con dos hebillas DOUBLEBACK para ajustar y centrar f\u00e1cilmente el arn\u00e9s. Los anillos portamaterial conservan as\u00ed una posici\u00f3n \u00f3ptima.<br \/>\n&#8211; Perneras regulables que permiten ajustar f\u00e1cilmente el arn\u00e9s en funci\u00f3n de las morfolog\u00edas y vestimenta.<\/li>\n<li>Capacidad de llevar y organizar el material:<br \/>\n&#8211; Dos anillos portamaterial, delanteros, r\u00edgidos para facilitar el mosquetoneo y desmosquetoneo de las cintas.<br \/>\n&#8211; Dos anillos portamaterial, traseros, flexibles, que llevan el material hacia delante y son compatibles con llevar la mochila puesta.<br \/>\n&#8211; Un anillo posterior porta-accesorios como la bolsa de magnesio, calzado, maill\u00f3n, cuerda de izado&#8230;<br \/>\n&#8211; Compatible con un portaherramientas CARITOOL EVO para el transporte de tornillos para hielo.<\/li>\n<li>Confort al llevarlo puesto:<br \/>\n&#8211; Construcci\u00f3n FRAME Technology que permite repartir la carga entre el cintur\u00f3n y las perneras.<br \/>\n&#8211; Zonas de apoyo forradas con tejido suave.<\/li>\n<\/ul>\n<\/div>\n<h3>Caracter\u00edsticas<\/h3>\n<div class=\"list\">\n<ul>\n<li>Materiales: cinta de poli\u00e9ster, espuma de c\u00e9lulas cerradas.<\/li>\n<li>Certificaciones: CE EN 12277 type C, UKCA, UIAA<\/li>\n<\/ul>\n<\/div>","protected":false},"excerpt":{"rendered":"<p>Arn\u00e9s para escalada y alpinismo polivalente y completamente regulable.<\/p>","protected":false},"featured_media":6768,"comment_status":"open","ping_status":"closed","template":"","meta":{"_acf_changed":false,"_uag_custom_page_level_css":"","site-sidebar-layout":"default","site-content-layout":"default","ast-site-content-layout":"default","site-content-style":"default","site-sidebar-style":"default","ast-global-header-display":"","ast-banner-title-visibility":"","ast-main-header-display":"","ast-hfb-above-header-display":"","ast-hfb-below-header-display":"","ast-hfb-mobile-header-display":"","site-post-title":"","ast-breadcrumbs-content":"","ast-featured-img":"","footer-sml-layout":"","theme-transparent-header-meta":"default","adv-header-id-meta":"","stick-header-meta":"","header-above-stick-meta":"","header-main-stick-meta":"","header-below-stick-meta":"","astra-migrate-meta-layouts":"set","ast-page-background-enabled":"default","ast-page-background-meta":{"desktop":{"background-color":"var(--ast-global-color-4)","background-image":"","background-repeat":"repeat","background-position":"center center","background-size":"auto","background-attachment":"scroll","background-type":"","background-media":"","overlay-type":"","overlay-color":"","overlay-opacity":"","overlay-gradient":""},"tablet":{"background-color":"","background-image":"","background-repeat":"repeat","background-position":"center center","background-size":"auto","background-attachment":"scroll","background-type":"","background-media":"","overlay-type":"","overlay-color":"","overlay-opacity":"","overlay-gradient":""},"mobile":{"background-color":"","background-image":"","background-repeat":"repeat","background-position":"center center","background-size":"auto","background-attachment":"scroll","background-type":"","background-media":"","overlay-type":"","overlay-color":"","overlay-opacity":"","overlay-gradient":""}},"ast-content-background-meta":{"desktop":{"background-color":"var(--ast-global-color-5)","background-image":"","background-repeat":"repeat","background-position":"center center","background-size":"auto","background-attachment":"scroll","background-type":"","background-media":"","overlay-type":"","overlay-color":"","overlay-opacity":"","overlay-gradient":""},"tablet":{"background-color":"var(--ast-global-color-5)","background-image":"","background-repeat":"repeat","background-position":"center center","background-size":"auto","background-attachment":"scroll","background-type":"","background-media":"","overlay-type":"","overlay-color":"","overlay-opacity":"","overlay-gradient":""},"mobile":{"background-color":"var(--ast-global-color-5)","background-image":"","background-repeat":"repeat","background-position":"center center","background-size":"auto","background-attachment":"scroll","background-type":"","background-media":"","overlay-type":"","overlay-color":"","overlay-opacity":"","overlay-gradient":""}}},"product_brand":[],"product_cat":[132,115,116],"product_tag":[],"class_list":{"0":"post-6767","1":"product","2":"type-product","3":"status-publish","4":"has-post-thumbnail","6":"product_cat-petzl-sport","7":"product_cat-sport","8":"product_cat-arneses-sport","9":"desktop-align-center","10":"tablet-align-left","11":"mobile-align-center","13":"first","14":"instock","15":"shipping-taxable","16":"purchasable","17":"product-type-simple"},"aioseo_notices":[],"acf":[],"uagb_featured_image_src":{"full":["https:\/\/climbingstore.mx\/wp-content\/uploads\/2023\/04\/3041-ARDPZ-C051CA01-CORAX-2.jpg",1000,1000,false],"thumbnail":["https:\/\/climbingstore.mx\/wp-content\/uploads\/2023\/04\/3041-ARDPZ-C051CA01-CORAX-2-150x150.jpg",150,150,true],"medium":["https:\/\/climbingstore.mx\/wp-content\/uploads\/2023\/04\/3041-ARDPZ-C051CA01-CORAX-2-300x300.jpg",300,300,true],"medium_large":["https:\/\/climbingstore.mx\/wp-content\/uploads\/2023\/04\/3041-ARDPZ-C051CA01-CORAX-2-768x768.jpg",768,768,true],"large":["https:\/\/climbingstore.mx\/wp-content\/uploads\/2023\/04\/3041-ARDPZ-C051CA01-CORAX-2.jpg",1000,1000,false],"1536x1536":["https:\/\/climbingstore.mx\/wp-content\/uploads\/2023\/04\/3041-ARDPZ-C051CA01-CORAX-2.jpg",1000,1000,false],"2048x2048":["https:\/\/climbingstore.mx\/wp-content\/uploads\/2023\/04\/3041-ARDPZ-C051CA01-CORAX-2.jpg",1000,1000,false],"trp-custom-language-flag":["https:\/\/climbingstore.mx\/wp-content\/uploads\/2023\/04\/3041-ARDPZ-C051CA01-CORAX-2-12x12.jpg",12,12,true],"woocommerce_thumbnail":["https:\/\/climbingstore.mx\/wp-content\/uploads\/2023\/04\/3041-ARDPZ-C051CA01-CORAX-2-600x600.jpg",600,600,true],"woocommerce_single":["https:\/\/climbingstore.mx\/wp-content\/uploads\/2023\/04\/3041-ARDPZ-C051CA01-CORAX-2.jpg",1000,1000,false],"woocommerce_gallery_thumbnail":["https:\/\/climbingstore.mx\/wp-content\/uploads\/2023\/04\/3041-ARDPZ-C051CA01-CORAX-2-100x100.jpg",100,100,true]},"uagb_author_info":{"display_name":"Juanita Castillo","author_link":"https:\/\/climbingstore.mx\/en\/author\/"},"uagb_comment_info":0,"uagb_excerpt":"Arn\u00e9s para escalada y alpinismo polivalente y completamente regulable.","_links":{"self":[{"href":"https:\/\/climbingstore.mx\/en\/wp-json\/wp\/v2\/product\/6767","targetHints":{"allow":["GET"]}}],"collection":[{"href":"https:\/\/climbingstore.mx\/en\/wp-json\/wp\/v2\/product"}],"about":[{"href":"https:\/\/climbingstore.mx\/en\/wp-json\/wp\/v2\/types\/product"}],"replies":[{"embeddable":true,"href":"https:\/\/climbingstore.mx\/en\/wp-json\/wp\/v2\/comments?post=6767"}],"wp:featuredmedia":[{"embeddable":true,"href":"https:\/\/climbingstore.mx\/en\/wp-json\/wp\/v2\/media\/6768"}],"wp:attachment":[{"href":"https:\/\/climbingstore.mx\/en\/wp-json\/wp\/v2\/media?parent=6767"}],"wp:term":[{"taxonomy":"product_brand","embeddable":true,"href":"https:\/\/climbingstore.mx\/en\/wp-json\/wp\/v2\/product_brand?post=6767"},{"taxonomy":"product_cat","embeddable":true,"href":"https:\/\/climbingstore.mx\/en\/wp-json\/wp\/v2\/product_cat?post=6767"},{"taxonomy":"product_tag","embeddable":true,"href":"https:\/\/climbingstore.mx\/en\/wp-json\/wp\/v2\/product_tag?post=6767"}],"curies":[{"name":"wp","href":"https:\/\/api.w.org\/{rel}","templated":true}]}}