{"id":6752,"date":"2023-04-04T16:09:11","date_gmt":"2023-04-04T22:09:11","guid":{"rendered":"https:\/\/climbingstore.mx\/?post_type=product&#038;p=6752"},"modified":"2024-04-17T17:44:25","modified_gmt":"2024-04-17T23:44:25","slug":"selena-m","status":"publish","type":"product","link":"https:\/\/climbingstore.mx\/en\/product\/selena-m\/","title":{"rendered":"SELENA talla M"},"content":{"rendered":"<p>\u00a1Perfecto para la mujer escaladora! El SELENA es un arn\u00e9s que se adapta a la morfolog\u00eda de la mujer gracias a su cintur\u00f3n de forma curvada. Te acompa\u00f1ar\u00e1 en todas tus sesiones de escalada deportiva. Las perneras con el\u00e1sticos permanecen bien ajustadas y el cintur\u00f3n, flexible y m\u00e1s estrecho delante, proporcionan una gran libertad de movimiento. Cuatro anillos portamaterial completan este arn\u00e9s para tener el equipo al alcance de la mano, tanto si escalas en roc\u00f3dromo, deportiva en pared o en v\u00edas de varios largos.<\/p>\n<h3>Descripci\u00f3n<\/h3>\n<div class=\"list\">\n<ul>\n<li>Adaptado a la morfolog\u00eda de la mujer:<br \/>\n&#8211; M\u00e1s curvatura en el cintur\u00f3n para sujetar mejor la zona lumbar.<br \/>\n&#8211; Distancia perneras-cintur\u00f3n adecuada para una mejor colocaci\u00f3n en la cintura.<br \/>\n&#8211; Relaci\u00f3n perneras-contorno de cintura adaptada a la morfolog\u00eda femenina.<\/li>\n<li>Confort al llevarlo puesto:<br \/>\n&#8211; Cintur\u00f3n y perneras acolchados.<br \/>\n&#8211; Ancho cintur\u00f3n que ofrece una sujeci\u00f3n confortable.<br \/>\n&#8211; Construcci\u00f3n ENDOFRAME Technology que permite un excelente reparto de la carga.<\/li>\n<li>Gran libertad de movimiento:<br \/>\n&#8211; Cintur\u00f3n flexible y m\u00e1s fino delante.<br \/>\n&#8211; Perneras el\u00e1sticas que permiten mantener en todo momento el arn\u00e9s en su sitio.<br \/>\n&#8211; Perneras el\u00e1sticas y cintas de uni\u00f3n flexibles que proporcionan una movilidad m\u00e1xima en los desplazamientos.<\/li>\n<li>Capacidad de transportar material:<br \/>\n&#8211; Dos anillos portamaterial, delanteros, r\u00edgidos para facilitar el mosquetoneo y desmosquetoneo de las cintas.<br \/>\n&#8211; Dos anillos portamaterial, traseros, flexibles, que llevan el material hacia delante y son compatibles con llevar la mochila puesta.<br \/>\n&#8211; Un anillo posterior porta-accesorios como la bolsa de magnesio, calzado, maill\u00f3n, cuerda de izado&#8230;<\/li>\n<\/ul>\n<\/div>\n<h3>Caracter\u00edsticas<\/h3>\n<div class=\"list\">\n<ul>\n<li>Materiales: poliamida, poli\u00e9ster, EVA, poliuretano, aluminio y polietileno de alta densidad<\/li>\n<li>Certificaciones: CE EN 12277 type C, UKCA, UIAA<\/li>\n<\/ul>\n<\/div>","protected":false},"excerpt":{"rendered":"<p>Arn\u00e9s para mujer para escalada en roc\u00f3dromo, en pared y de varios largos.<\/p>","protected":false},"featured_media":6753,"comment_status":"open","ping_status":"closed","template":"","meta":{"_acf_changed":false,"_uag_custom_page_level_css":"","site-sidebar-layout":"default","site-content-layout":"default","ast-site-content-layout":"default","site-content-style":"default","site-sidebar-style":"default","ast-global-header-display":"","ast-banner-title-visibility":"","ast-main-header-display":"","ast-hfb-above-header-display":"","ast-hfb-below-header-display":"","ast-hfb-mobile-header-display":"","site-post-title":"","ast-breadcrumbs-content":"","ast-featured-img":"","footer-sml-layout":"","theme-transparent-header-meta":"default","adv-header-id-meta":"","stick-header-meta":"","header-above-stick-meta":"","header-main-stick-meta":"","header-below-stick-meta":"","astra-migrate-meta-layouts":"set","ast-page-background-enabled":"default","ast-page-background-meta":{"desktop":{"background-color":"var(--ast-global-color-4)","background-image":"","background-repeat":"repeat","background-position":"center center","background-size":"auto","background-attachment":"scroll","background-type":"","background-media":"","overlay-type":"","overlay-color":"","overlay-opacity":"","overlay-gradient":""},"tablet":{"background-color":"","background-image":"","background-repeat":"repeat","background-position":"center center","background-size":"auto","background-attachment":"scroll","background-type":"","background-media":"","overlay-type":"","overlay-color":"","overlay-opacity":"","overlay-gradient":""},"mobile":{"background-color":"","background-image":"","background-repeat":"repeat","background-position":"center center","background-size":"auto","background-attachment":"scroll","background-type":"","background-media":"","overlay-type":"","overlay-color":"","overlay-opacity":"","overlay-gradient":""}},"ast-content-background-meta":{"desktop":{"background-color":"var(--ast-global-color-5)","background-image":"","background-repeat":"repeat","background-position":"center center","background-size":"auto","background-attachment":"scroll","background-type":"","background-media":"","overlay-type":"","overlay-color":"","overlay-opacity":"","overlay-gradient":""},"tablet":{"background-color":"var(--ast-global-color-5)","background-image":"","background-repeat":"repeat","background-position":"center center","background-size":"auto","background-attachment":"scroll","background-type":"","background-media":"","overlay-type":"","overlay-color":"","overlay-opacity":"","overlay-gradient":""},"mobile":{"background-color":"var(--ast-global-color-5)","background-image":"","background-repeat":"repeat","background-position":"center center","background-size":"auto","background-attachment":"scroll","background-type":"","background-media":"","overlay-type":"","overlay-color":"","overlay-opacity":"","overlay-gradient":""}}},"product_brand":[],"product_cat":[132,115,116],"product_tag":[],"class_list":{"0":"post-6752","1":"product","2":"type-product","3":"status-publish","4":"has-post-thumbnail","6":"product_cat-petzl-sport","7":"product_cat-sport","8":"product_cat-arneses-sport","9":"desktop-align-center","10":"tablet-align-left","11":"mobile-align-center","13":"first","14":"instock","15":"shipping-taxable","16":"purchasable","17":"product-type-simple"},"aioseo_notices":[],"acf":[],"uagb_featured_image_src":{"full":["https:\/\/climbingstore.mx\/wp-content\/uploads\/2023\/04\/3031-ARDPZ-C055BA02-SELENA-M.jpg",1000,1000,false],"thumbnail":["https:\/\/climbingstore.mx\/wp-content\/uploads\/2023\/04\/3031-ARDPZ-C055BA02-SELENA-M-150x150.jpg",150,150,true],"medium":["https:\/\/climbingstore.mx\/wp-content\/uploads\/2023\/04\/3031-ARDPZ-C055BA02-SELENA-M-300x300.jpg",300,300,true],"medium_large":["https:\/\/climbingstore.mx\/wp-content\/uploads\/2023\/04\/3031-ARDPZ-C055BA02-SELENA-M-768x768.jpg",768,768,true],"large":["https:\/\/climbingstore.mx\/wp-content\/uploads\/2023\/04\/3031-ARDPZ-C055BA02-SELENA-M.jpg",1000,1000,false],"1536x1536":["https:\/\/climbingstore.mx\/wp-content\/uploads\/2023\/04\/3031-ARDPZ-C055BA02-SELENA-M.jpg",1000,1000,false],"2048x2048":["https:\/\/climbingstore.mx\/wp-content\/uploads\/2023\/04\/3031-ARDPZ-C055BA02-SELENA-M.jpg",1000,1000,false],"trp-custom-language-flag":["https:\/\/climbingstore.mx\/wp-content\/uploads\/2023\/04\/3031-ARDPZ-C055BA02-SELENA-M-12x12.jpg",12,12,true],"woocommerce_thumbnail":["https:\/\/climbingstore.mx\/wp-content\/uploads\/2023\/04\/3031-ARDPZ-C055BA02-SELENA-M-600x600.jpg",600,600,true],"woocommerce_single":["https:\/\/climbingstore.mx\/wp-content\/uploads\/2023\/04\/3031-ARDPZ-C055BA02-SELENA-M.jpg",1000,1000,false],"woocommerce_gallery_thumbnail":["https:\/\/climbingstore.mx\/wp-content\/uploads\/2023\/04\/3031-ARDPZ-C055BA02-SELENA-M-100x100.jpg",100,100,true]},"uagb_author_info":{"display_name":"Juanita Castillo","author_link":"https:\/\/climbingstore.mx\/en\/author\/"},"uagb_comment_info":0,"uagb_excerpt":"Arn\u00e9s para mujer para escalada en roc\u00f3dromo, en pared y de varios largos.","_links":{"self":[{"href":"https:\/\/climbingstore.mx\/en\/wp-json\/wp\/v2\/product\/6752","targetHints":{"allow":["GET"]}}],"collection":[{"href":"https:\/\/climbingstore.mx\/en\/wp-json\/wp\/v2\/product"}],"about":[{"href":"https:\/\/climbingstore.mx\/en\/wp-json\/wp\/v2\/types\/product"}],"replies":[{"embeddable":true,"href":"https:\/\/climbingstore.mx\/en\/wp-json\/wp\/v2\/comments?post=6752"}],"wp:featuredmedia":[{"embeddable":true,"href":"https:\/\/climbingstore.mx\/en\/wp-json\/wp\/v2\/media\/6753"}],"wp:attachment":[{"href":"https:\/\/climbingstore.mx\/en\/wp-json\/wp\/v2\/media?parent=6752"}],"wp:term":[{"taxonomy":"product_brand","embeddable":true,"href":"https:\/\/climbingstore.mx\/en\/wp-json\/wp\/v2\/product_brand?post=6752"},{"taxonomy":"product_cat","embeddable":true,"href":"https:\/\/climbingstore.mx\/en\/wp-json\/wp\/v2\/product_cat?post=6752"},{"taxonomy":"product_tag","embeddable":true,"href":"https:\/\/climbingstore.mx\/en\/wp-json\/wp\/v2\/product_tag?post=6752"}],"curies":[{"name":"wp","href":"https:\/\/api.w.org\/{rel}","templated":true}]}}