{"id":6402,"date":"2023-03-30T17:30:03","date_gmt":"2023-03-30T23:30:03","guid":{"rendered":"https:\/\/climbingstore.mx\/?post_type=product&#038;p=6402"},"modified":"2024-04-18T09:31:11","modified_gmt":"2024-04-18T15:31:11","slug":"hirundos-m","status":"publish","type":"product","link":"https:\/\/climbingstore.mx\/en\/product\/hirundos-m\/","title":{"rendered":"HIRUNDOS talla M"},"content":{"rendered":"<p>\u00a1El arn\u00e9s ideal para encadenar largos! El HIRUNDOS est\u00e1 destinado a los escaladores atl\u00e9ticos para la escalada en roc\u00f3dromo o en pared. Es un arn\u00e9s fino y ligero que proporciona una total libertad de movimiento y a la vez es confortable durante las fases de suspensi\u00f3n. Sus cuatro anillos portamaterial permiten llevar todo lo necesario en las salidas de monta\u00f1a y sus puntos de encordamiento reforzados resisten de forma duradera a los roces de la cuerda.<\/p>\n<h3>Descripci\u00f3n<\/h3>\n<div class=\"list\">\n<ul>\n<li>Ligereza y libertad de movimiento:<br \/>\n&#8211; Cintur\u00f3n fino flexible y ligero adecuado para los escaladores atl\u00e9ticos para una total libertad de movimiento.<br \/>\n&#8211; Uniones de perneras flexibles para un confort m\u00e1ximo escalando o durante la marcha de aproximaci\u00f3n.<br \/>\n&#8211; Perneras el\u00e1sticas que permiten mantener en todo momento el arn\u00e9s en su sitio.<\/li>\n<li>Confort en suspensi\u00f3n:<br \/>\n&#8211; Construcci\u00f3n FUSEFRAME con acolchado de c\u00e9lulas cerradas termoformadas para un confort constante durante toda la vida del arn\u00e9s.<br \/>\n&#8211; Cintur\u00f3n sin perfiles para m\u00e1s confort.<br \/>\n&#8211; Tejido interior transpirable para evacuar la humedad.<\/li>\n<li>Polivalencia para una utilizaci\u00f3n en escalada o en alpinismo:<br \/>\n&#8211; Dos anillos portamaterial delanteros semirr\u00edgidos para facilitar el enganche y desenganche de las cintas expr\u00e9s.<br \/>\n&#8211; Dos anillos portamaterial, traseros, flexibles que permiten llevar el material hacia delante, compatibles con llevar la mochila puesta.<br \/>\n&#8211; Un anillo posterior porta-accesorios como la bolsa de magnesio, calzado, maill\u00f3n, cuerda de izado&#8230;<br \/>\n&#8211; Arn\u00e9s compatible con uno o varios CARITOOL EVO para llevar los tornillos para hielo.<br \/>\n&#8211; Cintur\u00f3n equipado con una hebilla DOUBLEBACK HD para un deslizamiento fluido de la cinta de ce\u00f1ido y permitir una regulaci\u00f3n f\u00e1cil y r\u00e1pida.<br \/>\n&#8211; Resistencia del tejido exterior y de la hebilla de regulaci\u00f3n DOUBLEBACK HD para una excelente vida \u00fatil.<br \/>\n&#8211; Puntos de encordamiento reforzados de polietileno de alta densidad (PEAD) para obtener una mayor resistencia a la abrasi\u00f3n y una gran durabilidad.<br \/>\n&#8211; Poco volumen del arn\u00e9s una vez plegado.<br \/>\n&#8211; El\u00e1sticos en la parte posterior de las perneras regulables y desenganchables.<\/li>\n<\/ul>\n<\/div>\n<h3>Caracter\u00edsticas<\/h3>\n<div class=\"list\">\n<ul>\n<li>Materiales: poliamida, poli\u00e9ster, EVA, poliuretano, aluminio y polietileno de alta densidad<\/li>\n<li>Certificaciones: CE EN 12277 type C, UKCA, UIAA<\/li>\n<\/ul>\n<\/div>","protected":false},"excerpt":{"rendered":"<p>Arn\u00e9s para escalada ligero y confortable para el alto nivel en escalada.<\/p>","protected":false},"featured_media":6721,"comment_status":"open","ping_status":"closed","template":"","meta":{"_acf_changed":false,"_uag_custom_page_level_css":"","site-sidebar-layout":"default","site-content-layout":"default","ast-site-content-layout":"default","site-content-style":"default","site-sidebar-style":"default","ast-global-header-display":"","ast-banner-title-visibility":"","ast-main-header-display":"","ast-hfb-above-header-display":"","ast-hfb-below-header-display":"","ast-hfb-mobile-header-display":"","site-post-title":"","ast-breadcrumbs-content":"","ast-featured-img":"","footer-sml-layout":"","theme-transparent-header-meta":"default","adv-header-id-meta":"","stick-header-meta":"","header-above-stick-meta":"","header-main-stick-meta":"","header-below-stick-meta":"","astra-migrate-meta-layouts":"set","ast-page-background-enabled":"default","ast-page-background-meta":{"desktop":{"background-color":"var(--ast-global-color-4)","background-image":"","background-repeat":"repeat","background-position":"center center","background-size":"auto","background-attachment":"scroll","background-type":"","background-media":"","overlay-type":"","overlay-color":"","overlay-opacity":"","overlay-gradient":""},"tablet":{"background-color":"","background-image":"","background-repeat":"repeat","background-position":"center center","background-size":"auto","background-attachment":"scroll","background-type":"","background-media":"","overlay-type":"","overlay-color":"","overlay-opacity":"","overlay-gradient":""},"mobile":{"background-color":"","background-image":"","background-repeat":"repeat","background-position":"center center","background-size":"auto","background-attachment":"scroll","background-type":"","background-media":"","overlay-type":"","overlay-color":"","overlay-opacity":"","overlay-gradient":""}},"ast-content-background-meta":{"desktop":{"background-color":"var(--ast-global-color-5)","background-image":"","background-repeat":"repeat","background-position":"center center","background-size":"auto","background-attachment":"scroll","background-type":"","background-media":"","overlay-type":"","overlay-color":"","overlay-opacity":"","overlay-gradient":""},"tablet":{"background-color":"var(--ast-global-color-5)","background-image":"","background-repeat":"repeat","background-position":"center center","background-size":"auto","background-attachment":"scroll","background-type":"","background-media":"","overlay-type":"","overlay-color":"","overlay-opacity":"","overlay-gradient":""},"mobile":{"background-color":"var(--ast-global-color-5)","background-image":"","background-repeat":"repeat","background-position":"center center","background-size":"auto","background-attachment":"scroll","background-type":"","background-media":"","overlay-type":"","overlay-color":"","overlay-opacity":"","overlay-gradient":""}}},"product_brand":[],"product_cat":[132,115,116],"product_tag":[],"class_list":{"0":"post-6402","1":"product","2":"type-product","3":"status-publish","4":"has-post-thumbnail","6":"product_cat-petzl-sport","7":"product_cat-sport","8":"product_cat-arneses-sport","9":"desktop-align-center","10":"tablet-align-left","11":"mobile-align-center","13":"first","14":"instock","15":"shipping-taxable","16":"purchasable","17":"product-type-simple"},"aioseo_notices":[],"acf":[],"uagb_featured_image_src":{"full":["https:\/\/climbingstore.mx\/wp-content\/uploads\/2023\/03\/3011-ARDPZ-C036AA02-HIRUNDOS-M.jpg",1000,1000,false],"thumbnail":["https:\/\/climbingstore.mx\/wp-content\/uploads\/2023\/03\/3011-ARDPZ-C036AA02-HIRUNDOS-M-150x150.jpg",150,150,true],"medium":["https:\/\/climbingstore.mx\/wp-content\/uploads\/2023\/03\/3011-ARDPZ-C036AA02-HIRUNDOS-M-300x300.jpg",300,300,true],"medium_large":["https:\/\/climbingstore.mx\/wp-content\/uploads\/2023\/03\/3011-ARDPZ-C036AA02-HIRUNDOS-M-768x768.jpg",768,768,true],"large":["https:\/\/climbingstore.mx\/wp-content\/uploads\/2023\/03\/3011-ARDPZ-C036AA02-HIRUNDOS-M.jpg",1000,1000,false],"1536x1536":["https:\/\/climbingstore.mx\/wp-content\/uploads\/2023\/03\/3011-ARDPZ-C036AA02-HIRUNDOS-M.jpg",1000,1000,false],"2048x2048":["https:\/\/climbingstore.mx\/wp-content\/uploads\/2023\/03\/3011-ARDPZ-C036AA02-HIRUNDOS-M.jpg",1000,1000,false],"trp-custom-language-flag":["https:\/\/climbingstore.mx\/wp-content\/uploads\/2023\/03\/3011-ARDPZ-C036AA02-HIRUNDOS-M-12x12.jpg",12,12,true],"woocommerce_thumbnail":["https:\/\/climbingstore.mx\/wp-content\/uploads\/2023\/03\/3011-ARDPZ-C036AA02-HIRUNDOS-M-600x600.jpg",600,600,true],"woocommerce_single":["https:\/\/climbingstore.mx\/wp-content\/uploads\/2023\/03\/3011-ARDPZ-C036AA02-HIRUNDOS-M.jpg",1000,1000,false],"woocommerce_gallery_thumbnail":["https:\/\/climbingstore.mx\/wp-content\/uploads\/2023\/03\/3011-ARDPZ-C036AA02-HIRUNDOS-M-100x100.jpg",100,100,true]},"uagb_author_info":{"display_name":"Juanita Castillo","author_link":"https:\/\/climbingstore.mx\/en\/author\/"},"uagb_comment_info":0,"uagb_excerpt":"Arn\u00e9s para escalada ligero y confortable para el alto nivel en escalada.","_links":{"self":[{"href":"https:\/\/climbingstore.mx\/en\/wp-json\/wp\/v2\/product\/6402","targetHints":{"allow":["GET"]}}],"collection":[{"href":"https:\/\/climbingstore.mx\/en\/wp-json\/wp\/v2\/product"}],"about":[{"href":"https:\/\/climbingstore.mx\/en\/wp-json\/wp\/v2\/types\/product"}],"replies":[{"embeddable":true,"href":"https:\/\/climbingstore.mx\/en\/wp-json\/wp\/v2\/comments?post=6402"}],"wp:featuredmedia":[{"embeddable":true,"href":"https:\/\/climbingstore.mx\/en\/wp-json\/wp\/v2\/media\/6721"}],"wp:attachment":[{"href":"https:\/\/climbingstore.mx\/en\/wp-json\/wp\/v2\/media?parent=6402"}],"wp:term":[{"taxonomy":"product_brand","embeddable":true,"href":"https:\/\/climbingstore.mx\/en\/wp-json\/wp\/v2\/product_brand?post=6402"},{"taxonomy":"product_cat","embeddable":true,"href":"https:\/\/climbingstore.mx\/en\/wp-json\/wp\/v2\/product_cat?post=6402"},{"taxonomy":"product_tag","embeddable":true,"href":"https:\/\/climbingstore.mx\/en\/wp-json\/wp\/v2\/product_tag?post=6402"}],"curies":[{"name":"wp","href":"https:\/\/api.w.org\/{rel}","templated":true}]}}