{"id":6384,"date":"2023-03-30T16:36:36","date_gmt":"2023-03-30T22:36:36","guid":{"rendered":"https:\/\/climbingstore.mx\/?post_type=product&#038;p=6384"},"modified":"2024-04-18T09:36:12","modified_gmt":"2024-04-18T15:36:12","slug":"sitta-m","status":"publish","type":"product","link":"https:\/\/climbingstore.mx\/en\/product\/sitta-m\/","title":{"rendered":"SITTA talla M"},"content":{"rendered":"<p>\u00a1Para los escaladores y alpinistas exigentes! El SITTA es el mejor compromiso entre ligereza y confort. Tambi\u00e9n es muy compacto una vez guardado en la mochila. Tanto en escalada como en alpinismo, tienes total libertad de movimientos gracias a su cintur\u00f3n extremadamente fino y flexible. Sus cuatro anillos portamaterial permiten llevar todo el equipo necesario para evolucionar en hielo o en roca. Con \u00e9l, podr\u00e1s encadenar las salidas: sus puntos de encordamiento reforzados est\u00e1n dise\u00f1ados para resistir de forma duradera a los roces de la cuerda.<\/p>\n<h3>Descripci\u00f3n<\/h3>\n<div class=\"list\">\n<ul>\n<li>Ligereza, movilidad y confort \u00fanicos:<br \/>\n&#8211; Cintur\u00f3n y perneras extremadamente finos y flexibles gracias a la tecnolog\u00eda WIREFRAME. Los hilos de PEAD (polietileno de alta densidad) distribuidos en el cintur\u00f3n y las perneras aportan un reparto \u00f3ptimo de la carga sin tener que recurrir a los acolchados. La extrema ligereza y confort har\u00e1n que te olvides de que llevas puesto el arn\u00e9s.<br \/>\n&#8211; Compacidad muy grande para liberar espacio en la mochila.<br \/>\n&#8211; Perneras el\u00e1sticas permanentemente ajustadas y gran flexibilidad de la uni\u00f3n perneras-puente de uni\u00f3n que proporcionan una total libertad de movimiento.<br \/>\n&#8211; Cintur\u00f3n equipado con una hebilla DOUBLEBACK HD, de aluminio forjado, con una buena prensi\u00f3n y un deslizamiento fluido de la cinta de ce\u00f1ido para una regulaci\u00f3n f\u00e1cil y r\u00e1pida.<\/li>\n<li>Capacidad de llevar una gran cantidad de material:<br \/>\n&#8211; Dos anillos portamaterial muy grandes, delanteros, r\u00edgidos para transportar mucho material y facilitar el mosquetoneo y desmosquetoneo de las herramientas. Los separadores m\u00f3viles optimizan el transporte y el acceso r\u00e1pido a las cintas expr\u00e9s, empotradores&#8230;<br \/>\n&#8211; Dos anillos portamaterial, traseros, flexibles que permiten llevar el material hacia delante, compatibles con llevar la mochila puesta.<br \/>\n&#8211; Dos trabillas para los portaherramientas CARITOOL.<br \/>\n&#8211; Un anillo posterior para una cuerda de izado o para guardar el material de reuni\u00f3n.<\/li>\n<li>Durabilidad reforzada:<br \/>\n&#8211; La construcci\u00f3n adherida del cintur\u00f3n evita los puntos de presi\u00f3n y ofrece una resistencia \u00f3ptima al desgaste.<br \/>\n&#8211; La ausencia de costuras que atraviesan suprime los puntos de compresi\u00f3n y las zonas de rozamiento en el cintur\u00f3n.<br \/>\n&#8211; Tejido exterior robusto, resistente a la abrasi\u00f3n.<br \/>\n&#8211; Puntos de encordamiento reforzados de polietileno de alta densidad (PEAD) para obtener m\u00e1s resistencia al desgaste por roce de la cuerda.<\/li>\n<\/ul>\n<\/div>\n<h3>Caracter\u00edsticas<\/h3>\n<div class=\"list\">\n<ul>\n<li>Materiales: poliamida, poli\u00e9ster, EVA, poliuretano, aluminio y polietileno de alta densidad<\/li>\n<li>Certificaciones: CE EN 12277 type C, UKCA, UIAA<\/li>\n<li>El arn\u00e9s se sirve en una bolsa de transporte y de protecci\u00f3n<\/li>\n<\/ul>\n<\/div>","protected":false},"excerpt":{"rendered":"<p>Arn\u00e9s para escalada y alpinismo de alta gama.<\/p>","protected":false},"featured_media":6712,"comment_status":"open","ping_status":"closed","template":"","meta":{"_acf_changed":false,"_uag_custom_page_level_css":"","site-sidebar-layout":"default","site-content-layout":"default","ast-site-content-layout":"default","site-content-style":"default","site-sidebar-style":"default","ast-global-header-display":"","ast-banner-title-visibility":"","ast-main-header-display":"","ast-hfb-above-header-display":"","ast-hfb-below-header-display":"","ast-hfb-mobile-header-display":"","site-post-title":"","ast-breadcrumbs-content":"","ast-featured-img":"","footer-sml-layout":"","theme-transparent-header-meta":"default","adv-header-id-meta":"","stick-header-meta":"","header-above-stick-meta":"","header-main-stick-meta":"","header-below-stick-meta":"","astra-migrate-meta-layouts":"set","ast-page-background-enabled":"default","ast-page-background-meta":{"desktop":{"background-color":"var(--ast-global-color-4)","background-image":"","background-repeat":"repeat","background-position":"center center","background-size":"auto","background-attachment":"scroll","background-type":"","background-media":"","overlay-type":"","overlay-color":"","overlay-opacity":"","overlay-gradient":""},"tablet":{"background-color":"","background-image":"","background-repeat":"repeat","background-position":"center center","background-size":"auto","background-attachment":"scroll","background-type":"","background-media":"","overlay-type":"","overlay-color":"","overlay-opacity":"","overlay-gradient":""},"mobile":{"background-color":"","background-image":"","background-repeat":"repeat","background-position":"center center","background-size":"auto","background-attachment":"scroll","background-type":"","background-media":"","overlay-type":"","overlay-color":"","overlay-opacity":"","overlay-gradient":""}},"ast-content-background-meta":{"desktop":{"background-color":"var(--ast-global-color-5)","background-image":"","background-repeat":"repeat","background-position":"center center","background-size":"auto","background-attachment":"scroll","background-type":"","background-media":"","overlay-type":"","overlay-color":"","overlay-opacity":"","overlay-gradient":""},"tablet":{"background-color":"var(--ast-global-color-5)","background-image":"","background-repeat":"repeat","background-position":"center center","background-size":"auto","background-attachment":"scroll","background-type":"","background-media":"","overlay-type":"","overlay-color":"","overlay-opacity":"","overlay-gradient":""},"mobile":{"background-color":"var(--ast-global-color-5)","background-image":"","background-repeat":"repeat","background-position":"center center","background-size":"auto","background-attachment":"scroll","background-type":"","background-media":"","overlay-type":"","overlay-color":"","overlay-opacity":"","overlay-gradient":""}}},"product_brand":[],"product_cat":[132,115,116],"product_tag":[],"class_list":{"0":"post-6384","1":"product","2":"type-product","3":"status-publish","4":"has-post-thumbnail","6":"product_cat-petzl-sport","7":"product_cat-sport","8":"product_cat-arneses-sport","9":"desktop-align-center","10":"tablet-align-left","11":"mobile-align-center","13":"first","14":"instock","15":"shipping-taxable","16":"purchasable","17":"product-type-simple"},"aioseo_notices":[],"acf":[],"uagb_featured_image_src":{"full":["https:\/\/climbingstore.mx\/wp-content\/uploads\/2023\/03\/3002-ARDPZ-C10AO-M-SITTA.jpg",1000,1000,false],"thumbnail":["https:\/\/climbingstore.mx\/wp-content\/uploads\/2023\/03\/3002-ARDPZ-C10AO-M-SITTA-150x150.jpg",150,150,true],"medium":["https:\/\/climbingstore.mx\/wp-content\/uploads\/2023\/03\/3002-ARDPZ-C10AO-M-SITTA-300x300.jpg",300,300,true],"medium_large":["https:\/\/climbingstore.mx\/wp-content\/uploads\/2023\/03\/3002-ARDPZ-C10AO-M-SITTA-768x768.jpg",768,768,true],"large":["https:\/\/climbingstore.mx\/wp-content\/uploads\/2023\/03\/3002-ARDPZ-C10AO-M-SITTA.jpg",1000,1000,false],"1536x1536":["https:\/\/climbingstore.mx\/wp-content\/uploads\/2023\/03\/3002-ARDPZ-C10AO-M-SITTA.jpg",1000,1000,false],"2048x2048":["https:\/\/climbingstore.mx\/wp-content\/uploads\/2023\/03\/3002-ARDPZ-C10AO-M-SITTA.jpg",1000,1000,false],"trp-custom-language-flag":["https:\/\/climbingstore.mx\/wp-content\/uploads\/2023\/03\/3002-ARDPZ-C10AO-M-SITTA-12x12.jpg",12,12,true],"woocommerce_thumbnail":["https:\/\/climbingstore.mx\/wp-content\/uploads\/2023\/03\/3002-ARDPZ-C10AO-M-SITTA-600x600.jpg",600,600,true],"woocommerce_single":["https:\/\/climbingstore.mx\/wp-content\/uploads\/2023\/03\/3002-ARDPZ-C10AO-M-SITTA.jpg",1000,1000,false],"woocommerce_gallery_thumbnail":["https:\/\/climbingstore.mx\/wp-content\/uploads\/2023\/03\/3002-ARDPZ-C10AO-M-SITTA-100x100.jpg",100,100,true]},"uagb_author_info":{"display_name":"Juanita Castillo","author_link":"https:\/\/climbingstore.mx\/en\/author\/"},"uagb_comment_info":0,"uagb_excerpt":"Arn\u00e9s para escalada y alpinismo de alta gama.","_links":{"self":[{"href":"https:\/\/climbingstore.mx\/en\/wp-json\/wp\/v2\/product\/6384","targetHints":{"allow":["GET"]}}],"collection":[{"href":"https:\/\/climbingstore.mx\/en\/wp-json\/wp\/v2\/product"}],"about":[{"href":"https:\/\/climbingstore.mx\/en\/wp-json\/wp\/v2\/types\/product"}],"replies":[{"embeddable":true,"href":"https:\/\/climbingstore.mx\/en\/wp-json\/wp\/v2\/comments?post=6384"}],"wp:featuredmedia":[{"embeddable":true,"href":"https:\/\/climbingstore.mx\/en\/wp-json\/wp\/v2\/media\/6712"}],"wp:attachment":[{"href":"https:\/\/climbingstore.mx\/en\/wp-json\/wp\/v2\/media?parent=6384"}],"wp:term":[{"taxonomy":"product_brand","embeddable":true,"href":"https:\/\/climbingstore.mx\/en\/wp-json\/wp\/v2\/product_brand?post=6384"},{"taxonomy":"product_cat","embeddable":true,"href":"https:\/\/climbingstore.mx\/en\/wp-json\/wp\/v2\/product_cat?post=6384"},{"taxonomy":"product_tag","embeddable":true,"href":"https:\/\/climbingstore.mx\/en\/wp-json\/wp\/v2\/product_tag?post=6384"}],"curies":[{"name":"wp","href":"https:\/\/api.w.org\/{rel}","templated":true}]}}