{"id":6376,"date":"2023-03-30T14:16:02","date_gmt":"2023-03-30T20:16:02","guid":{"rendered":"https:\/\/climbingstore.mx\/?post_type=product&#038;p=6376"},"modified":"2025-05-08T13:37:23","modified_gmt":"2025-05-08T19:37:23","slug":"podium","status":"publish","type":"product","link":"https:\/\/climbingstore.mx\/en\/product\/podium\/","title":{"rendered":"PODIUM"},"content":{"rendered":"<p>El asiento PODIUM proporciona una comodidad \u00f3ptima durante las suspensiones prolongadas. El asiento ancho ofrece una excelente estabilidad. Los rebordes r\u00edgidos evitan que las cintas de suspensi\u00f3n compriman los muslos. F\u00e1cil de utilizar, el asiento dispone de dos anillos portamaterial y de un gancho posterior que permite guardarlo y facilitar los desplazamientos. Se conecta a los arneses ASTRO BOD FAST y ASTRO SIT FAST gracias a dos grilletes (<a title=\"Grilletes\" href=\"https:\/\/climbingstore.mx\/en\/product\/grilletes\/\" target=\"_blank\" rel=\"noopener\">C087AA00<\/a>).<\/p>\n<h6>Descripci\u00f3n<\/h6>\n<div class=\"list\">\n<ul>\n<li>Proporciona una excelente comodidad durante las suspensiones prolongadas:<br \/>\n&#8211; Asiento ancho que ofrece una estabilidad excelente.<br \/>\n&#8211; Rebordes r\u00edgidos para evitar que las cintas de suspensi\u00f3n compriman los muslos.<\/li>\n<li>F\u00e1cil de utilizar:<br \/>\n&#8211; Cintas de suspensi\u00f3n regulables mediante hebillas autobloqueantes DOUBLEBACK.<br \/>\n&#8211; Dos anillos portamaterial preformados con funda de protecci\u00f3n.<br \/>\n&#8211; Gancho posterior que permite posicionar f\u00e1cilmente el asiento en la espalda, cuando no se est\u00e1 suspendido.<\/li>\n<\/ul>\n<h6>Caracter\u00edsticas<\/h6>\n<div class=\"list\">\n<ul>\n<li>Peso: 1060 g<\/li>\n<\/ul>\n<\/div>\n<\/div>\n<div class=\"list\">\n<div class=\"titleLink\">\n<h6>Informaci\u00f3n t\u00e9cnica<\/h6>\n<p class=\"titleLink\">Ficha t\u00e9cnica<\/p>\n<ul class=\"noticeList inlineblock\">\n<li><a href=\"https:\/\/www.petzl.com\/sfc\/servlet.shepherd\/version\/download\/0681r0000078fGqAAI\"><span class=\"weightIndication inlineblock\">Descargar el pdf : technical-notice-PODIUM-2 &#8211; 0.73 MB<\/span><\/a><\/li>\n<\/ul>\n<p class=\"inlineblock\">Consejos para el mantenimiento de tus equipos: <a href=\"https:\/\/www.petzl.com\/sfc\/servlet.shepherd\/version\/download\/068Tx0000039ttDIAQ\"><span class=\"weightIndication inlineblock\">Descargar el pdf &#8211; 3.05 MB<\/span><\/a><\/p>\n<\/div>\n<h6>Productos complementarios<\/h6>\n<div class=\"associatedProductsContainer\">\n<div class=\"associatedProduct inlineblock\"><a class=\"inlineblock verticalProduct\" href=\"https:\/\/www.petzl.com\/ES\/es\/Profesional\/Arneses\/Grilletes\"><span class=\"productImage\"><img decoding=\"async\" title=\"Grilletes\" src=\"https:\/\/www.petzl.com\/sfc\/servlet.shepherd\/version\/download\/068w0000004mgogAAA\" alt=\"Grilletes\" \/><\/span><\/a><\/div>\n<p class=\"associatedProduct inlineblock\"><a class=\"inlineblock verticalProduct\" href=\"https:\/\/www.petzl.com\/ES\/es\/Profesional\/Arneses\/Grilletes\"><span class=\"productTitle\">Grilletes<\/span><span class=\"productDescription\">Grilletes que permiten conectar un asiento (pack de 2)<\/span><\/a><\/p>\n<\/div>\n<\/div>","protected":false},"excerpt":{"rendered":"<p>Asiento para suspensi\u00f3n prolongada.<\/p>","protected":false},"featured_media":7240,"comment_status":"open","ping_status":"closed","template":"","meta":{"_acf_changed":false,"_uag_custom_page_level_css":"","site-sidebar-layout":"default","site-content-layout":"default","ast-site-content-layout":"default","site-content-style":"default","site-sidebar-style":"default","ast-global-header-display":"","ast-banner-title-visibility":"","ast-main-header-display":"","ast-hfb-above-header-display":"","ast-hfb-below-header-display":"","ast-hfb-mobile-header-display":"","site-post-title":"","ast-breadcrumbs-content":"","ast-featured-img":"","footer-sml-layout":"","theme-transparent-header-meta":"default","adv-header-id-meta":"","stick-header-meta":"","header-above-stick-meta":"","header-main-stick-meta":"","header-below-stick-meta":"","astra-migrate-meta-layouts":"set","ast-page-background-enabled":"default","ast-page-background-meta":{"desktop":{"background-color":"var(--ast-global-color-4)","background-image":"","background-repeat":"repeat","background-position":"center center","background-size":"auto","background-attachment":"scroll","background-type":"","background-media":"","overlay-type":"","overlay-color":"","overlay-opacity":"","overlay-gradient":""},"tablet":{"background-color":"","background-image":"","background-repeat":"repeat","background-position":"center center","background-size":"auto","background-attachment":"scroll","background-type":"","background-media":"","overlay-type":"","overlay-color":"","overlay-opacity":"","overlay-gradient":""},"mobile":{"background-color":"","background-image":"","background-repeat":"repeat","background-position":"center center","background-size":"auto","background-attachment":"scroll","background-type":"","background-media":"","overlay-type":"","overlay-color":"","overlay-opacity":"","overlay-gradient":""}},"ast-content-background-meta":{"desktop":{"background-color":"var(--ast-global-color-5)","background-image":"","background-repeat":"repeat","background-position":"center center","background-size":"auto","background-attachment":"scroll","background-type":"","background-media":"","overlay-type":"","overlay-color":"","overlay-opacity":"","overlay-gradient":""},"tablet":{"background-color":"var(--ast-global-color-5)","background-image":"","background-repeat":"repeat","background-position":"center center","background-size":"auto","background-attachment":"scroll","background-type":"","background-media":"","overlay-type":"","overlay-color":"","overlay-opacity":"","overlay-gradient":""},"mobile":{"background-color":"var(--ast-global-color-5)","background-image":"","background-repeat":"repeat","background-position":"center center","background-size":"auto","background-attachment":"scroll","background-type":"","background-media":"","overlay-type":"","overlay-color":"","overlay-opacity":"","overlay-gradient":""}}},"product_brand":[],"product_cat":[118,53,54],"product_tag":[],"class_list":{"0":"post-6376","1":"product","2":"type-product","3":"status-publish","4":"has-post-thumbnail","6":"product_cat-petzl-pro","7":"product_cat-trabajo","8":"product_cat-arneses-trabajo","9":"desktop-align-center","10":"tablet-align-left","11":"mobile-align-center","13":"first","14":"instock","15":"shipping-taxable","16":"purchasable","17":"product-type-simple"},"aioseo_notices":[],"acf":[],"uagb_featured_image_src":{"full":["https:\/\/climbingstore.mx\/wp-content\/uploads\/2023\/03\/petzl-s071aa00-podium-asiento-de-suspension-climbing-store.jpg",1000,1000,false],"thumbnail":["https:\/\/climbingstore.mx\/wp-content\/uploads\/2023\/03\/petzl-s071aa00-podium-asiento-de-suspension-climbing-store-150x150.jpg",150,150,true],"medium":["https:\/\/climbingstore.mx\/wp-content\/uploads\/2023\/03\/petzl-s071aa00-podium-asiento-de-suspension-climbing-store-300x300.jpg",300,300,true],"medium_large":["https:\/\/climbingstore.mx\/wp-content\/uploads\/2023\/03\/petzl-s071aa00-podium-asiento-de-suspension-climbing-store-768x768.jpg",768,768,true],"large":["https:\/\/climbingstore.mx\/wp-content\/uploads\/2023\/03\/petzl-s071aa00-podium-asiento-de-suspension-climbing-store.jpg",1000,1000,false],"1536x1536":["https:\/\/climbingstore.mx\/wp-content\/uploads\/2023\/03\/petzl-s071aa00-podium-asiento-de-suspension-climbing-store.jpg",1000,1000,false],"2048x2048":["https:\/\/climbingstore.mx\/wp-content\/uploads\/2023\/03\/petzl-s071aa00-podium-asiento-de-suspension-climbing-store.jpg",1000,1000,false],"trp-custom-language-flag":["https:\/\/climbingstore.mx\/wp-content\/uploads\/2023\/03\/petzl-s071aa00-podium-asiento-de-suspension-climbing-store-12x12.jpg",12,12,true],"woocommerce_thumbnail":["https:\/\/climbingstore.mx\/wp-content\/uploads\/2023\/03\/petzl-s071aa00-podium-asiento-de-suspension-climbing-store-600x600.jpg",600,600,true],"woocommerce_single":["https:\/\/climbingstore.mx\/wp-content\/uploads\/2023\/03\/petzl-s071aa00-podium-asiento-de-suspension-climbing-store.jpg",1000,1000,false],"woocommerce_gallery_thumbnail":["https:\/\/climbingstore.mx\/wp-content\/uploads\/2023\/03\/petzl-s071aa00-podium-asiento-de-suspension-climbing-store-100x100.jpg",100,100,true]},"uagb_author_info":{"display_name":"Juanita Castillo","author_link":"https:\/\/climbingstore.mx\/en\/author\/"},"uagb_comment_info":0,"uagb_excerpt":"Asiento para suspensi\u00f3n prolongada.","_links":{"self":[{"href":"https:\/\/climbingstore.mx\/en\/wp-json\/wp\/v2\/product\/6376","targetHints":{"allow":["GET"]}}],"collection":[{"href":"https:\/\/climbingstore.mx\/en\/wp-json\/wp\/v2\/product"}],"about":[{"href":"https:\/\/climbingstore.mx\/en\/wp-json\/wp\/v2\/types\/product"}],"replies":[{"embeddable":true,"href":"https:\/\/climbingstore.mx\/en\/wp-json\/wp\/v2\/comments?post=6376"}],"wp:featuredmedia":[{"embeddable":true,"href":"https:\/\/climbingstore.mx\/en\/wp-json\/wp\/v2\/media\/7240"}],"wp:attachment":[{"href":"https:\/\/climbingstore.mx\/en\/wp-json\/wp\/v2\/media?parent=6376"}],"wp:term":[{"taxonomy":"product_brand","embeddable":true,"href":"https:\/\/climbingstore.mx\/en\/wp-json\/wp\/v2\/product_brand?post=6376"},{"taxonomy":"product_cat","embeddable":true,"href":"https:\/\/climbingstore.mx\/en\/wp-json\/wp\/v2\/product_cat?post=6376"},{"taxonomy":"product_tag","embeddable":true,"href":"https:\/\/climbingstore.mx\/en\/wp-json\/wp\/v2\/product_tag?post=6376"}],"curies":[{"name":"wp","href":"https:\/\/api.w.org\/{rel}","templated":true}]}}