{"id":6374,"date":"2023-03-30T13:45:17","date_gmt":"2023-03-30T19:45:17","guid":{"rendered":"https:\/\/climbingstore.mx\/?post_type=product&#038;p=6374"},"modified":"2024-04-18T09:56:14","modified_gmt":"2024-04-18T15:56:14","slug":"elite","status":"publish","type":"product","link":"https:\/\/climbingstore.mx\/en\/product\/elite\/","title":{"rendered":"e+LITE\u00ae"},"content":{"rendered":"<p>Ultraligera y muy compacta, la linterna frontal de emergencia e+LITE es perfecta para llevar siempre encima. Gracias a su estuche de transporte, siempre est\u00e1 lista para ser utilizada, puede guardarse durante diez a\u00f1os con las pilas, en una mochila, una chaqueta, un botiqu\u00edn de emergencia o como segunda linterna de emergencia. Su iluminaci\u00f3n puede ser fija con 40 l\u00famenes o intermitente, de color blanco o rojo para ser visto. El silbato integrado en la cinta el\u00e1stica permite llamar la atenci\u00f3n en caso de emergencia. Con 26 gramos solamente, la e+LITE es id\u00f3nea como linterna de emergencia.<\/p>\n<h3>Descripci\u00f3n<\/h3>\n<div class=\"list\">\n<ul>\n<li>Linterna de emergencia ultracompacta y ultraligera para llevar siempre encima.<\/li>\n<li>Lista para utilizarse en cualquier momento: la linterna puede guardarse durante 10 a\u00f1os con sus dos pilas (CR 2032 de litio).<\/li>\n<li>Iluminaci\u00f3n blanca que permite desplazarse f\u00e1cilmente en la oscuridad.<\/li>\n<li>En situaciones de emergencia, el potente led rojo permite ser visto desde lejos y durante mucho tiempo.<\/li>\n<li>Dise\u00f1ada para evitar el encendido intempestivo, el interruptor dispone de una posici\u00f3n de bloqueo.<\/li>\n<li>Resistente a temperaturas extremas de -30\u00b0 C a +60\u00b0 C.<\/li>\n<li>Estanca hasta -1 metro durante 30 minutos (IPX7).<\/li>\n<\/ul>\n<\/div>\n<h3>Caracter\u00edsticas<\/h3>\n<div class=\"list\">\n<ul>\n<li>Potencia: 40 l\u00famenes (ANSI\/PLATO FL 1)<\/li>\n<li>Peso: 26 g<\/li>\n<li>Tipo de haz luminoso: amplio<\/li>\n<li>Alimentaci\u00f3n: 2 pilas litio CR2032 (incluidas)<\/li>\n<li>Estanqueidad: IPX7 (estanca hasta -1 metro de profundidad durante 30 minutos)<\/li>\n<li>Certificaciones: CE, UKCA<\/li>\n<\/ul>\n<\/div>","protected":false},"excerpt":{"rendered":"<p>Linterna frontal de emergencia ultracompacta. 40 l\u00famenes.<\/p>","protected":false},"featured_media":6709,"comment_status":"open","ping_status":"closed","template":"","meta":{"_acf_changed":false,"_uag_custom_page_level_css":"","site-sidebar-layout":"default","site-content-layout":"default","ast-site-content-layout":"default","site-content-style":"default","site-sidebar-style":"default","ast-global-header-display":"","ast-banner-title-visibility":"","ast-main-header-display":"","ast-hfb-above-header-display":"","ast-hfb-below-header-display":"","ast-hfb-mobile-header-display":"","site-post-title":"","ast-breadcrumbs-content":"","ast-featured-img":"","footer-sml-layout":"","theme-transparent-header-meta":"default","adv-header-id-meta":"","stick-header-meta":"","header-above-stick-meta":"","header-main-stick-meta":"","header-below-stick-meta":"","astra-migrate-meta-layouts":"set","ast-page-background-enabled":"default","ast-page-background-meta":{"desktop":{"background-color":"var(--ast-global-color-4)","background-image":"","background-repeat":"repeat","background-position":"center center","background-size":"auto","background-attachment":"scroll","background-type":"","background-media":"","overlay-type":"","overlay-color":"","overlay-opacity":"","overlay-gradient":""},"tablet":{"background-color":"","background-image":"","background-repeat":"repeat","background-position":"center center","background-size":"auto","background-attachment":"scroll","background-type":"","background-media":"","overlay-type":"","overlay-color":"","overlay-opacity":"","overlay-gradient":""},"mobile":{"background-color":"","background-image":"","background-repeat":"repeat","background-position":"center center","background-size":"auto","background-attachment":"scroll","background-type":"","background-media":"","overlay-type":"","overlay-color":"","overlay-opacity":"","overlay-gradient":""}},"ast-content-background-meta":{"desktop":{"background-color":"var(--ast-global-color-5)","background-image":"","background-repeat":"repeat","background-position":"center center","background-size":"auto","background-attachment":"scroll","background-type":"","background-media":"","overlay-type":"","overlay-color":"","overlay-opacity":"","overlay-gradient":""},"tablet":{"background-color":"var(--ast-global-color-5)","background-image":"","background-repeat":"repeat","background-position":"center center","background-size":"auto","background-attachment":"scroll","background-type":"","background-media":"","overlay-type":"","overlay-color":"","overlay-opacity":"","overlay-gradient":""},"mobile":{"background-color":"var(--ast-global-color-5)","background-image":"","background-repeat":"repeat","background-position":"center center","background-size":"auto","background-attachment":"scroll","background-type":"","background-media":"","overlay-type":"","overlay-color":"","overlay-opacity":"","overlay-gradient":""}}},"product_brand":[],"product_cat":[118,53,131],"product_tag":[],"class_list":{"0":"post-6374","1":"product","2":"type-product","3":"status-publish","4":"has-post-thumbnail","6":"product_cat-petzl-pro","7":"product_cat-trabajo","8":"product_cat-lamparas-trabajo","9":"desktop-align-center","10":"tablet-align-left","11":"mobile-align-center","13":"first","14":"instock","15":"shipping-taxable","16":"purchasable","17":"product-type-simple"},"aioseo_notices":[],"acf":[],"uagb_featured_image_src":{"full":["https:\/\/climbingstore.mx\/wp-content\/uploads\/2023\/03\/2511-LPPZ-E02-P4-eLITE.jpg",1000,1000,false],"thumbnail":["https:\/\/climbingstore.mx\/wp-content\/uploads\/2023\/03\/2511-LPPZ-E02-P4-eLITE-150x150.jpg",150,150,true],"medium":["https:\/\/climbingstore.mx\/wp-content\/uploads\/2023\/03\/2511-LPPZ-E02-P4-eLITE-300x300.jpg",300,300,true],"medium_large":["https:\/\/climbingstore.mx\/wp-content\/uploads\/2023\/03\/2511-LPPZ-E02-P4-eLITE-768x768.jpg",768,768,true],"large":["https:\/\/climbingstore.mx\/wp-content\/uploads\/2023\/03\/2511-LPPZ-E02-P4-eLITE.jpg",1000,1000,false],"1536x1536":["https:\/\/climbingstore.mx\/wp-content\/uploads\/2023\/03\/2511-LPPZ-E02-P4-eLITE.jpg",1000,1000,false],"2048x2048":["https:\/\/climbingstore.mx\/wp-content\/uploads\/2023\/03\/2511-LPPZ-E02-P4-eLITE.jpg",1000,1000,false],"trp-custom-language-flag":["https:\/\/climbingstore.mx\/wp-content\/uploads\/2023\/03\/2511-LPPZ-E02-P4-eLITE-12x12.jpg",12,12,true],"woocommerce_thumbnail":["https:\/\/climbingstore.mx\/wp-content\/uploads\/2023\/03\/2511-LPPZ-E02-P4-eLITE-600x600.jpg",600,600,true],"woocommerce_single":["https:\/\/climbingstore.mx\/wp-content\/uploads\/2023\/03\/2511-LPPZ-E02-P4-eLITE.jpg",1000,1000,false],"woocommerce_gallery_thumbnail":["https:\/\/climbingstore.mx\/wp-content\/uploads\/2023\/03\/2511-LPPZ-E02-P4-eLITE-100x100.jpg",100,100,true]},"uagb_author_info":{"display_name":"Juanita Castillo","author_link":"https:\/\/climbingstore.mx\/en\/author\/"},"uagb_comment_info":0,"uagb_excerpt":"Linterna frontal de emergencia ultracompacta. 40 l\u00famenes.","_links":{"self":[{"href":"https:\/\/climbingstore.mx\/en\/wp-json\/wp\/v2\/product\/6374","targetHints":{"allow":["GET"]}}],"collection":[{"href":"https:\/\/climbingstore.mx\/en\/wp-json\/wp\/v2\/product"}],"about":[{"href":"https:\/\/climbingstore.mx\/en\/wp-json\/wp\/v2\/types\/product"}],"replies":[{"embeddable":true,"href":"https:\/\/climbingstore.mx\/en\/wp-json\/wp\/v2\/comments?post=6374"}],"wp:featuredmedia":[{"embeddable":true,"href":"https:\/\/climbingstore.mx\/en\/wp-json\/wp\/v2\/media\/6709"}],"wp:attachment":[{"href":"https:\/\/climbingstore.mx\/en\/wp-json\/wp\/v2\/media?parent=6374"}],"wp:term":[{"taxonomy":"product_brand","embeddable":true,"href":"https:\/\/climbingstore.mx\/en\/wp-json\/wp\/v2\/product_brand?post=6374"},{"taxonomy":"product_cat","embeddable":true,"href":"https:\/\/climbingstore.mx\/en\/wp-json\/wp\/v2\/product_cat?post=6374"},{"taxonomy":"product_tag","embeddable":true,"href":"https:\/\/climbingstore.mx\/en\/wp-json\/wp\/v2\/product_tag?post=6374"}],"curies":[{"name":"wp","href":"https:\/\/api.w.org\/{rel}","templated":true}]}}