{"id":6370,"date":"2023-03-30T13:31:52","date_gmt":"2023-03-30T19:31:52","guid":{"rendered":"https:\/\/climbingstore.mx\/?post_type=product&#038;p=6370"},"modified":"2024-04-18T09:57:53","modified_gmt":"2024-04-18T15:57:53","slug":"pixa-2","status":"publish","type":"product","link":"https:\/\/climbingstore.mx\/en\/product\/pixa-2\/","title":{"rendered":"PIXA\u00ae 2"},"content":{"rendered":"<p>La linterna frontal PIXA 2 es una linterna robusta que ofrece una iluminaci\u00f3n que permite trabajar c\u00f3modamente al alcance de la mano y desplazarse con total seguridad. Tecnolog\u00eda de iluminaci\u00f3n CONSTANT LIGHTING: los rendimientos de la iluminaci\u00f3n no disminuyen a medida que se descargan las pilas. Responde a las exigencias de la certificaci\u00f3n ATEX zona 2\/22 (II 3 GD Ex nA ic IIB T4 Gc tc IIIC T135\u00b0C Dc) para el trabajo en una atm\u00f3sfera expuesta al riesgo de explosi\u00f3n.<\/p>\n<h3>Descripci\u00f3n<\/h3>\n<div class=\"list\">\n<ul>\n<li>Linterna frontal que permite tener las manos libres para trabajar, y que se puede llevar:<br \/>\n&#8211; En la cabeza con la cinta.<br \/>\n&#8211; Fijada a un casco mediante la pletina (incluida).<br \/>\n&#8211; Colocada en el suelo.<\/li>\n<li>Linterna con tecnolog\u00eda de iluminaci\u00f3n CONSTANT LIGHTING, que garantiza rendimientos de la iluminaci\u00f3n que no disminuyen a medida que las pilas se van descargando.<\/li>\n<li>Varios modos de iluminaci\u00f3n adecuados a cada situaci\u00f3n:<br \/>\n&#8211; Modo flojo para los trabajos al alcance de la mano: haz luminoso mixto con una base amplia y homog\u00e9nea.<br \/>\n&#8211; Modo fuerte para los desplazamientos: haz luminoso mixto que ofrece un componente focalizado que permite desplazarse c\u00f3modamente.<\/li>\n<li>Iluminaci\u00f3n profesional fiable, pr\u00e1ctica y duradera:<br \/>\n&#8211; Paso autom\u00e1tico a modo de reserva cuando las pilas est\u00e1n casi descargadas (se\u00f1alado por destellos de la iluminaci\u00f3n).<br \/>\n&#8211; Bot\u00f3n rotativo ergon\u00f3mico que puede accionarse incluso con guantes.<br \/>\n&#8211; Posici\u00f3n de almacenamiento que permite proteger el vidrio de la linterna y evitar encendidos intempestivos.<br \/>\n&#8211; Puede utilizarse en atm\u00f3sferas explosivas con riesgo espor\u00e1dico.<br \/>\n&#8211; Excelente resistencia a las ca\u00eddas (2 m), a los golpes y al aplastamiento (80 kg).<br \/>\n&#8211; Cinta el\u00e1stica c\u00f3moda y lavable.<br \/>\n&#8211; Resiste a los productos qu\u00edmicos.<\/li>\n<li>Linterna certificada ATEX zona 2\/22 (II 3 GD Ex nA ic IIB T4 Gc tc IIIC T135\u00b0C Dc).<\/li>\n<\/ul>\n<\/div>\n<h3>Caracter\u00edsticas<\/h3>\n<div class=\"list\">\n<ul>\n<li>Peso: 160 g<\/li>\n<li>Tecnolog\u00eda: CONSTANT LIGHTING<\/li>\n<li>Tipo de haz luminoso: mixto<\/li>\n<li>Alimentaci\u00f3n: 2 pilas AA\/LR06 (incluidas)<\/li>\n<li>Compatibilidad de las pilas: recargables de Ni-MH y pilas de litio<\/li>\n<li>Estanqueidad: IP67 (estanca hasta -1 metro durante 30 minutos, no requiere mantenimiento despu\u00e9s de la inmersi\u00f3n)<\/li>\n<\/ul>\n<\/div>","protected":false},"excerpt":{"rendered":"<p>Linterna frontal que permite evolucionar en atm\u00f3sferas explosivas ATEX, adecuada para la visi\u00f3n de cerca y los desplazamientos. 80 l\u00famenes.<\/p>","protected":false},"featured_media":6707,"comment_status":"open","ping_status":"closed","template":"","meta":{"_acf_changed":false,"_uag_custom_page_level_css":"","site-sidebar-layout":"default","site-content-layout":"default","ast-site-content-layout":"default","site-content-style":"default","site-sidebar-style":"default","ast-global-header-display":"","ast-banner-title-visibility":"","ast-main-header-display":"","ast-hfb-above-header-display":"","ast-hfb-below-header-display":"","ast-hfb-mobile-header-display":"","site-post-title":"","ast-breadcrumbs-content":"","ast-featured-img":"","footer-sml-layout":"","theme-transparent-header-meta":"default","adv-header-id-meta":"","stick-header-meta":"","header-above-stick-meta":"","header-main-stick-meta":"","header-below-stick-meta":"","astra-migrate-meta-layouts":"set","ast-page-background-enabled":"default","ast-page-background-meta":{"desktop":{"background-color":"var(--ast-global-color-4)","background-image":"","background-repeat":"repeat","background-position":"center center","background-size":"auto","background-attachment":"scroll","background-type":"","background-media":"","overlay-type":"","overlay-color":"","overlay-opacity":"","overlay-gradient":""},"tablet":{"background-color":"","background-image":"","background-repeat":"repeat","background-position":"center center","background-size":"auto","background-attachment":"scroll","background-type":"","background-media":"","overlay-type":"","overlay-color":"","overlay-opacity":"","overlay-gradient":""},"mobile":{"background-color":"","background-image":"","background-repeat":"repeat","background-position":"center center","background-size":"auto","background-attachment":"scroll","background-type":"","background-media":"","overlay-type":"","overlay-color":"","overlay-opacity":"","overlay-gradient":""}},"ast-content-background-meta":{"desktop":{"background-color":"var(--ast-global-color-5)","background-image":"","background-repeat":"repeat","background-position":"center center","background-size":"auto","background-attachment":"scroll","background-type":"","background-media":"","overlay-type":"","overlay-color":"","overlay-opacity":"","overlay-gradient":""},"tablet":{"background-color":"var(--ast-global-color-5)","background-image":"","background-repeat":"repeat","background-position":"center center","background-size":"auto","background-attachment":"scroll","background-type":"","background-media":"","overlay-type":"","overlay-color":"","overlay-opacity":"","overlay-gradient":""},"mobile":{"background-color":"var(--ast-global-color-5)","background-image":"","background-repeat":"repeat","background-position":"center center","background-size":"auto","background-attachment":"scroll","background-type":"","background-media":"","overlay-type":"","overlay-color":"","overlay-opacity":"","overlay-gradient":""}}},"product_brand":[],"product_cat":[118,53,131],"product_tag":[],"class_list":{"0":"post-6370","1":"product","2":"type-product","3":"status-publish","4":"has-post-thumbnail","6":"product_cat-petzl-pro","7":"product_cat-trabajo","8":"product_cat-lamparas-trabajo","9":"desktop-align-center","10":"tablet-align-left","11":"mobile-align-center","13":"first","14":"instock","15":"shipping-taxable","16":"purchasable","17":"product-type-simple"},"aioseo_notices":[],"acf":[],"uagb_featured_image_src":{"full":["https:\/\/climbingstore.mx\/wp-content\/uploads\/2023\/03\/2509-LPPZ-E78BHB-2-PIXA-2.jpg",1000,1000,false],"thumbnail":["https:\/\/climbingstore.mx\/wp-content\/uploads\/2023\/03\/2509-LPPZ-E78BHB-2-PIXA-2-150x150.jpg",150,150,true],"medium":["https:\/\/climbingstore.mx\/wp-content\/uploads\/2023\/03\/2509-LPPZ-E78BHB-2-PIXA-2-300x300.jpg",300,300,true],"medium_large":["https:\/\/climbingstore.mx\/wp-content\/uploads\/2023\/03\/2509-LPPZ-E78BHB-2-PIXA-2-768x768.jpg",768,768,true],"large":["https:\/\/climbingstore.mx\/wp-content\/uploads\/2023\/03\/2509-LPPZ-E78BHB-2-PIXA-2.jpg",1000,1000,false],"1536x1536":["https:\/\/climbingstore.mx\/wp-content\/uploads\/2023\/03\/2509-LPPZ-E78BHB-2-PIXA-2.jpg",1000,1000,false],"2048x2048":["https:\/\/climbingstore.mx\/wp-content\/uploads\/2023\/03\/2509-LPPZ-E78BHB-2-PIXA-2.jpg",1000,1000,false],"trp-custom-language-flag":["https:\/\/climbingstore.mx\/wp-content\/uploads\/2023\/03\/2509-LPPZ-E78BHB-2-PIXA-2-12x12.jpg",12,12,true],"woocommerce_thumbnail":["https:\/\/climbingstore.mx\/wp-content\/uploads\/2023\/03\/2509-LPPZ-E78BHB-2-PIXA-2-600x600.jpg",600,600,true],"woocommerce_single":["https:\/\/climbingstore.mx\/wp-content\/uploads\/2023\/03\/2509-LPPZ-E78BHB-2-PIXA-2.jpg",1000,1000,false],"woocommerce_gallery_thumbnail":["https:\/\/climbingstore.mx\/wp-content\/uploads\/2023\/03\/2509-LPPZ-E78BHB-2-PIXA-2-100x100.jpg",100,100,true]},"uagb_author_info":{"display_name":"Juanita Castillo","author_link":"https:\/\/climbingstore.mx\/en\/author\/"},"uagb_comment_info":0,"uagb_excerpt":"Linterna frontal que permite evolucionar en atm\u00f3sferas explosivas ATEX, adecuada para la visi\u00f3n de cerca y los desplazamientos. 80 l\u00famenes.","_links":{"self":[{"href":"https:\/\/climbingstore.mx\/en\/wp-json\/wp\/v2\/product\/6370","targetHints":{"allow":["GET"]}}],"collection":[{"href":"https:\/\/climbingstore.mx\/en\/wp-json\/wp\/v2\/product"}],"about":[{"href":"https:\/\/climbingstore.mx\/en\/wp-json\/wp\/v2\/types\/product"}],"replies":[{"embeddable":true,"href":"https:\/\/climbingstore.mx\/en\/wp-json\/wp\/v2\/comments?post=6370"}],"wp:featuredmedia":[{"embeddable":true,"href":"https:\/\/climbingstore.mx\/en\/wp-json\/wp\/v2\/media\/6707"}],"wp:attachment":[{"href":"https:\/\/climbingstore.mx\/en\/wp-json\/wp\/v2\/media?parent=6370"}],"wp:term":[{"taxonomy":"product_brand","embeddable":true,"href":"https:\/\/climbingstore.mx\/en\/wp-json\/wp\/v2\/product_brand?post=6370"},{"taxonomy":"product_cat","embeddable":true,"href":"https:\/\/climbingstore.mx\/en\/wp-json\/wp\/v2\/product_cat?post=6370"},{"taxonomy":"product_tag","embeddable":true,"href":"https:\/\/climbingstore.mx\/en\/wp-json\/wp\/v2\/product_tag?post=6370"}],"curies":[{"name":"wp","href":"https:\/\/api.w.org\/{rel}","templated":true}]}}