{"id":6364,"date":"2023-03-30T13:04:41","date_gmt":"2023-03-30T19:04:41","guid":{"rendered":"https:\/\/climbingstore.mx\/?post_type=product&#038;p=6364"},"modified":"2024-04-18T10:00:12","modified_gmt":"2024-04-18T16:00:12","slug":"pixa-z1","status":"publish","type":"product","link":"https:\/\/climbingstore.mx\/en\/product\/pixa-z1\/","title":{"rendered":"PIXA\u00ae Z1"},"content":{"rendered":"<p>La linterna frontal PIXA Z1 es una linterna robusta y polivalente. Gracias a su haz luminoso m\u00faltiple, se adapta a cualquier situaci\u00f3n: trabajos al alcance de la mano, desplazamientos y visi\u00f3n de lejos. Responde a las exigencias de la certificaci\u00f3n ATEX zona 1\/21 (II 2 GD Ex ib IIB T4 Gb IIIB T135\u00b0 C Db) para el trabajo en un ambiente expuesto al riesgo de explosi\u00f3n.<\/p>\n<h3>Descripci\u00f3n<\/h3>\n<div class=\"list\">\n<ul>\n<li>Linterna frontal que permite tener las manos libres para trabajar, y que se puede llevar:<br \/>\n&#8211; En la cabeza con la cinta.<br \/>\n&#8211; Fijada a un casco gracias a la pletina (incluida).<br \/>\n&#8211; Colocada en el suelo.<\/li>\n<li>Varios modos de iluminaci\u00f3n adecuados a cada situaci\u00f3n:<br \/>\n&#8211; Para los trabajos al alcance de la mano: haz luminoso amplio y homog\u00e9neo.<br \/>\n&#8211; Para los desplazamientos: haz luminoso mixto que ofrece un componente focalizado que permite desplazarse c\u00f3modamente.<br \/>\n&#8211; Para la visi\u00f3n de lejos: haz luminoso focalizado.<\/li>\n<li>Iluminaci\u00f3n profesional fiable, pr\u00e1ctica y duradera:<br \/>\n&#8211; Posici\u00f3n de almacenamiento que permite proteger el vidrio de la linterna y evitar encendidos intempestivos.<br \/>\n&#8211; Paso autom\u00e1tico a modo de reserva cuando las pilas est\u00e1n casi descargadas (se se\u00f1ala por destellos de la iluminaci\u00f3n y un indicador rojo).<br \/>\n&#8211; Bot\u00f3n rotativo ergon\u00f3mico que puede accionarse incluso con guantes.<br \/>\n&#8211; Excelente resistencia a las ca\u00eddas (2 m), a los golpes y al aplastamiento (80 kg).<br \/>\n&#8211; Cinta el\u00e1stica c\u00f3moda y lavable.<br \/>\n&#8211; Resiste a los productos qu\u00edmicos.<\/li>\n<li>Permite evolucionar en atm\u00f3sferas explosivas ATEX zona 1\/21 (II 2 GD Ex ib IIB T4 Gb IIIB T135\u00b0 C Db).<\/li>\n<\/ul>\n<\/div>\n<h3>Caracter\u00edsticas<\/h3>\n<div class=\"list\">\n<ul>\n<li>Peso: 170 g<\/li>\n<li>Tecnolog\u00eda: STANDARD LIGHTING<\/li>\n<li>Tipo de haz luminoso: amplio, mixto o focalizado<\/li>\n<li>Alimentaci\u00f3n: 2 pilas alcalinas AA\/LR06 (incluidas)<\/li>\n<li>Compatibilidad de las pilas: recargables Ni-MH (s\u00f3lo en utilizaci\u00f3n no ATEX), no compatibles litio<\/li>\n<li>Estanqueidad: IP67 (estanca hasta -1 metro durante 30 minutos, no requiere mantenimiento despu\u00e9s de la inmersi\u00f3n)<\/li>\n<\/ul>\n<\/div>","protected":false},"excerpt":{"rendered":"<p class=\"productSubtitle\">Linterna frontal que permite evolucionar en atm\u00f3sferas explosivas ATEX, adecuada para la visi\u00f3n de cerca, los desplazamientos y la visi\u00f3n de lejos. 100 l\u00famenes.<\/p>","protected":false},"featured_media":6704,"comment_status":"open","ping_status":"closed","template":"","meta":{"_acf_changed":false,"_uag_custom_page_level_css":"","site-sidebar-layout":"default","site-content-layout":"default","ast-site-content-layout":"default","site-content-style":"default","site-sidebar-style":"default","ast-global-header-display":"","ast-banner-title-visibility":"","ast-main-header-display":"","ast-hfb-above-header-display":"","ast-hfb-below-header-display":"","ast-hfb-mobile-header-display":"","site-post-title":"","ast-breadcrumbs-content":"","ast-featured-img":"","footer-sml-layout":"","theme-transparent-header-meta":"default","adv-header-id-meta":"","stick-header-meta":"","header-above-stick-meta":"","header-main-stick-meta":"","header-below-stick-meta":"","astra-migrate-meta-layouts":"set","ast-page-background-enabled":"default","ast-page-background-meta":{"desktop":{"background-color":"var(--ast-global-color-4)","background-image":"","background-repeat":"repeat","background-position":"center center","background-size":"auto","background-attachment":"scroll","background-type":"","background-media":"","overlay-type":"","overlay-color":"","overlay-opacity":"","overlay-gradient":""},"tablet":{"background-color":"","background-image":"","background-repeat":"repeat","background-position":"center center","background-size":"auto","background-attachment":"scroll","background-type":"","background-media":"","overlay-type":"","overlay-color":"","overlay-opacity":"","overlay-gradient":""},"mobile":{"background-color":"","background-image":"","background-repeat":"repeat","background-position":"center center","background-size":"auto","background-attachment":"scroll","background-type":"","background-media":"","overlay-type":"","overlay-color":"","overlay-opacity":"","overlay-gradient":""}},"ast-content-background-meta":{"desktop":{"background-color":"var(--ast-global-color-5)","background-image":"","background-repeat":"repeat","background-position":"center center","background-size":"auto","background-attachment":"scroll","background-type":"","background-media":"","overlay-type":"","overlay-color":"","overlay-opacity":"","overlay-gradient":""},"tablet":{"background-color":"var(--ast-global-color-5)","background-image":"","background-repeat":"repeat","background-position":"center center","background-size":"auto","background-attachment":"scroll","background-type":"","background-media":"","overlay-type":"","overlay-color":"","overlay-opacity":"","overlay-gradient":""},"mobile":{"background-color":"var(--ast-global-color-5)","background-image":"","background-repeat":"repeat","background-position":"center center","background-size":"auto","background-attachment":"scroll","background-type":"","background-media":"","overlay-type":"","overlay-color":"","overlay-opacity":"","overlay-gradient":""}}},"product_brand":[],"product_cat":[118,53,131],"product_tag":[],"class_list":{"0":"post-6364","1":"product","2":"type-product","3":"status-publish","4":"has-post-thumbnail","6":"product_cat-petzl-pro","7":"product_cat-trabajo","8":"product_cat-lamparas-trabajo","9":"desktop-align-center","10":"tablet-align-left","11":"mobile-align-center","13":"first","14":"instock","15":"shipping-taxable","16":"purchasable","17":"product-type-simple"},"aioseo_notices":[],"acf":[],"uagb_featured_image_src":{"full":["https:\/\/climbingstore.mx\/wp-content\/uploads\/2023\/03\/2506-LPPZ-E78DHB-2-PIXA-Z1.jpg",1000,1000,false],"thumbnail":["https:\/\/climbingstore.mx\/wp-content\/uploads\/2023\/03\/2506-LPPZ-E78DHB-2-PIXA-Z1-150x150.jpg",150,150,true],"medium":["https:\/\/climbingstore.mx\/wp-content\/uploads\/2023\/03\/2506-LPPZ-E78DHB-2-PIXA-Z1-300x300.jpg",300,300,true],"medium_large":["https:\/\/climbingstore.mx\/wp-content\/uploads\/2023\/03\/2506-LPPZ-E78DHB-2-PIXA-Z1-768x768.jpg",768,768,true],"large":["https:\/\/climbingstore.mx\/wp-content\/uploads\/2023\/03\/2506-LPPZ-E78DHB-2-PIXA-Z1.jpg",1000,1000,false],"1536x1536":["https:\/\/climbingstore.mx\/wp-content\/uploads\/2023\/03\/2506-LPPZ-E78DHB-2-PIXA-Z1.jpg",1000,1000,false],"2048x2048":["https:\/\/climbingstore.mx\/wp-content\/uploads\/2023\/03\/2506-LPPZ-E78DHB-2-PIXA-Z1.jpg",1000,1000,false],"trp-custom-language-flag":["https:\/\/climbingstore.mx\/wp-content\/uploads\/2023\/03\/2506-LPPZ-E78DHB-2-PIXA-Z1-12x12.jpg",12,12,true],"woocommerce_thumbnail":["https:\/\/climbingstore.mx\/wp-content\/uploads\/2023\/03\/2506-LPPZ-E78DHB-2-PIXA-Z1-600x600.jpg",600,600,true],"woocommerce_single":["https:\/\/climbingstore.mx\/wp-content\/uploads\/2023\/03\/2506-LPPZ-E78DHB-2-PIXA-Z1.jpg",1000,1000,false],"woocommerce_gallery_thumbnail":["https:\/\/climbingstore.mx\/wp-content\/uploads\/2023\/03\/2506-LPPZ-E78DHB-2-PIXA-Z1-100x100.jpg",100,100,true]},"uagb_author_info":{"display_name":"Juanita Castillo","author_link":"https:\/\/climbingstore.mx\/en\/author\/"},"uagb_comment_info":0,"uagb_excerpt":"Linterna frontal que permite evolucionar en atm\u00f3sferas explosivas ATEX, adecuada para la visi\u00f3n de cerca, los desplazamientos y la visi\u00f3n de lejos. 100 l\u00famenes.","_links":{"self":[{"href":"https:\/\/climbingstore.mx\/en\/wp-json\/wp\/v2\/product\/6364","targetHints":{"allow":["GET"]}}],"collection":[{"href":"https:\/\/climbingstore.mx\/en\/wp-json\/wp\/v2\/product"}],"about":[{"href":"https:\/\/climbingstore.mx\/en\/wp-json\/wp\/v2\/types\/product"}],"replies":[{"embeddable":true,"href":"https:\/\/climbingstore.mx\/en\/wp-json\/wp\/v2\/comments?post=6364"}],"wp:featuredmedia":[{"embeddable":true,"href":"https:\/\/climbingstore.mx\/en\/wp-json\/wp\/v2\/media\/6704"}],"wp:attachment":[{"href":"https:\/\/climbingstore.mx\/en\/wp-json\/wp\/v2\/media?parent=6364"}],"wp:term":[{"taxonomy":"product_brand","embeddable":true,"href":"https:\/\/climbingstore.mx\/en\/wp-json\/wp\/v2\/product_brand?post=6364"},{"taxonomy":"product_cat","embeddable":true,"href":"https:\/\/climbingstore.mx\/en\/wp-json\/wp\/v2\/product_cat?post=6364"},{"taxonomy":"product_tag","embeddable":true,"href":"https:\/\/climbingstore.mx\/en\/wp-json\/wp\/v2\/product_tag?post=6364"}],"curies":[{"name":"wp","href":"https:\/\/api.w.org\/{rel}","templated":true}]}}