{"id":6362,"date":"2023-03-30T12:55:07","date_gmt":"2023-03-30T18:55:07","guid":{"rendered":"https:\/\/climbingstore.mx\/?post_type=product&#038;p=6362"},"modified":"2024-04-18T10:01:22","modified_gmt":"2024-04-18T16:01:22","slug":"swift-rl-pro","status":"publish","type":"product","link":"https:\/\/climbingstore.mx\/en\/product\/swift-rl-pro\/","title":{"rendered":"SWIFT\u00ae RL PRO"},"content":{"rendered":"<div class=\"productDescription\">\n<div class=\"productCaracteristiquesPosition inlineblock\">\n<p class=\"productCaracteristiques inlineblock\">Destinada a los artesanos, los mantenimientos puntuales o el espect\u00e1culo, la linterna frontal SWIFT\u00ae RL PRO ofrece una potencia de 900 l\u00famenes. Provista de la tecnolog\u00eda REACTIVE LIGHTING\u00ae, la linterna posee un sensor que eval\u00faa la luminosidad ambiente y adapta autom\u00e1ticamente la potencia de iluminaci\u00f3n a las necesidades del usuario. Tambi\u00e9n incorpora una iluminaci\u00f3n roja para asegurar la discreci\u00f3n. Intuitiva, la SWIFT\u00ae RL PRO tiene un bot\u00f3n \u00fanico que permite acceder f\u00e1cilmente a todas las funciones de la linterna. El indicador de cinco niveles permite consultar con precisi\u00f3n el nivel de la bater\u00eda. Es compatible con los cascos Petzl y las fijaciones, disponibles como accesorio, permiten instalar la linterna en cualquier tipo de casco.<\/p>\n<h3>Descripci\u00f3n<\/h3>\n<div class=\"list\">\n<ul>\n<li>Ultrapotente, ligera y recargable:<br \/>\n&#8211; 900 l\u00famenes para 123 g.<br \/>\n&#8211; Bater\u00eda de i\u00f3n de litio de 2350 mAh, recargable mediante un conector micro USB de tipo B, con indicador luminoso de carga.<\/li>\n<li>Confort y autonom\u00eda optimizados:<br \/>\n&#8211; Confort visual, gracias a los dos haces luminosos (mixto o focalizado) que proporcionan una iluminaci\u00f3n eficiente para los profesionales: visi\u00f3n de proximidad, desplazamientos y visi\u00f3n de lejos.<br \/>\n&#8211; Tres modos de iluminaci\u00f3n accesibles al mantener apretado el bot\u00f3n: STANDARD LIGHTING, REACTIVE LIGHTING\u00ae e iluminaci\u00f3n roja.<br \/>\n&#8211; M\u00e1s autonom\u00eda, confort visual y manipulaciones reducidas con el modo REACTIVE LIGHTING\u00ae: la potencia de iluminaci\u00f3n y la forma del haz luminoso se adaptan autom\u00e1ticamente gracias a un sensor de luminosidad que permite optimizar la utilizaci\u00f3n de la bater\u00eda.<br \/>\n&#8211; Iluminaci\u00f3n roja fija, que combina confort de visi\u00f3n y discreci\u00f3n.<\/li>\n<li>Utilizaci\u00f3n intuitiva y pr\u00e1ctica:<br \/>\n&#8211; F\u00e1cil de utilizar, gracias a un bot\u00f3n \u00fanico que permite acceder a todas las funciones: ON\/OFF, modos y niveles de iluminaci\u00f3n y bloqueo.<br \/>\n&#8211; Linterna que se puede inclinar hacia arriba.<br \/>\n&#8211; Funci\u00f3n LOCK para evitar el encendido intempestivo durante el transporte\/almacenamiento o bloquear la configuraci\u00f3n de iluminaci\u00f3n durante la actividad.<br \/>\n&#8211; Indicador de cinco niveles para consultar con precisi\u00f3n el nivel de la bater\u00eda.<br \/>\n&#8211; Cinta el\u00e1stica amovible y lavable.<br \/>\n&#8211; Compatible con los cascos Petzl, gracias a la pletina incluida.<br \/>\n&#8211; Compatible con los dem\u00e1s cascos (1), gracias a las fijaciones, disponibles como accesorio.(1) Para los otros cascos, compruebe la compatibilidad con el fabricante.<\/li>\n<\/ul>\n<\/div>\n<h3>Caracter\u00edsticas<\/h3>\n<div class=\"list\">\n<ul>\n<li>Potencia: 900 l\u00famenes (norma ANSI FL 1)<\/li>\n<li>Peso: 123 g<\/li>\n<li>Tecnolog\u00eda: REACTIVE LIGHTING\u00ae o STANDARD LIGHTING<\/li>\n<li>Tipo de haz luminoso: mixto o focalizado<\/li>\n<li>Alimentaci\u00f3n: bater\u00eda de i\u00f3n litio 2350 mAh (incluida)<\/li>\n<li>Tiempo de carga: 6 h<\/li>\n<li>Certificaciones: CE, UKCA<\/li>\n<li>Estanqueidad: IPX4 (resistente a las proyecciones de agua)<\/li>\n<li>Linterna suministrada con una pletina para fijarla a los cascos Petzl VERTEX y STRATO.<\/li>\n<\/ul>\n<\/div>\n<\/div>\n<\/div>","protected":false},"excerpt":{"rendered":"<p>Linterna frontal muy potente, ligera y recargable con haz luminoso m\u00faltiple y tecnolog\u00eda REACTIVE LIGHTING\u00ae para ver de cerca y de lejos. Iluminaci\u00f3n blanca o roja para asegurar la discreci\u00f3n. 900 l\u00famenes.<\/p>","protected":false},"featured_media":6703,"comment_status":"open","ping_status":"closed","template":"","meta":{"_acf_changed":false,"_uag_custom_page_level_css":"","site-sidebar-layout":"default","site-content-layout":"default","ast-site-content-layout":"default","site-content-style":"default","site-sidebar-style":"default","ast-global-header-display":"","ast-banner-title-visibility":"","ast-main-header-display":"","ast-hfb-above-header-display":"","ast-hfb-below-header-display":"","ast-hfb-mobile-header-display":"","site-post-title":"","ast-breadcrumbs-content":"","ast-featured-img":"","footer-sml-layout":"","theme-transparent-header-meta":"default","adv-header-id-meta":"","stick-header-meta":"","header-above-stick-meta":"","header-main-stick-meta":"","header-below-stick-meta":"","astra-migrate-meta-layouts":"set","ast-page-background-enabled":"default","ast-page-background-meta":{"desktop":{"background-color":"var(--ast-global-color-4)","background-image":"","background-repeat":"repeat","background-position":"center center","background-size":"auto","background-attachment":"scroll","background-type":"","background-media":"","overlay-type":"","overlay-color":"","overlay-opacity":"","overlay-gradient":""},"tablet":{"background-color":"","background-image":"","background-repeat":"repeat","background-position":"center center","background-size":"auto","background-attachment":"scroll","background-type":"","background-media":"","overlay-type":"","overlay-color":"","overlay-opacity":"","overlay-gradient":""},"mobile":{"background-color":"","background-image":"","background-repeat":"repeat","background-position":"center center","background-size":"auto","background-attachment":"scroll","background-type":"","background-media":"","overlay-type":"","overlay-color":"","overlay-opacity":"","overlay-gradient":""}},"ast-content-background-meta":{"desktop":{"background-color":"var(--ast-global-color-5)","background-image":"","background-repeat":"repeat","background-position":"center center","background-size":"auto","background-attachment":"scroll","background-type":"","background-media":"","overlay-type":"","overlay-color":"","overlay-opacity":"","overlay-gradient":""},"tablet":{"background-color":"var(--ast-global-color-5)","background-image":"","background-repeat":"repeat","background-position":"center center","background-size":"auto","background-attachment":"scroll","background-type":"","background-media":"","overlay-type":"","overlay-color":"","overlay-opacity":"","overlay-gradient":""},"mobile":{"background-color":"var(--ast-global-color-5)","background-image":"","background-repeat":"repeat","background-position":"center center","background-size":"auto","background-attachment":"scroll","background-type":"","background-media":"","overlay-type":"","overlay-color":"","overlay-opacity":"","overlay-gradient":""}}},"product_brand":[],"product_cat":[118,53,131],"product_tag":[],"class_list":{"0":"post-6362","1":"product","2":"type-product","3":"status-publish","4":"has-post-thumbnail","6":"product_cat-petzl-pro","7":"product_cat-trabajo","8":"product_cat-lamparas-trabajo","9":"desktop-align-center","10":"tablet-align-left","11":"mobile-align-center","13":"first","14":"instock","15":"shipping-taxable","16":"purchasable","17":"product-type-simple"},"aioseo_notices":[],"acf":[],"uagb_featured_image_src":{"full":["https:\/\/climbingstore.mx\/wp-content\/uploads\/2023\/03\/2505-LPPZ-E810AA00-Swift-R-PRO.jpg",1000,1000,false],"thumbnail":["https:\/\/climbingstore.mx\/wp-content\/uploads\/2023\/03\/2505-LPPZ-E810AA00-Swift-R-PRO-150x150.jpg",150,150,true],"medium":["https:\/\/climbingstore.mx\/wp-content\/uploads\/2023\/03\/2505-LPPZ-E810AA00-Swift-R-PRO-300x300.jpg",300,300,true],"medium_large":["https:\/\/climbingstore.mx\/wp-content\/uploads\/2023\/03\/2505-LPPZ-E810AA00-Swift-R-PRO-768x768.jpg",768,768,true],"large":["https:\/\/climbingstore.mx\/wp-content\/uploads\/2023\/03\/2505-LPPZ-E810AA00-Swift-R-PRO.jpg",1000,1000,false],"1536x1536":["https:\/\/climbingstore.mx\/wp-content\/uploads\/2023\/03\/2505-LPPZ-E810AA00-Swift-R-PRO.jpg",1000,1000,false],"2048x2048":["https:\/\/climbingstore.mx\/wp-content\/uploads\/2023\/03\/2505-LPPZ-E810AA00-Swift-R-PRO.jpg",1000,1000,false],"trp-custom-language-flag":["https:\/\/climbingstore.mx\/wp-content\/uploads\/2023\/03\/2505-LPPZ-E810AA00-Swift-R-PRO-12x12.jpg",12,12,true],"woocommerce_thumbnail":["https:\/\/climbingstore.mx\/wp-content\/uploads\/2023\/03\/2505-LPPZ-E810AA00-Swift-R-PRO-600x600.jpg",600,600,true],"woocommerce_single":["https:\/\/climbingstore.mx\/wp-content\/uploads\/2023\/03\/2505-LPPZ-E810AA00-Swift-R-PRO.jpg",1000,1000,false],"woocommerce_gallery_thumbnail":["https:\/\/climbingstore.mx\/wp-content\/uploads\/2023\/03\/2505-LPPZ-E810AA00-Swift-R-PRO-100x100.jpg",100,100,true]},"uagb_author_info":{"display_name":"Juanita Castillo","author_link":"https:\/\/climbingstore.mx\/en\/author\/"},"uagb_comment_info":0,"uagb_excerpt":"Linterna frontal muy potente, ligera y recargable con haz luminoso m\u00faltiple y tecnolog\u00eda REACTIVE LIGHTING\u00ae para ver de cerca y de lejos. Iluminaci\u00f3n blanca o roja para asegurar la discreci\u00f3n. 900 l\u00famenes.","_links":{"self":[{"href":"https:\/\/climbingstore.mx\/en\/wp-json\/wp\/v2\/product\/6362","targetHints":{"allow":["GET"]}}],"collection":[{"href":"https:\/\/climbingstore.mx\/en\/wp-json\/wp\/v2\/product"}],"about":[{"href":"https:\/\/climbingstore.mx\/en\/wp-json\/wp\/v2\/types\/product"}],"replies":[{"embeddable":true,"href":"https:\/\/climbingstore.mx\/en\/wp-json\/wp\/v2\/comments?post=6362"}],"wp:featuredmedia":[{"embeddable":true,"href":"https:\/\/climbingstore.mx\/en\/wp-json\/wp\/v2\/media\/6703"}],"wp:attachment":[{"href":"https:\/\/climbingstore.mx\/en\/wp-json\/wp\/v2\/media?parent=6362"}],"wp:term":[{"taxonomy":"product_brand","embeddable":true,"href":"https:\/\/climbingstore.mx\/en\/wp-json\/wp\/v2\/product_brand?post=6362"},{"taxonomy":"product_cat","embeddable":true,"href":"https:\/\/climbingstore.mx\/en\/wp-json\/wp\/v2\/product_cat?post=6362"},{"taxonomy":"product_tag","embeddable":true,"href":"https:\/\/climbingstore.mx\/en\/wp-json\/wp\/v2\/product_tag?post=6362"}],"curies":[{"name":"wp","href":"https:\/\/api.w.org\/{rel}","templated":true}]}}