{"id":6358,"date":"2023-03-30T12:11:11","date_gmt":"2023-03-30T18:11:11","guid":{"rendered":"https:\/\/climbingstore.mx\/?post_type=product&#038;p=6358"},"modified":"2024-04-18T10:02:27","modified_gmt":"2024-04-18T16:02:27","slug":"duo-z1","status":"publish","type":"product","link":"https:\/\/climbingstore.mx\/en\/product\/duo-z1\/","title":{"rendered":"DUO Z1"},"content":{"rendered":"<p>La DUO Z1 es una linterna frontal con una potencia m\u00e1xima de 360 l\u00famenes en modo BOOST que funciona con bater\u00eda. De haz luminoso m\u00faltiple, ofrece cuatro modos de iluminaci\u00f3n que permiten adaptarse a cada situaci\u00f3n: trabajos al alcance de la mano, proximidad, desplazamientos y visi\u00f3n de lejos. Provista de la funci\u00f3n antideslumbramiento FACE2FACE, la linterna DUO Z1 permite a los trabajadores en equipo estar cara a cara sin deslumbrarse para colaborar m\u00e1s eficazmente. Se puede llevar en los cascos VERTEX y STRATO, gracias a las pletinas suministradas. Responde a las exigencias de la certificaci\u00f3n ATEX zona 1\/21 (II 2 GD Ex ib IIB T4 Gb IIIB T135\u00b0 C Db) para el trabajo en un ambiente expuesto al riesgo de explosi\u00f3n.<\/p>\n<h3>Descripci\u00f3n<\/h3>\n<div class=\"list\">\n<ul>\n<li>Cuatro modos y un BOOST para adaptar la iluminaci\u00f3n a cualquier situaci\u00f3n de trabajo:<br \/>\n&#8211; Iluminaci\u00f3n al alcance de la mano: haz luminoso amplio de baja intensidad que prioriza una gran autonom\u00eda.<br \/>\n&#8211; Iluminaci\u00f3n de proximidad: haz luminoso mixto con la intensidad adaptada a una visi\u00f3n de proximidad confortable.<br \/>\n&#8211; Iluminaci\u00f3n de desplazamiento: haz luminoso mixto que ofrece un componente focalizado que permite desplazarse con eficacia.<br \/>\n&#8211; Visi\u00f3n de lejos: haz luminoso muy focalizado que permite ver de lejos.<br \/>\n&#8211; Modo BOOST para acceder puntualmente a la potencia m\u00e1xima de 360 l\u00famenes.<\/li>\n<li>Linterna certificada ATEX zona 1\/21 (II 2 GD Ex ib IIB T4 Gb IIIB T135\u00b0 C Db) que permite evolucionar en ambientes explosivos.<\/li>\n<li>Seguridad y confort durante la progresi\u00f3n en grupo, gracias a la funci\u00f3n antideslumbramiento FACE2FACE: permite a las personas que utilizan linternas de la gama DUO estar cara a cara sin deslumbrarse, disminuyendo autom\u00e1ticamente la potencia luminosa cuando dos o varios haces luminosos se encaran.<\/li>\n<li>Tecnolog\u00eda CONSTANT LIGHTING: iluminaci\u00f3n estable a lo largo del tiempo, adaptada a los largos periodos de trabajo.<\/li>\n<li>Bater\u00eda:<br \/>\n&#8211; Bater\u00eda de i\u00f3n de litio, 6400 mAh, tensi\u00f3n 3,7 V, 23,68 Wh.<br \/>\n&#8211; Recargable en ocho horas.<br \/>\n&#8211; Indicador de carga.<br \/>\n&#8211; Amovible y reemplazable (disponible como accesorio).<br \/>\n&#8211; Cargador ACCU 2 DUO Z1 (incluido).<\/li>\n<li>Fiabilidad y ergonom\u00eda de utilizaci\u00f3n:<br \/>\n&#8211; Se lleva de forma equilibrada gracias a la caja de energ\u00eda desplazada a la parte posterior de la cabeza.<br \/>\n&#8211; Bot\u00f3n ergon\u00f3mico, que se puede accionar incluso con guantes.<br \/>\n&#8211; Bloqueo electr\u00f3nico para evitar el encendido intempestivo durante el transporte o almacenamiento.<\/li>\n<li>Robustez:<br \/>\n&#8211; IP67 (estanca hasta -1 metro durante 30 minutos en agua dulce).<br \/>\n&#8211; Excelente resistencia a las ca\u00eddas, a los golpes y al aplastamiento.<\/li>\n<\/ul>\n<\/div>\n<h3>Caracter\u00edsticas<\/h3>\n<div class=\"list\">\n<ul>\n<li>Potencia: 360 l\u00famenes<\/li>\n<li>Peso: 370 g<\/li>\n<li>Tecnolog\u00eda: CONSTANT LIGHTING<\/li>\n<li>Tipo de haz luminoso: amplio, mixto o focalizado<\/li>\n<li>Alimentaci\u00f3n: bater\u00eda de i\u00f3n de litio ACCU 2 DUO Z1 (incluida)<\/li>\n<li>Tiempo de carga: 8 h<\/li>\n<li>Estanqueidad: IP67<\/li>\n<li>La linterna se sirve con: &#8211; Dos pletinas para fijarla en los cascos VERTEX y STRATO. &#8211; Cargador 110\/240 V.<\/li>\n<\/ul>\n<\/div>","protected":false},"excerpt":{"rendered":"<p>Linterna frontal potente, de haz luminoso m\u00faltiple y recargable, provista de la funci\u00f3n antideslumbramiento FACE2FACE, que permite evolucionar en ambientes explosivos ATEX. 360 l\u00famenes.<\/p>","protected":false},"featured_media":6701,"comment_status":"open","ping_status":"closed","template":"","meta":{"_acf_changed":false,"_uag_custom_page_level_css":"","site-sidebar-layout":"default","site-content-layout":"default","ast-site-content-layout":"default","site-content-style":"default","site-sidebar-style":"default","ast-global-header-display":"","ast-banner-title-visibility":"","ast-main-header-display":"","ast-hfb-above-header-display":"","ast-hfb-below-header-display":"","ast-hfb-mobile-header-display":"","site-post-title":"","ast-breadcrumbs-content":"","ast-featured-img":"","footer-sml-layout":"","theme-transparent-header-meta":"default","adv-header-id-meta":"","stick-header-meta":"","header-above-stick-meta":"","header-main-stick-meta":"","header-below-stick-meta":"","astra-migrate-meta-layouts":"set","ast-page-background-enabled":"default","ast-page-background-meta":{"desktop":{"background-color":"var(--ast-global-color-4)","background-image":"","background-repeat":"repeat","background-position":"center center","background-size":"auto","background-attachment":"scroll","background-type":"","background-media":"","overlay-type":"","overlay-color":"","overlay-opacity":"","overlay-gradient":""},"tablet":{"background-color":"","background-image":"","background-repeat":"repeat","background-position":"center center","background-size":"auto","background-attachment":"scroll","background-type":"","background-media":"","overlay-type":"","overlay-color":"","overlay-opacity":"","overlay-gradient":""},"mobile":{"background-color":"","background-image":"","background-repeat":"repeat","background-position":"center center","background-size":"auto","background-attachment":"scroll","background-type":"","background-media":"","overlay-type":"","overlay-color":"","overlay-opacity":"","overlay-gradient":""}},"ast-content-background-meta":{"desktop":{"background-color":"var(--ast-global-color-5)","background-image":"","background-repeat":"repeat","background-position":"center center","background-size":"auto","background-attachment":"scroll","background-type":"","background-media":"","overlay-type":"","overlay-color":"","overlay-opacity":"","overlay-gradient":""},"tablet":{"background-color":"var(--ast-global-color-5)","background-image":"","background-repeat":"repeat","background-position":"center center","background-size":"auto","background-attachment":"scroll","background-type":"","background-media":"","overlay-type":"","overlay-color":"","overlay-opacity":"","overlay-gradient":""},"mobile":{"background-color":"var(--ast-global-color-5)","background-image":"","background-repeat":"repeat","background-position":"center center","background-size":"auto","background-attachment":"scroll","background-type":"","background-media":"","overlay-type":"","overlay-color":"","overlay-opacity":"","overlay-gradient":""}}},"product_brand":[],"product_cat":[118,53,131],"product_tag":[],"class_list":{"0":"post-6358","1":"product","2":"type-product","3":"status-publish","4":"has-post-thumbnail","6":"product_cat-petzl-pro","7":"product_cat-trabajo","8":"product_cat-lamparas-trabajo","9":"desktop-align-center","10":"tablet-align-left","11":"mobile-align-center","13":"first","14":"instock","15":"shipping-taxable","16":"purchasable","17":"product-type-simple"},"aioseo_notices":[],"acf":[],"uagb_featured_image_src":{"full":["https:\/\/climbingstore.mx\/wp-content\/uploads\/2023\/03\/2503-LPPZ-E80BHR-DUO-Z1.jpg",1000,1000,false],"thumbnail":["https:\/\/climbingstore.mx\/wp-content\/uploads\/2023\/03\/2503-LPPZ-E80BHR-DUO-Z1-150x150.jpg",150,150,true],"medium":["https:\/\/climbingstore.mx\/wp-content\/uploads\/2023\/03\/2503-LPPZ-E80BHR-DUO-Z1-300x300.jpg",300,300,true],"medium_large":["https:\/\/climbingstore.mx\/wp-content\/uploads\/2023\/03\/2503-LPPZ-E80BHR-DUO-Z1-768x768.jpg",768,768,true],"large":["https:\/\/climbingstore.mx\/wp-content\/uploads\/2023\/03\/2503-LPPZ-E80BHR-DUO-Z1.jpg",1000,1000,false],"1536x1536":["https:\/\/climbingstore.mx\/wp-content\/uploads\/2023\/03\/2503-LPPZ-E80BHR-DUO-Z1.jpg",1000,1000,false],"2048x2048":["https:\/\/climbingstore.mx\/wp-content\/uploads\/2023\/03\/2503-LPPZ-E80BHR-DUO-Z1.jpg",1000,1000,false],"trp-custom-language-flag":["https:\/\/climbingstore.mx\/wp-content\/uploads\/2023\/03\/2503-LPPZ-E80BHR-DUO-Z1-12x12.jpg",12,12,true],"woocommerce_thumbnail":["https:\/\/climbingstore.mx\/wp-content\/uploads\/2023\/03\/2503-LPPZ-E80BHR-DUO-Z1-600x600.jpg",600,600,true],"woocommerce_single":["https:\/\/climbingstore.mx\/wp-content\/uploads\/2023\/03\/2503-LPPZ-E80BHR-DUO-Z1.jpg",1000,1000,false],"woocommerce_gallery_thumbnail":["https:\/\/climbingstore.mx\/wp-content\/uploads\/2023\/03\/2503-LPPZ-E80BHR-DUO-Z1-100x100.jpg",100,100,true]},"uagb_author_info":{"display_name":"Juanita Castillo","author_link":"https:\/\/climbingstore.mx\/en\/author\/"},"uagb_comment_info":0,"uagb_excerpt":"Linterna frontal potente, de haz luminoso m\u00faltiple y recargable, provista de la funci\u00f3n antideslumbramiento FACE2FACE, que permite evolucionar en ambientes explosivos ATEX. 360 l\u00famenes.","_links":{"self":[{"href":"https:\/\/climbingstore.mx\/en\/wp-json\/wp\/v2\/product\/6358","targetHints":{"allow":["GET"]}}],"collection":[{"href":"https:\/\/climbingstore.mx\/en\/wp-json\/wp\/v2\/product"}],"about":[{"href":"https:\/\/climbingstore.mx\/en\/wp-json\/wp\/v2\/types\/product"}],"replies":[{"embeddable":true,"href":"https:\/\/climbingstore.mx\/en\/wp-json\/wp\/v2\/comments?post=6358"}],"wp:featuredmedia":[{"embeddable":true,"href":"https:\/\/climbingstore.mx\/en\/wp-json\/wp\/v2\/media\/6701"}],"wp:attachment":[{"href":"https:\/\/climbingstore.mx\/en\/wp-json\/wp\/v2\/media?parent=6358"}],"wp:term":[{"taxonomy":"product_brand","embeddable":true,"href":"https:\/\/climbingstore.mx\/en\/wp-json\/wp\/v2\/product_brand?post=6358"},{"taxonomy":"product_cat","embeddable":true,"href":"https:\/\/climbingstore.mx\/en\/wp-json\/wp\/v2\/product_cat?post=6358"},{"taxonomy":"product_tag","embeddable":true,"href":"https:\/\/climbingstore.mx\/en\/wp-json\/wp\/v2\/product_tag?post=6358"}],"curies":[{"name":"wp","href":"https:\/\/api.w.org\/{rel}","templated":true}]}}