{"id":6354,"date":"2023-03-30T11:13:47","date_gmt":"2023-03-30T17:13:47","guid":{"rendered":"https:\/\/climbingstore.mx\/?post_type=product&#038;p=6354"},"modified":"2024-04-18T10:03:36","modified_gmt":"2024-04-18T16:03:36","slug":"duo-rl","status":"publish","type":"product","link":"https:\/\/climbingstore.mx\/en\/product\/duo-rl\/","title":{"rendered":"DUO RL"},"content":{"rendered":"<p>Destinada a los rescates t\u00e9cnicos y al trabajo, la linterna frontal recargable DUO RL proporciona una potencia de 2800 l\u00famenes. Provista de la tecnolog\u00eda REACTIVE LIGHTING\u00ae, un sensor eval\u00faa la luminosidad ambiente y adapta autom\u00e1ticamente la potencia de iluminaci\u00f3n a las necesidades del usuario. Las manipulaciones se reducen al m\u00ednimo y la autonom\u00eda se optimiza para concentrarse en la actividad. El bloque delantero de aluminio proporciona una excelente resistencia a los choques. Estanca, la DUO RL es adecuada para las utilizaciones en un ambiente h\u00famedo.<\/p>\n<h3>Descripci\u00f3n<\/h3>\n<div class=\"list\">\n<ul>\n<li>Ultrapotente e inteligente:<br \/>\n&#8211; 2800 l\u00famenes.<br \/>\n&#8211; M\u00e1s autonom\u00eda, confort visual y manipulaciones reducidas con el modo REACTIVE LIGHTING\u00ae: la potencia de iluminaci\u00f3n y la forma del haz luminoso se adaptan autom\u00e1ticamente gracias a un sensor de luminosidad que permite optimizar la utilizaci\u00f3n de la bater\u00eda.<br \/>\n&#8211; Dos modos de iluminaci\u00f3n a escoger: REACTIVE LIGHTING\u00ae o CONSTANT LIGHTING y cinco niveles de iluminaci\u00f3n. Los niveles de iluminaci\u00f3n pueden ser programados manualmente.<br \/>\n&#8211; Un modo de supervivencia configurado para proporcionar una iluminaci\u00f3n m\u00ednima hasta 72 h.<\/li>\n<li>Estanca y robusta:<br \/>\n&#8211; Estanca al polvo y hasta -1 metro durante 30 minutos en agua dulce.<br \/>\n&#8211; Bloque delantero de aluminio que proporciona una excelente resistencia a las ca\u00eddas, a los golpes y al aplastamiento.<\/li>\n<li>Iluminaci\u00f3n de haz luminoso m\u00faltiple para adaptarse a cualquier situaci\u00f3n:<br \/>\n&#8211; Iluminaci\u00f3n al alcance de la mano: haz luminoso amplio de baja intensidad que prioriza una gran autonom\u00eda.<br \/>\n&#8211; Iluminaci\u00f3n de proximidad: haz luminoso mixto con la intensidad adaptada a una visi\u00f3n de proximidad confortable.<br \/>\n&#8211; Iluminaci\u00f3n de desplazamiento: haz luminoso mixto que ofrece un componente focalizado que permite desplazarse con eficacia.<br \/>\n&#8211; Iluminaci\u00f3n de desplazamiento r\u00e1pido: haz luminoso mixto m\u00e1s potente para anticipar el terreno.<br \/>\n&#8211; Visi\u00f3n de lejos: haz luminoso muy focalizado que permite ver de lejos.<\/li>\n<li>Fiabilidad y ergonom\u00eda de utilizaci\u00f3n:<br \/>\n&#8211; Bot\u00f3n rotativo, que se puede accionar incluso con guantes.<br \/>\n&#8211; Bloqueo autom\u00e1tico para evitar el encendido intempestivo durante el transporte o almacenamiento.<br \/>\n&#8211; Paso autom\u00e1tico a iluminaci\u00f3n de reserva cuando la bater\u00eda est\u00e1 casi descargada.<br \/>\n&#8211; Porte equilibrado gracias a la caja de energ\u00eda desplazada a la parte posterior de la cabeza.<br \/>\n&#8211; Se puede adaptar a cualquier tipo de casco, gracias a las pletinas autoadhesivas PRO ADAPT (disponibles como accesorio).<br \/>\n&#8211; Cinta el\u00e1stica amovible y lavable (incluida).<\/li>\n<li>Bater\u00eda:<br \/>\n&#8211; Bater\u00eda de iones de litio de 3200 mAh, recargable en 4 horas mediante un cargador de red r\u00e1pido 110\/240 V (incluido).<br \/>\n&#8211; Indicador de cuatro niveles para consultar con precisi\u00f3n el nivel de la bater\u00eda.<br \/>\n&#8211; Amovible y reemplazable (disponible como accesorio).<\/li>\n<\/ul>\n<\/div>\n<h3>Caracter\u00edsticas<\/h3>\n<div class=\"list\">\n<ul>\n<li>Potencia: 2800 l\u00famenes<\/li>\n<li>Peso: 390 g<\/li>\n<li>Tecnolog\u00eda: REACTIVE LIGHTING\u00ae o CONSTANT LIGHTING<\/li>\n<li>Tipo de haz luminoso: amplio, mixto o focalizado<\/li>\n<li>Alimentaci\u00f3n: bater\u00eda de iones de litio 3200 mAh (incluida)<\/li>\n<li>Tiempo de carga: 4 h<\/li>\n<li>Certificaciones: CE<\/li>\n<li>Estanqueidad: IP67 (estanca hasta -1 metro durante 30 minutos en agua dulce)<\/li>\n<li>La linterna se sirve con bater\u00eda de iones de litio R2 y cargador 110\/240 V.<\/li>\n<\/ul>\n<\/div>","protected":false},"excerpt":{"rendered":"<p>Linterna frontal ultrapotente, de haz luminoso m\u00faltiple y recargable, provista de la tecnolog\u00eda REACTIVE LIGHTING\u00ae. 2800 l\u00famenes.<\/p>","protected":false},"featured_media":6699,"comment_status":"open","ping_status":"closed","template":"","meta":{"_acf_changed":false,"_uag_custom_page_level_css":"","site-sidebar-layout":"default","site-content-layout":"default","ast-site-content-layout":"default","site-content-style":"default","site-sidebar-style":"default","ast-global-header-display":"","ast-banner-title-visibility":"","ast-main-header-display":"","ast-hfb-above-header-display":"","ast-hfb-below-header-display":"","ast-hfb-mobile-header-display":"","site-post-title":"","ast-breadcrumbs-content":"","ast-featured-img":"","footer-sml-layout":"","theme-transparent-header-meta":"default","adv-header-id-meta":"","stick-header-meta":"","header-above-stick-meta":"","header-main-stick-meta":"","header-below-stick-meta":"","astra-migrate-meta-layouts":"set","ast-page-background-enabled":"default","ast-page-background-meta":{"desktop":{"background-color":"var(--ast-global-color-4)","background-image":"","background-repeat":"repeat","background-position":"center center","background-size":"auto","background-attachment":"scroll","background-type":"","background-media":"","overlay-type":"","overlay-color":"","overlay-opacity":"","overlay-gradient":""},"tablet":{"background-color":"","background-image":"","background-repeat":"repeat","background-position":"center center","background-size":"auto","background-attachment":"scroll","background-type":"","background-media":"","overlay-type":"","overlay-color":"","overlay-opacity":"","overlay-gradient":""},"mobile":{"background-color":"","background-image":"","background-repeat":"repeat","background-position":"center center","background-size":"auto","background-attachment":"scroll","background-type":"","background-media":"","overlay-type":"","overlay-color":"","overlay-opacity":"","overlay-gradient":""}},"ast-content-background-meta":{"desktop":{"background-color":"var(--ast-global-color-5)","background-image":"","background-repeat":"repeat","background-position":"center center","background-size":"auto","background-attachment":"scroll","background-type":"","background-media":"","overlay-type":"","overlay-color":"","overlay-opacity":"","overlay-gradient":""},"tablet":{"background-color":"var(--ast-global-color-5)","background-image":"","background-repeat":"repeat","background-position":"center center","background-size":"auto","background-attachment":"scroll","background-type":"","background-media":"","overlay-type":"","overlay-color":"","overlay-opacity":"","overlay-gradient":""},"mobile":{"background-color":"var(--ast-global-color-5)","background-image":"","background-repeat":"repeat","background-position":"center center","background-size":"auto","background-attachment":"scroll","background-type":"","background-media":"","overlay-type":"","overlay-color":"","overlay-opacity":"","overlay-gradient":""}}},"product_brand":[],"product_cat":[118,53,131],"product_tag":[],"class_list":{"0":"post-6354","1":"product","2":"type-product","3":"status-publish","4":"has-post-thumbnail","6":"product_cat-petzl-pro","7":"product_cat-trabajo","8":"product_cat-lamparas-trabajo","9":"desktop-align-center","10":"tablet-align-left","11":"mobile-align-center","13":"first","14":"instock","15":"shipping-taxable","16":"purchasable","17":"product-type-simple"},"aioseo_notices":[],"acf":[],"uagb_featured_image_src":{"full":["https:\/\/climbingstore.mx\/wp-content\/uploads\/2023\/03\/2501-LPPZ-E103AA00-DUO-RL.jpg",1000,1000,false],"thumbnail":["https:\/\/climbingstore.mx\/wp-content\/uploads\/2023\/03\/2501-LPPZ-E103AA00-DUO-RL-150x150.jpg",150,150,true],"medium":["https:\/\/climbingstore.mx\/wp-content\/uploads\/2023\/03\/2501-LPPZ-E103AA00-DUO-RL-300x300.jpg",300,300,true],"medium_large":["https:\/\/climbingstore.mx\/wp-content\/uploads\/2023\/03\/2501-LPPZ-E103AA00-DUO-RL-768x768.jpg",768,768,true],"large":["https:\/\/climbingstore.mx\/wp-content\/uploads\/2023\/03\/2501-LPPZ-E103AA00-DUO-RL.jpg",1000,1000,false],"1536x1536":["https:\/\/climbingstore.mx\/wp-content\/uploads\/2023\/03\/2501-LPPZ-E103AA00-DUO-RL.jpg",1000,1000,false],"2048x2048":["https:\/\/climbingstore.mx\/wp-content\/uploads\/2023\/03\/2501-LPPZ-E103AA00-DUO-RL.jpg",1000,1000,false],"trp-custom-language-flag":["https:\/\/climbingstore.mx\/wp-content\/uploads\/2023\/03\/2501-LPPZ-E103AA00-DUO-RL-12x12.jpg",12,12,true],"woocommerce_thumbnail":["https:\/\/climbingstore.mx\/wp-content\/uploads\/2023\/03\/2501-LPPZ-E103AA00-DUO-RL-600x600.jpg",600,600,true],"woocommerce_single":["https:\/\/climbingstore.mx\/wp-content\/uploads\/2023\/03\/2501-LPPZ-E103AA00-DUO-RL.jpg",1000,1000,false],"woocommerce_gallery_thumbnail":["https:\/\/climbingstore.mx\/wp-content\/uploads\/2023\/03\/2501-LPPZ-E103AA00-DUO-RL-100x100.jpg",100,100,true]},"uagb_author_info":{"display_name":"Juanita Castillo","author_link":"https:\/\/climbingstore.mx\/en\/author\/"},"uagb_comment_info":0,"uagb_excerpt":"Linterna frontal ultrapotente, de haz luminoso m\u00faltiple y recargable, provista de la tecnolog\u00eda REACTIVE LIGHTING\u00ae. 2800 l\u00famenes.","_links":{"self":[{"href":"https:\/\/climbingstore.mx\/en\/wp-json\/wp\/v2\/product\/6354","targetHints":{"allow":["GET"]}}],"collection":[{"href":"https:\/\/climbingstore.mx\/en\/wp-json\/wp\/v2\/product"}],"about":[{"href":"https:\/\/climbingstore.mx\/en\/wp-json\/wp\/v2\/types\/product"}],"replies":[{"embeddable":true,"href":"https:\/\/climbingstore.mx\/en\/wp-json\/wp\/v2\/comments?post=6354"}],"wp:featuredmedia":[{"embeddable":true,"href":"https:\/\/climbingstore.mx\/en\/wp-json\/wp\/v2\/media\/6699"}],"wp:attachment":[{"href":"https:\/\/climbingstore.mx\/en\/wp-json\/wp\/v2\/media?parent=6354"}],"wp:term":[{"taxonomy":"product_brand","embeddable":true,"href":"https:\/\/climbingstore.mx\/en\/wp-json\/wp\/v2\/product_brand?post=6354"},{"taxonomy":"product_cat","embeddable":true,"href":"https:\/\/climbingstore.mx\/en\/wp-json\/wp\/v2\/product_cat?post=6354"},{"taxonomy":"product_tag","embeddable":true,"href":"https:\/\/climbingstore.mx\/en\/wp-json\/wp\/v2\/product_tag?post=6354"}],"curies":[{"name":"wp","href":"https:\/\/api.w.org\/{rel}","templated":true}]}}