{"id":6344,"date":"2023-03-29T14:54:15","date_gmt":"2023-03-29T20:54:15","guid":{"rendered":"https:\/\/climbingstore.mx\/?post_type=product&#038;p=6344"},"modified":"2024-04-18T10:09:01","modified_gmt":"2024-04-18T16:09:01","slug":"bucket-15","status":"publish","type":"product","link":"https:\/\/climbingstore.mx\/en\/product\/bucket-15\/","title":{"rendered":"BUCKET 15"},"content":{"rendered":"<p class=\"productSubtitle\"><span style=\"font-size: 16px;\">Simple y robusta, la saca para cuerda BUCKET 15 permite guardar hasta 45 metros de cuerda de 11 mm de di\u00e1metro. Autoportante, mantiene la forma, incluso cuando est\u00e1 vac\u00eda para facilitar el acceso al interior de la saca. Dispone de un bolsillo exterior para guardar efectos personales y una zona de personalizaci\u00f3n para identificar r\u00e1pidamente el contenido. Su construcci\u00f3n con lona de TPU permite una utilizaci\u00f3n de regular a intensiva.<\/span><\/p>\n<div class=\"productCaracteristiquesPosition inlineblock\">\n<h3>Descripci\u00f3n<\/h3>\n<div class=\"list\">\n<ul>\n<li>Saca autoportante para cuerda:<br \/>\n&#8211; Volumen de 15 litros que permite guardar hasta 45 metros de cuerda de 11 mm de di\u00e1metro.<br \/>\n&#8211; Dos trabillas en el interior de la saca permiten atar las dos puntas de la cuerda para una identificaci\u00f3n r\u00e1pida.<br \/>\n&#8211; Cuatro trabillas interiores para guardar el material o conectar una bolsa portaherramientas TOOLBAG.<br \/>\n&#8211; Cierre por enrollado para garantizar una protecci\u00f3n \u00f3ptima contra la humedad.<br \/>\n&#8211; Dos asas grandes confortables para el porteo en mano y el izado hasta 50 kg.<br \/>\n&#8211; Un asa que permite el posicionamiento de la saca en el lugar de trabajo.<br \/>\n&#8211; Bolsillo exterior con cremallera para guardar efectos personales.<br \/>\n&#8211; Zona de personalizaci\u00f3n en el exterior para identificar f\u00e1cil y r\u00e1pidamente el contenido de la saca.<\/li>\n<li>Excelente durabilidad para una utilizaci\u00f3n intensiva:<br \/>\n&#8211; Lona de TPU (sin PVC) de alta resistencia para una utilizaci\u00f3n de regular a intensiva. La lona de TPU resiste a los rayos del sol (no se decolora), al aceite, a las grasas y a las altas y bajas temperaturas. No contiene cloro (sin olor).<br \/>\n&#8211; Tela impermeable.<\/li>\n<\/ul>\n<\/div>\n<h3>Caracter\u00edsticas<\/h3>\n<div class=\"list\">\n<ul>\n<li>Peso: 465 g<\/li>\n<li>Materiales: TPU, poliamida, poli\u00e9ster y polipropileno<\/li>\n<li>Carga m\u00e1xima: 50 kg (seg\u00fan el protocolo de la norma EN ISO 21898: 2006)<\/li>\n<\/ul>\n<\/div>\n<\/div>","protected":false},"excerpt":{"rendered":"<p>Saca autoportante. 15 litros<\/p>","protected":false},"featured_media":6695,"comment_status":"open","ping_status":"closed","template":"","meta":{"_acf_changed":false,"_uag_custom_page_level_css":"","site-sidebar-layout":"default","site-content-layout":"default","ast-site-content-layout":"default","site-content-style":"default","site-sidebar-style":"default","ast-global-header-display":"","ast-banner-title-visibility":"","ast-main-header-display":"","ast-hfb-above-header-display":"","ast-hfb-below-header-display":"","ast-hfb-mobile-header-display":"","site-post-title":"","ast-breadcrumbs-content":"","ast-featured-img":"","footer-sml-layout":"","theme-transparent-header-meta":"default","adv-header-id-meta":"","stick-header-meta":"","header-above-stick-meta":"","header-main-stick-meta":"","header-below-stick-meta":"","astra-migrate-meta-layouts":"set","ast-page-background-enabled":"default","ast-page-background-meta":{"desktop":{"background-color":"var(--ast-global-color-4)","background-image":"","background-repeat":"repeat","background-position":"center center","background-size":"auto","background-attachment":"scroll","background-type":"","background-media":"","overlay-type":"","overlay-color":"","overlay-opacity":"","overlay-gradient":""},"tablet":{"background-color":"","background-image":"","background-repeat":"repeat","background-position":"center center","background-size":"auto","background-attachment":"scroll","background-type":"","background-media":"","overlay-type":"","overlay-color":"","overlay-opacity":"","overlay-gradient":""},"mobile":{"background-color":"","background-image":"","background-repeat":"repeat","background-position":"center center","background-size":"auto","background-attachment":"scroll","background-type":"","background-media":"","overlay-type":"","overlay-color":"","overlay-opacity":"","overlay-gradient":""}},"ast-content-background-meta":{"desktop":{"background-color":"var(--ast-global-color-5)","background-image":"","background-repeat":"repeat","background-position":"center center","background-size":"auto","background-attachment":"scroll","background-type":"","background-media":"","overlay-type":"","overlay-color":"","overlay-opacity":"","overlay-gradient":""},"tablet":{"background-color":"var(--ast-global-color-5)","background-image":"","background-repeat":"repeat","background-position":"center center","background-size":"auto","background-attachment":"scroll","background-type":"","background-media":"","overlay-type":"","overlay-color":"","overlay-opacity":"","overlay-gradient":""},"mobile":{"background-color":"var(--ast-global-color-5)","background-image":"","background-repeat":"repeat","background-position":"center center","background-size":"auto","background-attachment":"scroll","background-type":"","background-media":"","overlay-type":"","overlay-color":"","overlay-opacity":"","overlay-gradient":""}}},"product_brand":[],"product_cat":[118,53,130],"product_tag":[],"class_list":{"0":"post-6344","1":"product","2":"type-product","3":"status-publish","4":"has-post-thumbnail","6":"product_cat-petzl-pro","7":"product_cat-trabajo","8":"product_cat-sacos_y_accesorios-trabajo","9":"desktop-align-center","10":"tablet-align-left","11":"mobile-align-center","13":"first","14":"instock","15":"shipping-taxable","16":"purchasable","17":"product-type-simple"},"aioseo_notices":[],"acf":[],"uagb_featured_image_src":{"full":["https:\/\/climbingstore.mx\/wp-content\/uploads\/2023\/03\/1811-ACPZ-S001AA00-BUCKET-15.jpg",1000,1000,false],"thumbnail":["https:\/\/climbingstore.mx\/wp-content\/uploads\/2023\/03\/1811-ACPZ-S001AA00-BUCKET-15-150x150.jpg",150,150,true],"medium":["https:\/\/climbingstore.mx\/wp-content\/uploads\/2023\/03\/1811-ACPZ-S001AA00-BUCKET-15-300x300.jpg",300,300,true],"medium_large":["https:\/\/climbingstore.mx\/wp-content\/uploads\/2023\/03\/1811-ACPZ-S001AA00-BUCKET-15-768x768.jpg",768,768,true],"large":["https:\/\/climbingstore.mx\/wp-content\/uploads\/2023\/03\/1811-ACPZ-S001AA00-BUCKET-15.jpg",1000,1000,false],"1536x1536":["https:\/\/climbingstore.mx\/wp-content\/uploads\/2023\/03\/1811-ACPZ-S001AA00-BUCKET-15.jpg",1000,1000,false],"2048x2048":["https:\/\/climbingstore.mx\/wp-content\/uploads\/2023\/03\/1811-ACPZ-S001AA00-BUCKET-15.jpg",1000,1000,false],"trp-custom-language-flag":["https:\/\/climbingstore.mx\/wp-content\/uploads\/2023\/03\/1811-ACPZ-S001AA00-BUCKET-15-12x12.jpg",12,12,true],"woocommerce_thumbnail":["https:\/\/climbingstore.mx\/wp-content\/uploads\/2023\/03\/1811-ACPZ-S001AA00-BUCKET-15-600x600.jpg",600,600,true],"woocommerce_single":["https:\/\/climbingstore.mx\/wp-content\/uploads\/2023\/03\/1811-ACPZ-S001AA00-BUCKET-15.jpg",1000,1000,false],"woocommerce_gallery_thumbnail":["https:\/\/climbingstore.mx\/wp-content\/uploads\/2023\/03\/1811-ACPZ-S001AA00-BUCKET-15-100x100.jpg",100,100,true]},"uagb_author_info":{"display_name":"Juanita Castillo","author_link":"https:\/\/climbingstore.mx\/en\/author\/"},"uagb_comment_info":0,"uagb_excerpt":"Saca autoportante. 15 litros","_links":{"self":[{"href":"https:\/\/climbingstore.mx\/en\/wp-json\/wp\/v2\/product\/6344","targetHints":{"allow":["GET"]}}],"collection":[{"href":"https:\/\/climbingstore.mx\/en\/wp-json\/wp\/v2\/product"}],"about":[{"href":"https:\/\/climbingstore.mx\/en\/wp-json\/wp\/v2\/types\/product"}],"replies":[{"embeddable":true,"href":"https:\/\/climbingstore.mx\/en\/wp-json\/wp\/v2\/comments?post=6344"}],"wp:featuredmedia":[{"embeddable":true,"href":"https:\/\/climbingstore.mx\/en\/wp-json\/wp\/v2\/media\/6695"}],"wp:attachment":[{"href":"https:\/\/climbingstore.mx\/en\/wp-json\/wp\/v2\/media?parent=6344"}],"wp:term":[{"taxonomy":"product_brand","embeddable":true,"href":"https:\/\/climbingstore.mx\/en\/wp-json\/wp\/v2\/product_brand?post=6344"},{"taxonomy":"product_cat","embeddable":true,"href":"https:\/\/climbingstore.mx\/en\/wp-json\/wp\/v2\/product_cat?post=6344"},{"taxonomy":"product_tag","embeddable":true,"href":"https:\/\/climbingstore.mx\/en\/wp-json\/wp\/v2\/product_tag?post=6344"}],"curies":[{"name":"wp","href":"https:\/\/api.w.org\/{rel}","templated":true}]}}