{"id":6328,"date":"2023-03-28T12:45:09","date_gmt":"2023-03-28T18:45:09","guid":{"rendered":"https:\/\/climbingstore.mx\/?post_type=product&#038;p=6328"},"modified":"2024-04-18T10:15:49","modified_gmt":"2024-04-18T16:15:49","slug":"duffel-85","status":"publish","type":"product","link":"https:\/\/climbingstore.mx\/en\/product\/duffel-85\/","title":{"rendered":"DUFFEL 85"},"content":{"rendered":"<p>Dise\u00f1ada para ser utilizada en cualquier medio de transporte, la DUFFEL 85 es una bolsa ergon\u00f3mica y confortable con un volumen de 85 litros. El respaldo y los tirantes est\u00e1n acolchados para asegurar el confort cuando se lleva como mochila. Polivalente, permite otras posibilidades de llevarla, gracias a sus tirantes amovibles. Dispone de una gran abertura que permite acceder f\u00e1cilmente al material, dos bolsillos en la solapa interior y un gran bolsillo lateral para aislar un casco o el calzado. Una amplia zona transparente permite identificar r\u00e1pidamente la bolsa. Est\u00e1 confeccionada con lona de TPU de alta resistencia para una utilizaci\u00f3n intensiva.<\/p>\n<h3>Descripci\u00f3n<\/h3>\n<div class=\"list\">\n<ul>\n<li>Bolsa de transporte de un volumen de 85 litros, ergon\u00f3mica y confortable:<br \/>\n&#8211; Respaldo y tirantes acolchados y regulables para llevarla c\u00f3modamente.<br \/>\n&#8211; Dos opciones para llevarla: como mochila o en el hombro.<br \/>\n&#8211; Cuatro cintas de compresi\u00f3n para optimizar el volumen de la bolsa y limitar el desplazamiento del material durante el transporte.<br \/>\n&#8211; Posibilidad de retirar completamente los tirantes, gracias a las hebillas r\u00e1pidas.<\/li>\n<li>Facilidad de acceso al material:<br \/>\n&#8211; Amplia abertura en forma de D para organizar f\u00e1cilmente el material.<br \/>\n&#8211; Dos bolsillos, uno con un llavero en la solapa interior para guardar documentos y efectos personales.<br \/>\n&#8211; Gran bolsillo lateral con cierre de cremallera para aislar el casco, el calzado y otros objetos del resto del material.<br \/>\n&#8211; Zona transparente para identificar f\u00e1cil y r\u00e1pidamente la bolsa.<br \/>\n&#8211; Cuatro asas de cinta alrededor de la bolsa para manipularla f\u00e1cilmente desde cualquier lado.<br \/>\n&#8211; Ocho cintas portamaterial en el interior de la bolsa.<br \/>\n&#8211; Tiradores bloqueables con candado.<\/li>\n<li>Excelente durabilidad para una utilizaci\u00f3n intensiva:<br \/>\n&#8211; Lona de TPU (sin PVC) de alta resistencia para una utilizaci\u00f3n de regular a intensiva. La lona de TPU resiste a los rayos del sol (no se decolora), al aceite, a las grasas y a las altas y bajas temperaturas. No contiene cloro (sin olor).<br \/>\n&#8211; Fondo y laterales negros soldados para una mejor resistencia a la abrasi\u00f3n y a los desgarros.<br \/>\n&#8211; Tirantes equipados con hebillas de conexi\u00f3n de acero tratado contra la corrosi\u00f3n.<\/li>\n<li>Disponible en dos colores (amarillo\/negro y negro).<\/li>\n<\/ul>\n<\/div>\n<h3>Caracter\u00edsticas<\/h3>\n<div class=\"list\">\n<ul>\n<li>Peso: 1550 g<\/li>\n<li>Medidas: 70 x 40 x 32 cm<\/li>\n<li>Carga \u00fatil aconsejada: 35 kg<\/li>\n<li>Carga m\u00e1xima: 70 kg<\/li>\n<li>Materiales: TPU (sin PVC), polipropileno, acero y poliamida.<\/li>\n<\/ul>\n<\/div>","protected":false},"excerpt":{"rendered":"<p>Bolsa de transporte de gran capacidad.<\/p>","protected":false},"featured_media":6688,"comment_status":"open","ping_status":"closed","template":"","meta":{"_acf_changed":false,"_uag_custom_page_level_css":"","site-sidebar-layout":"default","site-content-layout":"default","ast-site-content-layout":"default","site-content-style":"default","site-sidebar-style":"default","ast-global-header-display":"","ast-banner-title-visibility":"","ast-main-header-display":"","ast-hfb-above-header-display":"","ast-hfb-below-header-display":"","ast-hfb-mobile-header-display":"","site-post-title":"","ast-breadcrumbs-content":"","ast-featured-img":"","footer-sml-layout":"","theme-transparent-header-meta":"default","adv-header-id-meta":"","stick-header-meta":"","header-above-stick-meta":"","header-main-stick-meta":"","header-below-stick-meta":"","astra-migrate-meta-layouts":"set","ast-page-background-enabled":"default","ast-page-background-meta":{"desktop":{"background-color":"var(--ast-global-color-4)","background-image":"","background-repeat":"repeat","background-position":"center center","background-size":"auto","background-attachment":"scroll","background-type":"","background-media":"","overlay-type":"","overlay-color":"","overlay-opacity":"","overlay-gradient":""},"tablet":{"background-color":"","background-image":"","background-repeat":"repeat","background-position":"center center","background-size":"auto","background-attachment":"scroll","background-type":"","background-media":"","overlay-type":"","overlay-color":"","overlay-opacity":"","overlay-gradient":""},"mobile":{"background-color":"","background-image":"","background-repeat":"repeat","background-position":"center center","background-size":"auto","background-attachment":"scroll","background-type":"","background-media":"","overlay-type":"","overlay-color":"","overlay-opacity":"","overlay-gradient":""}},"ast-content-background-meta":{"desktop":{"background-color":"var(--ast-global-color-5)","background-image":"","background-repeat":"repeat","background-position":"center center","background-size":"auto","background-attachment":"scroll","background-type":"","background-media":"","overlay-type":"","overlay-color":"","overlay-opacity":"","overlay-gradient":""},"tablet":{"background-color":"var(--ast-global-color-5)","background-image":"","background-repeat":"repeat","background-position":"center center","background-size":"auto","background-attachment":"scroll","background-type":"","background-media":"","overlay-type":"","overlay-color":"","overlay-opacity":"","overlay-gradient":""},"mobile":{"background-color":"var(--ast-global-color-5)","background-image":"","background-repeat":"repeat","background-position":"center center","background-size":"auto","background-attachment":"scroll","background-type":"","background-media":"","overlay-type":"","overlay-color":"","overlay-opacity":"","overlay-gradient":""}}},"product_brand":[],"product_cat":[118,53,130],"product_tag":[],"class_list":{"0":"post-6328","1":"product","2":"type-product","3":"status-publish","4":"has-post-thumbnail","6":"product_cat-petzl-pro","7":"product_cat-trabajo","8":"product_cat-sacos_y_accesorios-trabajo","9":"desktop-align-center","10":"tablet-align-left","11":"mobile-align-center","13":"first","14":"instock","15":"shipping-taxable","16":"purchasable","17":"product-type-simple"},"aioseo_notices":[],"acf":[],"uagb_featured_image_src":{"full":["https:\/\/climbingstore.mx\/wp-content\/uploads\/2023\/03\/1803-ACPZ-S045AA01-DUFFEL-85.jpg",1000,1000,false],"thumbnail":["https:\/\/climbingstore.mx\/wp-content\/uploads\/2023\/03\/1803-ACPZ-S045AA01-DUFFEL-85-150x150.jpg",150,150,true],"medium":["https:\/\/climbingstore.mx\/wp-content\/uploads\/2023\/03\/1803-ACPZ-S045AA01-DUFFEL-85-300x300.jpg",300,300,true],"medium_large":["https:\/\/climbingstore.mx\/wp-content\/uploads\/2023\/03\/1803-ACPZ-S045AA01-DUFFEL-85-768x768.jpg",768,768,true],"large":["https:\/\/climbingstore.mx\/wp-content\/uploads\/2023\/03\/1803-ACPZ-S045AA01-DUFFEL-85.jpg",1000,1000,false],"1536x1536":["https:\/\/climbingstore.mx\/wp-content\/uploads\/2023\/03\/1803-ACPZ-S045AA01-DUFFEL-85.jpg",1000,1000,false],"2048x2048":["https:\/\/climbingstore.mx\/wp-content\/uploads\/2023\/03\/1803-ACPZ-S045AA01-DUFFEL-85.jpg",1000,1000,false],"trp-custom-language-flag":["https:\/\/climbingstore.mx\/wp-content\/uploads\/2023\/03\/1803-ACPZ-S045AA01-DUFFEL-85-12x12.jpg",12,12,true],"woocommerce_thumbnail":["https:\/\/climbingstore.mx\/wp-content\/uploads\/2023\/03\/1803-ACPZ-S045AA01-DUFFEL-85-600x600.jpg",600,600,true],"woocommerce_single":["https:\/\/climbingstore.mx\/wp-content\/uploads\/2023\/03\/1803-ACPZ-S045AA01-DUFFEL-85.jpg",1000,1000,false],"woocommerce_gallery_thumbnail":["https:\/\/climbingstore.mx\/wp-content\/uploads\/2023\/03\/1803-ACPZ-S045AA01-DUFFEL-85-100x100.jpg",100,100,true]},"uagb_author_info":{"display_name":"Juanita Castillo","author_link":"https:\/\/climbingstore.mx\/en\/author\/"},"uagb_comment_info":0,"uagb_excerpt":"Bolsa de transporte de gran capacidad.","_links":{"self":[{"href":"https:\/\/climbingstore.mx\/en\/wp-json\/wp\/v2\/product\/6328","targetHints":{"allow":["GET"]}}],"collection":[{"href":"https:\/\/climbingstore.mx\/en\/wp-json\/wp\/v2\/product"}],"about":[{"href":"https:\/\/climbingstore.mx\/en\/wp-json\/wp\/v2\/types\/product"}],"replies":[{"embeddable":true,"href":"https:\/\/climbingstore.mx\/en\/wp-json\/wp\/v2\/comments?post=6328"}],"wp:featuredmedia":[{"embeddable":true,"href":"https:\/\/climbingstore.mx\/en\/wp-json\/wp\/v2\/media\/6688"}],"wp:attachment":[{"href":"https:\/\/climbingstore.mx\/en\/wp-json\/wp\/v2\/media?parent=6328"}],"wp:term":[{"taxonomy":"product_brand","embeddable":true,"href":"https:\/\/climbingstore.mx\/en\/wp-json\/wp\/v2\/product_brand?post=6328"},{"taxonomy":"product_cat","embeddable":true,"href":"https:\/\/climbingstore.mx\/en\/wp-json\/wp\/v2\/product_cat?post=6328"},{"taxonomy":"product_tag","embeddable":true,"href":"https:\/\/climbingstore.mx\/en\/wp-json\/wp\/v2\/product_tag?post=6328"}],"curies":[{"name":"wp","href":"https:\/\/api.w.org\/{rel}","templated":true}]}}