{"id":6307,"date":"2023-03-01T16:57:09","date_gmt":"2023-03-01T22:57:09","guid":{"rendered":"https:\/\/climbingstore.mx\/?post_type=product&#038;p=6307"},"modified":"2024-04-18T11:06:13","modified_gmt":"2024-04-18T17:06:13","slug":"segment-8mm-blanco-200m","status":"publish","type":"product","link":"https:\/\/climbingstore.mx\/en\/product\/segment-8mm-blanco-200m\/","title":{"rendered":"SEGMENT 8mm blanco 200m"},"content":{"rendered":"<p>El cordino t\u00e9cnico SEGMENT 8 mm permite realizar nudos Prusik, anclajes o sistemas de izado. La construcci\u00f3n EverFlex le garantiza una gran flexibilidad y unas prestaciones constantes a lo largo del tiempo.<\/p>\n<h3>Descripci\u00f3n<\/h3>\n<div class=\"list\">\n<ul>\n<li>Cordino semiest\u00e1tico que permite realizar nudos Prusik, anclajes o sistemas de izado.<\/li>\n<li>Prestaciones constantes a lo largo del tiempo:<br \/>\n&#8211; Construcci\u00f3n EverFlex con el alma de poliamida y la funda de poli\u00e9ster con un trenzado espec\u00edfico.<br \/>\n&#8211; Esta construcci\u00f3n asegura una gran flexibilidad en el tiempo, en cualquier condici\u00f3n (agua, polvo, barro&#8230;), lo que permite conservar una excelente manejabilidad durante su vida \u00fatil.<\/li>\n<\/ul>\n<\/div>\n<h3>Caracter\u00edsticas<\/h3>\n<div class=\"list\">\n<ul>\n<li>Di\u00e1metro: 8 mm<\/li>\n<li>Materiales: poli\u00e9ster y poliamida<\/li>\n<li>Certificaciones: CE EN 564, UKCA, NFPA 1983 Escape Use<\/li>\n<li>Peso por metro: 43 g<\/li>\n<li>Resistencia con un nudo en ocho: 10 kN<\/li>\n<li>Resistencia con terminal cosido: 13,5 kN<\/li>\n<li>Construcci\u00f3n: 32 husos<\/li>\n<\/ul>\n<\/div>","protected":false},"excerpt":{"rendered":"<p>Cordino t\u00e9cnico.<\/p>","protected":false},"featured_media":6682,"comment_status":"open","ping_status":"closed","template":"","meta":{"_acf_changed":false,"_uag_custom_page_level_css":"","site-sidebar-layout":"default","site-content-layout":"default","ast-site-content-layout":"default","site-content-style":"default","site-sidebar-style":"default","ast-global-header-display":"","ast-banner-title-visibility":"","ast-main-header-display":"","ast-hfb-above-header-display":"","ast-hfb-below-header-display":"","ast-hfb-mobile-header-display":"","site-post-title":"","ast-breadcrumbs-content":"","ast-featured-img":"","footer-sml-layout":"","theme-transparent-header-meta":"default","adv-header-id-meta":"","stick-header-meta":"","header-above-stick-meta":"","header-main-stick-meta":"","header-below-stick-meta":"","astra-migrate-meta-layouts":"set","ast-page-background-enabled":"default","ast-page-background-meta":{"desktop":{"background-color":"var(--ast-global-color-4)","background-image":"","background-repeat":"repeat","background-position":"center center","background-size":"auto","background-attachment":"scroll","background-type":"","background-media":"","overlay-type":"","overlay-color":"","overlay-opacity":"","overlay-gradient":""},"tablet":{"background-color":"","background-image":"","background-repeat":"repeat","background-position":"center center","background-size":"auto","background-attachment":"scroll","background-type":"","background-media":"","overlay-type":"","overlay-color":"","overlay-opacity":"","overlay-gradient":""},"mobile":{"background-color":"","background-image":"","background-repeat":"repeat","background-position":"center center","background-size":"auto","background-attachment":"scroll","background-type":"","background-media":"","overlay-type":"","overlay-color":"","overlay-opacity":"","overlay-gradient":""}},"ast-content-background-meta":{"desktop":{"background-color":"var(--ast-global-color-5)","background-image":"","background-repeat":"repeat","background-position":"center center","background-size":"auto","background-attachment":"scroll","background-type":"","background-media":"","overlay-type":"","overlay-color":"","overlay-opacity":"","overlay-gradient":""},"tablet":{"background-color":"var(--ast-global-color-5)","background-image":"","background-repeat":"repeat","background-position":"center center","background-size":"auto","background-attachment":"scroll","background-type":"","background-media":"","overlay-type":"","overlay-color":"","overlay-opacity":"","overlay-gradient":""},"mobile":{"background-color":"var(--ast-global-color-5)","background-image":"","background-repeat":"repeat","background-position":"center center","background-size":"auto","background-attachment":"scroll","background-type":"","background-media":"","overlay-type":"","overlay-color":"","overlay-opacity":"","overlay-gradient":""}}},"product_brand":[],"product_cat":[118,53,128],"product_tag":[],"class_list":{"0":"post-6307","1":"product","2":"type-product","3":"status-publish","4":"has-post-thumbnail","6":"product_cat-petzl-pro","7":"product_cat-trabajo","8":"product_cat-cuerdas-trabajo","9":"desktop-align-center","10":"tablet-align-left","11":"mobile-align-center","13":"first","14":"instock","15":"shipping-taxable","16":"purchasable","17":"product-type-simple"},"aioseo_notices":[],"acf":[],"uagb_featured_image_src":{"full":["https:\/\/climbingstore.mx\/wp-content\/uploads\/2023\/03\/1584-CEPZ-R076AA06-SEGMENT-8mm-x-200m-Blanco.jpg",1000,1000,false],"thumbnail":["https:\/\/climbingstore.mx\/wp-content\/uploads\/2023\/03\/1584-CEPZ-R076AA06-SEGMENT-8mm-x-200m-Blanco-150x150.jpg",150,150,true],"medium":["https:\/\/climbingstore.mx\/wp-content\/uploads\/2023\/03\/1584-CEPZ-R076AA06-SEGMENT-8mm-x-200m-Blanco-300x300.jpg",300,300,true],"medium_large":["https:\/\/climbingstore.mx\/wp-content\/uploads\/2023\/03\/1584-CEPZ-R076AA06-SEGMENT-8mm-x-200m-Blanco-768x768.jpg",768,768,true],"large":["https:\/\/climbingstore.mx\/wp-content\/uploads\/2023\/03\/1584-CEPZ-R076AA06-SEGMENT-8mm-x-200m-Blanco.jpg",1000,1000,false],"1536x1536":["https:\/\/climbingstore.mx\/wp-content\/uploads\/2023\/03\/1584-CEPZ-R076AA06-SEGMENT-8mm-x-200m-Blanco.jpg",1000,1000,false],"2048x2048":["https:\/\/climbingstore.mx\/wp-content\/uploads\/2023\/03\/1584-CEPZ-R076AA06-SEGMENT-8mm-x-200m-Blanco.jpg",1000,1000,false],"trp-custom-language-flag":["https:\/\/climbingstore.mx\/wp-content\/uploads\/2023\/03\/1584-CEPZ-R076AA06-SEGMENT-8mm-x-200m-Blanco-12x12.jpg",12,12,true],"woocommerce_thumbnail":["https:\/\/climbingstore.mx\/wp-content\/uploads\/2023\/03\/1584-CEPZ-R076AA06-SEGMENT-8mm-x-200m-Blanco-600x600.jpg",600,600,true],"woocommerce_single":["https:\/\/climbingstore.mx\/wp-content\/uploads\/2023\/03\/1584-CEPZ-R076AA06-SEGMENT-8mm-x-200m-Blanco.jpg",1000,1000,false],"woocommerce_gallery_thumbnail":["https:\/\/climbingstore.mx\/wp-content\/uploads\/2023\/03\/1584-CEPZ-R076AA06-SEGMENT-8mm-x-200m-Blanco-100x100.jpg",100,100,true]},"uagb_author_info":{"display_name":"Juanita Castillo","author_link":"https:\/\/climbingstore.mx\/en\/author\/"},"uagb_comment_info":0,"uagb_excerpt":"Cordino t\u00e9cnico.","_links":{"self":[{"href":"https:\/\/climbingstore.mx\/en\/wp-json\/wp\/v2\/product\/6307","targetHints":{"allow":["GET"]}}],"collection":[{"href":"https:\/\/climbingstore.mx\/en\/wp-json\/wp\/v2\/product"}],"about":[{"href":"https:\/\/climbingstore.mx\/en\/wp-json\/wp\/v2\/types\/product"}],"replies":[{"embeddable":true,"href":"https:\/\/climbingstore.mx\/en\/wp-json\/wp\/v2\/comments?post=6307"}],"wp:featuredmedia":[{"embeddable":true,"href":"https:\/\/climbingstore.mx\/en\/wp-json\/wp\/v2\/media\/6682"}],"wp:attachment":[{"href":"https:\/\/climbingstore.mx\/en\/wp-json\/wp\/v2\/media?parent=6307"}],"wp:term":[{"taxonomy":"product_brand","embeddable":true,"href":"https:\/\/climbingstore.mx\/en\/wp-json\/wp\/v2\/product_brand?post=6307"},{"taxonomy":"product_cat","embeddable":true,"href":"https:\/\/climbingstore.mx\/en\/wp-json\/wp\/v2\/product_cat?post=6307"},{"taxonomy":"product_tag","embeddable":true,"href":"https:\/\/climbingstore.mx\/en\/wp-json\/wp\/v2\/product_tag?post=6307"}],"curies":[{"name":"wp","href":"https:\/\/api.w.org\/{rel}","templated":true}]}}