{"id":6299,"date":"2023-03-01T16:29:27","date_gmt":"2023-03-01T22:29:27","guid":{"rendered":"https:\/\/climbingstore.mx\/?post_type=product&#038;p=6299"},"modified":"2024-04-18T11:08:08","modified_gmt":"2024-04-18T17:08:08","slug":"mambo-10-1mm-verde-60m","status":"publish","type":"product","link":"https:\/\/climbingstore.mx\/en\/product\/mambo-10-1mm-verde-60m\/","title":{"rendered":"MAMBO\u00ae 10.1mm verde 60m"},"content":{"rendered":"<p>La cuerda din\u00e1mica MAMBO 10.1 mm est\u00e1 destinada a los profesionales del trabajo en altura para la progresi\u00f3n en t\u00e9cnica de escalada. La funda gruesa mejora su resistencia a la abrasi\u00f3n.<\/p>\n<h3>Descripci\u00f3n<\/h3>\n<div class=\"list\">\n<ul>\n<li>Sujeci\u00f3n con la mano que facilita las manipulaciones:<br \/>\n&#8211; Grip de 40 husos para un mayor control.<br \/>\n&#8211; Marcado Middle Mark: se\u00f1ala la mitad de la cuerda para facilitar las maniobras.<\/li>\n<li>Confort de utilizaci\u00f3n:<br \/>\n&#8211; Cuerda flexible que facilita dar cuerda en los aparatos para asegurar.<br \/>\n&#8211; Tecnolog\u00eda EverFlex que asegura una gran flexibilidad a lo largo del tiempo, en cualquier condici\u00f3n (agua, polvo, barro&#8230;), lo que permite conservar una excelente manejabilidad durante mucho tiempo y un funcionamiento \u00f3ptimo con los aparatos.<br \/>\n&#8211; Plegado ClimbReady: plegado espec\u00edfico para que la cuerda siempre est\u00e9 lista para ser utilizada. Evita las maniobras incorrectas de desplegado por parte del usuario y aumenta la longevidad.<\/li>\n<li>Durabilidad:<br \/>\n&#8211; Funda gruesa que ofrece una excelente resistencia a la abrasi\u00f3n.<br \/>\n&#8211; Acabado UltraSonic Finish: en la punta de la cuerda, el alma y la funda quedan unidas gracias a un acabado mediante ultrasonidos denominado UltraSonic Finish. Permite una durabilidad mayor y evita que la punta de la cuerda se abra.<\/li>\n<\/ul>\n<\/div>\n<h3>Caracter\u00edsticas<\/h3>\n<div class=\"list\">\n<ul>\n<li>Di\u00e1metro: 10,1 mm<\/li>\n<li>Materiales: poliamida<\/li>\n<li>Certificaciones: CE EN 892, UKCA, UIAA<\/li>\n<li>Peso por metro: 65 g<\/li>\n<li>Fuerza de choque: 8,5 kN<\/li>\n<li>N\u00famero de ca\u00eddas factor 1,77: 7<\/li>\n<li>Construcci\u00f3n: 40 husos<\/li>\n<li>Porcentaje de la funda: 37 %<\/li>\n<li>Alargamiento est\u00e1tico: 8,5 %<\/li>\n<li>Alargamiento din\u00e1mico: 34 %<\/li>\n<\/ul>\n<\/div>","protected":false},"excerpt":{"rendered":"<p>Cuerda din\u00e1mica para la progresi\u00f3n en t\u00e9cnica de escalada.<\/p>","protected":false},"featured_media":6677,"comment_status":"open","ping_status":"closed","template":"","meta":{"_acf_changed":false,"_uag_custom_page_level_css":"","site-sidebar-layout":"default","site-content-layout":"default","ast-site-content-layout":"default","site-content-style":"default","site-sidebar-style":"default","ast-global-header-display":"","ast-banner-title-visibility":"","ast-main-header-display":"","ast-hfb-above-header-display":"","ast-hfb-below-header-display":"","ast-hfb-mobile-header-display":"","site-post-title":"","ast-breadcrumbs-content":"","ast-featured-img":"","footer-sml-layout":"","theme-transparent-header-meta":"default","adv-header-id-meta":"","stick-header-meta":"","header-above-stick-meta":"","header-main-stick-meta":"","header-below-stick-meta":"","astra-migrate-meta-layouts":"set","ast-page-background-enabled":"default","ast-page-background-meta":{"desktop":{"background-color":"var(--ast-global-color-4)","background-image":"","background-repeat":"repeat","background-position":"center center","background-size":"auto","background-attachment":"scroll","background-type":"","background-media":"","overlay-type":"","overlay-color":"","overlay-opacity":"","overlay-gradient":""},"tablet":{"background-color":"","background-image":"","background-repeat":"repeat","background-position":"center center","background-size":"auto","background-attachment":"scroll","background-type":"","background-media":"","overlay-type":"","overlay-color":"","overlay-opacity":"","overlay-gradient":""},"mobile":{"background-color":"","background-image":"","background-repeat":"repeat","background-position":"center center","background-size":"auto","background-attachment":"scroll","background-type":"","background-media":"","overlay-type":"","overlay-color":"","overlay-opacity":"","overlay-gradient":""}},"ast-content-background-meta":{"desktop":{"background-color":"var(--ast-global-color-5)","background-image":"","background-repeat":"repeat","background-position":"center center","background-size":"auto","background-attachment":"scroll","background-type":"","background-media":"","overlay-type":"","overlay-color":"","overlay-opacity":"","overlay-gradient":""},"tablet":{"background-color":"var(--ast-global-color-5)","background-image":"","background-repeat":"repeat","background-position":"center center","background-size":"auto","background-attachment":"scroll","background-type":"","background-media":"","overlay-type":"","overlay-color":"","overlay-opacity":"","overlay-gradient":""},"mobile":{"background-color":"var(--ast-global-color-5)","background-image":"","background-repeat":"repeat","background-position":"center center","background-size":"auto","background-attachment":"scroll","background-type":"","background-media":"","overlay-type":"","overlay-color":"","overlay-opacity":"","overlay-gradient":""}}},"product_brand":[],"product_cat":[118,53,128],"product_tag":[],"class_list":{"0":"post-6299","1":"product","2":"type-product","3":"status-publish","4":"has-post-thumbnail","6":"product_cat-petzl-pro","7":"product_cat-trabajo","8":"product_cat-cuerdas-trabajo","9":"desktop-align-center","10":"tablet-align-left","11":"mobile-align-center","13":"first","14":"instock","15":"shipping-taxable","16":"purchasable","17":"product-type-simple"},"aioseo_notices":[],"acf":[],"uagb_featured_image_src":{"full":["https:\/\/climbingstore.mx\/wp-content\/uploads\/2023\/03\/1579-CEPZ-R32AD-060-MAMBO-10.1mm-x-60-m-Verde.jpg",1000,1000,false],"thumbnail":["https:\/\/climbingstore.mx\/wp-content\/uploads\/2023\/03\/1579-CEPZ-R32AD-060-MAMBO-10.1mm-x-60-m-Verde-150x150.jpg",150,150,true],"medium":["https:\/\/climbingstore.mx\/wp-content\/uploads\/2023\/03\/1579-CEPZ-R32AD-060-MAMBO-10.1mm-x-60-m-Verde-300x300.jpg",300,300,true],"medium_large":["https:\/\/climbingstore.mx\/wp-content\/uploads\/2023\/03\/1579-CEPZ-R32AD-060-MAMBO-10.1mm-x-60-m-Verde-768x768.jpg",768,768,true],"large":["https:\/\/climbingstore.mx\/wp-content\/uploads\/2023\/03\/1579-CEPZ-R32AD-060-MAMBO-10.1mm-x-60-m-Verde.jpg",1000,1000,false],"1536x1536":["https:\/\/climbingstore.mx\/wp-content\/uploads\/2023\/03\/1579-CEPZ-R32AD-060-MAMBO-10.1mm-x-60-m-Verde.jpg",1000,1000,false],"2048x2048":["https:\/\/climbingstore.mx\/wp-content\/uploads\/2023\/03\/1579-CEPZ-R32AD-060-MAMBO-10.1mm-x-60-m-Verde.jpg",1000,1000,false],"trp-custom-language-flag":["https:\/\/climbingstore.mx\/wp-content\/uploads\/2023\/03\/1579-CEPZ-R32AD-060-MAMBO-10.1mm-x-60-m-Verde-12x12.jpg",12,12,true],"woocommerce_thumbnail":["https:\/\/climbingstore.mx\/wp-content\/uploads\/2023\/03\/1579-CEPZ-R32AD-060-MAMBO-10.1mm-x-60-m-Verde-600x600.jpg",600,600,true],"woocommerce_single":["https:\/\/climbingstore.mx\/wp-content\/uploads\/2023\/03\/1579-CEPZ-R32AD-060-MAMBO-10.1mm-x-60-m-Verde.jpg",1000,1000,false],"woocommerce_gallery_thumbnail":["https:\/\/climbingstore.mx\/wp-content\/uploads\/2023\/03\/1579-CEPZ-R32AD-060-MAMBO-10.1mm-x-60-m-Verde-100x100.jpg",100,100,true]},"uagb_author_info":{"display_name":"Juanita Castillo","author_link":"https:\/\/climbingstore.mx\/en\/author\/"},"uagb_comment_info":0,"uagb_excerpt":"Cuerda din\u00e1mica para la progresi\u00f3n en t\u00e9cnica de escalada.","_links":{"self":[{"href":"https:\/\/climbingstore.mx\/en\/wp-json\/wp\/v2\/product\/6299","targetHints":{"allow":["GET"]}}],"collection":[{"href":"https:\/\/climbingstore.mx\/en\/wp-json\/wp\/v2\/product"}],"about":[{"href":"https:\/\/climbingstore.mx\/en\/wp-json\/wp\/v2\/types\/product"}],"replies":[{"embeddable":true,"href":"https:\/\/climbingstore.mx\/en\/wp-json\/wp\/v2\/comments?post=6299"}],"wp:featuredmedia":[{"embeddable":true,"href":"https:\/\/climbingstore.mx\/en\/wp-json\/wp\/v2\/media\/6677"}],"wp:attachment":[{"href":"https:\/\/climbingstore.mx\/en\/wp-json\/wp\/v2\/media?parent=6299"}],"wp:term":[{"taxonomy":"product_brand","embeddable":true,"href":"https:\/\/climbingstore.mx\/en\/wp-json\/wp\/v2\/product_brand?post=6299"},{"taxonomy":"product_cat","embeddable":true,"href":"https:\/\/climbingstore.mx\/en\/wp-json\/wp\/v2\/product_cat?post=6299"},{"taxonomy":"product_tag","embeddable":true,"href":"https:\/\/climbingstore.mx\/en\/wp-json\/wp\/v2\/product_tag?post=6299"}],"curies":[{"name":"wp","href":"https:\/\/api.w.org\/{rel}","templated":true}]}}